{"id":8743,"date":"2022-05-09T19:16:10","date_gmt":"2022-05-09T17:16:10","guid":{"rendered":"https:\/\/bouda.webfusion.dev\/winterspass\/"},"modified":"2023-11-23T10:15:07","modified_gmt":"2023-11-23T09:15:07","slug":"winterspass","status":"publish","type":"page","link":"https:\/\/bouda.webfusion.dev\/de\/resort-umgebung\/winterspass\/","title":{"rendered":"Winterspa\u00df"},"content":{"rendered":"\t\t<div data-elementor-type=\"wp-page\" data-elementor-id=\"8743\" class=\"elementor elementor-8743 elementor-1436\" data-elementor-post-type=\"page\">\n\t\t\t\t\t\t<section class=\"elementor-section elementor-top-section elementor-element elementor-element-35741110 boxiky cspt-col-stretched-none cspt-bg-color-over-image elementor-section-boxed elementor-section-height-default elementor-section-height-default\" data-id=\"35741110\" data-element_type=\"section\" data-e-type=\"section\">\n\t\t\t\t\t\t\t<div class=\"elementor-background-overlay\"><\/div>\n\t\t\t\t\t\t\t<div class=\"elementor-container elementor-column-gap-wide\">\n\t\t\t\t\t<div class=\"elementor-column elementor-col-50 elementor-top-column elementor-element elementor-element-59a4d97 cspt-bg-color-over-image\" data-id=\"59a4d97\" data-element_type=\"column\" data-e-type=\"column\">\n\t\t\t<div class=\"elementor-widget-wrap elementor-element-populated\">\n\t\t\t\t\t\t<div class=\"elementor-element elementor-element-224061b0 elementor-position-top elementor-widget elementor-widget-image-box\" data-id=\"224061b0\" data-element_type=\"widget\" data-e-type=\"widget\" data-widget_type=\"image-box.default\">\n\t\t\t\t<div class=\"elementor-widget-container\">\n\t\t\t\t\t<div class=\"elementor-image-box-wrapper\"><figure class=\"elementor-image-box-img\"><a href=\"https:\/\/bouda.webfusion.dev\/de\/resort-umgebung\/winterspass\/ski-und-snowboard\/\" tabindex=\"-1\"><img fetchpriority=\"high\" decoding=\"async\" width=\"1280\" height=\"853\" src=\"https:\/\/bouda.webfusion.dev\/wp-content\/uploads\/2022\/05\/snowboard.jpg\" class=\"attachment-full size-full wp-image-1209\" alt=\"\" srcset=\"https:\/\/bouda.webfusion.dev\/wp-content\/uploads\/2022\/05\/snowboard.jpg 1280w, https:\/\/bouda.webfusion.dev\/wp-content\/uploads\/2022\/05\/snowboard-300x200.jpg 300w, https:\/\/bouda.webfusion.dev\/wp-content\/uploads\/2022\/05\/snowboard-1024x682.jpg 1024w, https:\/\/bouda.webfusion.dev\/wp-content\/uploads\/2022\/05\/snowboard-768x512.jpg 768w, https:\/\/bouda.webfusion.dev\/wp-content\/uploads\/2022\/05\/snowboard-770x513.jpg 770w\" sizes=\"(max-width: 1280px) 100vw, 1280px\" \/><\/a><\/figure><div class=\"elementor-image-box-content\"><h3 class=\"elementor-image-box-title\"><a href=\"https:\/\/bouda.webfusion.dev\/de\/resort-umgebung\/winterspass\/ski-und-snowboard\/\">Ski und Snowboard<\/a><\/h3><p class=\"elementor-image-box-description\">Mal\u00e1 \u00dapa ist ein traditioneller Ort im Riesengebirge, der auf einer H\u00f6he von 1000 Metern \u00fcber dem Meeresspiegel liegt. 8 Kilometer vom Zentrum Mal\u00e1 \u00dapa entfernt liegt der h\u00f6chste tschechische Berg Schneekoppe (Sn\u011b\u017eka) 1602 m.\u00fc.M.<\/p><\/div><\/div>\t\t\t\t<\/div>\n\t\t\t\t<\/div>\n\t\t\t\t\t<\/div>\n\t\t<\/div>\n\t\t\t\t<div class=\"elementor-column elementor-col-50 elementor-top-column elementor-element elementor-element-33d2861 cspt-bg-color-over-image\" data-id=\"33d2861\" data-element_type=\"column\" data-e-type=\"column\">\n\t\t\t<div class=\"elementor-widget-wrap elementor-element-populated\">\n\t\t\t\t\t\t<div class=\"elementor-element elementor-element-b7c8179 elementor-position-top elementor-widget elementor-widget-image-box\" data-id=\"b7c8179\" data-element_type=\"widget\" data-e-type=\"widget\" data-widget_type=\"image-box.default\">\n\t\t\t\t<div class=\"elementor-widget-container\">\n\t\t\t\t\t<div class=\"elementor-image-box-wrapper\"><figure class=\"elementor-image-box-img\"><a href=\"https:\/\/bouda.webfusion.dev\/de\/resort-umgebung\/winterspass\/skilanglauf\/\" tabindex=\"-1\"><img decoding=\"async\" width=\"1280\" height=\"853\" src=\"https:\/\/bouda.webfusion.dev\/wp-content\/uploads\/2022\/05\/bezky.jpg\" class=\"attachment-full size-full wp-image-1210\" alt=\"\" srcset=\"https:\/\/bouda.webfusion.dev\/wp-content\/uploads\/2022\/05\/bezky.jpg 1280w, https:\/\/bouda.webfusion.dev\/wp-content\/uploads\/2022\/05\/bezky-300x200.jpg 300w, https:\/\/bouda.webfusion.dev\/wp-content\/uploads\/2022\/05\/bezky-1024x682.jpg 1024w, https:\/\/bouda.webfusion.dev\/wp-content\/uploads\/2022\/05\/bezky-768x512.jpg 768w, https:\/\/bouda.webfusion.dev\/wp-content\/uploads\/2022\/05\/bezky-770x513.jpg 770w\" sizes=\"(max-width: 1280px) 100vw, 1280px\" \/><\/a><\/figure><div class=\"elementor-image-box-content\"><h3 class=\"elementor-image-box-title\"><a href=\"https:\/\/bouda.webfusion.dev\/de\/resort-umgebung\/winterspass\/skilanglauf\/\">Skilanglauf<\/a><\/h3><p class=\"elementor-image-box-description\">Die Umgebung des Wellness Resorts Bouda Mal\u00e1 \u00dapa bietet ideale Bedingungen f\u00fcr den Skilanglauf. Die Strecken sind nicht schwierig und eignen sich f\u00fcr Kinder, \u00e4ltere Sportbegeisterte oder Anf\u00e4nger.<\/p><\/div><\/div>\t\t\t\t<\/div>\n\t\t\t\t<\/div>\n\t\t\t\t\t<\/div>\n\t\t<\/div>\n\t\t\t\t\t<\/div>\n\t\t<\/section>\n\t\t\t\t<section class=\"elementor-section elementor-top-section elementor-element elementor-element-bd5a37e boxiky cspt-col-stretched-none cspt-bg-color-over-image elementor-section-boxed elementor-section-height-default elementor-section-height-default\" data-id=\"bd5a37e\" data-element_type=\"section\" data-e-type=\"section\">\n\t\t\t\t\t\t\t<div class=\"elementor-background-overlay\"><\/div>\n\t\t\t\t\t\t\t<div class=\"elementor-container elementor-column-gap-wide\">\n\t\t\t\t\t<div class=\"elementor-column elementor-col-50 elementor-top-column elementor-element elementor-element-fa22411 cspt-bg-color-over-image\" data-id=\"fa22411\" data-element_type=\"column\" data-e-type=\"column\">\n\t\t\t<div class=\"elementor-widget-wrap elementor-element-populated\">\n\t\t\t\t\t\t<div class=\"elementor-element elementor-element-74c2a34 elementor-position-top elementor-widget elementor-widget-image-box\" data-id=\"74c2a34\" data-element_type=\"widget\" data-e-type=\"widget\" data-widget_type=\"image-box.default\">\n\t\t\t\t<div class=\"elementor-widget-container\">\n\t\t\t\t\t<div class=\"elementor-image-box-wrapper\"><figure class=\"elementor-image-box-img\"><a href=\"https:\/\/bouda.webfusion.dev\/de\/resort-umgebung\/winterspass\/schlitten\/\" tabindex=\"-1\"><img decoding=\"async\" width=\"768\" height=\"512\" src=\"https:\/\/bouda.webfusion.dev\/wp-content\/uploads\/2022\/06\/sankovani-bouda.jpg\" class=\"attachment-full size-full wp-image-2786\" alt=\"\" srcset=\"https:\/\/bouda.webfusion.dev\/wp-content\/uploads\/2022\/06\/sankovani-bouda.jpg 768w, https:\/\/bouda.webfusion.dev\/wp-content\/uploads\/2022\/06\/sankovani-bouda-300x200.jpg 300w\" sizes=\"(max-width: 768px) 100vw, 768px\" \/><\/a><\/figure><div class=\"elementor-image-box-content\"><h3 class=\"elementor-image-box-title\"><a href=\"https:\/\/bouda.webfusion.dev\/de\/resort-umgebung\/winterspass\/schlitten\/\">Schlitten<\/a><\/h3><p class=\"elementor-image-box-description\">Schlitten geh\u00f6ren seit jeher zu Mal\u00e1 \u00dapa. Sie wurden fr\u00fcher Hornschlitten genannt und halfen, Heu und Holz zu binden. Sp\u00e4ter fuhren auf den Hornschlitten wohlhabende Touristen.<\/p><\/div><\/div>\t\t\t\t<\/div>\n\t\t\t\t<\/div>\n\t\t\t\t\t<\/div>\n\t\t<\/div>\n\t\t\t\t<div class=\"elementor-column elementor-col-50 elementor-top-column elementor-element elementor-element-06cdc70 cspt-bg-color-over-image\" data-id=\"06cdc70\" data-element_type=\"column\" data-e-type=\"column\">\n\t\t\t<div class=\"elementor-widget-wrap elementor-element-populated\">\n\t\t\t\t\t\t<div class=\"elementor-element elementor-element-f34039e elementor-position-top elementor-widget elementor-widget-image-box\" data-id=\"f34039e\" data-element_type=\"widget\" data-e-type=\"widget\" data-widget_type=\"image-box.default\">\n\t\t\t\t<div class=\"elementor-widget-container\">\n\t\t\t\t\t<div class=\"elementor-image-box-wrapper\"><figure class=\"elementor-image-box-img\"><a href=\"https:\/\/bouda.webfusion.dev\/de\/resort-umgebung\/winterspass\/aufstieg-nach-snezka\/\" tabindex=\"-1\"><img loading=\"lazy\" decoding=\"async\" width=\"1024\" height=\"681\" src=\"https:\/\/bouda.webfusion.dev\/wp-content\/uploads\/2022\/05\/Wellness-Bouda-Horni-Mala-Upa-zima-Jaro-a-leto-1024x681-1.jpg\" class=\"attachment-full size-full wp-image-1104\" alt=\"\" srcset=\"https:\/\/bouda.webfusion.dev\/wp-content\/uploads\/2022\/05\/Wellness-Bouda-Horni-Mala-Upa-zima-Jaro-a-leto-1024x681-1.jpg 1024w, https:\/\/bouda.webfusion.dev\/wp-content\/uploads\/2022\/05\/Wellness-Bouda-Horni-Mala-Upa-zima-Jaro-a-leto-1024x681-1-300x200.jpg 300w, https:\/\/bouda.webfusion.dev\/wp-content\/uploads\/2022\/05\/Wellness-Bouda-Horni-Mala-Upa-zima-Jaro-a-leto-1024x681-1-768x511.jpg 768w, https:\/\/bouda.webfusion.dev\/wp-content\/uploads\/2022\/05\/Wellness-Bouda-Horni-Mala-Upa-zima-Jaro-a-leto-1024x681-1-770x512.jpg 770w\" sizes=\"(max-width: 1024px) 100vw, 1024px\" \/><\/a><\/figure><div class=\"elementor-image-box-content\"><h3 class=\"elementor-image-box-title\"><a href=\"https:\/\/bouda.webfusion.dev\/de\/resort-umgebung\/winterspass\/aufstieg-nach-snezka\/\">Aufstieg auf die Schneekoppe<\/a><\/h3><p class=\"elementor-image-box-description\">Der einfachste Weg auf die Schneekoppe f\u00fchrt direkt vom Wellness Resort Bouda Mal\u00e1 \u00dapa aus. Die Strecke ist zwar 6,7 km lang, aber die H\u00f6he betr\u00e4gt nur 611 m.\u00fc.M.<\/p><\/div><\/div>\t\t\t\t<\/div>\n\t\t\t\t<\/div>\n\t\t\t\t\t<\/div>\n\t\t<\/div>\n\t\t\t\t\t<\/div>\n\t\t<\/section>\n\t\t\t\t<section class=\"elementor-section elementor-top-section elementor-element elementor-element-0bb67e5 boxiky cspt-col-stretched-none cspt-bg-color-over-image elementor-section-boxed elementor-section-height-default elementor-section-height-default\" data-id=\"0bb67e5\" data-element_type=\"section\" data-e-type=\"section\">\n\t\t\t\t\t\t\t<div class=\"elementor-background-overlay\"><\/div>\n\t\t\t\t\t\t\t<div class=\"elementor-container elementor-column-gap-wide\">\n\t\t\t\t\t<div class=\"elementor-column elementor-col-50 elementor-top-column elementor-element elementor-element-1e4740f cspt-bg-color-over-image\" data-id=\"1e4740f\" data-element_type=\"column\" data-e-type=\"column\">\n\t\t\t<div class=\"elementor-widget-wrap elementor-element-populated\">\n\t\t\t\t\t\t<div class=\"elementor-element elementor-element-2a74c91 elementor-position-top elementor-widget elementor-widget-image-box\" data-id=\"2a74c91\" data-element_type=\"widget\" data-e-type=\"widget\" data-widget_type=\"image-box.default\">\n\t\t\t\t<div class=\"elementor-widget-container\">\n\t\t\t\t\t<div class=\"elementor-image-box-wrapper\"><figure class=\"elementor-image-box-img\"><a href=\"https:\/\/bouda.webfusion.dev\/de\/tipps-fuer-aktivitaeten-im-winter\/\" tabindex=\"-1\"><img loading=\"lazy\" decoding=\"async\" width=\"1326\" height=\"722\" src=\"https:\/\/bouda.webfusion.dev\/wp-content\/uploads\/2023\/02\/Snimek-obrazovky-2023-02-20-v-16.40.46.png\" class=\"attachment-full size-full wp-image-5558\" alt=\"\" srcset=\"https:\/\/bouda.webfusion.dev\/wp-content\/uploads\/2023\/02\/Snimek-obrazovky-2023-02-20-v-16.40.46.png 1326w, https:\/\/bouda.webfusion.dev\/wp-content\/uploads\/2023\/02\/Snimek-obrazovky-2023-02-20-v-16.40.46-300x163.png 300w, https:\/\/bouda.webfusion.dev\/wp-content\/uploads\/2023\/02\/Snimek-obrazovky-2023-02-20-v-16.40.46-1024x558.png 1024w, https:\/\/bouda.webfusion.dev\/wp-content\/uploads\/2023\/02\/Snimek-obrazovky-2023-02-20-v-16.40.46-768x418.png 768w, https:\/\/bouda.webfusion.dev\/wp-content\/uploads\/2023\/02\/Snimek-obrazovky-2023-02-20-v-16.40.46-770x419.png 770w\" sizes=\"(max-width: 1326px) 100vw, 1326px\" \/><\/a><\/figure><div class=\"elementor-image-box-content\"><h3 class=\"elementor-image-box-title\"><a href=\"https:\/\/bouda.webfusion.dev\/de\/tipps-fuer-aktivitaeten-im-winter\/\">Tipps f\u00fcr Winteraktivit\u00e4ten<\/a><\/h3><p class=\"elementor-image-box-description\">Drau\u00dfen liegt viel Schnee, aber Skifahren ist nicht das Einzige, was man im Winter in den Bergen erleben kann. Was tun, wenn Ihnen heute nicht nach Skifahren ist?<\/p><\/div><\/div>\t\t\t\t<\/div>\n\t\t\t\t<\/div>\n\t\t\t\t\t<\/div>\n\t\t<\/div>\n\t\t\t\t<div class=\"elementor-column elementor-col-50 elementor-top-column elementor-element elementor-element-4742afa cspt-bg-color-over-image\" data-id=\"4742afa\" data-element_type=\"column\" data-e-type=\"column\">\n\t\t\t<div class=\"elementor-widget-wrap\">\n\t\t\t\t\t\t\t<\/div>\n\t\t<\/div>\n\t\t\t\t\t<\/div>\n\t\t<\/section>\n\t\t\t\t<div class=\"elementor-section elementor-top-section elementor-element elementor-element-1cf22f77 elementor-section-stretched elementor-hidden-mobile cspt-col-stretched-none cspt-bg-color-over-image elementor-section-boxed elementor-section-height-default elementor-section-height-default\" data-id=\"1cf22f77\" data-element_type=\"section\" data-e-type=\"section\" data-settings=\"{&quot;stretch_section&quot;:&quot;section-stretched&quot;}\">\n\t\t\t\t\t\t\t<div class=\"elementor-background-overlay\"><\/div>\n\t\t\t\t\t\t\t<div class=\"elementor-container elementor-column-gap-no\">\n\t\t\t\t\t<div class=\"elementor-column elementor-col-100 elementor-top-column elementor-element elementor-element-62fced39 cspt-bg-color-over-image\" data-id=\"62fced39\" data-element_type=\"column\" data-e-type=\"column\">\n\t\t\t<div class=\"elementor-widget-wrap elementor-element-populated\">\n\t\t\t\t\t\t<div class=\"elementor-element elementor-element-7fa8bdd3 cspt-align-center elementor-widget elementor-widget-cspt_heading\" data-id=\"7fa8bdd3\" data-element_type=\"widget\" data-e-type=\"widget\" data-widget_type=\"cspt_heading.default\">\n\t\t\t\t<div class=\"elementor-widget-container\">\n\t\t\t\t\t\t<div class=\"cspt-heading-subheading center-align cspt-reverse-heading-yes\"><div class=\"cspt-element-title\">\r\n\t\t\t\r\n\t\t\t\tUnsere Partner\r\n\t\t\t\r\n\t\t\t<\/div>\r\n\t\t<\/div>\t\t\t\t<\/div>\n\t\t\t\t<\/div>\n\t\t\t\t<section class=\"elementor-section elementor-inner-section elementor-element elementor-element-1256a433 cspt-col-stretched-none cspt-bg-color-over-image elementor-section-boxed elementor-section-height-default elementor-section-height-default\" data-id=\"1256a433\" data-element_type=\"section\" data-e-type=\"section\">\n\t\t\t\t\t\t<div class=\"elementor-container elementor-column-gap-default\">\n\t\t\t\t\t<div class=\"elementor-column elementor-col-20 elementor-inner-column elementor-element elementor-element-3b1906c cspt-bg-color-over-image\" data-id=\"3b1906c\" data-element_type=\"column\" data-e-type=\"column\">\n\t\t\t<div class=\"elementor-widget-wrap elementor-element-populated\">\n\t\t\t\t\t\t<div class=\"elementor-element elementor-element-4dd7bcb6 elementor-widget elementor-widget-image\" data-id=\"4dd7bcb6\" data-element_type=\"widget\" data-e-type=\"widget\" data-widget_type=\"image.default\">\n\t\t\t\t<div class=\"elementor-widget-container\">\n\t\t\t\t\t\t\t\t\t\t\t\t\t\t\t<img loading=\"lazy\" decoding=\"async\" width=\"300\" height=\"150\" src=\"https:\/\/bouda.webfusion.dev\/wp-content\/uploads\/2022\/06\/bp-logo.png\" class=\"attachment-full size-full wp-image-7631\" alt=\"\">\t\t\t\t\t\t\t\t\t\t\t\t\t\t\t<\/div>\n\t\t\t\t<\/div>\n\t\t\t\t\t<\/div>\n\t\t<\/div>\n\t\t\t\t<div class=\"elementor-column elementor-col-20 elementor-inner-column elementor-element elementor-element-72a8c517 cspt-bg-color-over-image\" data-id=\"72a8c517\" data-element_type=\"column\" data-e-type=\"column\">\n\t\t\t<div class=\"elementor-widget-wrap elementor-element-populated\">\n\t\t\t\t\t\t<div class=\"elementor-element elementor-element-7ef80a02 elementor-widget elementor-widget-image\" data-id=\"7ef80a02\" data-element_type=\"widget\" data-e-type=\"widget\" data-widget_type=\"image.default\">\n\t\t\t\t<div class=\"elementor-widget-container\">\n\t\t\t\t\t\t\t\t\t\t\t\t\t\t\t<img loading=\"lazy\" decoding=\"async\" width=\"300\" height=\"150\" src=\"https:\/\/bouda.webfusion.dev\/wp-content\/uploads\/2019\/06\/ski-upa.png\" class=\"attachment-full size-full wp-image-6695\" alt=\"\">\t\t\t\t\t\t\t\t\t\t\t\t\t\t\t<\/div>\n\t\t\t\t<\/div>\n\t\t\t\t\t<\/div>\n\t\t<\/div>\n\t\t\t\t<div class=\"elementor-column elementor-col-20 elementor-inner-column elementor-element elementor-element-74ec411 cspt-bg-color-over-image\" data-id=\"74ec411\" data-element_type=\"column\" data-e-type=\"column\">\n\t\t\t<div class=\"elementor-widget-wrap elementor-element-populated\">\n\t\t\t\t\t\t<div class=\"elementor-element elementor-element-779aaee elementor-widget elementor-widget-image\" data-id=\"779aaee\" data-element_type=\"widget\" data-e-type=\"widget\" data-widget_type=\"image.default\">\n\t\t\t\t<div class=\"elementor-widget-container\">\n\t\t\t\t\t\t\t\t\t\t\t\t\t\t\t<img loading=\"lazy\" decoding=\"async\" width=\"300\" height=\"150\" src=\"https:\/\/bouda.webfusion.dev\/wp-content\/uploads\/2019\/06\/upa-ski.png\" class=\"attachment-full size-full wp-image-6698\" alt=\"\">\t\t\t\t\t\t\t\t\t\t\t\t\t\t\t<\/div>\n\t\t\t\t<\/div>\n\t\t\t\t\t<\/div>\n\t\t<\/div>\n\t\t\t\t<div class=\"elementor-column elementor-col-20 elementor-inner-column elementor-element elementor-element-61aeef98 cspt-bg-color-over-image\" data-id=\"61aeef98\" data-element_type=\"column\" data-e-type=\"column\">\n\t\t\t<div class=\"elementor-widget-wrap elementor-element-populated\">\n\t\t\t\t\t\t<div class=\"elementor-element elementor-element-25176c20 elementor-widget elementor-widget-image\" data-id=\"25176c20\" data-element_type=\"widget\" data-e-type=\"widget\" data-widget_type=\"image.default\">\n\t\t\t\t<div class=\"elementor-widget-container\">\n\t\t\t\t\t\t\t\t\t\t\t\t\t\t\t<img loading=\"lazy\" decoding=\"async\" width=\"300\" height=\"150\" src=\"https:\/\/bouda.webfusion.dev\/wp-content\/uploads\/2019\/06\/pivovar.png\" class=\"attachment-full size-full wp-image-6692\" alt=\"\">\t\t\t\t\t\t\t\t\t\t\t\t\t\t\t<\/div>\n\t\t\t\t<\/div>\n\t\t\t\t\t<\/div>\n\t\t<\/div>\n\t\t\t\t<div class=\"elementor-column elementor-col-20 elementor-inner-column elementor-element elementor-element-456c1cff cspt-bg-color-over-image\" data-id=\"456c1cff\" data-element_type=\"column\" data-e-type=\"column\">\n\t\t\t<div class=\"elementor-widget-wrap elementor-element-populated\">\n\t\t\t\t\t\t<div class=\"elementor-element elementor-element-6dcd5ffa elementor-widget elementor-widget-image\" data-id=\"6dcd5ffa\" data-element_type=\"widget\" data-e-type=\"widget\" data-widget_type=\"image.default\">\n\t\t\t\t<div class=\"elementor-widget-container\">\n\t\t\t\t\t\t\t\t\t\t\t\t\t\t\t<img loading=\"lazy\" decoding=\"async\" width=\"300\" height=\"150\" src=\"https:\/\/bouda.webfusion.dev\/wp-content\/uploads\/2019\/06\/nevecom.png\" class=\"attachment-full size-full wp-image-6689\" alt=\"\">\t\t\t\t\t\t\t\t\t\t\t\t\t\t\t<\/div>\n\t\t\t\t<\/div>\n\t\t\t\t\t<\/div>\n\t\t<\/div>\n\t\t\t\t\t<\/div>\n\t\t<\/section>\n\t\t\t\t\t<\/div>\n\t\t<\/div>\n\t\t\t\t\t<\/div>\n\t\t<\/div>\n\t\t\t\t<\/div>\n\t\t","protected":false},"excerpt":{"rendered":"<p>Ski und Snowboard Mal\u00e1 \u00dapa ist ein traditioneller Ort im Riesengebirge, der auf einer H\u00f6he von 1000 Metern \u00fcber dem Meeresspiegel liegt. 8 Kilometer vom Zentrum Mal\u00e1 \u00dapa entfernt liegt der h\u00f6chste tschechische Berg Schneekoppe (Sn\u011b\u017eka) 1602 m.\u00fc.M. Skilanglauf Die Umgebung des Wellness Resorts Bouda Mal\u00e1 \u00dapa bietet ideale Bedingungen f\u00fcr den Skilanglauf. Die Strecken sind nicht schwierig und eignen sich f\u00fcr Kinder, \u00e4ltere Sportbegeisterte oder Anf\u00e4nger. Schlitten Schlitten geh\u00f6ren[&hellip;]<\/p>\n","protected":false},"author":1,"featured_media":0,"parent":8761,"menu_order":0,"comment_status":"closed","ping_status":"closed","template":"","meta":{"_acf_changed":false,"footnotes":""},"class_list":["post-8743","page","type-page","status-publish","hentry"],"acf":[],"_links":{"self":[{"href":"https:\/\/bouda.webfusion.dev\/de\/wp-json\/wp\/v2\/pages\/8743","targetHints":{"allow":["GET"]}}],"collection":[{"href":"https:\/\/bouda.webfusion.dev\/de\/wp-json\/wp\/v2\/pages"}],"about":[{"href":"https:\/\/bouda.webfusion.dev\/de\/wp-json\/wp\/v2\/types\/page"}],"author":[{"embeddable":true,"href":"https:\/\/bouda.webfusion.dev\/de\/wp-json\/wp\/v2\/users\/1"}],"replies":[{"embeddable":true,"href":"https:\/\/bouda.webfusion.dev\/de\/wp-json\/wp\/v2\/comments?post=8743"}],"version-history":[{"count":0,"href":"https:\/\/bouda.webfusion.dev\/de\/wp-json\/wp\/v2\/pages\/8743\/revisions"}],"up":[{"embeddable":true,"href":"https:\/\/bouda.webfusion.dev\/de\/wp-json\/wp\/v2\/pages\/8761"}],"wp:attachment":[{"href":"https:\/\/bouda.webfusion.dev\/de\/wp-json\/wp\/v2\/media?parent=8743"}],"curies":[{"name":"wp","href":"https:\/\/api.w.org\/{rel}","templated":true}]}}