{"id":8870,"date":"2022-05-09T20:17:53","date_gmt":"2022-05-09T18:17:53","guid":{"rendered":"https:\/\/bouda.webfusion.dev\/resort-umgebung\/sommertourismus\/"},"modified":"2023-11-23T10:16:59","modified_gmt":"2023-11-23T09:16:59","slug":"sommertourismus","status":"publish","type":"page","link":"https:\/\/bouda.webfusion.dev\/de\/resort-umgebung\/sommertourismus\/","title":{"rendered":"Sommertourismus"},"content":{"rendered":"\t\t<div data-elementor-type=\"wp-page\" data-elementor-id=\"8870\" class=\"elementor elementor-8870 elementor-1497\" data-elementor-post-type=\"page\">\n\t\t\t\t\t\t<section class=\"elementor-section elementor-top-section elementor-element elementor-element-23ebb2af boxiky cspt-col-stretched-none cspt-bg-color-over-image elementor-section-boxed elementor-section-height-default elementor-section-height-default\" data-id=\"23ebb2af\" data-element_type=\"section\" data-e-type=\"section\">\n\t\t\t\t\t\t\t<div class=\"elementor-background-overlay\"><\/div>\n\t\t\t\t\t\t\t<div class=\"elementor-container elementor-column-gap-wide\">\n\t\t\t\t\t<div class=\"elementor-column elementor-col-33 elementor-top-column elementor-element elementor-element-106faa57 cspt-bg-color-over-image\" data-id=\"106faa57\" data-element_type=\"column\" data-e-type=\"column\">\n\t\t\t<div class=\"elementor-widget-wrap elementor-element-populated\">\n\t\t\t\t\t\t<div class=\"elementor-element elementor-element-4144e476 elementor-position-top elementor-widget elementor-widget-image-box\" data-id=\"4144e476\" data-element_type=\"widget\" data-e-type=\"widget\" data-widget_type=\"image-box.default\">\n\t\t\t\t<div class=\"elementor-widget-container\">\n\t\t\t\t\t<div class=\"elementor-image-box-wrapper\"><figure class=\"elementor-image-box-img\"><a href=\"https:\/\/bouda.webfusion.dev\/de\/resort-umgebung\/sommertourismus\/tipps-fuer-reisen-mit-kindern\/\" tabindex=\"-1\"><img fetchpriority=\"high\" decoding=\"async\" width=\"1280\" height=\"853\" src=\"https:\/\/bouda.webfusion.dev\/wp-content\/uploads\/2022\/05\/tipy.jpg\" class=\"attachment-full size-full wp-image-1989\" alt=\"\" srcset=\"https:\/\/bouda.webfusion.dev\/wp-content\/uploads\/2022\/05\/tipy.jpg 1280w, https:\/\/bouda.webfusion.dev\/wp-content\/uploads\/2022\/05\/tipy-300x200.jpg 300w, https:\/\/bouda.webfusion.dev\/wp-content\/uploads\/2022\/05\/tipy-1024x682.jpg 1024w, https:\/\/bouda.webfusion.dev\/wp-content\/uploads\/2022\/05\/tipy-768x512.jpg 768w, https:\/\/bouda.webfusion.dev\/wp-content\/uploads\/2022\/05\/tipy-770x513.jpg 770w\" sizes=\"(max-width: 1280px) 100vw, 1280px\" \/><\/a><\/figure><div class=\"elementor-image-box-content\"><h3 class=\"elementor-image-box-title\"><a href=\"https:\/\/bouda.webfusion.dev\/de\/resort-umgebung\/sommertourismus\/tipps-fuer-reisen-mit-kindern\/\">Tipps f\u00fcr Reisen mit Kindern<\/a><\/h3><p class=\"elementor-image-box-description\">M\u00e4rchenhaftes Riesengebirge - Stempelspiel, M\u00e4rchenpfad, Mal\u00e1 \u00dapa, Pecka, Pec pod Sn\u011b\u017ekou, Velk\u00e1 \u00dapa und mehr.<\/p><\/div><\/div>\t\t\t\t<\/div>\n\t\t\t\t<\/div>\n\t\t\t\t\t<\/div>\n\t\t<\/div>\n\t\t\t\t<div class=\"elementor-column elementor-col-33 elementor-top-column elementor-element elementor-element-83cbbab cspt-bg-color-over-image\" data-id=\"83cbbab\" data-element_type=\"column\" data-e-type=\"column\">\n\t\t\t<div class=\"elementor-widget-wrap elementor-element-populated\">\n\t\t\t\t\t\t<div class=\"elementor-element elementor-element-2e4ef6c elementor-position-top elementor-widget elementor-widget-image-box\" data-id=\"2e4ef6c\" data-element_type=\"widget\" data-e-type=\"widget\" data-widget_type=\"image-box.default\">\n\t\t\t\t<div class=\"elementor-widget-container\">\n\t\t\t\t\t<div class=\"elementor-image-box-wrapper\"><figure class=\"elementor-image-box-img\"><a href=\"https:\/\/bouda.webfusion.dev\/de\/resort-umgebung\/sommertourismus\/auf-dem-fahrrad\/\" tabindex=\"-1\"><img decoding=\"async\" width=\"1280\" height=\"853\" src=\"https:\/\/bouda.webfusion.dev\/wp-content\/uploads\/2022\/05\/na-kole.jpg\" class=\"attachment-full size-full wp-image-1990\" alt=\"\" srcset=\"https:\/\/bouda.webfusion.dev\/wp-content\/uploads\/2022\/05\/na-kole.jpg 1280w, https:\/\/bouda.webfusion.dev\/wp-content\/uploads\/2022\/05\/na-kole-300x200.jpg 300w, https:\/\/bouda.webfusion.dev\/wp-content\/uploads\/2022\/05\/na-kole-1024x682.jpg 1024w, https:\/\/bouda.webfusion.dev\/wp-content\/uploads\/2022\/05\/na-kole-768x512.jpg 768w, https:\/\/bouda.webfusion.dev\/wp-content\/uploads\/2022\/05\/na-kole-770x513.jpg 770w\" sizes=\"(max-width: 1280px) 100vw, 1280px\" \/><\/a><\/figure><div class=\"elementor-image-box-content\"><h3 class=\"elementor-image-box-title\"><a href=\"https:\/\/bouda.webfusion.dev\/de\/resort-umgebung\/sommertourismus\/auf-dem-fahrrad\/\">Auf dem Fahrrad<\/a><\/h3><p class=\"elementor-image-box-description\">Radfahrer sind im Riesengebirge willkommen. Hunderte von Kilometern an Radwegen durch den Nationalpark und in seinen Ausl\u00e4ufern sind der Beweis daf\u00fcr.<\/p><\/div><\/div>\t\t\t\t<\/div>\n\t\t\t\t<\/div>\n\t\t\t\t\t<\/div>\n\t\t<\/div>\n\t\t\t\t<div class=\"elementor-column elementor-col-33 elementor-top-column elementor-element elementor-element-3bcf285 cspt-bg-color-over-image\" data-id=\"3bcf285\" data-element_type=\"column\" data-e-type=\"column\">\n\t\t\t<div class=\"elementor-widget-wrap elementor-element-populated\">\n\t\t\t\t\t\t<div class=\"elementor-element elementor-element-74ee8f0 elementor-position-top elementor-widget elementor-widget-image-box\" data-id=\"74ee8f0\" data-element_type=\"widget\" data-e-type=\"widget\" data-widget_type=\"image-box.default\">\n\t\t\t\t<div class=\"elementor-widget-container\">\n\t\t\t\t\t<div class=\"elementor-image-box-wrapper\"><figure class=\"elementor-image-box-img\"><a href=\"https:\/\/bouda.webfusion.dev\/de\/resort-umgebung\/sommertourismus\/krkonose-tausende\/\" tabindex=\"-1\"><img decoding=\"async\" width=\"600\" height=\"400\" src=\"https:\/\/bouda.webfusion.dev\/wp-content\/uploads\/2022\/05\/Snezka-02.jpg\" class=\"attachment-full size-full wp-image-1102\" alt=\"\" srcset=\"https:\/\/bouda.webfusion.dev\/wp-content\/uploads\/2022\/05\/Snezka-02.jpg 600w, https:\/\/bouda.webfusion.dev\/wp-content\/uploads\/2022\/05\/Snezka-02-300x200.jpg 300w\" sizes=\"(max-width: 600px) 100vw, 600px\" \/><\/a><\/figure><div class=\"elementor-image-box-content\"><h3 class=\"elementor-image-box-title\"><a href=\"https:\/\/bouda.webfusion.dev\/de\/resort-umgebung\/sommertourismus\/krkonose-tausende\/\">Riesengebirgs-Tausende<\/a><\/h3><p class=\"elementor-image-box-description\">In Mal\u00e1 \u00dapa und seiner Umgebung gibt es 10 Gipfel, die h\u00f6her als 1.000 m sind. Sie sind durch Gipfeltafeln mit Markierungen gekennzeichnet.<\/p><\/div><\/div>\t\t\t\t<\/div>\n\t\t\t\t<\/div>\n\t\t\t\t\t<\/div>\n\t\t<\/div>\n\t\t\t\t\t<\/div>\n\t\t<\/section>\n\t\t\t\t<section class=\"elementor-section elementor-top-section elementor-element elementor-element-7d5f7ce1 boxiky cspt-col-stretched-none cspt-bg-color-over-image elementor-section-boxed elementor-section-height-default elementor-section-height-default\" data-id=\"7d5f7ce1\" data-element_type=\"section\" data-e-type=\"section\">\n\t\t\t\t\t\t\t<div class=\"elementor-background-overlay\"><\/div>\n\t\t\t\t\t\t\t<div class=\"elementor-container elementor-column-gap-wide\">\n\t\t\t\t\t<div class=\"elementor-column elementor-col-33 elementor-top-column elementor-element elementor-element-56e47830 cspt-bg-color-over-image\" data-id=\"56e47830\" data-element_type=\"column\" data-e-type=\"column\">\n\t\t\t<div class=\"elementor-widget-wrap elementor-element-populated\">\n\t\t\t\t\t\t<div class=\"elementor-element elementor-element-13e3a6dd elementor-position-top elementor-widget elementor-widget-image-box\" data-id=\"13e3a6dd\" data-element_type=\"widget\" data-e-type=\"widget\" data-widget_type=\"image-box.default\">\n\t\t\t\t<div class=\"elementor-widget-container\">\n\t\t\t\t\t<div class=\"elementor-image-box-wrapper\"><figure class=\"elementor-image-box-img\"><a href=\"https:\/\/bouda.webfusion.dev\/de\/resort-umgebung\/sommertourismus\/barocke-kirche-von-st-peter-und-paul\/\" tabindex=\"-1\"><img loading=\"lazy\" decoding=\"async\" width=\"600\" height=\"399\" src=\"https:\/\/bouda.webfusion.dev\/wp-content\/uploads\/2022\/06\/barokni-kostel.jpg\" class=\"attachment-large size-large wp-image-2799\" alt=\"\" srcset=\"https:\/\/bouda.webfusion.dev\/wp-content\/uploads\/2022\/06\/barokni-kostel.jpg 600w, https:\/\/bouda.webfusion.dev\/wp-content\/uploads\/2022\/06\/barokni-kostel-300x200.jpg 300w\" sizes=\"(max-width: 600px) 100vw, 600px\" \/><\/a><\/figure><div class=\"elementor-image-box-content\"><h3 class=\"elementor-image-box-title\"><a href=\"https:\/\/bouda.webfusion.dev\/de\/resort-umgebung\/sommertourismus\/barocke-kirche-von-st-peter-und-paul\/\">Barockkirche St. Peter und Paul<\/a><\/h3><p class=\"elementor-image-box-description\">Die Barockkirche ist das Herz und Symbol von Mal\u00e1 \u00dapa. Sie wurde in den Jahren 1788-1789 erbaut und war damals die h\u00f6chste Kirche in B\u00f6hmen.<\/p><\/div><\/div>\t\t\t\t<\/div>\n\t\t\t\t<\/div>\n\t\t\t\t\t<\/div>\n\t\t<\/div>\n\t\t\t\t<div class=\"elementor-column elementor-col-33 elementor-top-column elementor-element elementor-element-8077e94 cspt-bg-color-over-image\" data-id=\"8077e94\" data-element_type=\"column\" data-e-type=\"column\">\n\t\t\t<div class=\"elementor-widget-wrap elementor-element-populated\">\n\t\t\t\t\t\t<div class=\"elementor-element elementor-element-8e922f3 elementor-position-top elementor-widget elementor-widget-image-box\" data-id=\"8e922f3\" data-element_type=\"widget\" data-e-type=\"widget\" data-widget_type=\"image-box.default\">\n\t\t\t\t<div class=\"elementor-widget-container\">\n\t\t\t\t\t<div class=\"elementor-image-box-wrapper\"><figure class=\"elementor-image-box-img\"><a href=\"https:\/\/bouda.webfusion.dev\/de\/resort-umgebung\/sommertourismus\/restaurants-und-kneipen\/\" tabindex=\"-1\"><img loading=\"lazy\" decoding=\"async\" width=\"1280\" height=\"854\" src=\"https:\/\/bouda.webfusion.dev\/wp-content\/uploads\/2022\/05\/pivo.jpg\" class=\"attachment-full size-full wp-image-1991\" alt=\"\" srcset=\"https:\/\/bouda.webfusion.dev\/wp-content\/uploads\/2022\/05\/pivo.jpg 1280w, https:\/\/bouda.webfusion.dev\/wp-content\/uploads\/2022\/05\/pivo-300x200.jpg 300w, https:\/\/bouda.webfusion.dev\/wp-content\/uploads\/2022\/05\/pivo-1024x683.jpg 1024w, https:\/\/bouda.webfusion.dev\/wp-content\/uploads\/2022\/05\/pivo-768x512.jpg 768w, https:\/\/bouda.webfusion.dev\/wp-content\/uploads\/2022\/05\/pivo-770x514.jpg 770w\" sizes=\"(max-width: 1280px) 100vw, 1280px\" \/><\/a><\/figure><div class=\"elementor-image-box-content\"><h3 class=\"elementor-image-box-title\"><a href=\"https:\/\/bouda.webfusion.dev\/de\/resort-umgebung\/sommertourismus\/restaurants-und-kneipen\/\">Restaurants und Kneipen<\/a><\/h3><p class=\"elementor-image-box-description\">Im Jahr 2015, auf einer H\u00f6he von 1.045 Metern \u00fcber dem Meeresspiegel, f\u00fcnf Meter unter der Erde in einem 103 Jahre alten Keller, beginnen wir mit dem Bierbrauen. Dies ist der Anfang unserer Geschichte \u00fcber die Brauerei Trautenberk.<\/p><\/div><\/div>\t\t\t\t<\/div>\n\t\t\t\t<\/div>\n\t\t\t\t\t<\/div>\n\t\t<\/div>\n\t\t\t\t<div class=\"elementor-column elementor-col-33 elementor-top-column elementor-element elementor-element-8972268 cspt-bg-color-over-image\" data-id=\"8972268\" data-element_type=\"column\" data-e-type=\"column\">\n\t\t\t<div class=\"elementor-widget-wrap\">\n\t\t\t\t\t\t\t<\/div>\n\t\t<\/div>\n\t\t\t\t\t<\/div>\n\t\t<\/section>\n\t\t\t\t<div class=\"elementor-section elementor-top-section elementor-element elementor-element-1209dd08 elementor-section-stretched elementor-hidden-mobile cspt-col-stretched-none cspt-bg-color-over-image elementor-section-boxed elementor-section-height-default elementor-section-height-default\" data-id=\"1209dd08\" data-element_type=\"section\" data-e-type=\"section\" data-settings=\"{&quot;stretch_section&quot;:&quot;section-stretched&quot;}\">\n\t\t\t\t\t\t\t<div class=\"elementor-background-overlay\"><\/div>\n\t\t\t\t\t\t\t<div class=\"elementor-container elementor-column-gap-no\">\n\t\t\t\t\t<div class=\"elementor-column elementor-col-100 elementor-top-column elementor-element elementor-element-5296c4a5 cspt-bg-color-over-image\" data-id=\"5296c4a5\" data-element_type=\"column\" data-e-type=\"column\">\n\t\t\t<div class=\"elementor-widget-wrap elementor-element-populated\">\n\t\t\t\t\t\t<div class=\"elementor-element elementor-element-14364e4f cspt-align-center elementor-widget elementor-widget-cspt_heading\" data-id=\"14364e4f\" data-element_type=\"widget\" data-e-type=\"widget\" data-widget_type=\"cspt_heading.default\">\n\t\t\t\t<div class=\"elementor-widget-container\">\n\t\t\t\t\t\t<div class=\"cspt-heading-subheading center-align cspt-reverse-heading-yes\"><div class=\"cspt-element-title\">\r\n\t\t\t\r\n\t\t\t\tUnsere Partner\r\n\t\t\t\r\n\t\t\t<\/div>\r\n\t\t<\/div>\t\t\t\t<\/div>\n\t\t\t\t<\/div>\n\t\t\t\t<section class=\"elementor-section elementor-inner-section elementor-element elementor-element-29a15188 cspt-col-stretched-none cspt-bg-color-over-image elementor-section-boxed elementor-section-height-default elementor-section-height-default\" data-id=\"29a15188\" data-element_type=\"section\" data-e-type=\"section\">\n\t\t\t\t\t\t<div class=\"elementor-container elementor-column-gap-default\">\n\t\t\t\t\t<div class=\"elementor-column elementor-col-20 elementor-inner-column elementor-element elementor-element-2f1b603 cspt-bg-color-over-image\" data-id=\"2f1b603\" data-element_type=\"column\" data-e-type=\"column\">\n\t\t\t<div class=\"elementor-widget-wrap elementor-element-populated\">\n\t\t\t\t\t\t<div class=\"elementor-element elementor-element-7f0e907b elementor-widget elementor-widget-image\" data-id=\"7f0e907b\" data-element_type=\"widget\" data-e-type=\"widget\" data-widget_type=\"image.default\">\n\t\t\t\t<div class=\"elementor-widget-container\">\n\t\t\t\t\t\t\t\t\t\t\t\t\t\t\t<img loading=\"lazy\" decoding=\"async\" width=\"300\" height=\"150\" src=\"https:\/\/bouda.webfusion.dev\/wp-content\/uploads\/2022\/06\/bp-logo.png\" class=\"attachment-full size-full wp-image-7631\" alt=\"\">\t\t\t\t\t\t\t\t\t\t\t\t\t\t\t<\/div>\n\t\t\t\t<\/div>\n\t\t\t\t\t<\/div>\n\t\t<\/div>\n\t\t\t\t<div class=\"elementor-column elementor-col-20 elementor-inner-column elementor-element elementor-element-775d263d cspt-bg-color-over-image\" data-id=\"775d263d\" data-element_type=\"column\" data-e-type=\"column\">\n\t\t\t<div class=\"elementor-widget-wrap elementor-element-populated\">\n\t\t\t\t\t\t<div class=\"elementor-element elementor-element-59cd0766 elementor-widget elementor-widget-image\" data-id=\"59cd0766\" data-element_type=\"widget\" data-e-type=\"widget\" data-widget_type=\"image.default\">\n\t\t\t\t<div class=\"elementor-widget-container\">\n\t\t\t\t\t\t\t\t\t\t\t\t\t\t\t<img loading=\"lazy\" decoding=\"async\" width=\"300\" height=\"150\" src=\"https:\/\/bouda.webfusion.dev\/wp-content\/uploads\/2019\/06\/ski-upa.png\" class=\"attachment-full size-full wp-image-6695\" alt=\"\">\t\t\t\t\t\t\t\t\t\t\t\t\t\t\t<\/div>\n\t\t\t\t<\/div>\n\t\t\t\t\t<\/div>\n\t\t<\/div>\n\t\t\t\t<div class=\"elementor-column elementor-col-20 elementor-inner-column elementor-element elementor-element-3152f551 cspt-bg-color-over-image\" data-id=\"3152f551\" data-element_type=\"column\" data-e-type=\"column\">\n\t\t\t<div class=\"elementor-widget-wrap elementor-element-populated\">\n\t\t\t\t\t\t<div class=\"elementor-element elementor-element-3198ecce elementor-widget elementor-widget-image\" data-id=\"3198ecce\" data-element_type=\"widget\" data-e-type=\"widget\" data-widget_type=\"image.default\">\n\t\t\t\t<div class=\"elementor-widget-container\">\n\t\t\t\t\t\t\t\t\t\t\t\t\t\t\t<img loading=\"lazy\" decoding=\"async\" width=\"300\" height=\"150\" src=\"https:\/\/bouda.webfusion.dev\/wp-content\/uploads\/2019\/06\/upa-ski.png\" class=\"attachment-full size-full wp-image-6698\" alt=\"\">\t\t\t\t\t\t\t\t\t\t\t\t\t\t\t<\/div>\n\t\t\t\t<\/div>\n\t\t\t\t\t<\/div>\n\t\t<\/div>\n\t\t\t\t<div class=\"elementor-column elementor-col-20 elementor-inner-column elementor-element elementor-element-6ff6b4d6 cspt-bg-color-over-image\" data-id=\"6ff6b4d6\" data-element_type=\"column\" data-e-type=\"column\">\n\t\t\t<div class=\"elementor-widget-wrap elementor-element-populated\">\n\t\t\t\t\t\t<div class=\"elementor-element elementor-element-62bd9810 elementor-widget elementor-widget-image\" data-id=\"62bd9810\" data-element_type=\"widget\" data-e-type=\"widget\" data-widget_type=\"image.default\">\n\t\t\t\t<div class=\"elementor-widget-container\">\n\t\t\t\t\t\t\t\t\t\t\t\t\t\t\t<img loading=\"lazy\" decoding=\"async\" width=\"300\" height=\"150\" src=\"https:\/\/bouda.webfusion.dev\/wp-content\/uploads\/2019\/06\/pivovar.png\" class=\"attachment-full size-full wp-image-6692\" alt=\"\">\t\t\t\t\t\t\t\t\t\t\t\t\t\t\t<\/div>\n\t\t\t\t<\/div>\n\t\t\t\t\t<\/div>\n\t\t<\/div>\n\t\t\t\t<div class=\"elementor-column elementor-col-20 elementor-inner-column elementor-element elementor-element-566fac26 cspt-bg-color-over-image\" data-id=\"566fac26\" data-element_type=\"column\" data-e-type=\"column\">\n\t\t\t<div class=\"elementor-widget-wrap elementor-element-populated\">\n\t\t\t\t\t\t<div class=\"elementor-element elementor-element-108169a8 elementor-widget elementor-widget-image\" data-id=\"108169a8\" data-element_type=\"widget\" data-e-type=\"widget\" data-widget_type=\"image.default\">\n\t\t\t\t<div class=\"elementor-widget-container\">\n\t\t\t\t\t\t\t\t\t\t\t\t\t\t\t<img loading=\"lazy\" decoding=\"async\" width=\"300\" height=\"150\" src=\"https:\/\/bouda.webfusion.dev\/wp-content\/uploads\/2019\/06\/nevecom.png\" class=\"attachment-full size-full wp-image-6689\" alt=\"\">\t\t\t\t\t\t\t\t\t\t\t\t\t\t\t<\/div>\n\t\t\t\t<\/div>\n\t\t\t\t\t<\/div>\n\t\t<\/div>\n\t\t\t\t\t<\/div>\n\t\t<\/section>\n\t\t\t\t\t<\/div>\n\t\t<\/div>\n\t\t\t\t\t<\/div>\n\t\t<\/div>\n\t\t\t\t<\/div>\n\t\t","protected":false},"excerpt":{"rendered":"<p>Tipps f\u00fcr Reisen mit Kindern M\u00e4rchenhaftes Riesengebirge &#8211; Stempelspiel, M\u00e4rchenpfad, Mal\u00e1 \u00dapa, Pecka, Pec pod Sn\u011b\u017ekou, Velk\u00e1 \u00dapa und mehr. Auf dem Fahrrad Radfahrer sind im Riesengebirge willkommen. Hunderte von Kilometern an Radwegen durch den Nationalpark und in seinen Ausl\u00e4ufern sind der Beweis daf\u00fcr. Riesengebirgs-Tausende In Mal\u00e1 \u00dapa und seiner Umgebung gibt es 10 Gipfel, die h\u00f6her als 1.000 m sind. Sie sind durch Gipfeltafeln mit Markierungen gekennzeichnet. Barockkirche St.[&hellip;]<\/p>\n","protected":false},"author":1,"featured_media":0,"parent":8761,"menu_order":0,"comment_status":"closed","ping_status":"closed","template":"","meta":{"_acf_changed":false,"footnotes":""},"class_list":["post-8870","page","type-page","status-publish","hentry"],"acf":[],"_links":{"self":[{"href":"https:\/\/bouda.webfusion.dev\/de\/wp-json\/wp\/v2\/pages\/8870","targetHints":{"allow":["GET"]}}],"collection":[{"href":"https:\/\/bouda.webfusion.dev\/de\/wp-json\/wp\/v2\/pages"}],"about":[{"href":"https:\/\/bouda.webfusion.dev\/de\/wp-json\/wp\/v2\/types\/page"}],"author":[{"embeddable":true,"href":"https:\/\/bouda.webfusion.dev\/de\/wp-json\/wp\/v2\/users\/1"}],"replies":[{"embeddable":true,"href":"https:\/\/bouda.webfusion.dev\/de\/wp-json\/wp\/v2\/comments?post=8870"}],"version-history":[{"count":0,"href":"https:\/\/bouda.webfusion.dev\/de\/wp-json\/wp\/v2\/pages\/8870\/revisions"}],"up":[{"embeddable":true,"href":"https:\/\/bouda.webfusion.dev\/de\/wp-json\/wp\/v2\/pages\/8761"}],"wp:attachment":[{"href":"https:\/\/bouda.webfusion.dev\/de\/wp-json\/wp\/v2\/media?parent=8870"}],"curies":[{"name":"wp","href":"https:\/\/api.w.org\/{rel}","templated":true}]}}