{"id":8918,"date":"2022-05-16T11:20:16","date_gmt":"2022-05-16T09:20:16","guid":{"rendered":"https:\/\/bouda.webfusion.dev\/resort-umgebung\/sommertourismus\/barocke-kirche-von-st-peter-und-paul\/"},"modified":"2023-10-17T08:49:28","modified_gmt":"2023-10-17T06:49:28","slug":"barocke-kirche-von-st-peter-und-paul","status":"publish","type":"page","link":"https:\/\/bouda.webfusion.dev\/de\/resort-umgebung\/sommertourismus\/barocke-kirche-von-st-peter-und-paul\/","title":{"rendered":"Barockkirche St. Peter und Paul"},"content":{"rendered":"\t\t<div data-elementor-type=\"wp-page\" data-elementor-id=\"8918\" class=\"elementor elementor-8918 elementor-1971\" data-elementor-post-type=\"page\">\n\t\t\t\t\t\t<section class=\"elementor-section elementor-top-section elementor-element elementor-element-4583d599 cspt-col-stretched-none cspt-bg-color-over-image elementor-section-boxed elementor-section-height-default elementor-section-height-default\" data-id=\"4583d599\" data-element_type=\"section\" data-e-type=\"section\">\n\t\t\t\t\t\t\t<div class=\"elementor-background-overlay\"><\/div>\n\t\t\t\t\t\t\t<div class=\"elementor-container elementor-column-gap-default\">\n\t\t\t\t\t<div class=\"elementor-column elementor-col-50 elementor-top-column elementor-element elementor-element-2fe66cca cspt-bg-color-over-image\" data-id=\"2fe66cca\" data-element_type=\"column\" data-e-type=\"column\">\n\t\t\t<div class=\"elementor-widget-wrap elementor-element-populated\">\n\t\t\t\t\t\t<div class=\"elementor-element elementor-element-6208a174 elementor-nav-menu__align-start elementor-nav-menu--dropdown-none sidebar-menu elementor-widget elementor-widget-nav-menu\" data-id=\"6208a174\" data-element_type=\"widget\" data-e-type=\"widget\" data-settings=\"{&quot;layout&quot;:&quot;vertical&quot;,&quot;sticky&quot;:&quot;top&quot;,&quot;sticky_on&quot;:[&quot;desktop&quot;],&quot;sticky_offset&quot;:120,&quot;sticky_parent&quot;:&quot;yes&quot;,&quot;submenu_icon&quot;:{&quot;value&quot;:&quot;&lt;i class=\\&quot;fas fa-caret-down\\&quot; aria-hidden=\\&quot;true\\&quot;&gt;&lt;\\\/i&gt;&quot;,&quot;library&quot;:&quot;fa-solid&quot;},&quot;sticky_effects_offset&quot;:0,&quot;sticky_anchor_link_offset&quot;:0}\" data-widget_type=\"nav-menu.default\">\n\t\t\t\t<div class=\"elementor-widget-container\">\n\t\t\t\t\t\t\t\t<nav aria-label=\"Men\u00fc\" class=\"elementor-nav-menu--main elementor-nav-menu__container elementor-nav-menu--layout-vertical e--pointer-underline e--animation-fade\">\n\t\t\t\t<ul id=\"menu-1-6208a174\" class=\"elementor-nav-menu sm-vertical\"> <li class=\"menu-item menu-item-type-post_type menu-item-object-page menu-item-12014\"> <a href=\"https:\/\/bouda.webfusion.dev\/de\/resort-umgebung\/veranstaltungen-nachrichten\/\" class=\"elementor-item\">Veranstaltungen &amp; Nachrichten<\/a> <\/li>\n<li class=\"menu-item menu-item-type-post_type menu-item-object-page menu-item-12015\"> <a href=\"https:\/\/bouda.webfusion.dev\/de\/resort-umgebung\/familienurlaub\/\" class=\"elementor-item\">Familienurlaub<\/a> <\/li>\n<li class=\"menu-item menu-item-type-post_type menu-item-object-page menu-item-12016\"> <a href=\"https:\/\/bouda.webfusion.dev\/de\/resort-umgebung\/multifunktionaler-spielplatz\/\" class=\"elementor-item\">Multifunktionaler Spielplatz<\/a> <\/li>\n<li class=\"menu-item menu-item-type-post_type menu-item-object-post menu-item-12017\"> <a href=\"https:\/\/bouda.webfusion.dev\/de\/montessori-wochenende-in-den-bergen\/\" class=\"elementor-item\">Montessori-Wochenende in den Bergen<\/a> <\/li>\n<li class=\"menu-item menu-item-type-post_type menu-item-object-page menu-item-12018\"> <a href=\"https:\/\/bouda.webfusion.dev\/de\/resort-umgebung\/minigolf\/\" class=\"elementor-item\">Minigolf<\/a> <\/li>\n<li class=\"menu-item menu-item-type-post_type menu-item-object-page menu-item-12019\"> <a href=\"https:\/\/bouda.webfusion.dev\/de\/resort-umgebung\/spielplatz-fuer-kinder\/\" class=\"elementor-item\">Kinderspielplatz<\/a> <\/li>\n<li class=\"menu-item menu-item-type-post_type menu-item-object-page menu-item-12020\"> <a href=\"https:\/\/bouda.webfusion.dev\/de\/resort-umgebung\/winterspass\/\" class=\"elementor-item\">Winterspa\u00df<\/a> <\/li>\n<li class=\"menu-item menu-item-type-post_type menu-item-object-page menu-item-12021\"> <a href=\"https:\/\/bouda.webfusion.dev\/de\/resort-umgebung\/sommertourismus\/\" class=\"elementor-item\">Sommertourismus<\/a> <\/li>\n<li class=\"menu-item menu-item-type-post_type menu-item-object-page menu-item-12022\"> <a href=\"https:\/\/bouda.webfusion.dev\/de\/resort-umgebung\/rettet-das-moorhuhn-soziale-verantwortung-der-unternehmen\/\" class=\"elementor-item\">Rettet das Birkhuhn ( Gesellschaftliche Verantwortlichkeit)<\/a> <\/li>\n<li class=\"menu-item menu-item-type-post_type menu-item-object-post menu-item-12023\"> <a href=\"https:\/\/bouda.webfusion.dev\/de\/glutenfreier-urlaub\/\" class=\"elementor-item\">Glutenfreier Urlaub<\/a> <\/li>\n<li class=\"menu-item menu-item-type-post_type menu-item-object-page menu-item-12024\"> <a href=\"https:\/\/bouda.webfusion.dev\/de\/resort-umgebung\/urlaub-mit-hund\/\" class=\"elementor-item\">Urlaub mit Hund<\/a> <\/li>\n<\/ul>\t\t\t<\/nav>\n\t\t\t\t\t\t<nav class=\"elementor-nav-menu--dropdown elementor-nav-menu__container\" aria-hidden=\"true\">\n\t\t\t\t<ul id=\"menu-2-6208a174\" class=\"elementor-nav-menu sm-vertical\"> <li class=\"menu-item menu-item-type-post_type menu-item-object-page menu-item-12014\"> <a href=\"https:\/\/bouda.webfusion.dev\/de\/resort-umgebung\/veranstaltungen-nachrichten\/\" class=\"elementor-item\" tabindex=\"-1\">Veranstaltungen &amp; Nachrichten<\/a> <\/li>\n<li class=\"menu-item menu-item-type-post_type menu-item-object-page menu-item-12015\"> <a href=\"https:\/\/bouda.webfusion.dev\/de\/resort-umgebung\/familienurlaub\/\" class=\"elementor-item\" tabindex=\"-1\">Familienurlaub<\/a> <\/li>\n<li class=\"menu-item menu-item-type-post_type menu-item-object-page menu-item-12016\"> <a href=\"https:\/\/bouda.webfusion.dev\/de\/resort-umgebung\/multifunktionaler-spielplatz\/\" class=\"elementor-item\" tabindex=\"-1\">Multifunktionaler Spielplatz<\/a> <\/li>\n<li class=\"menu-item menu-item-type-post_type menu-item-object-post menu-item-12017\"> <a href=\"https:\/\/bouda.webfusion.dev\/de\/montessori-wochenende-in-den-bergen\/\" class=\"elementor-item\" tabindex=\"-1\">Montessori-Wochenende in den Bergen<\/a> <\/li>\n<li class=\"menu-item menu-item-type-post_type menu-item-object-page menu-item-12018\"> <a href=\"https:\/\/bouda.webfusion.dev\/de\/resort-umgebung\/minigolf\/\" class=\"elementor-item\" tabindex=\"-1\">Minigolf<\/a> <\/li>\n<li class=\"menu-item menu-item-type-post_type menu-item-object-page menu-item-12019\"> <a href=\"https:\/\/bouda.webfusion.dev\/de\/resort-umgebung\/spielplatz-fuer-kinder\/\" class=\"elementor-item\" tabindex=\"-1\">Kinderspielplatz<\/a> <\/li>\n<li class=\"menu-item menu-item-type-post_type menu-item-object-page menu-item-12020\"> <a href=\"https:\/\/bouda.webfusion.dev\/de\/resort-umgebung\/winterspass\/\" class=\"elementor-item\" tabindex=\"-1\">Winterspa\u00df<\/a> <\/li>\n<li class=\"menu-item menu-item-type-post_type menu-item-object-page menu-item-12021\"> <a href=\"https:\/\/bouda.webfusion.dev\/de\/resort-umgebung\/sommertourismus\/\" class=\"elementor-item\" tabindex=\"-1\">Sommertourismus<\/a> <\/li>\n<li class=\"menu-item menu-item-type-post_type menu-item-object-page menu-item-12022\"> <a href=\"https:\/\/bouda.webfusion.dev\/de\/resort-umgebung\/rettet-das-moorhuhn-soziale-verantwortung-der-unternehmen\/\" class=\"elementor-item\" tabindex=\"-1\">Rettet das Birkhuhn ( Gesellschaftliche Verantwortlichkeit)<\/a> <\/li>\n<li class=\"menu-item menu-item-type-post_type menu-item-object-post menu-item-12023\"> <a href=\"https:\/\/bouda.webfusion.dev\/de\/glutenfreier-urlaub\/\" class=\"elementor-item\" tabindex=\"-1\">Glutenfreier Urlaub<\/a> <\/li>\n<li class=\"menu-item menu-item-type-post_type menu-item-object-page menu-item-12024\"> <a href=\"https:\/\/bouda.webfusion.dev\/de\/resort-umgebung\/urlaub-mit-hund\/\" class=\"elementor-item\" tabindex=\"-1\">Urlaub mit Hund<\/a> <\/li>\n<\/ul>\t\t\t<\/nav>\n\t\t\t\t\t\t<\/div>\n\t\t\t\t<\/div>\n\t\t\t\t<section class=\"elementor-section elementor-inner-section elementor-element elementor-element-40450482 cspt-col-stretched-none cspt-bg-color-over-image elementor-section-boxed elementor-section-height-default elementor-section-height-default elementor-invisible\" data-id=\"40450482\" data-element_type=\"section\" data-e-type=\"section\" data-settings=\"{&quot;sticky&quot;:&quot;top&quot;,&quot;sticky_offset&quot;:125,&quot;sticky_parent&quot;:&quot;yes&quot;,&quot;animation&quot;:&quot;fadeIn&quot;,&quot;sticky_on&quot;:[&quot;desktop&quot;,&quot;tablet&quot;,&quot;mobile&quot;],&quot;sticky_effects_offset&quot;:0,&quot;sticky_anchor_link_offset&quot;:0}\">\n\t\t\t\t\t\t<div class=\"elementor-container elementor-column-gap-default\">\n\t\t\t\t\t<div class=\"elementor-column elementor-col-100 elementor-inner-column elementor-element elementor-element-4d4bac15 cspt-bg-color-over-image\" data-id=\"4d4bac15\" data-element_type=\"column\" data-e-type=\"column\">\n\t\t\t<div class=\"elementor-widget-wrap\">\n\t\t\t\t\t\t\t<\/div>\n\t\t<\/div>\n\t\t\t\t\t<\/div>\n\t\t<\/section>\n\t\t\t\t\t<\/div>\n\t\t<\/div>\n\t\t\t\t<div class=\"elementor-column elementor-col-50 elementor-top-column elementor-element elementor-element-29379e68 cspt-bg-color-over-image\" data-id=\"29379e68\" data-element_type=\"column\" data-e-type=\"column\">\n\t\t\t<div class=\"elementor-widget-wrap elementor-element-populated\">\n\t\t\t\t\t\t<section class=\"elementor-section elementor-inner-section elementor-element elementor-element-1364a377 cspt-col-stretched-none cspt-bg-color-over-image elementor-section-boxed elementor-section-height-default elementor-section-height-default\" data-id=\"1364a377\" data-element_type=\"section\" data-e-type=\"section\">\n\t\t\t\t\t\t<div class=\"elementor-container elementor-column-gap-default\">\n\t\t\t\t\t<div class=\"elementor-column elementor-col-50 elementor-inner-column elementor-element elementor-element-6d9fde6b cspt-bg-color-over-image\" data-id=\"6d9fde6b\" data-element_type=\"column\" data-e-type=\"column\">\n\t\t\t<div class=\"elementor-widget-wrap elementor-element-populated\">\n\t\t\t\t\t\t<div class=\"elementor-element elementor-element-5090bf68 cspt-align-left elementor-widget elementor-widget-cspt_heading\" data-id=\"5090bf68\" data-element_type=\"widget\" data-e-type=\"widget\" data-widget_type=\"cspt_heading.default\">\n\t\t\t\t<div class=\"elementor-widget-container\">\n\t\t\t\t\t\t<div class=\"cspt-heading-subheading left-align cspt-reverse-heading-yes\"><h4 class=\"cspt-element-subtitle\">\r\n\t\t\t\r\n\t\t\t\tHOTEL BOUDA MAL\u00c1 \u00daPA\n\r\n\t\t\t\r\n\t\t\t<\/h4>\r\n\t\t<h2 class=\"cspt-element-title\">\r\n\t\t\t\r\n\t\t\t\tBarockkirche St. Peter und Paul\n\r\n\t\t\t\r\n\t\t\t<\/h2>\r\n\t\t<\/div>\t\t\t\t<\/div>\n\t\t\t\t<\/div>\n\t\t\t\t<div class=\"elementor-element elementor-element-c7cb758 elementor-widget elementor-widget-text-editor\" data-id=\"c7cb758\" data-element_type=\"widget\" data-e-type=\"widget\" data-widget_type=\"text-editor.default\">\n\t\t\t\t<div class=\"elementor-widget-container\">\n\t\t\t\t\t\t\t\t\t<p>Die Barockkirche St. Peter und Paul ist das Herz und Symbol von Mal\u00e1 \u00dapa. Sie wurde 1788-1789 erbaut und war damals die h\u00f6chstgelegene Kirche in B\u00f6hmen (derzeit steht sie an vierter Stelle, nach der Kirche in Kvilda, Bo\u017e\u00ed Dar (Gottesgab) und St. Thomas bei Lipno (Lippen) und liegt auf einer H\u00f6he von 975 m.<\/p><p>Ein erholsamer Spaziergang durch das Eli\u0161ka-Tal, entweder auf dem gelben oder dem roten Weg vom Zentrum von Pomezn\u00ed Budy aus (am besten nach dem Bowling links auf die Loipe abbiegen). Der Weg ist reich an Aussichten auf die Schneekoppe (Sn\u011b\u017eka) und das Tal. Die Kirche und ihre Umgebung sind ein beliebtes Ziel f\u00fcr viele Wallfahrer.<\/p><p>Zur Kirche sind es nur 3 km. Auch kleine Kinder, Sportkinderwagen und Fahrr\u00e4der schaffen den Weg.<\/p><p>Im Jahr 1779 besuchte der zuk\u00fcnftige Kaiser Joseph II. in Begleitung des ber\u00fchmten Generals Laudon Mal\u00e1 \u00dapa. Im Rahmen seiner Religionspolitik lie\u00df er 1791 eine Kirche f\u00fcr die \u00f6rtlichen Hochlandbewohner errichten. Im Jahr 1806 brannte die Holzkirche nach einem Blitzeinschlag ab.<\/p><p>Sofort wurde mit dem Bau einer neuen Kirche begonnen und ein Jahr sp\u00e4ter, 1807, wurde dort die Heilige Messe gefeiert. Zum hundertj\u00e4hrigen Jubil\u00e4um wurde am Deckenbogen zwischen Presbyterium und Kirchenschiff eine Gedenkinschrift mit der Jahreszahl 1791 und einem \u00f6sterreichischen Adler angebracht. Kurze Zeit sp\u00e4ter, 1889, wurde die Kirche in gr\u00f6\u00dferem Umfang renoviert. Die letzte Renovierung wurde 1986 unter schwierigen Bedingungen durchgef\u00fchrt.<\/p><p>Die Kirche hat eine neue funktionierende Uhr, f\u00fcr deren Restaurierung im Rahmen einer \u00f6ffentlichen Sammlung unter den B\u00fcrgern der Stadt Geld gesammelt wurde. Das urspr\u00fcngliche Uhrwerk wurde in das Informationszentrum verlegt.<\/p><p>W\u00e4hrend der Sommersaison werden in der Kirche Messen gefeiert, die wichtigste zum Anlass des Festes von St. Peter und St. Paul.<\/p><p>Die Kirche ist ein Ort mit einer wunderbaren Atmosph\u00e4re, viele Wanderwege treffen hier aufeinander und wenn Sie nicht wissen, wohin Sie heute gehen sollen, machen Sie bestimmt keinen Fehler, wenn Sie &#8222;zur Kirche&#8220; gehen.<\/p>\t\t\t\t\t\t\t\t<\/div>\n\t\t\t\t<\/div>\n\t\t\t\t\t<\/div>\n\t\t<\/div>\n\t\t\t\t<div class=\"elementor-column elementor-col-50 elementor-inner-column elementor-element elementor-element-4ee939f7 sidebar-apartman cspt-bg-color-over-image\" data-id=\"4ee939f7\" data-element_type=\"column\" data-e-type=\"column\">\n\t\t\t<div class=\"elementor-widget-wrap elementor-element-populated\">\n\t\t\t\t\t\t<div class=\"elementor-element elementor-element-26076467 elementor-align-justify cspt-btn-color-globalcolor cspt-btn-style-flat cspt-btn-shape-square elementor-widget elementor-widget-button\" data-id=\"26076467\" data-element_type=\"widget\" data-e-type=\"widget\" data-widget_type=\"button.default\">\n\t\t\t\t<div class=\"elementor-widget-container\">\n\t\t\t\t\t\t\t\t\t<div class=\"elementor-button-wrapper\">\n\t\t\t\t\t<a class=\"elementor-button elementor-button-link elementor-size-sm\" href=\"https:\/\/bouda.webfusion.dev\/de\/?page_id=8509\">\n\t\t\t\t\t\t<span class=\"elementor-button-content-wrapper\">\n\t\t\t\t\t\t<span class=\"elementor-button-icon\">\n\t\t\t\t<i aria-hidden=\"true\" class=\"sgicon sgicon-Arrow\"><\/i>\t\t\t<\/span>\n\t\t\t\t\t\t\t\t\t<span class=\"elementor-button-text\">BUCHUNG<\/span>\n\t\t\t\t\t<\/span>\n\t\t\t\t\t<\/a>\n\t\t\t\t<\/div>\n\t\t\t\t\t\t\t\t<\/div>\n\t\t\t\t<\/div>\n\t\t\t\t<div class=\"elementor-element elementor-element-472e4108 kontakty cspt-align-left elementor-widget elementor-widget-cspt_multiple_icon_heading\" data-id=\"472e4108\" data-element_type=\"widget\" data-e-type=\"widget\" data-widget_type=\"cspt_multiple_icon_heading.default\">\n\t\t\t\t<div class=\"elementor-widget-container\">\n\t\t\t\t\t<div class=\"creativesplanet-element creativesplanet-element-miconheading cspt-element-miconheading-style-11 creativesplanet-element-viewtype-row-column cspt-infinite-scroll-no cspt-infinite-scroll-button-no\" data-cpt=\"miconheading\" data-totalpagination=\"1\" data-style=\"11\" data-show=\"3\" data-columns=\"3\" data-loop=\"false\" data-autoplay=\"false\" data-center=\"false\" data-nav=\"false\" data-dots=\"false\" data-autoplayspeed=\"1000\" data-margin=\"\"><div class=\"creativesplanet-element-inner\">\r\n\t\t<div class=\"cspt-ele-header-area\">\r\n\t\t\t\t<div class=\"cspt-heading-subheading left-align \"><\/div>\t\t<\/div>\r\n\r\n\t\t<div class=\"cspt-element-posts-wrapper row multi-columns-row\">\r\n\r\n\t\t<article class=\"cspt-ele cspt-ele-miconheading cspt-miconheading-style-11 col-md-4   \"><div class=\"cspt-ihbox cspt-ihbox-style-11\"><div class=\"cspt-ihbox-icon\"><div class=\"cspt-ihbox-icon-wrapper\"><i class=\"cspt-leblix-icon cspt-leblix-icon-location\"><\/i><\/div><\/div><div class=\"cspt-ihbox-contents\">\t\r\n\t\t<h2 class=\"cspt-element-title\">\r\n\t\t\t\t\r\n\t\t\t\t\tBouda Mal\u00e1 \u00dapa\r\n\t\t\t\t\r\n\t\t\t\t<\/h2>\r\n\t\t\t\t\r\n\t\t\t\t<div class=\"cspt-heading-desc\">Horn\u00ed Mal\u00e1 \u00dapa 136,<br> \n542 27 Mal\u00e1 \u00dapa <\/div>\t\t<\/div><!-- .cspt-ihbox-contents -->\r\n<\/div><\/article><article class=\"cspt-ele cspt-ele-miconheading cspt-miconheading-style-11 col-md-4   \"><div class=\"cspt-ihbox cspt-ihbox-style-11\"><div class=\"cspt-ihbox-icon\"><div class=\"cspt-ihbox-icon-wrapper\"><i class=\"cspt-leblix-icon cspt-leblix-icon-mail\"><\/i><\/div><\/div><div class=\"cspt-ihbox-contents\">\t\r\n\t\t<h2 class=\"cspt-element-title\">\r\n\t\t\t\t\r\n\t\t\t\t\tE-Mail Adresse\r\n\t\t\t\t\r\n\t\t\t\t<\/h2>\r\n\t\t\t\t\r\n\t\t\t\t<div class=\"cspt-heading-desc\">info@boudamalaupa.cz<\/div>\t\t<div class=\"cspt-ihbox-btn\"><a href=\"mailto:info@boudamalaupa.cz\"><span>E-Mail senden<\/span><\/a><\/div><\/div><!-- .cspt-ihbox-contents -->\r\n<\/div><\/article><article class=\"cspt-ele cspt-ele-miconheading cspt-miconheading-style-11 col-md-4   \"><div class=\"cspt-ihbox cspt-ihbox-style-11\"><div class=\"cspt-ihbox-icon\"><div class=\"cspt-ihbox-icon-wrapper\"><i class=\"cspt-leblix-icon cspt-leblix-icon-telephone\"><\/i><\/div><\/div><div class=\"cspt-ihbox-contents\">\t\r\n\t\t<h2 class=\"cspt-element-title\">\r\n\t\t\t\t\r\n\t\t\t\t\tTel-Nummer\r\n\t\t\t\t\r\n\t\t\t\t<\/h2>\r\n\t\t\t\t\r\n\t\t\t\t<div class=\"cspt-heading-desc\">+420 739 673 383 <\/div>\t\t<div class=\"cspt-ihbox-btn\"><a href=\"tel:739673383\"><span>Anrufen<\/span><\/a><\/div><\/div><!-- .cspt-ihbox-contents -->\r\n<\/div><\/article>\r\n\t\t<\/div>\r\n\r\n\t\t<\/div><!-- .creativesplanet-element-inner -->   <\/div><!-- .creativesplanet-element -->  \t\t\t\t<\/div>\n\t\t\t\t<\/div>\n\t\t\t\t<div class=\"elementor-element elementor-element-63d8be48 elementor-widget elementor-widget-html\" data-id=\"63d8be48\" data-element_type=\"widget\" data-e-type=\"widget\" data-widget_type=\"html.default\">\n\t\t\t\t<div class=\"elementor-widget-container\">\n\t\t\t\t\t<iframe style=\"border:none\" src=\"https:\/\/frame.mapy.cz\/s\/depeheboja\" width=\"500\" height=\"500\" frameborder=\"0\"><\/iframe>\t\t\t\t<\/div>\n\t\t\t\t<\/div>\n\t\t\t\t\t<\/div>\n\t\t<\/div>\n\t\t\t\t\t<\/div>\n\t\t<\/section>\n\t\t\t\t\t<\/div>\n\t\t<\/div>\n\t\t\t\t\t<\/div>\n\t\t<\/section>\n\t\t\t\t<div class=\"elementor-section elementor-top-section elementor-element elementor-element-42549b09 elementor-section-stretched cspt-col-stretched-none cspt-bg-color-over-image elementor-section-boxed elementor-section-height-default elementor-section-height-default\" data-id=\"42549b09\" data-element_type=\"section\" data-e-type=\"section\" data-settings=\"{&quot;stretch_section&quot;:&quot;section-stretched&quot;}\">\n\t\t\t\t\t\t\t<div class=\"elementor-background-overlay\"><\/div>\n\t\t\t\t\t\t\t<div class=\"elementor-container elementor-column-gap-no\">\n\t\t\t\t\t<div class=\"elementor-column elementor-col-100 elementor-top-column elementor-element elementor-element-736b1e9b cspt-bg-color-over-image\" data-id=\"736b1e9b\" data-element_type=\"column\" data-e-type=\"column\">\n\t\t\t<div class=\"elementor-widget-wrap elementor-element-populated\">\n\t\t\t\t\t\t<div class=\"elementor-element elementor-element-122e5299 cspt-align-center elementor-widget elementor-widget-cspt_heading\" data-id=\"122e5299\" data-element_type=\"widget\" data-e-type=\"widget\" data-widget_type=\"cspt_heading.default\">\n\t\t\t\t<div class=\"elementor-widget-container\">\n\t\t\t\t\t\t<div class=\"cspt-heading-subheading center-align cspt-reverse-heading-yes\"><div class=\"cspt-element-title\">\r\n\t\t\t\r\n\t\t\t\tUnsere Partner\r\n\t\t\t\r\n\t\t\t<\/div>\r\n\t\t<\/div>\t\t\t\t<\/div>\n\t\t\t\t<\/div>\n\t\t\t\t<section class=\"elementor-section elementor-inner-section elementor-element elementor-element-128b6b65 cspt-col-stretched-none cspt-bg-color-over-image elementor-section-boxed elementor-section-height-default elementor-section-height-default\" data-id=\"128b6b65\" data-element_type=\"section\" data-e-type=\"section\">\n\t\t\t\t\t\t<div class=\"elementor-container elementor-column-gap-default\">\n\t\t\t\t\t<div class=\"elementor-column elementor-col-20 elementor-inner-column elementor-element elementor-element-3a5bf895 cspt-bg-color-over-image\" data-id=\"3a5bf895\" data-element_type=\"column\" data-e-type=\"column\">\n\t\t\t<div class=\"elementor-widget-wrap elementor-element-populated\">\n\t\t\t\t\t\t<div class=\"elementor-element elementor-element-359c91dc elementor-widget elementor-widget-image\" data-id=\"359c91dc\" data-element_type=\"widget\" data-e-type=\"widget\" data-widget_type=\"image.default\">\n\t\t\t\t<div class=\"elementor-widget-container\">\n\t\t\t\t\t\t\t\t\t\t\t\t\t\t\t<img decoding=\"async\" src=\"https:\/\/bouda.webfusion.dev\/wp-content\/uploads\/2019\/06\/vchd.png\" title=\"\" alt=\"\" loading=\"lazy\">\t\t\t\t\t\t\t\t\t\t\t\t\t\t\t<\/div>\n\t\t\t\t<\/div>\n\t\t\t\t\t<\/div>\n\t\t<\/div>\n\t\t\t\t<div class=\"elementor-column elementor-col-20 elementor-inner-column elementor-element elementor-element-6b7a0a9e cspt-bg-color-over-image\" data-id=\"6b7a0a9e\" data-element_type=\"column\" data-e-type=\"column\">\n\t\t\t<div class=\"elementor-widget-wrap elementor-element-populated\">\n\t\t\t\t\t\t<div class=\"elementor-element elementor-element-59d4a411 elementor-widget elementor-widget-image\" data-id=\"59d4a411\" data-element_type=\"widget\" data-e-type=\"widget\" data-widget_type=\"image.default\">\n\t\t\t\t<div class=\"elementor-widget-container\">\n\t\t\t\t\t\t\t\t\t\t\t\t\t\t\t<img decoding=\"async\" width=\"300\" height=\"150\" src=\"https:\/\/bouda.webfusion.dev\/wp-content\/uploads\/2019\/06\/ski-upa.png\" class=\"attachment-full size-full wp-image-6695\" alt=\"\">\t\t\t\t\t\t\t\t\t\t\t\t\t\t\t<\/div>\n\t\t\t\t<\/div>\n\t\t\t\t\t<\/div>\n\t\t<\/div>\n\t\t\t\t<div class=\"elementor-column elementor-col-20 elementor-inner-column elementor-element elementor-element-4099e2a7 cspt-bg-color-over-image\" data-id=\"4099e2a7\" data-element_type=\"column\" data-e-type=\"column\">\n\t\t\t<div class=\"elementor-widget-wrap elementor-element-populated\">\n\t\t\t\t\t\t<div class=\"elementor-element elementor-element-7e7ab9f7 elementor-widget elementor-widget-image\" data-id=\"7e7ab9f7\" data-element_type=\"widget\" data-e-type=\"widget\" data-widget_type=\"image.default\">\n\t\t\t\t<div class=\"elementor-widget-container\">\n\t\t\t\t\t\t\t\t\t\t\t\t\t\t\t<img decoding=\"async\" width=\"300\" height=\"150\" src=\"https:\/\/bouda.webfusion.dev\/wp-content\/uploads\/2019\/06\/upa-ski.png\" class=\"attachment-full size-full wp-image-6698\" alt=\"\">\t\t\t\t\t\t\t\t\t\t\t\t\t\t\t<\/div>\n\t\t\t\t<\/div>\n\t\t\t\t\t<\/div>\n\t\t<\/div>\n\t\t\t\t<div class=\"elementor-column elementor-col-20 elementor-inner-column elementor-element elementor-element-1f7d39bd cspt-bg-color-over-image\" data-id=\"1f7d39bd\" data-element_type=\"column\" data-e-type=\"column\">\n\t\t\t<div class=\"elementor-widget-wrap elementor-element-populated\">\n\t\t\t\t\t\t<div class=\"elementor-element elementor-element-3bc4517f elementor-widget elementor-widget-image\" data-id=\"3bc4517f\" data-element_type=\"widget\" data-e-type=\"widget\" data-widget_type=\"image.default\">\n\t\t\t\t<div class=\"elementor-widget-container\">\n\t\t\t\t\t\t\t\t\t\t\t\t\t\t\t<img decoding=\"async\" width=\"300\" height=\"150\" src=\"https:\/\/bouda.webfusion.dev\/wp-content\/uploads\/2019\/06\/pivovar.png\" class=\"attachment-full size-full wp-image-6692\" alt=\"\">\t\t\t\t\t\t\t\t\t\t\t\t\t\t\t<\/div>\n\t\t\t\t<\/div>\n\t\t\t\t\t<\/div>\n\t\t<\/div>\n\t\t\t\t<div class=\"elementor-column elementor-col-20 elementor-inner-column elementor-element elementor-element-2f7c6b01 cspt-bg-color-over-image\" data-id=\"2f7c6b01\" data-element_type=\"column\" data-e-type=\"column\">\n\t\t\t<div class=\"elementor-widget-wrap elementor-element-populated\">\n\t\t\t\t\t\t<div class=\"elementor-element elementor-element-3ed6669e elementor-widget elementor-widget-image\" data-id=\"3ed6669e\" data-element_type=\"widget\" data-e-type=\"widget\" data-widget_type=\"image.default\">\n\t\t\t\t<div class=\"elementor-widget-container\">\n\t\t\t\t\t\t\t\t\t\t\t\t\t\t\t<img loading=\"lazy\" decoding=\"async\" width=\"300\" height=\"150\" src=\"https:\/\/bouda.webfusion.dev\/wp-content\/uploads\/2019\/06\/nevecom.png\" class=\"attachment-full size-full wp-image-6689\" alt=\"\">\t\t\t\t\t\t\t\t\t\t\t\t\t\t\t<\/div>\n\t\t\t\t<\/div>\n\t\t\t\t\t<\/div>\n\t\t<\/div>\n\t\t\t\t\t<\/div>\n\t\t<\/section>\n\t\t\t\t\t<\/div>\n\t\t<\/div>\n\t\t\t\t\t<\/div>\n\t\t<\/div>\n\t\t\t\t<\/div>\n\t\t","protected":false},"excerpt":{"rendered":"<p>HOTEL BOUDA MAL\u00c1 \u00daPA Barockkirche St. Peter und Paul Die Barockkirche St. Peter und Paul ist das Herz und Symbol von Mal\u00e1 \u00dapa. Sie wurde 1788-1789 erbaut und war damals die h\u00f6chstgelegene Kirche in B\u00f6hmen (derzeit steht sie an vierter Stelle, nach der Kirche in Kvilda, Bo\u017e\u00ed Dar (Gottesgab) und St. Thomas bei Lipno (Lippen) und liegt auf einer H\u00f6he von 975 m. Ein erholsamer Spaziergang durch das Eli\u0161ka-Tal, entweder[&hellip;]<\/p>\n","protected":false},"author":1,"featured_media":0,"parent":8870,"menu_order":0,"comment_status":"closed","ping_status":"closed","template":"","meta":{"_acf_changed":false,"footnotes":""},"class_list":["post-8918","page","type-page","status-publish","hentry"],"acf":[],"_links":{"self":[{"href":"https:\/\/bouda.webfusion.dev\/de\/wp-json\/wp\/v2\/pages\/8918","targetHints":{"allow":["GET"]}}],"collection":[{"href":"https:\/\/bouda.webfusion.dev\/de\/wp-json\/wp\/v2\/pages"}],"about":[{"href":"https:\/\/bouda.webfusion.dev\/de\/wp-json\/wp\/v2\/types\/page"}],"author":[{"embeddable":true,"href":"https:\/\/bouda.webfusion.dev\/de\/wp-json\/wp\/v2\/users\/1"}],"replies":[{"embeddable":true,"href":"https:\/\/bouda.webfusion.dev\/de\/wp-json\/wp\/v2\/comments?post=8918"}],"version-history":[{"count":0,"href":"https:\/\/bouda.webfusion.dev\/de\/wp-json\/wp\/v2\/pages\/8918\/revisions"}],"up":[{"embeddable":true,"href":"https:\/\/bouda.webfusion.dev\/de\/wp-json\/wp\/v2\/pages\/8870"}],"wp:attachment":[{"href":"https:\/\/bouda.webfusion.dev\/de\/wp-json\/wp\/v2\/media?parent=8918"}],"curies":[{"name":"wp","href":"https:\/\/api.w.org\/{rel}","templated":true}]}}