{"id":8920,"date":"2022-05-16T11:06:04","date_gmt":"2022-05-16T09:06:04","guid":{"rendered":"https:\/\/bouda.webfusion.dev\/resort-umgebung\/sommertourismus\/auf-dem-fahrrad\/"},"modified":"2023-10-17T08:32:56","modified_gmt":"2023-10-17T06:32:56","slug":"auf-dem-fahrrad","status":"publish","type":"page","link":"https:\/\/bouda.webfusion.dev\/de\/resort-umgebung\/sommertourismus\/auf-dem-fahrrad\/","title":{"rendered":"Auf dem Fahrrad"},"content":{"rendered":"\t\t<div data-elementor-type=\"wp-page\" data-elementor-id=\"8920\" class=\"elementor elementor-8920 elementor-1960\" data-elementor-post-type=\"page\">\n\t\t\t\t\t\t<section class=\"elementor-section elementor-top-section elementor-element elementor-element-6f5530ea cspt-col-stretched-none cspt-bg-color-over-image elementor-section-boxed elementor-section-height-default elementor-section-height-default\" data-id=\"6f5530ea\" data-element_type=\"section\" data-e-type=\"section\">\n\t\t\t\t\t\t\t<div class=\"elementor-background-overlay\"><\/div>\n\t\t\t\t\t\t\t<div class=\"elementor-container elementor-column-gap-default\">\n\t\t\t\t\t<div class=\"elementor-column elementor-col-50 elementor-top-column elementor-element elementor-element-540397f3 cspt-bg-color-over-image\" data-id=\"540397f3\" data-element_type=\"column\" data-e-type=\"column\">\n\t\t\t<div class=\"elementor-widget-wrap elementor-element-populated\">\n\t\t\t\t\t\t<div class=\"elementor-element elementor-element-2aac86b9 elementor-nav-menu__align-start elementor-nav-menu--dropdown-none sidebar-menu elementor-widget elementor-widget-nav-menu\" data-id=\"2aac86b9\" data-element_type=\"widget\" data-e-type=\"widget\" data-settings=\"{&quot;layout&quot;:&quot;vertical&quot;,&quot;sticky&quot;:&quot;top&quot;,&quot;sticky_on&quot;:[&quot;desktop&quot;],&quot;sticky_offset&quot;:120,&quot;sticky_parent&quot;:&quot;yes&quot;,&quot;submenu_icon&quot;:{&quot;value&quot;:&quot;&lt;i class=\\&quot;fas fa-caret-down\\&quot; aria-hidden=\\&quot;true\\&quot;&gt;&lt;\\\/i&gt;&quot;,&quot;library&quot;:&quot;fa-solid&quot;},&quot;sticky_effects_offset&quot;:0,&quot;sticky_anchor_link_offset&quot;:0}\" data-widget_type=\"nav-menu.default\">\n\t\t\t\t<div class=\"elementor-widget-container\">\n\t\t\t\t\t\t\t\t<nav aria-label=\"Men\u00fc\" class=\"elementor-nav-menu--main elementor-nav-menu__container elementor-nav-menu--layout-vertical e--pointer-underline e--animation-fade\">\n\t\t\t\t<ul id=\"menu-1-2aac86b9\" class=\"elementor-nav-menu sm-vertical\"> <li class=\"menu-item menu-item-type-post_type menu-item-object-page menu-item-12014\"> <a href=\"https:\/\/bouda.webfusion.dev\/de\/resort-umgebung\/veranstaltungen-nachrichten\/\" class=\"elementor-item\">Veranstaltungen &amp; Nachrichten<\/a> <\/li>\n<li class=\"menu-item menu-item-type-post_type menu-item-object-page menu-item-12015\"> <a href=\"https:\/\/bouda.webfusion.dev\/de\/resort-umgebung\/familienurlaub\/\" class=\"elementor-item\">Familienurlaub<\/a> <\/li>\n<li class=\"menu-item menu-item-type-post_type menu-item-object-page menu-item-12016\"> <a href=\"https:\/\/bouda.webfusion.dev\/de\/resort-umgebung\/multifunktionaler-spielplatz\/\" class=\"elementor-item\">Multifunktionaler Spielplatz<\/a> <\/li>\n<li class=\"menu-item menu-item-type-post_type menu-item-object-post menu-item-12017\"> <a href=\"https:\/\/bouda.webfusion.dev\/de\/montessori-wochenende-in-den-bergen\/\" class=\"elementor-item\">Montessori-Wochenende in den Bergen<\/a> <\/li>\n<li class=\"menu-item menu-item-type-post_type menu-item-object-page menu-item-12018\"> <a href=\"https:\/\/bouda.webfusion.dev\/de\/resort-umgebung\/minigolf\/\" class=\"elementor-item\">Minigolf<\/a> <\/li>\n<li class=\"menu-item menu-item-type-post_type menu-item-object-page menu-item-12019\"> <a href=\"https:\/\/bouda.webfusion.dev\/de\/resort-umgebung\/spielplatz-fuer-kinder\/\" class=\"elementor-item\">Kinderspielplatz<\/a> <\/li>\n<li class=\"menu-item menu-item-type-post_type menu-item-object-page menu-item-12020\"> <a href=\"https:\/\/bouda.webfusion.dev\/de\/resort-umgebung\/winterspass\/\" class=\"elementor-item\">Winterspa\u00df<\/a> <\/li>\n<li class=\"menu-item menu-item-type-post_type menu-item-object-page menu-item-12021\"> <a href=\"https:\/\/bouda.webfusion.dev\/de\/resort-umgebung\/sommertourismus\/\" class=\"elementor-item\">Sommertourismus<\/a> <\/li>\n<li class=\"menu-item menu-item-type-post_type menu-item-object-page menu-item-12022\"> <a href=\"https:\/\/bouda.webfusion.dev\/de\/resort-umgebung\/rettet-das-moorhuhn-soziale-verantwortung-der-unternehmen\/\" class=\"elementor-item\">Rettet das Birkhuhn ( Gesellschaftliche Verantwortlichkeit)<\/a> <\/li>\n<li class=\"menu-item menu-item-type-post_type menu-item-object-post menu-item-12023\"> <a href=\"https:\/\/bouda.webfusion.dev\/de\/glutenfreier-urlaub\/\" class=\"elementor-item\">Glutenfreier Urlaub<\/a> <\/li>\n<li class=\"menu-item menu-item-type-post_type menu-item-object-page menu-item-12024\"> <a href=\"https:\/\/bouda.webfusion.dev\/de\/resort-umgebung\/urlaub-mit-hund\/\" class=\"elementor-item\">Urlaub mit Hund<\/a> <\/li>\n<\/ul>\t\t\t<\/nav>\n\t\t\t\t\t\t<nav class=\"elementor-nav-menu--dropdown elementor-nav-menu__container\" aria-hidden=\"true\">\n\t\t\t\t<ul id=\"menu-2-2aac86b9\" class=\"elementor-nav-menu sm-vertical\"> <li class=\"menu-item menu-item-type-post_type menu-item-object-page menu-item-12014\"> <a href=\"https:\/\/bouda.webfusion.dev\/de\/resort-umgebung\/veranstaltungen-nachrichten\/\" class=\"elementor-item\" tabindex=\"-1\">Veranstaltungen &amp; Nachrichten<\/a> <\/li>\n<li class=\"menu-item menu-item-type-post_type menu-item-object-page menu-item-12015\"> <a href=\"https:\/\/bouda.webfusion.dev\/de\/resort-umgebung\/familienurlaub\/\" class=\"elementor-item\" tabindex=\"-1\">Familienurlaub<\/a> <\/li>\n<li class=\"menu-item menu-item-type-post_type menu-item-object-page menu-item-12016\"> <a href=\"https:\/\/bouda.webfusion.dev\/de\/resort-umgebung\/multifunktionaler-spielplatz\/\" class=\"elementor-item\" tabindex=\"-1\">Multifunktionaler Spielplatz<\/a> <\/li>\n<li class=\"menu-item menu-item-type-post_type menu-item-object-post menu-item-12017\"> <a href=\"https:\/\/bouda.webfusion.dev\/de\/montessori-wochenende-in-den-bergen\/\" class=\"elementor-item\" tabindex=\"-1\">Montessori-Wochenende in den Bergen<\/a> <\/li>\n<li class=\"menu-item menu-item-type-post_type menu-item-object-page menu-item-12018\"> <a href=\"https:\/\/bouda.webfusion.dev\/de\/resort-umgebung\/minigolf\/\" class=\"elementor-item\" tabindex=\"-1\">Minigolf<\/a> <\/li>\n<li class=\"menu-item menu-item-type-post_type menu-item-object-page menu-item-12019\"> <a href=\"https:\/\/bouda.webfusion.dev\/de\/resort-umgebung\/spielplatz-fuer-kinder\/\" class=\"elementor-item\" tabindex=\"-1\">Kinderspielplatz<\/a> <\/li>\n<li class=\"menu-item menu-item-type-post_type menu-item-object-page menu-item-12020\"> <a href=\"https:\/\/bouda.webfusion.dev\/de\/resort-umgebung\/winterspass\/\" class=\"elementor-item\" tabindex=\"-1\">Winterspa\u00df<\/a> <\/li>\n<li class=\"menu-item menu-item-type-post_type menu-item-object-page menu-item-12021\"> <a href=\"https:\/\/bouda.webfusion.dev\/de\/resort-umgebung\/sommertourismus\/\" class=\"elementor-item\" tabindex=\"-1\">Sommertourismus<\/a> <\/li>\n<li class=\"menu-item menu-item-type-post_type menu-item-object-page menu-item-12022\"> <a href=\"https:\/\/bouda.webfusion.dev\/de\/resort-umgebung\/rettet-das-moorhuhn-soziale-verantwortung-der-unternehmen\/\" class=\"elementor-item\" tabindex=\"-1\">Rettet das Birkhuhn ( Gesellschaftliche Verantwortlichkeit)<\/a> <\/li>\n<li class=\"menu-item menu-item-type-post_type menu-item-object-post menu-item-12023\"> <a href=\"https:\/\/bouda.webfusion.dev\/de\/glutenfreier-urlaub\/\" class=\"elementor-item\" tabindex=\"-1\">Glutenfreier Urlaub<\/a> <\/li>\n<li class=\"menu-item menu-item-type-post_type menu-item-object-page menu-item-12024\"> <a href=\"https:\/\/bouda.webfusion.dev\/de\/resort-umgebung\/urlaub-mit-hund\/\" class=\"elementor-item\" tabindex=\"-1\">Urlaub mit Hund<\/a> <\/li>\n<\/ul>\t\t\t<\/nav>\n\t\t\t\t\t\t<\/div>\n\t\t\t\t<\/div>\n\t\t\t\t<section class=\"elementor-section elementor-inner-section elementor-element elementor-element-764e5d95 cspt-col-stretched-none cspt-bg-color-over-image elementor-section-boxed elementor-section-height-default elementor-section-height-default elementor-invisible\" data-id=\"764e5d95\" data-element_type=\"section\" data-e-type=\"section\" data-settings=\"{&quot;sticky&quot;:&quot;top&quot;,&quot;sticky_offset&quot;:125,&quot;sticky_parent&quot;:&quot;yes&quot;,&quot;animation&quot;:&quot;fadeIn&quot;,&quot;sticky_on&quot;:[&quot;desktop&quot;,&quot;tablet&quot;,&quot;mobile&quot;],&quot;sticky_effects_offset&quot;:0,&quot;sticky_anchor_link_offset&quot;:0}\">\n\t\t\t\t\t\t<div class=\"elementor-container elementor-column-gap-default\">\n\t\t\t\t\t<div class=\"elementor-column elementor-col-100 elementor-inner-column elementor-element elementor-element-3cfea6bb cspt-bg-color-over-image\" data-id=\"3cfea6bb\" data-element_type=\"column\" data-e-type=\"column\">\n\t\t\t<div class=\"elementor-widget-wrap\">\n\t\t\t\t\t\t\t<\/div>\n\t\t<\/div>\n\t\t\t\t\t<\/div>\n\t\t<\/section>\n\t\t\t\t\t<\/div>\n\t\t<\/div>\n\t\t\t\t<div class=\"elementor-column elementor-col-50 elementor-top-column elementor-element elementor-element-520a9e39 cspt-bg-color-over-image\" data-id=\"520a9e39\" data-element_type=\"column\" data-e-type=\"column\">\n\t\t\t<div class=\"elementor-widget-wrap elementor-element-populated\">\n\t\t\t\t\t\t<section class=\"elementor-section elementor-inner-section elementor-element elementor-element-646f9225 cspt-col-stretched-none cspt-bg-color-over-image elementor-section-boxed elementor-section-height-default elementor-section-height-default\" data-id=\"646f9225\" data-element_type=\"section\" data-e-type=\"section\">\n\t\t\t\t\t\t<div class=\"elementor-container elementor-column-gap-default\">\n\t\t\t\t\t<div class=\"elementor-column elementor-col-50 elementor-inner-column elementor-element elementor-element-5f90a4f2 cspt-bg-color-over-image\" data-id=\"5f90a4f2\" data-element_type=\"column\" data-e-type=\"column\">\n\t\t\t<div class=\"elementor-widget-wrap elementor-element-populated\">\n\t\t\t\t\t\t<div class=\"elementor-element elementor-element-4de578a7 cspt-align-left elementor-widget elementor-widget-cspt_heading\" data-id=\"4de578a7\" data-element_type=\"widget\" data-e-type=\"widget\" data-widget_type=\"cspt_heading.default\">\n\t\t\t\t<div class=\"elementor-widget-container\">\n\t\t\t\t\t\t<div class=\"cspt-heading-subheading left-align cspt-reverse-heading-yes\"><h4 class=\"cspt-element-subtitle\">\r\n\t\t\t\r\n\t\t\t\tHOTEL BOUDA MAL\u00c1 \u00daPA\n\r\n\t\t\t\r\n\t\t\t<\/h4>\r\n\t\t<h2 class=\"cspt-element-title\">\r\n\t\t\t\r\n\t\t\t\tAuf dem Fahrrad\n\r\n\t\t\t\r\n\t\t\t<\/h2>\r\n\t\t<\/div>\t\t\t\t<\/div>\n\t\t\t\t<\/div>\n\t\t\t\t<div class=\"elementor-element elementor-element-1fae43e elementor-widget elementor-widget-text-editor\" data-id=\"1fae43e\" data-element_type=\"widget\" data-e-type=\"widget\" data-widget_type=\"text-editor.default\">\n\t\t\t\t<div class=\"elementor-widget-container\">\n\t\t\t\t\t\t\t\t\t<p>Radfahrer sind im Riesengebirge willkommen. Hunderte von Kilometern an Radwegen durch den Nationalpark und in seinen Ausl\u00e4ufern sind der Beweis daf\u00fcr.<\/p><p>Das Gebiet ist nicht nur ein Wanderparadies, sondern auch ein attraktiver Ort f\u00fcr Radfahrer. In der Gegend befinden sich mehrere Radwege, nicht nur f\u00fcr Mountainbikes und Trekkingr\u00e4der, sondern auch f\u00fcr Rennr\u00e4der. Die Radwege haben unterschiedliche Schwierigkeitsgrade, sind gut beschildert und mit Orientierungskarten und Rastpl\u00e4tzen ausgestattet. Sie m\u00fcssen sich nur entscheiden, welche Radtour Sie zuerst machen wollen.<\/p><p>Die Riesengebirgs-Radbusse werden Ihnen bei Ihren Ausfl\u00fcgen durch das Riesengebirge behilflich sein.<\/p><p>Im Riesengebirge gibt es 27 Radrouten und Radwege. Eine Liste mit einigen der interessantesten und weitere Informationen finden Sie auf der Seite Sommertourismus.<\/p>\t\t\t\t\t\t\t\t<\/div>\n\t\t\t\t<\/div>\n\t\t\t\t<div class=\"elementor-element elementor-element-87f07fd elementor-align-left cspt-btn-color-globalcolor cspt-btn-style-flat cspt-btn-shape-square elementor-widget elementor-widget-button\" data-id=\"87f07fd\" data-element_type=\"widget\" data-e-type=\"widget\" data-widget_type=\"button.default\">\n\t\t\t\t<div class=\"elementor-widget-container\">\n\t\t\t\t\t\t\t\t\t<div class=\"elementor-button-wrapper\">\n\t\t\t\t\t<a class=\"elementor-button elementor-button-link elementor-size-sm\" href=\"https:\/\/bouda.webfusion.dev\/resort-okoli\/letni-turistika\/\">\n\t\t\t\t\t\t<span class=\"elementor-button-content-wrapper\">\n\t\t\t\t\t\t<span class=\"elementor-button-icon\">\n\t\t\t\t<i aria-hidden=\"true\" class=\"sgicon sgicon-Arrow\"><\/i>\t\t\t<\/span>\n\t\t\t\t\t\t\t\t\t<span class=\"elementor-button-text\">SOMMERTOURISMUS<\/span>\n\t\t\t\t\t<\/span>\n\t\t\t\t\t<\/a>\n\t\t\t\t<\/div>\n\t\t\t\t\t\t\t\t<\/div>\n\t\t\t\t<\/div>\n\t\t\t\t<div class=\"elementor-element elementor-element-a01f745 elementor-widget elementor-widget-text-editor\" data-id=\"a01f745\" data-element_type=\"widget\" data-e-type=\"widget\" data-widget_type=\"text-editor.default\">\n\t\t\t\t<div class=\"elementor-widget-container\">\n\t\t\t\t\t\t\t\t\t<p><strong><a href=\"https:\/\/www.region-krkonose.cz\/aktivni-vyziti\/cyklotrasy\/\" target=\"_blank\" rel=\"noopener\">https:\/\/www.region-krkonose.cz\/aktivni-vyziti\/cyklotrasy\/<\/a><\/strong><\/p><p>Der Hauptradweg ist die Isergebirgsmagistrale zwischen Harrachov und \u017dacl\u00e9\u0159 (71 km), die anderen sind ein System von Rund- und Zielradwegen, die zu interessanten Orten im Riesengebirge f\u00fchren. Sie nutzen die meisten der befahrbaren Forststra\u00dfen und Wege in der 3. Zone des Riesengebirgs-Nationalparks. Zur Zone II oder I nur sehr selten. Das gesamte Netz der Radwege und Fahrradstra\u00dfen in Harrachov ist an den Fernradweg des K\u010cT-Systems Nr. 55 angeschlossen.<\/p><p>Mehr Informationen: <strong><br \/><a href=\"https:\/\/www.region-krkonose.cz\/aktivni-vyziti\/cyklotrasy\/\" target=\"_blank\" rel=\"noopener\">https:\/\/www.region-krkonose.cz\/aktivni-vyziti\/cyklotrasy\/<\/a><br \/><\/strong><\/p><p>Sehen Sie sich das Filmmaterial (Link ist extern) zu den Strecken an, damit Sie wissen, was Sie erwartet: <strong><br \/><a href=\"https:\/\/www.krkonose.eu\/doporucene-cyklovylety\" target=\"_blank\" rel=\"noopener\">https:\/\/www.krkonose.eu\/doporucene-cyklovylety<\/a><br \/><\/strong><\/p><p>Sie m\u00fcssen sich nur entscheiden, welche Radtour Sie zuerst machen wollen.<\/p>\t\t\t\t\t\t\t\t<\/div>\n\t\t\t\t<\/div>\n\t\t\t\t\t<\/div>\n\t\t<\/div>\n\t\t\t\t<div class=\"elementor-column elementor-col-50 elementor-inner-column elementor-element elementor-element-3198372f sidebar-apartman cspt-bg-color-over-image\" data-id=\"3198372f\" data-element_type=\"column\" data-e-type=\"column\">\n\t\t\t<div class=\"elementor-widget-wrap elementor-element-populated\">\n\t\t\t\t\t\t<div class=\"elementor-element elementor-element-340310e5 elementor-align-justify cspt-btn-color-globalcolor cspt-btn-style-flat cspt-btn-shape-square elementor-widget elementor-widget-button\" data-id=\"340310e5\" data-element_type=\"widget\" data-e-type=\"widget\" data-widget_type=\"button.default\">\n\t\t\t\t<div class=\"elementor-widget-container\">\n\t\t\t\t\t\t\t\t\t<div class=\"elementor-button-wrapper\">\n\t\t\t\t\t<a class=\"elementor-button elementor-button-link elementor-size-sm\" href=\"https:\/\/bouda.webfusion.dev\/de\/?page_id=8509\">\n\t\t\t\t\t\t<span class=\"elementor-button-content-wrapper\">\n\t\t\t\t\t\t<span class=\"elementor-button-icon\">\n\t\t\t\t<i aria-hidden=\"true\" class=\"sgicon sgicon-Arrow\"><\/i>\t\t\t<\/span>\n\t\t\t\t\t\t\t\t\t<span class=\"elementor-button-text\">BUCHUNG<\/span>\n\t\t\t\t\t<\/span>\n\t\t\t\t\t<\/a>\n\t\t\t\t<\/div>\n\t\t\t\t\t\t\t\t<\/div>\n\t\t\t\t<\/div>\n\t\t\t\t<div class=\"elementor-element elementor-element-16e832e2 kontakty cspt-align-left elementor-widget elementor-widget-cspt_multiple_icon_heading\" data-id=\"16e832e2\" data-element_type=\"widget\" data-e-type=\"widget\" data-widget_type=\"cspt_multiple_icon_heading.default\">\n\t\t\t\t<div class=\"elementor-widget-container\">\n\t\t\t\t\t<div class=\"creativesplanet-element creativesplanet-element-miconheading cspt-element-miconheading-style-11 creativesplanet-element-viewtype-row-column cspt-infinite-scroll-no cspt-infinite-scroll-button-no\" data-cpt=\"miconheading\" data-totalpagination=\"1\" data-style=\"11\" data-show=\"3\" data-columns=\"3\" data-loop=\"false\" data-autoplay=\"false\" data-center=\"false\" data-nav=\"false\" data-dots=\"false\" data-autoplayspeed=\"1000\" data-margin=\"\"><div class=\"creativesplanet-element-inner\">\r\n\t\t<div class=\"cspt-ele-header-area\">\r\n\t\t\t\t<div class=\"cspt-heading-subheading left-align \"><\/div>\t\t<\/div>\r\n\r\n\t\t<div class=\"cspt-element-posts-wrapper row multi-columns-row\">\r\n\r\n\t\t<article class=\"cspt-ele cspt-ele-miconheading cspt-miconheading-style-11 col-md-4   \"><div class=\"cspt-ihbox cspt-ihbox-style-11\"><div class=\"cspt-ihbox-icon\"><div class=\"cspt-ihbox-icon-wrapper\"><i class=\"cspt-leblix-icon cspt-leblix-icon-location\"><\/i><\/div><\/div><div class=\"cspt-ihbox-contents\">\t\r\n\t\t<h2 class=\"cspt-element-title\">\r\n\t\t\t\t\r\n\t\t\t\t\tBouda Mal\u00e1 \u00dapa\r\n\t\t\t\t\r\n\t\t\t\t<\/h2>\r\n\t\t\t\t\r\n\t\t\t\t<div class=\"cspt-heading-desc\">Horn\u00ed Mal\u00e1 \u00dapa 136,<br> \n542 27 Mal\u00e1 \u00dapa <\/div>\t\t<\/div><!-- .cspt-ihbox-contents -->\r\n<\/div><\/article><article class=\"cspt-ele cspt-ele-miconheading cspt-miconheading-style-11 col-md-4   \"><div class=\"cspt-ihbox cspt-ihbox-style-11\"><div class=\"cspt-ihbox-icon\"><div class=\"cspt-ihbox-icon-wrapper\"><i class=\"cspt-leblix-icon cspt-leblix-icon-mail\"><\/i><\/div><\/div><div class=\"cspt-ihbox-contents\">\t\r\n\t\t<h2 class=\"cspt-element-title\">\r\n\t\t\t\t\r\n\t\t\t\t\tE-Mail Adresse\r\n\t\t\t\t\r\n\t\t\t\t<\/h2>\r\n\t\t\t\t\r\n\t\t\t\t<div class=\"cspt-heading-desc\">info@boudamalaupa.cz<\/div>\t\t<div class=\"cspt-ihbox-btn\"><a href=\"mailto:info@boudamalaupa.cz\"><span>E-Mail senden<\/span><\/a><\/div><\/div><!-- .cspt-ihbox-contents -->\r\n<\/div><\/article><article class=\"cspt-ele cspt-ele-miconheading cspt-miconheading-style-11 col-md-4   \"><div class=\"cspt-ihbox cspt-ihbox-style-11\"><div class=\"cspt-ihbox-icon\"><div class=\"cspt-ihbox-icon-wrapper\"><i class=\"cspt-leblix-icon cspt-leblix-icon-telephone\"><\/i><\/div><\/div><div class=\"cspt-ihbox-contents\">\t\r\n\t\t<h2 class=\"cspt-element-title\">\r\n\t\t\t\t\r\n\t\t\t\t\tTel.-Nummer\r\n\t\t\t\t\r\n\t\t\t\t<\/h2>\r\n\t\t\t\t\r\n\t\t\t\t<div class=\"cspt-heading-desc\">+420 739 673 383 <\/div>\t\t<div class=\"cspt-ihbox-btn\"><a href=\"tel:739673383\"><span>Anrufen<\/span><\/a><\/div><\/div><!-- .cspt-ihbox-contents -->\r\n<\/div><\/article>\r\n\t\t<\/div>\r\n\r\n\t\t<\/div><!-- .creativesplanet-element-inner -->   <\/div><!-- .creativesplanet-element -->  \t\t\t\t<\/div>\n\t\t\t\t<\/div>\n\t\t\t\t<div class=\"elementor-element elementor-element-26787f16 elementor-widget elementor-widget-html\" data-id=\"26787f16\" data-element_type=\"widget\" data-e-type=\"widget\" data-widget_type=\"html.default\">\n\t\t\t\t<div class=\"elementor-widget-container\">\n\t\t\t\t\t<iframe style=\"border:none\" src=\"https:\/\/frame.mapy.cz\/s\/depeheboja\" width=\"500\" height=\"500\" frameborder=\"0\"><\/iframe>\t\t\t\t<\/div>\n\t\t\t\t<\/div>\n\t\t\t\t\t<\/div>\n\t\t<\/div>\n\t\t\t\t\t<\/div>\n\t\t<\/section>\n\t\t\t\t\t<\/div>\n\t\t<\/div>\n\t\t\t\t\t<\/div>\n\t\t<\/section>\n\t\t\t\t<div class=\"elementor-section elementor-top-section elementor-element elementor-element-7bcf5373 elementor-section-stretched cspt-col-stretched-none cspt-bg-color-over-image elementor-section-boxed elementor-section-height-default elementor-section-height-default\" data-id=\"7bcf5373\" data-element_type=\"section\" data-e-type=\"section\" data-settings=\"{&quot;stretch_section&quot;:&quot;section-stretched&quot;}\">\n\t\t\t\t\t\t\t<div class=\"elementor-background-overlay\"><\/div>\n\t\t\t\t\t\t\t<div class=\"elementor-container elementor-column-gap-no\">\n\t\t\t\t\t<div class=\"elementor-column elementor-col-100 elementor-top-column elementor-element elementor-element-2d92063c cspt-bg-color-over-image\" data-id=\"2d92063c\" data-element_type=\"column\" data-e-type=\"column\">\n\t\t\t<div class=\"elementor-widget-wrap elementor-element-populated\">\n\t\t\t\t\t\t<div class=\"elementor-element elementor-element-59b5e5d cspt-align-center elementor-widget elementor-widget-cspt_heading\" data-id=\"59b5e5d\" data-element_type=\"widget\" data-e-type=\"widget\" data-widget_type=\"cspt_heading.default\">\n\t\t\t\t<div class=\"elementor-widget-container\">\n\t\t\t\t\t\t<div class=\"cspt-heading-subheading center-align cspt-reverse-heading-yes\"><div class=\"cspt-element-title\">\r\n\t\t\t\r\n\t\t\t\tUnsere Partner\r\n\t\t\t\r\n\t\t\t<\/div>\r\n\t\t<\/div>\t\t\t\t<\/div>\n\t\t\t\t<\/div>\n\t\t\t\t<section class=\"elementor-section elementor-inner-section elementor-element elementor-element-43f9edf1 cspt-col-stretched-none cspt-bg-color-over-image elementor-section-boxed elementor-section-height-default elementor-section-height-default\" data-id=\"43f9edf1\" data-element_type=\"section\" data-e-type=\"section\">\n\t\t\t\t\t\t<div class=\"elementor-container elementor-column-gap-default\">\n\t\t\t\t\t<div class=\"elementor-column elementor-col-20 elementor-inner-column elementor-element elementor-element-40e24903 cspt-bg-color-over-image\" data-id=\"40e24903\" data-element_type=\"column\" data-e-type=\"column\">\n\t\t\t<div class=\"elementor-widget-wrap elementor-element-populated\">\n\t\t\t\t\t\t<div class=\"elementor-element elementor-element-194315a4 elementor-widget elementor-widget-image\" data-id=\"194315a4\" data-element_type=\"widget\" data-e-type=\"widget\" data-widget_type=\"image.default\">\n\t\t\t\t<div class=\"elementor-widget-container\">\n\t\t\t\t\t\t\t\t\t\t\t\t\t\t\t<img decoding=\"async\" src=\"https:\/\/bouda.webfusion.dev\/wp-content\/uploads\/2019\/06\/vchd.png\" title=\"\" alt=\"\" loading=\"lazy\">\t\t\t\t\t\t\t\t\t\t\t\t\t\t\t<\/div>\n\t\t\t\t<\/div>\n\t\t\t\t\t<\/div>\n\t\t<\/div>\n\t\t\t\t<div class=\"elementor-column elementor-col-20 elementor-inner-column elementor-element elementor-element-62b8b210 cspt-bg-color-over-image\" data-id=\"62b8b210\" data-element_type=\"column\" data-e-type=\"column\">\n\t\t\t<div class=\"elementor-widget-wrap elementor-element-populated\">\n\t\t\t\t\t\t<div class=\"elementor-element elementor-element-5b409e47 elementor-widget elementor-widget-image\" data-id=\"5b409e47\" data-element_type=\"widget\" data-e-type=\"widget\" data-widget_type=\"image.default\">\n\t\t\t\t<div class=\"elementor-widget-container\">\n\t\t\t\t\t\t\t\t\t\t\t\t\t\t\t<img decoding=\"async\" width=\"300\" height=\"150\" src=\"https:\/\/bouda.webfusion.dev\/wp-content\/uploads\/2019\/06\/ski-upa.png\" class=\"attachment-full size-full wp-image-6695\" alt=\"\">\t\t\t\t\t\t\t\t\t\t\t\t\t\t\t<\/div>\n\t\t\t\t<\/div>\n\t\t\t\t\t<\/div>\n\t\t<\/div>\n\t\t\t\t<div class=\"elementor-column elementor-col-20 elementor-inner-column elementor-element elementor-element-36d17202 cspt-bg-color-over-image\" data-id=\"36d17202\" data-element_type=\"column\" data-e-type=\"column\">\n\t\t\t<div class=\"elementor-widget-wrap elementor-element-populated\">\n\t\t\t\t\t\t<div class=\"elementor-element elementor-element-6ea27b9e elementor-widget elementor-widget-image\" data-id=\"6ea27b9e\" data-element_type=\"widget\" data-e-type=\"widget\" data-widget_type=\"image.default\">\n\t\t\t\t<div class=\"elementor-widget-container\">\n\t\t\t\t\t\t\t\t\t\t\t\t\t\t\t<img decoding=\"async\" width=\"300\" height=\"150\" src=\"https:\/\/bouda.webfusion.dev\/wp-content\/uploads\/2019\/06\/upa-ski.png\" class=\"attachment-full size-full wp-image-6698\" alt=\"\">\t\t\t\t\t\t\t\t\t\t\t\t\t\t\t<\/div>\n\t\t\t\t<\/div>\n\t\t\t\t\t<\/div>\n\t\t<\/div>\n\t\t\t\t<div class=\"elementor-column elementor-col-20 elementor-inner-column elementor-element elementor-element-438f6960 cspt-bg-color-over-image\" data-id=\"438f6960\" data-element_type=\"column\" data-e-type=\"column\">\n\t\t\t<div class=\"elementor-widget-wrap elementor-element-populated\">\n\t\t\t\t\t\t<div class=\"elementor-element elementor-element-502f486e elementor-widget elementor-widget-image\" data-id=\"502f486e\" data-element_type=\"widget\" data-e-type=\"widget\" data-widget_type=\"image.default\">\n\t\t\t\t<div class=\"elementor-widget-container\">\n\t\t\t\t\t\t\t\t\t\t\t\t\t\t\t<img decoding=\"async\" width=\"300\" height=\"150\" src=\"https:\/\/bouda.webfusion.dev\/wp-content\/uploads\/2019\/06\/pivovar.png\" class=\"attachment-full size-full wp-image-6692\" alt=\"\">\t\t\t\t\t\t\t\t\t\t\t\t\t\t\t<\/div>\n\t\t\t\t<\/div>\n\t\t\t\t\t<\/div>\n\t\t<\/div>\n\t\t\t\t<div class=\"elementor-column elementor-col-20 elementor-inner-column elementor-element elementor-element-65e2b5fc cspt-bg-color-over-image\" data-id=\"65e2b5fc\" data-element_type=\"column\" data-e-type=\"column\">\n\t\t\t<div class=\"elementor-widget-wrap elementor-element-populated\">\n\t\t\t\t\t\t<div class=\"elementor-element elementor-element-52dfb9e8 elementor-widget elementor-widget-image\" data-id=\"52dfb9e8\" data-element_type=\"widget\" data-e-type=\"widget\" data-widget_type=\"image.default\">\n\t\t\t\t<div class=\"elementor-widget-container\">\n\t\t\t\t\t\t\t\t\t\t\t\t\t\t\t<img loading=\"lazy\" decoding=\"async\" width=\"300\" height=\"150\" src=\"https:\/\/bouda.webfusion.dev\/wp-content\/uploads\/2019\/06\/nevecom.png\" class=\"attachment-full size-full wp-image-6689\" alt=\"\">\t\t\t\t\t\t\t\t\t\t\t\t\t\t\t<\/div>\n\t\t\t\t<\/div>\n\t\t\t\t\t<\/div>\n\t\t<\/div>\n\t\t\t\t\t<\/div>\n\t\t<\/section>\n\t\t\t\t\t<\/div>\n\t\t<\/div>\n\t\t\t\t\t<\/div>\n\t\t<\/div>\n\t\t\t\t<\/div>\n\t\t","protected":false},"excerpt":{"rendered":"<p>HOTEL BOUDA MAL\u00c1 \u00daPA Auf dem Fahrrad Radfahrer sind im Riesengebirge willkommen. Hunderte von Kilometern an Radwegen durch den Nationalpark und in seinen Ausl\u00e4ufern sind der Beweis daf\u00fcr. Das Gebiet ist nicht nur ein Wanderparadies, sondern auch ein attraktiver Ort f\u00fcr Radfahrer. In der Gegend befinden sich mehrere Radwege, nicht nur f\u00fcr Mountainbikes und Trekkingr\u00e4der, sondern auch f\u00fcr Rennr\u00e4der. Die Radwege haben unterschiedliche Schwierigkeitsgrade, sind gut beschildert und mit Orientierungskarten[&hellip;]<\/p>\n","protected":false},"author":1,"featured_media":0,"parent":8870,"menu_order":0,"comment_status":"closed","ping_status":"closed","template":"","meta":{"_acf_changed":false,"footnotes":""},"class_list":["post-8920","page","type-page","status-publish","hentry"],"acf":[],"_links":{"self":[{"href":"https:\/\/bouda.webfusion.dev\/de\/wp-json\/wp\/v2\/pages\/8920","targetHints":{"allow":["GET"]}}],"collection":[{"href":"https:\/\/bouda.webfusion.dev\/de\/wp-json\/wp\/v2\/pages"}],"about":[{"href":"https:\/\/bouda.webfusion.dev\/de\/wp-json\/wp\/v2\/types\/page"}],"author":[{"embeddable":true,"href":"https:\/\/bouda.webfusion.dev\/de\/wp-json\/wp\/v2\/users\/1"}],"replies":[{"embeddable":true,"href":"https:\/\/bouda.webfusion.dev\/de\/wp-json\/wp\/v2\/comments?post=8920"}],"version-history":[{"count":0,"href":"https:\/\/bouda.webfusion.dev\/de\/wp-json\/wp\/v2\/pages\/8920\/revisions"}],"up":[{"embeddable":true,"href":"https:\/\/bouda.webfusion.dev\/de\/wp-json\/wp\/v2\/pages\/8870"}],"wp:attachment":[{"href":"https:\/\/bouda.webfusion.dev\/de\/wp-json\/wp\/v2\/media?parent=8920"}],"curies":[{"name":"wp","href":"https:\/\/api.w.org\/{rel}","templated":true}]}}