{"id":9090,"date":"2022-06-21T17:07:17","date_gmt":"2022-06-21T15:07:17","guid":{"rendered":"https:\/\/bouda.webfusion.dev\/gdpr\/"},"modified":"2023-10-16T09:31:17","modified_gmt":"2023-10-16T07:31:17","slug":"gdpr","status":"publish","type":"page","link":"https:\/\/bouda.webfusion.dev\/de\/gdpr\/","title":{"rendered":"GDPR"},"content":{"rendered":"\t\t<div data-elementor-type=\"wp-page\" data-elementor-id=\"9090\" class=\"elementor elementor-9090 elementor-3934\" data-elementor-post-type=\"page\">\n\t\t\t\t\t\t<section class=\"elementor-section elementor-top-section elementor-element elementor-element-36edf5d9 cspt-col-stretched-none cspt-bg-color-over-image elementor-section-boxed elementor-section-height-default elementor-section-height-default\" data-id=\"36edf5d9\" data-element_type=\"section\" data-e-type=\"section\">\n\t\t\t\t\t\t\t<div class=\"elementor-background-overlay\"><\/div>\n\t\t\t\t\t\t\t<div class=\"elementor-container elementor-column-gap-default\">\n\t\t\t\t\t<div class=\"elementor-column elementor-col-100 elementor-top-column elementor-element elementor-element-22c64b9e cspt-bg-color-over-image\" data-id=\"22c64b9e\" data-element_type=\"column\" data-e-type=\"column\">\n\t\t\t<div class=\"elementor-widget-wrap elementor-element-populated\">\n\t\t\t\t\t\t<section class=\"elementor-section elementor-inner-section elementor-element elementor-element-5883125a cspt-col-stretched-none cspt-bg-color-over-image elementor-section-boxed elementor-section-height-default elementor-section-height-default\" data-id=\"5883125a\" data-element_type=\"section\" data-e-type=\"section\">\n\t\t\t\t\t\t<div class=\"elementor-container elementor-column-gap-default\">\n\t\t\t\t\t<div class=\"elementor-column elementor-col-100 elementor-inner-column elementor-element elementor-element-62605967 cspt-bg-color-over-image\" data-id=\"62605967\" data-element_type=\"column\" data-e-type=\"column\">\n\t\t\t<div class=\"elementor-widget-wrap elementor-element-populated\">\n\t\t\t\t\t\t<div class=\"elementor-element elementor-element-626ea1a0 cspt-align-left elementor-widget elementor-widget-cspt_heading\" data-id=\"626ea1a0\" data-element_type=\"widget\" data-e-type=\"widget\" data-widget_type=\"cspt_heading.default\">\n\t\t\t\t<div class=\"elementor-widget-container\">\n\t\t\t\t\t\t<div class=\"cspt-heading-subheading left-align cspt-reverse-heading-yes\"><h4 class=\"cspt-element-subtitle\">\r\n\t\t\t\r\n\t\t\t\tHOTEL BOUDA MAL\u00c1 \u00daPA\n\r\n\t\t\t\r\n\t\t\t<\/h4>\r\n\t\t<h2 class=\"cspt-element-title\">\r\n\t\t\t\r\n\t\t\t\tGDPR\n\r\n\t\t\t\r\n\t\t\t<\/h2>\r\n\t\t<\/div>\t\t\t\t<\/div>\n\t\t\t\t<\/div>\n\t\t\t\t<div class=\"elementor-element elementor-element-6fdd7e06 elementor-widget elementor-widget-text-editor\" data-id=\"6fdd7e06\" data-element_type=\"widget\" data-e-type=\"widget\" data-widget_type=\"text-editor.default\">\n\t\t\t\t<div class=\"elementor-widget-container\">\n\t\t\t\t\t\t\t\t\t<p>Die Gesellschaft <strong>Bouda Mal\u00e1 \u00dapa s.r.o., ID-Nr.: 01835076<\/strong>, mit Sitz in <strong>Americk\u00e1 2736, Kro\u010dehlavy, 272 01 Kladno<\/strong>, als Verwalter der personenbezogenen Daten, informiert Sie als Nutzer unserer Website \u00fcber die nachfolgend beschriebene Sammlung personenbezogener Daten und Datenschutzpolitik.<\/p>\n<h5>Umfang der Verarbeitung von personenbezogenen Daten<\/h5>\n<p>Wenn Sie uns \u00fcber die Website kontaktieren, werden Sie m\u00f6glicherweise gebeten, bestimmte Informationen \u00fcber sich selbst oder Ihr Unternehmen anzugeben. Diese Daten k\u00f6nnen insbesondere sein:<\/p>\n<ol>\n<li>Ihren Vor- und Nachnamen,<br \/>b. Unternehmen,<br \/>c.Anschrift oder eingetragener Sitz des Unternehmens,<br \/>d.Identifikationsnummer und Steueridentifikationsnummer,<br \/>e. Rufnummer oder<br \/>f. E-Mail Adresse.<\/li>\n<\/ol>\n<h5>Cookies und Browser-Nutzungsrichtlinien<\/h5>\n<p>In \u00dcbereinstimmung mit dem Gesetz platziert diese Website Dateien, die gemeinhin als Cookies bekannt sind, auf Ihrem Ger\u00e4t.<\/p>\n<p><strong>Cookies<\/strong> sind kleine, aus Buchstaben und Zahlen bestehende Dateien, mit deren Hilfe sich die von Ihnen besuchten Websites an die von Ihnen vorgenommenen Aktionen und Einstellungen erinnern, so dass Sie diese Informationen nicht wiederholt eingeben m\u00fcssen.<\/p>\n<p>Cookies stellen keine Gefahr dar, sind aber wichtig f\u00fcr den Schutz der Privatsph\u00e4re. Cookies k\u00f6nnen nicht zur Identifizierung von Website-Besuchern oder zum Missbrauch von Anmeldedaten verwendet werden. Wir verwenden Cookies zum Beispiel, um die Umschaltung von mobilen Ger\u00e4ten auf die PC-Version der Website aufrechtzuerhalten; n\u00e4here Informationen erhalten Sie, wenn Sie sich an den Administrator der Website wenden. Die meisten Browser akzeptieren Cookies automatisch, es sei denn, der Browser ist auf etwas anderes eingestellt. Durch die Nutzung dieser Website erkl\u00e4ren Sie sich mit der Speicherung von Cookies einverstanden. Sie k\u00f6nnen die Verwendung von Cookies in den Einstellungen Ihres Webbrowsers einschr\u00e4nken oder ganz unterbinden.<\/p>\n<h5>Verwendete Arten von Cookies:<\/h5>\n<ol>\n<li>Streng notwendige Cookies &#8211; Cookies, die f\u00fcr den Betrieb der Website und der Internetdienste unbedingt erforderlich sind. Eine Zustimmung zur Verwendung dieser Cookies ist nicht erforderlich.<\/li>\n<li>Analyse- und Marketing-Cookies &#8211; Cookies, die in diese Kategorie fallen, werden haupts\u00e4chlich dazu verwendet, den Datenverkehr und die Nutzeraktivit\u00e4ten auf unserer Website anonym zu verfolgen. F\u00fcr die Verwendung dieser Art von Cookies ist eine Zustimmung erforderlich.<\/li>\n<\/ol>\n<p>Wir verfolgen Sie auf unserer Website nicht, so dass nur die pers\u00f6nlichen Daten, die Sie uns ausdr\u00fccklich zur Verf\u00fcgung stellen, an uns weitergegeben werden.<\/p>\n<h5>Zweck der Verarbeitung<\/h5>\n<p>Wir verwenden die Informationen, die Sie uns zur Verf\u00fcgung stellen, um Sie zu kontaktieren und Ihnen die gew\u00fcnschten Informationen zukommen zu lassen. Alle personenbezogenen Daten werden auf rechtm\u00e4\u00dfige und transparente Weise verarbeitet, und es werden nur angemessene, sachdienliche und f\u00fcr den Zweck der Verarbeitung erforderliche Daten ben\u00f6tigt.<\/p>\n<p><strong>Dar\u00fcber hinaus k\u00f6nnen wir Ihren Namen, Nachnamen und Ihre E-Mail-Adresse verwenden, um Ihnen kommerzielle Mitteilungen zuzusenden<\/strong>, d. h. um Sie \u00fcber Veranstaltungen, Ver\u00f6ffentlichungen oder Dienstleistungen zu informieren, von denen wir glauben, dass sie f\u00fcr Sie von Interesse sein k\u00f6nnten. Die Bereitstellung personenbezogener Daten f\u00fcr die Erf\u00fcllung des Vertrags und die Bereitstellung personenbezogener Daten f\u00fcr die Beantwortung Ihrer Anfragen oder der von Ihnen angeforderten Informationen ist eine vertragliche Verpflichtung unsererseits, und die Nichtbereitstellung dieser Daten kann dazu f\u00fchren, dass der Vertrag nicht geschlossen oder Ihre Anfragen nicht beantwortet werden k\u00f6nnen.<\/p>\n<p><strong>Sie k\u00f6nnen die Verarbeitung Ihrer personenbezogenen Daten zum Zwecke der Zusendung kommerzieller Mitteilungen jederzeit ablehnen, ohne dass dies Auswirkungen auf unsere sonstigen Beziehungen hat. Schicken Sie uns einfach eine E-Mail mit der entsprechenden Anfrage an die E-Mail-Adresse, die in den Kontakten der Website angegeben ist, oder an die Adresse, von der Sie die kommerzielle Mitteilung von uns erhalten haben.<\/strong><\/p>\n<h5>Wer hat Zugang zu Ihren pers\u00f6nlichen Daten?<\/h5>\n<p>Wir, als der f\u00fcr die Verarbeitung Verantwortliche, verarbeiten Ihre personenbezogenen Daten. Wir k\u00f6nnen Ihre personenbezogenen Daten zu den oben genannten Zwecken an unsere Unterauftragnehmer weitergeben, die die Verarbeitung f\u00fcr uns durchf\u00fchren.<\/p>\n<h5>Personenbezogene Daten k\u00f6nnen nur auf der Grundlage Ihrer Anfragen \u00fcbermittelt werden:<\/h5>\n<ol>\n<li>Gesch\u00e4ftspartner aus dem Finanzdienstleistungssektor<\/li>\n<li>Gesch\u00e4ftspartner im Bereich der Versicherungsdienstleistungen<\/li>\n<li>an Beh\u00f6rden im Falle eines Amtshilfeersuchens in einem Gerichts- oder Gerichtsverfahren.<\/li>\n<\/ol>\n<h5>Dauer der Verarbeitung von personenbezogenen Daten<\/h5>\n<p>Wir verarbeiten Ihre personenbezogenen Daten so lange, wie wir Ihnen unsere Dienstleistungen erbringen oder einen gegenseitigen Vertrag erf\u00fcllen, oder so lange, wie es erforderlich ist, um Archivierungspflichten nach geltendem Recht zu erf\u00fcllen, z. B. nach dem Rechnungslegungsgesetz, dem Archiv- und Aktengesetz oder dem Mehrwertsteuergesetz.<\/p>\n<h5>Schutz der anvertrauten Daten  <\/h5>\n<ul>\n<li>die Daten\u00fcbertragung zwischen der Website und dem Nutzer erfolgt ausschlie\u00dflich \u00fcber eine verschl\u00fcsselte, durch das HTTPS-Protokoll (SSL-Zertifikat) gesicherte Verbindung, bei der die ausgehenden Daten verschl\u00fcsselt \u00fcbertragen werden und somit vor dem Abh\u00f6ren durch Dritte gesch\u00fctzt sind<\/li>\n<li>Die Quellcodes der Website werden auf sicheren Server-Repositories unter Verwendung moderner Sicherheitsfunktionen gespeichert.<\/li>\n<li>alle gespeicherten und verarbeiteten Daten werden durch moderne Technologien gesch\u00fctzt, die dem Stand der technischen Entwicklung entsprechen<\/li>\n<\/ul>\n<h5>Ihre Rechte im Zusammenhang mit der Verarbeitung personenbezogener Daten<\/h5>\n<p>Sie haben die folgenden Rechte in Bezug auf die Verarbeitung Ihrer personenbezogenen Daten durch uns:<br \/>(a) das Recht auf Zugang zu personenbezogenen Daten<br \/>(b) das Recht auf Berichtigung<br \/>(c) das Recht auf L\u00f6schung (&#8222;Recht auf Vergessenwerden&#8220;)<br \/>(d) das Recht auf Einschr\u00e4nkung der Datenverarbeitung<br \/>(e) das Recht auf Widerspruch gegen die Verarbeitung<br \/>(f) das Recht, eine Beschwerde \u00fcber die Verarbeitung personenbezogener Daten einzureichen<\/p>\n<p>Ihre Rechte werden im Folgenden erl\u00e4utert, um Ihnen eine bessere Vorstellung von deren Inhalt zu vermitteln.<\/p>\n<p><strong>Sie k\u00f6nnen alle Ihre Rechte aus\u00fcben, indem Sie uns unter der angegebenen E-Mail-Adresse <a href=\"mailto:Petr.Kozel@vchd.cz\">Petr.Kozel@vchd.cz<\/a> kontaktieren <a href=\"mailto:Petr.Kozel@vchd.cz\">.<\/a><\/strong><\/p>\n<p><strong>Sie k\u00f6nnen eine Beschwerde bei der Aufsichtsbeh\u00f6rde, dem Amt f\u00fcr den Schutz personenbezogener Daten<a href=\"http:\/\/www.uoou.cz\/\" target=\"_blank\" rel=\"noopener\">(www.uoou.cz<\/a>), einreichen.<\/strong><\/p>\n<p><strong>Zugangsrecht bedeutet<\/strong>dass Sie jederzeit von uns eine Best\u00e4tigung dar\u00fcber verlangen k\u00f6nnen, ob Sie betreffende personenbezogene Daten verarbeitet werden, und wenn ja, zu welchen Zwecken, in welchem Umfang, an wen sie weitergegeben werden, wie lange wir sie verarbeiten, dass Sie das Recht auf Berichtigung, L\u00f6schung, Einschr\u00e4nkung der Verarbeitung oder Widerspruch haben, woher wir die personenbezogenen Daten erhalten haben und ob auf der Grundlage der Verarbeitung Ihrer personenbezogenen Daten eine automatisierte Entscheidungsfindung oder ein Profiling erfolgt oder nicht. Sie haben auch das Recht, eine Kopie Ihrer personenbezogenen Daten zu erhalten, wobei die erste Bereitstellung kostenlos ist und der Vermittler f\u00fcr die weitere Bereitstellung eine angemessene Zahlung der Verwaltungskosten verlangen kann.<\/p>\n<p>Das <strong>Recht auf L\u00f6schung bedeutet<\/strong>, dass wir Ihre personenbezogenen Daten l\u00f6schen m\u00fcssen, wenn:<\/p>\n<ul>\n<li>f\u00fcr die Zwecke, f\u00fcr die sie erhoben oder anderweitig verarbeitet wurden, nicht mehr erforderlich sind,<\/li>\n<li>die Verarbeitung ist unrechtm\u00e4\u00dfig,<\/li>\n<li>Sie der Verarbeitung widersprechen und keine vorrangigen berechtigten Gr\u00fcnde f\u00fcr die Verarbeitung vorliegen, sind wir gesetzlich verpflichtet, dies zu tun.<\/li>\n<\/ul>\n<p><strong>Das Recht auf Einschr\u00e4nkung der Verarbeitung bedeutet<\/strong>, dass wir bis zur Kl\u00e4rung strittiger Fragen im Zusammenhang mit der Verarbeitung Ihrer personenbezogenen Daten die Verarbeitung Ihrer personenbezogenen Daten so einschr\u00e4nken m\u00fcssen, dass wir sie nur speichern und gegebenenfalls zur Begr\u00fcndung, Aus\u00fcbung oder Verteidigung von Rechtsanspr\u00fcchen verwenden k\u00f6nnen.<\/p>\n<p>Das <strong>Widerspruchsrecht bedeutet,<\/strong> dass Sie gegen die Verarbeitung Ihrer personenbezogenen Daten, die wir zu Direktmarketingzwecken oder auf der Grundlage eines berechtigten Interesses verarbeiten, Widerspruch einlegen k\u00f6nnen. Wenn Sie der Verarbeitung f\u00fcr Zwecke des Direktmarketings widersprechen, werden Ihre personenbezogenen Daten nicht mehr f\u00fcr diese Zwecke verarbeitet.<\/p>\n<h5>Andere Vereinbarungen<\/h5>\n<ul>\n<li>Wir verarbeiten personenbezogene Daten nur in der Tschechischen Republik oder in EU-Mitgliedstaaten. Wir \u00fcbermitteln keine personenbezogenen Daten an Drittl\u00e4nder au\u00dferhalb der EU.<\/li>\n<li>Die Website unseres Unternehmens kann Links zu anderen Websites enthalten, die nicht mehr von dieser Datenschutzerkl\u00e4rung erfasst werden.<\/li>\n<li>Das Unternehmen erkl\u00e4rt, dass es keine sensiblen personenbezogenen Daten verarbeitet (d.h. personenbezogene Daten, aus denen die nationale, rassische oder ethnische Herkunft, politische Meinungen, die Mitgliedschaft in einer Gewerkschaft, religi\u00f6se und philosophische \u00dcberzeugungen, strafrechtliche Verurteilungen, die Gesundheit und das Sexualleben der betroffenen Person, biometrische und genetische Daten hervorgehen).<\/li>\n<\/ul>\n<p>Wenn Sie eine Erl\u00e4uterung oder Beratung zu einem Teil des Textes w\u00fcnschen oder die weitere Verarbeitung Ihrer personenbezogenen Daten er\u00f6rtern m\u00f6chten, k\u00f6nnen Sie sich jederzeit an die in den Kontaktinformationen angegebene E-Mail-Adresse <strong><a href=\"mailto:Petr.Kozel@vchd.cz\">Petr.Kozel@vchd.cz<\/a><\/strong> wenden <strong><a href=\"mailto:Petr.Kozel@vchd.cz\">.<\/a><\/strong><\/p>\n<p>Diese Datenschutzrichtlinie gilt ab dem 1.6.2022<\/p>\n\t\t\t\t\t\t\t\t<\/div>\n\t\t\t\t<\/div>\n\t\t\t\t\t<\/div>\n\t\t<\/div>\n\t\t\t\t\t<\/div>\n\t\t<\/section>\n\t\t\t\t\t<\/div>\n\t\t<\/div>\n\t\t\t\t\t<\/div>\n\t\t<\/section>\n\t\t\t\t<div class=\"elementor-section elementor-top-section elementor-element elementor-element-4f97f4df elementor-section-stretched elementor-hidden-mobile cspt-col-stretched-none cspt-bg-color-over-image elementor-section-boxed elementor-section-height-default elementor-section-height-default\" data-id=\"4f97f4df\" data-element_type=\"section\" data-e-type=\"section\" data-settings=\"{&quot;stretch_section&quot;:&quot;section-stretched&quot;}\">\n\t\t\t\t\t\t\t<div class=\"elementor-background-overlay\"><\/div>\n\t\t\t\t\t\t\t<div class=\"elementor-container elementor-column-gap-no\">\n\t\t\t\t\t<div class=\"elementor-column elementor-col-100 elementor-top-column elementor-element elementor-element-21c2a4c4 cspt-bg-color-over-image\" data-id=\"21c2a4c4\" data-element_type=\"column\" data-e-type=\"column\">\n\t\t\t<div class=\"elementor-widget-wrap elementor-element-populated\">\n\t\t\t\t\t\t<div class=\"elementor-element elementor-element-599292d0 cspt-align-center elementor-widget elementor-widget-cspt_heading\" data-id=\"599292d0\" data-element_type=\"widget\" data-e-type=\"widget\" data-widget_type=\"cspt_heading.default\">\n\t\t\t\t<div class=\"elementor-widget-container\">\n\t\t\t\t\t\t<div class=\"cspt-heading-subheading center-align cspt-reverse-heading-yes\"><div class=\"cspt-element-title\">\r\n\t\t\t\r\n\t\t\t\tUnsere Partner\r\n\t\t\t\r\n\t\t\t<\/div>\r\n\t\t<\/div>\t\t\t\t<\/div>\n\t\t\t\t<\/div>\n\t\t\t\t<section class=\"elementor-section elementor-inner-section elementor-element elementor-element-72e49319 cspt-col-stretched-none cspt-bg-color-over-image elementor-section-boxed elementor-section-height-default elementor-section-height-default\" data-id=\"72e49319\" data-element_type=\"section\" data-e-type=\"section\">\n\t\t\t\t\t\t<div class=\"elementor-container elementor-column-gap-default\">\n\t\t\t\t\t<div class=\"elementor-column elementor-col-20 elementor-inner-column elementor-element elementor-element-67409c6a cspt-bg-color-over-image\" data-id=\"67409c6a\" data-element_type=\"column\" data-e-type=\"column\">\n\t\t\t<div class=\"elementor-widget-wrap elementor-element-populated\">\n\t\t\t\t\t\t<div class=\"elementor-element elementor-element-2fde1438 elementor-widget elementor-widget-image\" data-id=\"2fde1438\" data-element_type=\"widget\" data-e-type=\"widget\" data-widget_type=\"image.default\">\n\t\t\t\t<div class=\"elementor-widget-container\">\n\t\t\t\t\t\t\t\t\t\t\t\t\t\t\t<img decoding=\"async\" width=\"300\" height=\"150\" src=\"https:\/\/bouda.webfusion.dev\/wp-content\/uploads\/2022\/06\/bp-logo.png\" class=\"attachment-full size-full wp-image-7631\" alt=\"\">\t\t\t\t\t\t\t\t\t\t\t\t\t\t\t<\/div>\n\t\t\t\t<\/div>\n\t\t\t\t\t<\/div>\n\t\t<\/div>\n\t\t\t\t<div class=\"elementor-column elementor-col-20 elementor-inner-column elementor-element elementor-element-4c11c745 cspt-bg-color-over-image\" data-id=\"4c11c745\" data-element_type=\"column\" data-e-type=\"column\">\n\t\t\t<div class=\"elementor-widget-wrap elementor-element-populated\">\n\t\t\t\t\t\t<div class=\"elementor-element elementor-element-239bb5b4 elementor-widget elementor-widget-image\" data-id=\"239bb5b4\" data-element_type=\"widget\" data-e-type=\"widget\" data-widget_type=\"image.default\">\n\t\t\t\t<div class=\"elementor-widget-container\">\n\t\t\t\t\t\t\t\t\t\t\t\t\t\t\t<img decoding=\"async\" width=\"300\" height=\"150\" src=\"https:\/\/bouda.webfusion.dev\/wp-content\/uploads\/2019\/06\/ski-upa.png\" class=\"attachment-full size-full wp-image-6695\" alt=\"\">\t\t\t\t\t\t\t\t\t\t\t\t\t\t\t<\/div>\n\t\t\t\t<\/div>\n\t\t\t\t\t<\/div>\n\t\t<\/div>\n\t\t\t\t<div class=\"elementor-column elementor-col-20 elementor-inner-column elementor-element elementor-element-35c956c7 cspt-bg-color-over-image\" data-id=\"35c956c7\" data-element_type=\"column\" data-e-type=\"column\">\n\t\t\t<div class=\"elementor-widget-wrap elementor-element-populated\">\n\t\t\t\t\t\t<div class=\"elementor-element elementor-element-7b317bc6 elementor-widget elementor-widget-image\" data-id=\"7b317bc6\" data-element_type=\"widget\" data-e-type=\"widget\" data-widget_type=\"image.default\">\n\t\t\t\t<div class=\"elementor-widget-container\">\n\t\t\t\t\t\t\t\t\t\t\t\t\t\t\t<img decoding=\"async\" width=\"300\" height=\"150\" src=\"https:\/\/bouda.webfusion.dev\/wp-content\/uploads\/2019\/06\/upa-ski.png\" class=\"attachment-full size-full wp-image-6698\" alt=\"\">\t\t\t\t\t\t\t\t\t\t\t\t\t\t\t<\/div>\n\t\t\t\t<\/div>\n\t\t\t\t\t<\/div>\n\t\t<\/div>\n\t\t\t\t<div class=\"elementor-column elementor-col-20 elementor-inner-column elementor-element elementor-element-20e06140 cspt-bg-color-over-image\" data-id=\"20e06140\" data-element_type=\"column\" data-e-type=\"column\">\n\t\t\t<div class=\"elementor-widget-wrap elementor-element-populated\">\n\t\t\t\t\t\t<div class=\"elementor-element elementor-element-2cf02dda elementor-widget elementor-widget-image\" data-id=\"2cf02dda\" data-element_type=\"widget\" data-e-type=\"widget\" data-widget_type=\"image.default\">\n\t\t\t\t<div class=\"elementor-widget-container\">\n\t\t\t\t\t\t\t\t\t\t\t\t\t\t\t<img loading=\"lazy\" decoding=\"async\" width=\"300\" height=\"150\" src=\"https:\/\/bouda.webfusion.dev\/wp-content\/uploads\/2019\/06\/pivovar.png\" class=\"attachment-full size-full wp-image-6692\" alt=\"\">\t\t\t\t\t\t\t\t\t\t\t\t\t\t\t<\/div>\n\t\t\t\t<\/div>\n\t\t\t\t\t<\/div>\n\t\t<\/div>\n\t\t\t\t<div class=\"elementor-column elementor-col-20 elementor-inner-column elementor-element elementor-element-75944c47 cspt-bg-color-over-image\" data-id=\"75944c47\" data-element_type=\"column\" data-e-type=\"column\">\n\t\t\t<div class=\"elementor-widget-wrap elementor-element-populated\">\n\t\t\t\t\t\t<div class=\"elementor-element elementor-element-14b1d130 elementor-widget elementor-widget-image\" data-id=\"14b1d130\" data-element_type=\"widget\" data-e-type=\"widget\" data-widget_type=\"image.default\">\n\t\t\t\t<div class=\"elementor-widget-container\">\n\t\t\t\t\t\t\t\t\t\t\t\t\t\t\t<img loading=\"lazy\" decoding=\"async\" width=\"300\" height=\"150\" src=\"https:\/\/bouda.webfusion.dev\/wp-content\/uploads\/2019\/06\/nevecom.png\" class=\"attachment-full size-full wp-image-6689\" alt=\"\">\t\t\t\t\t\t\t\t\t\t\t\t\t\t\t<\/div>\n\t\t\t\t<\/div>\n\t\t\t\t\t<\/div>\n\t\t<\/div>\n\t\t\t\t\t<\/div>\n\t\t<\/section>\n\t\t\t\t\t<\/div>\n\t\t<\/div>\n\t\t\t\t\t<\/div>\n\t\t<\/div>\n\t\t\t\t<\/div>\n\t\t","protected":false},"excerpt":{"rendered":"<p>HOTEL BOUDA MAL\u00c1 \u00daPA GDPR Die Gesellschaft Bouda Mal\u00e1 \u00dapa s.r.o., ID-Nr.: 01835076, mit Sitz in Americk\u00e1 2736, Kro\u010dehlavy, 272 01 Kladno, als Verwalter der personenbezogenen Daten, informiert Sie als Nutzer unserer Website \u00fcber die nachfolgend beschriebene Sammlung personenbezogener Daten und Datenschutzpolitik. Umfang der Verarbeitung von personenbezogenen Daten Wenn Sie uns \u00fcber die Website kontaktieren, werden Sie m\u00f6glicherweise gebeten, bestimmte Informationen \u00fcber sich selbst oder Ihr Unternehmen anzugeben. Diese Daten[&hellip;]<\/p>\n","protected":false},"author":1,"featured_media":0,"parent":0,"menu_order":0,"comment_status":"closed","ping_status":"closed","template":"","meta":{"_acf_changed":false,"footnotes":""},"class_list":["post-9090","page","type-page","status-publish","hentry"],"acf":[],"_links":{"self":[{"href":"https:\/\/bouda.webfusion.dev\/de\/wp-json\/wp\/v2\/pages\/9090","targetHints":{"allow":["GET"]}}],"collection":[{"href":"https:\/\/bouda.webfusion.dev\/de\/wp-json\/wp\/v2\/pages"}],"about":[{"href":"https:\/\/bouda.webfusion.dev\/de\/wp-json\/wp\/v2\/types\/page"}],"author":[{"embeddable":true,"href":"https:\/\/bouda.webfusion.dev\/de\/wp-json\/wp\/v2\/users\/1"}],"replies":[{"embeddable":true,"href":"https:\/\/bouda.webfusion.dev\/de\/wp-json\/wp\/v2\/comments?post=9090"}],"version-history":[{"count":0,"href":"https:\/\/bouda.webfusion.dev\/de\/wp-json\/wp\/v2\/pages\/9090\/revisions"}],"wp:attachment":[{"href":"https:\/\/bouda.webfusion.dev\/de\/wp-json\/wp\/v2\/media?parent=9090"}],"curies":[{"name":"wp","href":"https:\/\/api.w.org\/{rel}","templated":true}]}}