{"id":8760,"date":"2022-05-09T19:16:10","date_gmt":"2022-05-09T17:16:10","guid":{"rendered":"https:\/\/bouda.webfusion.dev\/resort-surroundings\/winter-fun\/"},"modified":"2023-10-07T17:50:52","modified_gmt":"2023-10-07T15:50:52","slug":"winter-fun","status":"publish","type":"page","link":"https:\/\/bouda.webfusion.dev\/en\/resort-surroundings\/winter-fun\/","title":{"rendered":"Winter fun"},"content":{"rendered":"\t\t<div data-elementor-type=\"wp-page\" data-elementor-id=\"8760\" class=\"elementor elementor-8760 elementor-1436\" data-elementor-post-type=\"page\">\n\t\t\t\t\t\t<section class=\"elementor-section elementor-top-section elementor-element elementor-element-35741110 boxiky cspt-col-stretched-none cspt-bg-color-over-image elementor-section-boxed elementor-section-height-default elementor-section-height-default\" data-id=\"35741110\" data-element_type=\"section\" data-e-type=\"section\">\n\t\t\t\t\t\t\t<div class=\"elementor-background-overlay\"><\/div>\n\t\t\t\t\t\t\t<div class=\"elementor-container elementor-column-gap-wide\">\n\t\t\t\t\t<div class=\"elementor-column elementor-col-50 elementor-top-column elementor-element elementor-element-59a4d97 cspt-bg-color-over-image\" data-id=\"59a4d97\" data-element_type=\"column\" data-e-type=\"column\">\n\t\t\t<div class=\"elementor-widget-wrap elementor-element-populated\">\n\t\t\t\t\t\t<div class=\"elementor-element elementor-element-224061b0 elementor-position-top elementor-widget elementor-widget-image-box\" data-id=\"224061b0\" data-element_type=\"widget\" data-e-type=\"widget\" data-widget_type=\"image-box.default\">\n\t\t\t\t<div class=\"elementor-widget-container\">\n\t\t\t\t\t<div class=\"elementor-image-box-wrapper\"><figure class=\"elementor-image-box-img\"><a href=\"https:\/\/bouda.webfusion.dev\/resort-okoli\/zimni-radovanky\/lyze-snowboard\/\" tabindex=\"-1\"><img fetchpriority=\"high\" decoding=\"async\" width=\"1280\" height=\"853\" src=\"https:\/\/bouda.webfusion.dev\/wp-content\/uploads\/2022\/05\/snowboard.jpg\" class=\"attachment-full size-full wp-image-1209\" alt=\"\" srcset=\"https:\/\/bouda.webfusion.dev\/wp-content\/uploads\/2022\/05\/snowboard.jpg 1280w, https:\/\/bouda.webfusion.dev\/wp-content\/uploads\/2022\/05\/snowboard-300x200.jpg 300w, https:\/\/bouda.webfusion.dev\/wp-content\/uploads\/2022\/05\/snowboard-1024x682.jpg 1024w, https:\/\/bouda.webfusion.dev\/wp-content\/uploads\/2022\/05\/snowboard-768x512.jpg 768w, https:\/\/bouda.webfusion.dev\/wp-content\/uploads\/2022\/05\/snowboard-770x513.jpg 770w\" sizes=\"(max-width: 1280px) 100vw, 1280px\" \/><\/a><\/figure><div class=\"elementor-image-box-content\"><h3 class=\"elementor-image-box-title\"><a href=\"https:\/\/bouda.webfusion.dev\/resort-okoli\/zimni-radovanky\/lyze-snowboard\/\">Ski &amp; snowboard<\/a><\/h3><p class=\"elementor-image-box-description\">Mal\u00e1 \u00dapa is a traditional Krkono\u0161e village situated at an altitude of 1000 metres above sea level. 8 kilometres from the centre of Mal\u00e1 \u00dapa lies the highest Czech mountain Sn\u011b\u017eka 1602m above sea level.  <\/p><\/div><\/div>\t\t\t\t<\/div>\n\t\t\t\t<\/div>\n\t\t\t\t\t<\/div>\n\t\t<\/div>\n\t\t\t\t<div class=\"elementor-column elementor-col-50 elementor-top-column elementor-element elementor-element-33d2861 cspt-bg-color-over-image\" data-id=\"33d2861\" data-element_type=\"column\" data-e-type=\"column\">\n\t\t\t<div class=\"elementor-widget-wrap elementor-element-populated\">\n\t\t\t\t\t\t<div class=\"elementor-element elementor-element-b7c8179 elementor-position-top elementor-widget elementor-widget-image-box\" data-id=\"b7c8179\" data-element_type=\"widget\" data-e-type=\"widget\" data-widget_type=\"image-box.default\">\n\t\t\t\t<div class=\"elementor-widget-container\">\n\t\t\t\t\t<div class=\"elementor-image-box-wrapper\"><figure class=\"elementor-image-box-img\"><a href=\"https:\/\/bouda.webfusion.dev\/resort-okoli\/zimni-radovanky\/bezky\/\" tabindex=\"-1\"><img decoding=\"async\" width=\"1280\" height=\"853\" src=\"https:\/\/bouda.webfusion.dev\/wp-content\/uploads\/2022\/05\/bezky.jpg\" class=\"attachment-full size-full wp-image-1210\" alt=\"\" srcset=\"https:\/\/bouda.webfusion.dev\/wp-content\/uploads\/2022\/05\/bezky.jpg 1280w, https:\/\/bouda.webfusion.dev\/wp-content\/uploads\/2022\/05\/bezky-300x200.jpg 300w, https:\/\/bouda.webfusion.dev\/wp-content\/uploads\/2022\/05\/bezky-1024x682.jpg 1024w, https:\/\/bouda.webfusion.dev\/wp-content\/uploads\/2022\/05\/bezky-768x512.jpg 768w, https:\/\/bouda.webfusion.dev\/wp-content\/uploads\/2022\/05\/bezky-770x513.jpg 770w\" sizes=\"(max-width: 1280px) 100vw, 1280px\" \/><\/a><\/figure><div class=\"elementor-image-box-content\"><h3 class=\"elementor-image-box-title\"><a href=\"https:\/\/bouda.webfusion.dev\/resort-okoli\/zimni-radovanky\/bezky\/\">Cross-country skiing<\/a><\/h3><p class=\"elementor-image-box-description\">The surroundings of the Wellness Resort Bouda Mal\u00e1 \u00dapa offer ideal cross-country skiing locations. The routes are not difficult and are suitable for children, older sports enthusiasts or beginners.<\/p><\/div><\/div>\t\t\t\t<\/div>\n\t\t\t\t<\/div>\n\t\t\t\t\t<\/div>\n\t\t<\/div>\n\t\t\t\t\t<\/div>\n\t\t<\/section>\n\t\t\t\t<section class=\"elementor-section elementor-top-section elementor-element elementor-element-bd5a37e boxiky cspt-col-stretched-none cspt-bg-color-over-image elementor-section-boxed elementor-section-height-default elementor-section-height-default\" data-id=\"bd5a37e\" data-element_type=\"section\" data-e-type=\"section\">\n\t\t\t\t\t\t\t<div class=\"elementor-background-overlay\"><\/div>\n\t\t\t\t\t\t\t<div class=\"elementor-container elementor-column-gap-wide\">\n\t\t\t\t\t<div class=\"elementor-column elementor-col-50 elementor-top-column elementor-element elementor-element-fa22411 cspt-bg-color-over-image\" data-id=\"fa22411\" data-element_type=\"column\" data-e-type=\"column\">\n\t\t\t<div class=\"elementor-widget-wrap elementor-element-populated\">\n\t\t\t\t\t\t<div class=\"elementor-element elementor-element-74c2a34 elementor-position-top elementor-widget elementor-widget-image-box\" data-id=\"74c2a34\" data-element_type=\"widget\" data-e-type=\"widget\" data-widget_type=\"image-box.default\">\n\t\t\t\t<div class=\"elementor-widget-container\">\n\t\t\t\t\t<div class=\"elementor-image-box-wrapper\"><figure class=\"elementor-image-box-img\"><a href=\"https:\/\/bouda.webfusion.dev\/resort-okoli\/zimni-radovanky\/sanky\/\" tabindex=\"-1\"><img decoding=\"async\" width=\"768\" height=\"512\" src=\"https:\/\/bouda.webfusion.dev\/wp-content\/uploads\/2022\/06\/sankovani-bouda.jpg\" class=\"attachment-full size-full wp-image-2786\" alt=\"\" srcset=\"https:\/\/bouda.webfusion.dev\/wp-content\/uploads\/2022\/06\/sankovani-bouda.jpg 768w, https:\/\/bouda.webfusion.dev\/wp-content\/uploads\/2022\/06\/sankovani-bouda-300x200.jpg 300w\" sizes=\"(max-width: 768px) 100vw, 768px\" \/><\/a><\/figure><div class=\"elementor-image-box-content\"><h3 class=\"elementor-image-box-title\"><a href=\"https:\/\/bouda.webfusion.dev\/resort-okoli\/zimni-radovanky\/sanky\/\">Sleds<\/a><\/h3><p class=\"elementor-image-box-description\">Sledges have belonged to Mal\u00e1 \u00dapa since time immemorial. They used to be called hornbills and helped to bind hay and wood. Later, wealthy tourists rode on horseback.<\/p><\/div><\/div>\t\t\t\t<\/div>\n\t\t\t\t<\/div>\n\t\t\t\t\t<\/div>\n\t\t<\/div>\n\t\t\t\t<div class=\"elementor-column elementor-col-50 elementor-top-column elementor-element elementor-element-06cdc70 cspt-bg-color-over-image\" data-id=\"06cdc70\" data-element_type=\"column\" data-e-type=\"column\">\n\t\t\t<div class=\"elementor-widget-wrap elementor-element-populated\">\n\t\t\t\t\t\t<div class=\"elementor-element elementor-element-f34039e elementor-position-top elementor-widget elementor-widget-image-box\" data-id=\"f34039e\" data-element_type=\"widget\" data-e-type=\"widget\" data-widget_type=\"image-box.default\">\n\t\t\t\t<div class=\"elementor-widget-container\">\n\t\t\t\t\t<div class=\"elementor-image-box-wrapper\"><figure class=\"elementor-image-box-img\"><a href=\"https:\/\/bouda.webfusion.dev\/resort-okoli\/zimni-radovanky\/vystup-na-snezku\/\" tabindex=\"-1\"><img loading=\"lazy\" decoding=\"async\" width=\"1024\" height=\"681\" src=\"https:\/\/bouda.webfusion.dev\/wp-content\/uploads\/2022\/05\/Wellness-Bouda-Horni-Mala-Upa-zima-Jaro-a-leto-1024x681-1.jpg\" class=\"attachment-full size-full wp-image-1104\" alt=\"\" srcset=\"https:\/\/bouda.webfusion.dev\/wp-content\/uploads\/2022\/05\/Wellness-Bouda-Horni-Mala-Upa-zima-Jaro-a-leto-1024x681-1.jpg 1024w, https:\/\/bouda.webfusion.dev\/wp-content\/uploads\/2022\/05\/Wellness-Bouda-Horni-Mala-Upa-zima-Jaro-a-leto-1024x681-1-300x200.jpg 300w, https:\/\/bouda.webfusion.dev\/wp-content\/uploads\/2022\/05\/Wellness-Bouda-Horni-Mala-Upa-zima-Jaro-a-leto-1024x681-1-768x511.jpg 768w, https:\/\/bouda.webfusion.dev\/wp-content\/uploads\/2022\/05\/Wellness-Bouda-Horni-Mala-Upa-zima-Jaro-a-leto-1024x681-1-770x512.jpg 770w\" sizes=\"(max-width: 1024px) 100vw, 1024px\" \/><\/a><\/figure><div class=\"elementor-image-box-content\"><h3 class=\"elementor-image-box-title\"><a href=\"https:\/\/bouda.webfusion.dev\/resort-okoli\/zimni-radovanky\/vystup-na-snezku\/\">Ascent to Snezka<\/a><\/h3><p class=\"elementor-image-box-description\">The easiest way to Sn\u011b\u017eka is directly from the Wellness Resort Bouda Mal\u00e1 \u00dapa. The route is 6.7 km long, but the elevation is only 611 m n. m.<\/p><\/div><\/div>\t\t\t\t<\/div>\n\t\t\t\t<\/div>\n\t\t\t\t\t<\/div>\n\t\t<\/div>\n\t\t\t\t\t<\/div>\n\t\t<\/section>\n\t\t\t\t<section class=\"elementor-section elementor-top-section elementor-element elementor-element-0bb67e5 boxiky cspt-col-stretched-none cspt-bg-color-over-image elementor-section-boxed elementor-section-height-default elementor-section-height-default\" data-id=\"0bb67e5\" data-element_type=\"section\" data-e-type=\"section\">\n\t\t\t\t\t\t\t<div class=\"elementor-background-overlay\"><\/div>\n\t\t\t\t\t\t\t<div class=\"elementor-container elementor-column-gap-wide\">\n\t\t\t\t\t<div class=\"elementor-column elementor-col-50 elementor-top-column elementor-element elementor-element-1e4740f cspt-bg-color-over-image\" data-id=\"1e4740f\" data-element_type=\"column\" data-e-type=\"column\">\n\t\t\t<div class=\"elementor-widget-wrap elementor-element-populated\">\n\t\t\t\t\t\t<div class=\"elementor-element elementor-element-2a74c91 elementor-position-top elementor-widget elementor-widget-image-box\" data-id=\"2a74c91\" data-element_type=\"widget\" data-e-type=\"widget\" data-widget_type=\"image-box.default\">\n\t\t\t\t<div class=\"elementor-widget-container\">\n\t\t\t\t\t<div class=\"elementor-image-box-wrapper\"><figure class=\"elementor-image-box-img\"><a href=\"https:\/\/bouda.webfusion.dev\/tipy-na-zimni-aktivity\/\" tabindex=\"-1\"><img loading=\"lazy\" decoding=\"async\" width=\"1326\" height=\"722\" src=\"https:\/\/bouda.webfusion.dev\/wp-content\/uploads\/2023\/02\/Snimek-obrazovky-2023-02-20-v-16.40.46.png\" class=\"attachment-full size-full wp-image-5558\" alt=\"\" srcset=\"https:\/\/bouda.webfusion.dev\/wp-content\/uploads\/2023\/02\/Snimek-obrazovky-2023-02-20-v-16.40.46.png 1326w, https:\/\/bouda.webfusion.dev\/wp-content\/uploads\/2023\/02\/Snimek-obrazovky-2023-02-20-v-16.40.46-300x163.png 300w, https:\/\/bouda.webfusion.dev\/wp-content\/uploads\/2023\/02\/Snimek-obrazovky-2023-02-20-v-16.40.46-1024x558.png 1024w, https:\/\/bouda.webfusion.dev\/wp-content\/uploads\/2023\/02\/Snimek-obrazovky-2023-02-20-v-16.40.46-768x418.png 768w, https:\/\/bouda.webfusion.dev\/wp-content\/uploads\/2023\/02\/Snimek-obrazovky-2023-02-20-v-16.40.46-770x419.png 770w\" sizes=\"(max-width: 1326px) 100vw, 1326px\" \/><\/a><\/figure><div class=\"elementor-image-box-content\"><h3 class=\"elementor-image-box-title\"><a href=\"https:\/\/bouda.webfusion.dev\/tipy-na-zimni-aktivity\/\">Tips for winter activities<\/a><\/h3><p class=\"elementor-image-box-description\">There's plenty of snow outside, but skiing isn't the only thing you can do in the mountains in winter. What to do if you don't feel like skiing today?<\/p><\/div><\/div>\t\t\t\t<\/div>\n\t\t\t\t<\/div>\n\t\t\t\t\t<\/div>\n\t\t<\/div>\n\t\t\t\t<div class=\"elementor-column elementor-col-50 elementor-top-column elementor-element elementor-element-4742afa cspt-bg-color-over-image\" data-id=\"4742afa\" data-element_type=\"column\" data-e-type=\"column\">\n\t\t\t<div class=\"elementor-widget-wrap\">\n\t\t\t\t\t\t\t<\/div>\n\t\t<\/div>\n\t\t\t\t\t<\/div>\n\t\t<\/section>\n\t\t\t\t<div class=\"elementor-section elementor-top-section elementor-element elementor-element-1cf22f77 elementor-section-stretched elementor-hidden-mobile cspt-col-stretched-none cspt-bg-color-over-image elementor-section-boxed elementor-section-height-default elementor-section-height-default\" data-id=\"1cf22f77\" data-element_type=\"section\" data-e-type=\"section\" data-settings=\"{&quot;stretch_section&quot;:&quot;section-stretched&quot;}\">\n\t\t\t\t\t\t\t<div class=\"elementor-background-overlay\"><\/div>\n\t\t\t\t\t\t\t<div class=\"elementor-container elementor-column-gap-no\">\n\t\t\t\t\t<div class=\"elementor-column elementor-col-100 elementor-top-column elementor-element elementor-element-62fced39 cspt-bg-color-over-image\" data-id=\"62fced39\" data-element_type=\"column\" data-e-type=\"column\">\n\t\t\t<div class=\"elementor-widget-wrap elementor-element-populated\">\n\t\t\t\t\t\t<div class=\"elementor-element elementor-element-7fa8bdd3 cspt-align-center elementor-widget elementor-widget-cspt_heading\" data-id=\"7fa8bdd3\" data-element_type=\"widget\" data-e-type=\"widget\" data-widget_type=\"cspt_heading.default\">\n\t\t\t\t<div class=\"elementor-widget-container\">\n\t\t\t\t\t\t<div class=\"cspt-heading-subheading center-align cspt-reverse-heading-yes\"><div class=\"cspt-element-title\">\r\n\t\t\t\r\n\t\t\t\tNa\u0161i partne\u0159i\r\n\t\t\t\r\n\t\t\t<\/div>\r\n\t\t<\/div>\t\t\t\t<\/div>\n\t\t\t\t<\/div>\n\t\t\t\t<section class=\"elementor-section elementor-inner-section elementor-element elementor-element-1256a433 cspt-col-stretched-none cspt-bg-color-over-image elementor-section-boxed elementor-section-height-default elementor-section-height-default\" data-id=\"1256a433\" data-element_type=\"section\" data-e-type=\"section\">\n\t\t\t\t\t\t<div class=\"elementor-container elementor-column-gap-default\">\n\t\t\t\t\t<div class=\"elementor-column elementor-col-20 elementor-inner-column elementor-element elementor-element-3b1906c cspt-bg-color-over-image\" data-id=\"3b1906c\" data-element_type=\"column\" data-e-type=\"column\">\n\t\t\t<div class=\"elementor-widget-wrap elementor-element-populated\">\n\t\t\t\t\t\t<div class=\"elementor-element elementor-element-4dd7bcb6 elementor-widget elementor-widget-image\" data-id=\"4dd7bcb6\" data-element_type=\"widget\" data-e-type=\"widget\" data-widget_type=\"image.default\">\n\t\t\t\t<div class=\"elementor-widget-container\">\n\t\t\t\t\t\t\t\t\t\t\t\t\t\t\t<img loading=\"lazy\" decoding=\"async\" width=\"300\" height=\"150\" src=\"https:\/\/bouda.webfusion.dev\/wp-content\/uploads\/2022\/06\/bp-logo.png\" class=\"attachment-full size-full wp-image-7630\" alt=\"\">\t\t\t\t\t\t\t\t\t\t\t\t\t\t\t<\/div>\n\t\t\t\t<\/div>\n\t\t\t\t\t<\/div>\n\t\t<\/div>\n\t\t\t\t<div class=\"elementor-column elementor-col-20 elementor-inner-column elementor-element elementor-element-72a8c517 cspt-bg-color-over-image\" data-id=\"72a8c517\" data-element_type=\"column\" data-e-type=\"column\">\n\t\t\t<div class=\"elementor-widget-wrap elementor-element-populated\">\n\t\t\t\t\t\t<div class=\"elementor-element elementor-element-7ef80a02 elementor-widget elementor-widget-image\" data-id=\"7ef80a02\" data-element_type=\"widget\" data-e-type=\"widget\" data-widget_type=\"image.default\">\n\t\t\t\t<div class=\"elementor-widget-container\">\n\t\t\t\t\t\t\t\t\t\t\t\t\t\t\t<img loading=\"lazy\" decoding=\"async\" width=\"300\" height=\"150\" src=\"https:\/\/bouda.webfusion.dev\/wp-content\/uploads\/2019\/06\/ski-upa.png\" class=\"attachment-full size-full wp-image-6694\" alt=\"\">\t\t\t\t\t\t\t\t\t\t\t\t\t\t\t<\/div>\n\t\t\t\t<\/div>\n\t\t\t\t\t<\/div>\n\t\t<\/div>\n\t\t\t\t<div class=\"elementor-column elementor-col-20 elementor-inner-column elementor-element elementor-element-74ec411 cspt-bg-color-over-image\" data-id=\"74ec411\" data-element_type=\"column\" data-e-type=\"column\">\n\t\t\t<div class=\"elementor-widget-wrap elementor-element-populated\">\n\t\t\t\t\t\t<div class=\"elementor-element elementor-element-779aaee elementor-widget elementor-widget-image\" data-id=\"779aaee\" data-element_type=\"widget\" data-e-type=\"widget\" data-widget_type=\"image.default\">\n\t\t\t\t<div class=\"elementor-widget-container\">\n\t\t\t\t\t\t\t\t\t\t\t\t\t\t\t<img loading=\"lazy\" decoding=\"async\" width=\"300\" height=\"150\" src=\"https:\/\/bouda.webfusion.dev\/wp-content\/uploads\/2019\/06\/upa-ski.png\" class=\"attachment-full size-full wp-image-6697\" alt=\"\">\t\t\t\t\t\t\t\t\t\t\t\t\t\t\t<\/div>\n\t\t\t\t<\/div>\n\t\t\t\t\t<\/div>\n\t\t<\/div>\n\t\t\t\t<div class=\"elementor-column elementor-col-20 elementor-inner-column elementor-element elementor-element-61aeef98 cspt-bg-color-over-image\" data-id=\"61aeef98\" data-element_type=\"column\" data-e-type=\"column\">\n\t\t\t<div class=\"elementor-widget-wrap elementor-element-populated\">\n\t\t\t\t\t\t<div class=\"elementor-element elementor-element-25176c20 elementor-widget elementor-widget-image\" data-id=\"25176c20\" data-element_type=\"widget\" data-e-type=\"widget\" data-widget_type=\"image.default\">\n\t\t\t\t<div class=\"elementor-widget-container\">\n\t\t\t\t\t\t\t\t\t\t\t\t\t\t\t<img loading=\"lazy\" decoding=\"async\" width=\"300\" height=\"150\" src=\"https:\/\/bouda.webfusion.dev\/wp-content\/uploads\/2019\/06\/pivovar.png\" class=\"attachment-full size-full wp-image-6691\" alt=\"\">\t\t\t\t\t\t\t\t\t\t\t\t\t\t\t<\/div>\n\t\t\t\t<\/div>\n\t\t\t\t\t<\/div>\n\t\t<\/div>\n\t\t\t\t<div class=\"elementor-column elementor-col-20 elementor-inner-column elementor-element elementor-element-456c1cff cspt-bg-color-over-image\" data-id=\"456c1cff\" data-element_type=\"column\" data-e-type=\"column\">\n\t\t\t<div class=\"elementor-widget-wrap elementor-element-populated\">\n\t\t\t\t\t\t<div class=\"elementor-element elementor-element-6dcd5ffa elementor-widget elementor-widget-image\" data-id=\"6dcd5ffa\" data-element_type=\"widget\" data-e-type=\"widget\" data-widget_type=\"image.default\">\n\t\t\t\t<div class=\"elementor-widget-container\">\n\t\t\t\t\t\t\t\t\t\t\t\t\t\t\t<img loading=\"lazy\" decoding=\"async\" width=\"300\" height=\"150\" src=\"https:\/\/bouda.webfusion.dev\/wp-content\/uploads\/2019\/06\/nevecom.png\" class=\"attachment-full size-full wp-image-6688\" alt=\"\">\t\t\t\t\t\t\t\t\t\t\t\t\t\t\t<\/div>\n\t\t\t\t<\/div>\n\t\t\t\t\t<\/div>\n\t\t<\/div>\n\t\t\t\t\t<\/div>\n\t\t<\/section>\n\t\t\t\t\t<\/div>\n\t\t<\/div>\n\t\t\t\t\t<\/div>\n\t\t<\/div>\n\t\t\t\t<\/div>\n\t\t","protected":false},"excerpt":{"rendered":"<p>Ski &amp; snowboard Mal\u00e1 \u00dapa is a traditional Krkono\u0161e village situated at an altitude of 1000 metres above sea level. 8 kilometres from the centre of Mal\u00e1 \u00dapa lies the highest Czech mountain Sn\u011b\u017eka 1602m above sea level. Cross-country skiing The surroundings of the Wellness Resort Bouda Mal\u00e1 \u00dapa offer ideal cross-country skiing locations. The routes are not difficult and are suitable for children, older sports enthusiasts or beginners. Sleds[&hellip;]<\/p>\n","protected":false},"author":1,"featured_media":0,"parent":8679,"menu_order":0,"comment_status":"closed","ping_status":"closed","template":"","meta":{"_acf_changed":false,"footnotes":""},"class_list":["post-8760","page","type-page","status-publish","hentry"],"acf":[],"_links":{"self":[{"href":"https:\/\/bouda.webfusion.dev\/en\/wp-json\/wp\/v2\/pages\/8760","targetHints":{"allow":["GET"]}}],"collection":[{"href":"https:\/\/bouda.webfusion.dev\/en\/wp-json\/wp\/v2\/pages"}],"about":[{"href":"https:\/\/bouda.webfusion.dev\/en\/wp-json\/wp\/v2\/types\/page"}],"author":[{"embeddable":true,"href":"https:\/\/bouda.webfusion.dev\/en\/wp-json\/wp\/v2\/users\/1"}],"replies":[{"embeddable":true,"href":"https:\/\/bouda.webfusion.dev\/en\/wp-json\/wp\/v2\/comments?post=8760"}],"version-history":[{"count":0,"href":"https:\/\/bouda.webfusion.dev\/en\/wp-json\/wp\/v2\/pages\/8760\/revisions"}],"up":[{"embeddable":true,"href":"https:\/\/bouda.webfusion.dev\/en\/wp-json\/wp\/v2\/pages\/8679"}],"wp:attachment":[{"href":"https:\/\/bouda.webfusion.dev\/en\/wp-json\/wp\/v2\/media?parent=8760"}],"curies":[{"name":"wp","href":"https:\/\/api.w.org\/{rel}","templated":true}]}}