{"id":8936,"date":"2022-05-16T11:20:16","date_gmt":"2022-05-16T09:20:16","guid":{"rendered":"https:\/\/bouda.webfusion.dev\/resort-surroundings\/summer-tourism\/baroque-church-of-st-peter-and-paul\/"},"modified":"2024-01-07T19:53:50","modified_gmt":"2024-01-07T18:53:50","slug":"baroque-church-of-st-peter-and-paul","status":"publish","type":"page","link":"https:\/\/bouda.webfusion.dev\/en\/resort-surroundings\/summer-tourism\/baroque-church-of-st-peter-and-paul\/","title":{"rendered":"Baroque church of St. Peter and Paul"},"content":{"rendered":"\t\t<div data-elementor-type=\"wp-page\" data-elementor-id=\"8936\" class=\"elementor elementor-8936 elementor-1971\" data-elementor-post-type=\"page\">\n\t\t\t\t\t\t<section class=\"elementor-section elementor-top-section elementor-element elementor-element-4583d599 cspt-col-stretched-none cspt-bg-color-over-image elementor-section-boxed elementor-section-height-default elementor-section-height-default\" data-id=\"4583d599\" data-element_type=\"section\" data-e-type=\"section\">\n\t\t\t\t\t\t\t<div class=\"elementor-background-overlay\"><\/div>\n\t\t\t\t\t\t\t<div class=\"elementor-container elementor-column-gap-default\">\n\t\t\t\t\t<div class=\"elementor-column elementor-col-50 elementor-top-column elementor-element elementor-element-2fe66cca cspt-bg-color-over-image\" data-id=\"2fe66cca\" data-element_type=\"column\" data-e-type=\"column\">\n\t\t\t<div class=\"elementor-widget-wrap elementor-element-populated\">\n\t\t\t\t\t\t<div class=\"elementor-element elementor-element-6208a174 elementor-nav-menu__align-start elementor-nav-menu--dropdown-none sidebar-menu elementor-widget elementor-widget-nav-menu\" data-id=\"6208a174\" data-element_type=\"widget\" data-e-type=\"widget\" data-settings=\"{&quot;layout&quot;:&quot;vertical&quot;,&quot;sticky&quot;:&quot;top&quot;,&quot;sticky_on&quot;:[&quot;desktop&quot;],&quot;sticky_offset&quot;:120,&quot;sticky_parent&quot;:&quot;yes&quot;,&quot;submenu_icon&quot;:{&quot;value&quot;:&quot;&lt;i class=\\&quot;fas fa-caret-down\\&quot; aria-hidden=\\&quot;true\\&quot;&gt;&lt;\\\/i&gt;&quot;,&quot;library&quot;:&quot;fa-solid&quot;},&quot;sticky_effects_offset&quot;:0,&quot;sticky_anchor_link_offset&quot;:0}\" data-widget_type=\"nav-menu.default\">\n\t\t\t\t<div class=\"elementor-widget-container\">\n\t\t\t\t\t\t\t\t<nav aria-label=\"Menu\" class=\"elementor-nav-menu--main elementor-nav-menu__container elementor-nav-menu--layout-vertical e--pointer-underline e--animation-fade\">\n\t\t\t\t<ul id=\"menu-1-6208a174\" class=\"elementor-nav-menu sm-vertical\"> <li class=\"menu-item menu-item-type-post_type menu-item-object-page menu-item-12003\"> <a href=\"https:\/\/bouda.webfusion.dev\/en\/resort-surroundings\/events-news\/\" class=\"elementor-item\">Events &amp; News<\/a> <\/li>\n<li class=\"menu-item menu-item-type-post_type menu-item-object-page menu-item-12004\"> <a href=\"https:\/\/bouda.webfusion.dev\/en\/resort-surroundings\/family-holidays\/\" class=\"elementor-item\">Family holidays<\/a> <\/li>\n<li class=\"menu-item menu-item-type-post_type menu-item-object-page menu-item-12005\"> <a href=\"https:\/\/bouda.webfusion.dev\/en\/resort-surroundings\/multifunctional-playground\/\" class=\"elementor-item\">Multifunctional playground<\/a> <\/li>\n<li class=\"menu-item menu-item-type-post_type menu-item-object-post menu-item-12006\"> <a href=\"https:\/\/bouda.webfusion.dev\/en\/montessori-weekend-in-the-mountains\/\" class=\"elementor-item\">Montessori weekend in the mountains<\/a> <\/li>\n<li class=\"menu-item menu-item-type-post_type menu-item-object-page menu-item-12007\"> <a href=\"https:\/\/bouda.webfusion.dev\/en\/resort-surroundings\/minigolf\/\" class=\"elementor-item\">Minigolf<\/a> <\/li>\n<li class=\"menu-item menu-item-type-post_type menu-item-object-page menu-item-12008\"> <a href=\"https:\/\/bouda.webfusion.dev\/en\/resort-surroundings\/childrens-playground\/\" class=\"elementor-item\">Children&#8217;s playground<\/a> <\/li>\n<li class=\"menu-item menu-item-type-post_type menu-item-object-page menu-item-12009\"> <a href=\"https:\/\/bouda.webfusion.dev\/en\/resort-surroundings\/winter-fun\/\" class=\"elementor-item\">Winter fun<\/a> <\/li>\n<li class=\"menu-item menu-item-type-post_type menu-item-object-page menu-item-12010\"> <a href=\"https:\/\/bouda.webfusion.dev\/en\/resort-surroundings\/summer-tourism\/\" class=\"elementor-item\">Summer tourism<\/a> <\/li>\n<li class=\"menu-item menu-item-type-post_type menu-item-object-page menu-item-12011\"> <a href=\"https:\/\/bouda.webfusion.dev\/en\/resort-surroundings\/save-the-grouse-corporate-social-responsibility\/\" class=\"elementor-item\">Save the Grouse (Corporate Social Responsibility)<\/a> <\/li>\n<li class=\"menu-item menu-item-type-post_type menu-item-object-post menu-item-12012\"> <a href=\"https:\/\/bouda.webfusion.dev\/en\/gluten-free-holiday\/\" class=\"elementor-item\">Gluten-free holiday<\/a> <\/li>\n<li class=\"menu-item menu-item-type-post_type menu-item-object-page menu-item-12013\"> <a href=\"https:\/\/bouda.webfusion.dev\/en\/resort-surroundings\/holidays-with-a-dog\/\" class=\"elementor-item\">Holidays with a dog<\/a> <\/li>\n<\/ul>\t\t\t<\/nav>\n\t\t\t\t\t\t<nav class=\"elementor-nav-menu--dropdown elementor-nav-menu__container\" aria-hidden=\"true\">\n\t\t\t\t<ul id=\"menu-2-6208a174\" class=\"elementor-nav-menu sm-vertical\"> <li class=\"menu-item menu-item-type-post_type menu-item-object-page menu-item-12003\"> <a href=\"https:\/\/bouda.webfusion.dev\/en\/resort-surroundings\/events-news\/\" class=\"elementor-item\" tabindex=\"-1\">Events &amp; News<\/a> <\/li>\n<li class=\"menu-item menu-item-type-post_type menu-item-object-page menu-item-12004\"> <a href=\"https:\/\/bouda.webfusion.dev\/en\/resort-surroundings\/family-holidays\/\" class=\"elementor-item\" tabindex=\"-1\">Family holidays<\/a> <\/li>\n<li class=\"menu-item menu-item-type-post_type menu-item-object-page menu-item-12005\"> <a href=\"https:\/\/bouda.webfusion.dev\/en\/resort-surroundings\/multifunctional-playground\/\" class=\"elementor-item\" tabindex=\"-1\">Multifunctional playground<\/a> <\/li>\n<li class=\"menu-item menu-item-type-post_type menu-item-object-post menu-item-12006\"> <a href=\"https:\/\/bouda.webfusion.dev\/en\/montessori-weekend-in-the-mountains\/\" class=\"elementor-item\" tabindex=\"-1\">Montessori weekend in the mountains<\/a> <\/li>\n<li class=\"menu-item menu-item-type-post_type menu-item-object-page menu-item-12007\"> <a href=\"https:\/\/bouda.webfusion.dev\/en\/resort-surroundings\/minigolf\/\" class=\"elementor-item\" tabindex=\"-1\">Minigolf<\/a> <\/li>\n<li class=\"menu-item menu-item-type-post_type menu-item-object-page menu-item-12008\"> <a href=\"https:\/\/bouda.webfusion.dev\/en\/resort-surroundings\/childrens-playground\/\" class=\"elementor-item\" tabindex=\"-1\">Children&#8217;s playground<\/a> <\/li>\n<li class=\"menu-item menu-item-type-post_type menu-item-object-page menu-item-12009\"> <a href=\"https:\/\/bouda.webfusion.dev\/en\/resort-surroundings\/winter-fun\/\" class=\"elementor-item\" tabindex=\"-1\">Winter fun<\/a> <\/li>\n<li class=\"menu-item menu-item-type-post_type menu-item-object-page menu-item-12010\"> <a href=\"https:\/\/bouda.webfusion.dev\/en\/resort-surroundings\/summer-tourism\/\" class=\"elementor-item\" tabindex=\"-1\">Summer tourism<\/a> <\/li>\n<li class=\"menu-item menu-item-type-post_type menu-item-object-page menu-item-12011\"> <a href=\"https:\/\/bouda.webfusion.dev\/en\/resort-surroundings\/save-the-grouse-corporate-social-responsibility\/\" class=\"elementor-item\" tabindex=\"-1\">Save the Grouse (Corporate Social Responsibility)<\/a> <\/li>\n<li class=\"menu-item menu-item-type-post_type menu-item-object-post menu-item-12012\"> <a href=\"https:\/\/bouda.webfusion.dev\/en\/gluten-free-holiday\/\" class=\"elementor-item\" tabindex=\"-1\">Gluten-free holiday<\/a> <\/li>\n<li class=\"menu-item menu-item-type-post_type menu-item-object-page menu-item-12013\"> <a href=\"https:\/\/bouda.webfusion.dev\/en\/resort-surroundings\/holidays-with-a-dog\/\" class=\"elementor-item\" tabindex=\"-1\">Holidays with a dog<\/a> <\/li>\n<\/ul>\t\t\t<\/nav>\n\t\t\t\t\t\t<\/div>\n\t\t\t\t<\/div>\n\t\t\t\t<section class=\"elementor-section elementor-inner-section elementor-element elementor-element-40450482 cspt-col-stretched-none cspt-bg-color-over-image elementor-section-boxed elementor-section-height-default elementor-section-height-default elementor-invisible\" data-id=\"40450482\" data-element_type=\"section\" data-e-type=\"section\" data-settings=\"{&quot;sticky&quot;:&quot;top&quot;,&quot;sticky_offset&quot;:125,&quot;sticky_parent&quot;:&quot;yes&quot;,&quot;animation&quot;:&quot;fadeIn&quot;,&quot;sticky_on&quot;:[&quot;desktop&quot;,&quot;tablet&quot;,&quot;mobile&quot;],&quot;sticky_effects_offset&quot;:0,&quot;sticky_anchor_link_offset&quot;:0}\">\n\t\t\t\t\t\t<div class=\"elementor-container elementor-column-gap-default\">\n\t\t\t\t\t<div class=\"elementor-column elementor-col-100 elementor-inner-column elementor-element elementor-element-4d4bac15 cspt-bg-color-over-image\" data-id=\"4d4bac15\" data-element_type=\"column\" data-e-type=\"column\">\n\t\t\t<div class=\"elementor-widget-wrap\">\n\t\t\t\t\t\t\t<\/div>\n\t\t<\/div>\n\t\t\t\t\t<\/div>\n\t\t<\/section>\n\t\t\t\t\t<\/div>\n\t\t<\/div>\n\t\t\t\t<div class=\"elementor-column elementor-col-50 elementor-top-column elementor-element elementor-element-29379e68 cspt-bg-color-over-image\" data-id=\"29379e68\" data-element_type=\"column\" data-e-type=\"column\">\n\t\t\t<div class=\"elementor-widget-wrap elementor-element-populated\">\n\t\t\t\t\t\t<section class=\"elementor-section elementor-inner-section elementor-element elementor-element-1364a377 cspt-col-stretched-none cspt-bg-color-over-image elementor-section-boxed elementor-section-height-default elementor-section-height-default\" data-id=\"1364a377\" data-element_type=\"section\" data-e-type=\"section\">\n\t\t\t\t\t\t<div class=\"elementor-container elementor-column-gap-default\">\n\t\t\t\t\t<div class=\"elementor-column elementor-col-50 elementor-inner-column elementor-element elementor-element-6d9fde6b cspt-bg-color-over-image\" data-id=\"6d9fde6b\" data-element_type=\"column\" data-e-type=\"column\">\n\t\t\t<div class=\"elementor-widget-wrap elementor-element-populated\">\n\t\t\t\t\t\t<div class=\"elementor-element elementor-element-5090bf68 cspt-align-left elementor-widget elementor-widget-cspt_heading\" data-id=\"5090bf68\" data-element_type=\"widget\" data-e-type=\"widget\" data-widget_type=\"cspt_heading.default\">\n\t\t\t\t<div class=\"elementor-widget-container\">\n\t\t\t\t\t\t<div class=\"cspt-heading-subheading left-align cspt-reverse-heading-yes\"><h4 class=\"cspt-element-subtitle\">\r\n\t\t\t\r\n\t\t\t\tHOTEL BOUDA MAL\u00c1 \u00daPA\n\r\n\t\t\t\r\n\t\t\t<\/h4>\r\n\t\t<h2 class=\"cspt-element-title\">\r\n\t\t\t\r\n\t\t\t\tBaroque church of St. Peter and Paul\n\r\n\t\t\t\r\n\t\t\t<\/h2>\r\n\t\t<\/div>\t\t\t\t<\/div>\n\t\t\t\t<\/div>\n\t\t\t\t<div class=\"elementor-element elementor-element-c7cb758 elementor-widget elementor-widget-text-editor\" data-id=\"c7cb758\" data-element_type=\"widget\" data-e-type=\"widget\" data-widget_type=\"text-editor.default\">\n\t\t\t\t<div class=\"elementor-widget-container\">\n\t\t\t\t\t\t\t\t\t<p>The Baroque church of St. Peter and Paul is the heart and symbol of Mal\u00e1 \u00dapa. It was built in 1788-1789 and at the time it was the highest church in Bohemia (currently it is in the 4th place, after the church in Kvilda, Bo\u017e\u00ed Dar and St. Thomas near Lipno), located at an altitude of 975 m.<\/p><p>A relaxing walk either through the Eli\u0161ka valley, along the yellow or red trail from the centre of Pomezn\u00ed Boudy (ideally turn left after Bowling on the cross-country trail). The road is full of views of Sn\u011b\u017eka and the valley. The church and its surroundings are a popular destination for many pilgrims.<\/p><p>The church is only 3 km away. Even small children, sports prams and bicycles can make the journey.<\/p><p>In 1779, the future Emperor Joseph II, accompanied by the famous General Laudon, visited Mal\u00e1 \u00dapa. As part of his religious policy, he had a church built for the local highlanders in 1791. In 1806 the wooden church burnt down after a lightning strike.<\/p><p>The construction of a new church was started immediately and a year later, in 1807, the Holy Mass was celebrated there. On the centenary, a commemorative inscription with the year 1791 and an Austrian eagle was placed on the ceiling arch between the presbytery and the nave. Shortly afterwards in 1889 the church was renovated on a larger scale. The last repair was carried out under difficult conditions in 1986.<\/p><p>The church has a new working clock, for the restoration of which money was collected through a public collection among local citizens. The original clockwork has been moved to the Infocentre.<\/p><p>During the summer season, masses are celebrated in the church, the most important one on the occasion of St. Peter and Paul.<\/p><p>The church is a place with an amazing atmosphere, many hiking trails meet here and if you don&#8217;t know where to go today, you will definitely not make a mistake if you go &#8220;to the church&#8221;.<\/p>\t\t\t\t\t\t\t\t<\/div>\n\t\t\t\t<\/div>\n\t\t\t\t\t<\/div>\n\t\t<\/div>\n\t\t\t\t<div class=\"elementor-column elementor-col-50 elementor-inner-column elementor-element elementor-element-4ee939f7 sidebar-apartman cspt-bg-color-over-image\" data-id=\"4ee939f7\" data-element_type=\"column\" data-e-type=\"column\">\n\t\t\t<div class=\"elementor-widget-wrap elementor-element-populated\">\n\t\t\t\t\t\t<div class=\"elementor-element elementor-element-26076467 elementor-align-justify cspt-btn-color-globalcolor cspt-btn-style-flat cspt-btn-shape-square elementor-widget elementor-widget-button\" data-id=\"26076467\" data-element_type=\"widget\" data-e-type=\"widget\" data-widget_type=\"button.default\">\n\t\t\t\t<div class=\"elementor-widget-container\">\n\t\t\t\t\t\t\t\t\t<div class=\"elementor-button-wrapper\">\n\t\t\t\t\t<a class=\"elementor-button elementor-button-link elementor-size-sm\" href=\"https:\/\/bouda.webfusion.dev\/en\/?page_id=8496\">\n\t\t\t\t\t\t<span class=\"elementor-button-content-wrapper\">\n\t\t\t\t\t\t<span class=\"elementor-button-icon\">\n\t\t\t\t<i aria-hidden=\"true\" class=\"sgicon sgicon-Arrow\"><\/i>\t\t\t<\/span>\n\t\t\t\t\t\t\t\t\t<span class=\"elementor-button-text\">BOOKING<\/span>\n\t\t\t\t\t<\/span>\n\t\t\t\t\t<\/a>\n\t\t\t\t<\/div>\n\t\t\t\t\t\t\t\t<\/div>\n\t\t\t\t<\/div>\n\t\t\t\t<div class=\"elementor-element elementor-element-472e4108 kontakty cspt-align-left elementor-widget elementor-widget-cspt_multiple_icon_heading\" data-id=\"472e4108\" data-element_type=\"widget\" data-e-type=\"widget\" data-widget_type=\"cspt_multiple_icon_heading.default\">\n\t\t\t\t<div class=\"elementor-widget-container\">\n\t\t\t\t\t<div class=\"creativesplanet-element creativesplanet-element-miconheading cspt-element-miconheading-style-11 creativesplanet-element-viewtype-row-column cspt-infinite-scroll-no cspt-infinite-scroll-button-no\" data-cpt=\"miconheading\" data-totalpagination=\"1\" data-style=\"11\" data-show=\"3\" data-columns=\"3\" data-loop=\"false\" data-autoplay=\"false\" data-center=\"false\" data-nav=\"false\" data-dots=\"false\" data-autoplayspeed=\"1000\" data-margin=\"\"><div class=\"creativesplanet-element-inner\">\r\n\t\t<div class=\"cspt-ele-header-area\">\r\n\t\t\t\t<div class=\"cspt-heading-subheading left-align \"><\/div>\t\t<\/div>\r\n\r\n\t\t<div class=\"cspt-element-posts-wrapper row multi-columns-row\">\r\n\r\n\t\t<article class=\"cspt-ele cspt-ele-miconheading cspt-miconheading-style-11 col-md-4   \"><div class=\"cspt-ihbox cspt-ihbox-style-11\"><div class=\"cspt-ihbox-icon\"><div class=\"cspt-ihbox-icon-wrapper\"><i class=\"cspt-leblix-icon cspt-leblix-icon-location\"><\/i><\/div><\/div><div class=\"cspt-ihbox-contents\">\t\r\n\t\t<h2 class=\"cspt-element-title\">\r\n\t\t\t\t\r\n\t\t\t\t\tAddress\r\n\t\t\t\t\r\n\t\t\t\t<\/h2>\r\n\t\t\t\t\r\n\t\t\t\t<div class=\"cspt-heading-desc\">Horn\u00ed Mal\u00e1 \u00dapa 136,<br> \n542 27 Mal\u00e1 \u00dapa <\/div>\t\t<\/div><!-- .cspt-ihbox-contents -->\r\n<\/div><\/article><article class=\"cspt-ele cspt-ele-miconheading cspt-miconheading-style-11 col-md-4   \"><div class=\"cspt-ihbox cspt-ihbox-style-11\"><div class=\"cspt-ihbox-icon\"><div class=\"cspt-ihbox-icon-wrapper\"><i class=\"cspt-leblix-icon cspt-leblix-icon-mail\"><\/i><\/div><\/div><div class=\"cspt-ihbox-contents\">\t\r\n\t\t<h2 class=\"cspt-element-title\">\r\n\t\t\t\t\r\n\t\t\t\t\tE-mail\r\n\t\t\t\t\r\n\t\t\t\t<\/h2>\r\n\t\t\t\t\r\n\t\t\t\t<div class=\"cspt-heading-desc\">info@boudamalaupa.cz<\/div>\t\t<div class=\"cspt-ihbox-btn\"><a href=\"mailto:info@boudamalaupa.cz\"><span>Send e-mail<\/span><\/a><\/div><\/div><!-- .cspt-ihbox-contents -->\r\n<\/div><\/article><article class=\"cspt-ele cspt-ele-miconheading cspt-miconheading-style-11 col-md-4   \"><div class=\"cspt-ihbox cspt-ihbox-style-11\"><div class=\"cspt-ihbox-icon\"><div class=\"cspt-ihbox-icon-wrapper\"><i class=\"cspt-leblix-icon cspt-leblix-icon-telephone\"><\/i><\/div><\/div><div class=\"cspt-ihbox-contents\">\t\r\n\t\t<h2 class=\"cspt-element-title\">\r\n\t\t\t\t\r\n\t\t\t\t\tContact\r\n\t\t\t\t\r\n\t\t\t\t<\/h2>\r\n\t\t\t\t\r\n\t\t\t\t<div class=\"cspt-heading-desc\">+420 739 673 383 <\/div>\t\t<div class=\"cspt-ihbox-btn\"><a href=\"tel:739673383\"><span>Call<\/span><\/a><\/div><\/div><!-- .cspt-ihbox-contents -->\r\n<\/div><\/article>\r\n\t\t<\/div>\r\n\r\n\t\t<\/div><!-- .creativesplanet-element-inner -->   <\/div><!-- .creativesplanet-element -->  \t\t\t\t<\/div>\n\t\t\t\t<\/div>\n\t\t\t\t<div class=\"elementor-element elementor-element-63d8be48 elementor-widget elementor-widget-html\" data-id=\"63d8be48\" data-element_type=\"widget\" data-e-type=\"widget\" data-widget_type=\"html.default\">\n\t\t\t\t<div class=\"elementor-widget-container\">\n\t\t\t\t\t<iframe style=\"border:none\" src=\"https:\/\/frame.mapy.cz\/s\/depeheboja\" width=\"500\" height=\"500\" frameborder=\"0\"><\/iframe>\t\t\t\t<\/div>\n\t\t\t\t<\/div>\n\t\t\t\t\t<\/div>\n\t\t<\/div>\n\t\t\t\t\t<\/div>\n\t\t<\/section>\n\t\t\t\t\t<\/div>\n\t\t<\/div>\n\t\t\t\t\t<\/div>\n\t\t<\/section>\n\t\t\t\t<div class=\"elementor-section elementor-top-section elementor-element elementor-element-42549b09 elementor-section-stretched cspt-col-stretched-none cspt-bg-color-over-image elementor-section-boxed elementor-section-height-default elementor-section-height-default\" data-id=\"42549b09\" data-element_type=\"section\" data-e-type=\"section\" data-settings=\"{&quot;stretch_section&quot;:&quot;section-stretched&quot;}\">\n\t\t\t\t\t\t\t<div class=\"elementor-background-overlay\"><\/div>\n\t\t\t\t\t\t\t<div class=\"elementor-container elementor-column-gap-no\">\n\t\t\t\t\t<div class=\"elementor-column elementor-col-100 elementor-top-column elementor-element elementor-element-736b1e9b cspt-bg-color-over-image\" data-id=\"736b1e9b\" data-element_type=\"column\" data-e-type=\"column\">\n\t\t\t<div class=\"elementor-widget-wrap elementor-element-populated\">\n\t\t\t\t\t\t<div class=\"elementor-element elementor-element-122e5299 cspt-align-center elementor-widget elementor-widget-cspt_heading\" data-id=\"122e5299\" data-element_type=\"widget\" data-e-type=\"widget\" data-widget_type=\"cspt_heading.default\">\n\t\t\t\t<div class=\"elementor-widget-container\">\n\t\t\t\t\t\t<div class=\"cspt-heading-subheading center-align cspt-reverse-heading-yes\"><div class=\"cspt-element-title\">\r\n\t\t\t\r\n\t\t\t\tOur partners\r\n\t\t\t\r\n\t\t\t<\/div>\r\n\t\t<\/div>\t\t\t\t<\/div>\n\t\t\t\t<\/div>\n\t\t\t\t<section class=\"elementor-section elementor-inner-section elementor-element elementor-element-128b6b65 cspt-col-stretched-none cspt-bg-color-over-image elementor-section-boxed elementor-section-height-default elementor-section-height-default\" data-id=\"128b6b65\" data-element_type=\"section\" data-e-type=\"section\">\n\t\t\t\t\t\t<div class=\"elementor-container elementor-column-gap-default\">\n\t\t\t\t\t<div class=\"elementor-column elementor-col-20 elementor-inner-column elementor-element elementor-element-3a5bf895 cspt-bg-color-over-image\" data-id=\"3a5bf895\" data-element_type=\"column\" data-e-type=\"column\">\n\t\t\t<div class=\"elementor-widget-wrap elementor-element-populated\">\n\t\t\t\t\t\t<div class=\"elementor-element elementor-element-359c91dc elementor-widget elementor-widget-image\" data-id=\"359c91dc\" data-element_type=\"widget\" data-e-type=\"widget\" data-widget_type=\"image.default\">\n\t\t\t\t<div class=\"elementor-widget-container\">\n\t\t\t\t\t\t\t\t\t\t\t\t\t\t\t<img decoding=\"async\" src=\"https:\/\/bouda.webfusion.dev\/wp-content\/uploads\/2019\/06\/vchd.png\" title=\"\" alt=\"\" loading=\"lazy\">\t\t\t\t\t\t\t\t\t\t\t\t\t\t\t<\/div>\n\t\t\t\t<\/div>\n\t\t\t\t\t<\/div>\n\t\t<\/div>\n\t\t\t\t<div class=\"elementor-column elementor-col-20 elementor-inner-column elementor-element elementor-element-6b7a0a9e cspt-bg-color-over-image\" data-id=\"6b7a0a9e\" data-element_type=\"column\" data-e-type=\"column\">\n\t\t\t<div class=\"elementor-widget-wrap elementor-element-populated\">\n\t\t\t\t\t\t<div class=\"elementor-element elementor-element-59d4a411 elementor-widget elementor-widget-image\" data-id=\"59d4a411\" data-element_type=\"widget\" data-e-type=\"widget\" data-widget_type=\"image.default\">\n\t\t\t\t<div class=\"elementor-widget-container\">\n\t\t\t\t\t\t\t\t\t\t\t\t\t\t\t<img decoding=\"async\" width=\"300\" height=\"150\" src=\"https:\/\/bouda.webfusion.dev\/wp-content\/uploads\/2019\/06\/ski-upa.png\" class=\"attachment-full size-full wp-image-6694\" alt=\"\">\t\t\t\t\t\t\t\t\t\t\t\t\t\t\t<\/div>\n\t\t\t\t<\/div>\n\t\t\t\t\t<\/div>\n\t\t<\/div>\n\t\t\t\t<div class=\"elementor-column elementor-col-20 elementor-inner-column elementor-element elementor-element-4099e2a7 cspt-bg-color-over-image\" data-id=\"4099e2a7\" data-element_type=\"column\" data-e-type=\"column\">\n\t\t\t<div class=\"elementor-widget-wrap elementor-element-populated\">\n\t\t\t\t\t\t<div class=\"elementor-element elementor-element-7e7ab9f7 elementor-widget elementor-widget-image\" data-id=\"7e7ab9f7\" data-element_type=\"widget\" data-e-type=\"widget\" data-widget_type=\"image.default\">\n\t\t\t\t<div class=\"elementor-widget-container\">\n\t\t\t\t\t\t\t\t\t\t\t\t\t\t\t<img decoding=\"async\" width=\"300\" height=\"150\" src=\"https:\/\/bouda.webfusion.dev\/wp-content\/uploads\/2019\/06\/upa-ski.png\" class=\"attachment-full size-full wp-image-6697\" alt=\"\">\t\t\t\t\t\t\t\t\t\t\t\t\t\t\t<\/div>\n\t\t\t\t<\/div>\n\t\t\t\t\t<\/div>\n\t\t<\/div>\n\t\t\t\t<div class=\"elementor-column elementor-col-20 elementor-inner-column elementor-element elementor-element-1f7d39bd cspt-bg-color-over-image\" data-id=\"1f7d39bd\" data-element_type=\"column\" data-e-type=\"column\">\n\t\t\t<div class=\"elementor-widget-wrap elementor-element-populated\">\n\t\t\t\t\t\t<div class=\"elementor-element elementor-element-3bc4517f elementor-widget elementor-widget-image\" data-id=\"3bc4517f\" data-element_type=\"widget\" data-e-type=\"widget\" data-widget_type=\"image.default\">\n\t\t\t\t<div class=\"elementor-widget-container\">\n\t\t\t\t\t\t\t\t\t\t\t\t\t\t\t<img decoding=\"async\" width=\"300\" height=\"150\" src=\"https:\/\/bouda.webfusion.dev\/wp-content\/uploads\/2019\/06\/pivovar.png\" class=\"attachment-full size-full wp-image-6691\" alt=\"\">\t\t\t\t\t\t\t\t\t\t\t\t\t\t\t<\/div>\n\t\t\t\t<\/div>\n\t\t\t\t\t<\/div>\n\t\t<\/div>\n\t\t\t\t<div class=\"elementor-column elementor-col-20 elementor-inner-column elementor-element elementor-element-2f7c6b01 cspt-bg-color-over-image\" data-id=\"2f7c6b01\" data-element_type=\"column\" data-e-type=\"column\">\n\t\t\t<div class=\"elementor-widget-wrap elementor-element-populated\">\n\t\t\t\t\t\t<div class=\"elementor-element elementor-element-3ed6669e elementor-widget elementor-widget-image\" data-id=\"3ed6669e\" data-element_type=\"widget\" data-e-type=\"widget\" data-widget_type=\"image.default\">\n\t\t\t\t<div class=\"elementor-widget-container\">\n\t\t\t\t\t\t\t\t\t\t\t\t\t\t\t<img loading=\"lazy\" decoding=\"async\" width=\"300\" height=\"150\" src=\"https:\/\/bouda.webfusion.dev\/wp-content\/uploads\/2019\/06\/nevecom.png\" class=\"attachment-full size-full wp-image-6688\" alt=\"\">\t\t\t\t\t\t\t\t\t\t\t\t\t\t\t<\/div>\n\t\t\t\t<\/div>\n\t\t\t\t\t<\/div>\n\t\t<\/div>\n\t\t\t\t\t<\/div>\n\t\t<\/section>\n\t\t\t\t\t<\/div>\n\t\t<\/div>\n\t\t\t\t\t<\/div>\n\t\t<\/div>\n\t\t\t\t<\/div>\n\t\t","protected":false},"excerpt":{"rendered":"<p>HOTEL BOUDA MAL\u00c1 \u00daPA Baroque church of St. Peter and Paul The Baroque church of St. Peter and Paul is the heart and symbol of Mal\u00e1 \u00dapa. It was built in 1788-1789 and at the time it was the highest church in Bohemia (currently it is in the 4th place, after the church in Kvilda, Bo\u017e\u00ed Dar and St. Thomas near Lipno), located at an altitude of 975 m. A[&hellip;]<\/p>\n","protected":false},"author":1,"featured_media":0,"parent":8894,"menu_order":0,"comment_status":"closed","ping_status":"closed","template":"","meta":{"_acf_changed":false,"footnotes":""},"class_list":["post-8936","page","type-page","status-publish","hentry"],"acf":[],"_links":{"self":[{"href":"https:\/\/bouda.webfusion.dev\/en\/wp-json\/wp\/v2\/pages\/8936","targetHints":{"allow":["GET"]}}],"collection":[{"href":"https:\/\/bouda.webfusion.dev\/en\/wp-json\/wp\/v2\/pages"}],"about":[{"href":"https:\/\/bouda.webfusion.dev\/en\/wp-json\/wp\/v2\/types\/page"}],"author":[{"embeddable":true,"href":"https:\/\/bouda.webfusion.dev\/en\/wp-json\/wp\/v2\/users\/1"}],"replies":[{"embeddable":true,"href":"https:\/\/bouda.webfusion.dev\/en\/wp-json\/wp\/v2\/comments?post=8936"}],"version-history":[{"count":0,"href":"https:\/\/bouda.webfusion.dev\/en\/wp-json\/wp\/v2\/pages\/8936\/revisions"}],"up":[{"embeddable":true,"href":"https:\/\/bouda.webfusion.dev\/en\/wp-json\/wp\/v2\/pages\/8894"}],"wp:attachment":[{"href":"https:\/\/bouda.webfusion.dev\/en\/wp-json\/wp\/v2\/media?parent=8936"}],"curies":[{"name":"wp","href":"https:\/\/api.w.org\/{rel}","templated":true}]}}