{"id":9053,"date":"2022-05-16T12:28:35","date_gmt":"2022-05-16T10:28:35","guid":{"rendered":"https:\/\/bouda.webfusion.dev\/rental-summer\/ball\/"},"modified":"2023-12-07T18:21:02","modified_gmt":"2023-12-07T17:21:02","slug":"ball","status":"publish","type":"page","link":"https:\/\/bouda.webfusion.dev\/en\/rental-summer\/ball\/","title":{"rendered":"Ball"},"content":{"rendered":"\t\t<div data-elementor-type=\"wp-page\" data-elementor-id=\"9053\" class=\"elementor elementor-9053 elementor-2039\" data-elementor-post-type=\"page\">\n\t\t\t\t\t\t<section class=\"elementor-section elementor-top-section elementor-element elementor-element-63060403 cspt-col-stretched-none cspt-bg-color-over-image elementor-section-boxed elementor-section-height-default elementor-section-height-default\" data-id=\"63060403\" data-element_type=\"section\" data-e-type=\"section\">\n\t\t\t\t\t\t\t<div class=\"elementor-background-overlay\"><\/div>\n\t\t\t\t\t\t\t<div class=\"elementor-container elementor-column-gap-default\">\n\t\t\t\t\t<div class=\"elementor-column elementor-col-50 elementor-top-column elementor-element elementor-element-5b4d02bf cspt-bg-color-over-image\" data-id=\"5b4d02bf\" data-element_type=\"column\" data-e-type=\"column\">\n\t\t\t<div class=\"elementor-widget-wrap elementor-element-populated\">\n\t\t\t\t\t\t<div class=\"elementor-element elementor-element-dccef56 elementor-nav-menu__align-start elementor-nav-menu--dropdown-none sidebar-menu elementor-widget elementor-widget-nav-menu\" data-id=\"dccef56\" data-element_type=\"widget\" data-e-type=\"widget\" data-settings=\"{&quot;layout&quot;:&quot;vertical&quot;,&quot;sticky&quot;:&quot;top&quot;,&quot;sticky_on&quot;:[&quot;desktop&quot;],&quot;sticky_offset&quot;:120,&quot;sticky_parent&quot;:&quot;yes&quot;,&quot;submenu_icon&quot;:{&quot;value&quot;:&quot;&lt;i class=\\&quot;fas fa-caret-down\\&quot; aria-hidden=\\&quot;true\\&quot;&gt;&lt;\\\/i&gt;&quot;,&quot;library&quot;:&quot;fa-solid&quot;},&quot;sticky_effects_offset&quot;:0,&quot;sticky_anchor_link_offset&quot;:0}\" data-widget_type=\"nav-menu.default\">\n\t\t\t\t<div class=\"elementor-widget-container\">\n\t\t\t\t\t\t\t\t<nav aria-label=\"Menu\" class=\"elementor-nav-menu--main elementor-nav-menu__container elementor-nav-menu--layout-vertical e--pointer-underline e--animation-fade\">\n\t\t\t\t<ul id=\"menu-1-dccef56\" class=\"elementor-nav-menu sm-vertical\"> <li class=\"menu-item menu-item-type-post_type menu-item-object-page menu-item-12036\"> <a href=\"https:\/\/bouda.webfusion.dev\/en\/rental-summer\/mountain-bike\/\" class=\"elementor-item\">Mountain bike<\/a> <\/li>\n<li class=\"menu-item menu-item-type-post_type menu-item-object-page menu-item-12037\"> <a href=\"https:\/\/bouda.webfusion.dev\/en\/rental-summer\/scooter\/\" class=\"elementor-item\">Scooter<\/a> <\/li>\n<li class=\"menu-item menu-item-type-post_type menu-item-object-page menu-item-12038\"> <a href=\"https:\/\/bouda.webfusion.dev\/en\/rental-summer\/multifunctional-playground\/\" class=\"elementor-item\">Multifunctional playground<\/a> <\/li>\n<li class=\"menu-item menu-item-type-post_type menu-item-object-page menu-item-12039\"> <a href=\"https:\/\/bouda.webfusion.dev\/en\/rental-summer\/ball\/\" class=\"elementor-item\">Ball<\/a> <\/li>\n<li class=\"menu-item menu-item-type-post_type menu-item-object-page menu-item-12040\"> <a href=\"https:\/\/bouda.webfusion.dev\/en\/rental-summer\/tennis\/\" class=\"elementor-item\">Tennis<\/a> <\/li>\n<li class=\"menu-item menu-item-type-post_type menu-item-object-page menu-item-12041\"> <a href=\"https:\/\/bouda.webfusion.dev\/en\/rental-summer\/minigolf\/\" class=\"elementor-item\">Minigolf<\/a> <\/li>\n<li class=\"menu-item menu-item-type-post_type menu-item-object-page menu-item-12042\"> <a href=\"https:\/\/bouda.webfusion.dev\/en\/rental-summer\/price-list\/\" class=\"elementor-item\">Price list<\/a> <\/li>\n<\/ul>\t\t\t<\/nav>\n\t\t\t\t\t\t<nav class=\"elementor-nav-menu--dropdown elementor-nav-menu__container\" aria-hidden=\"true\">\n\t\t\t\t<ul id=\"menu-2-dccef56\" class=\"elementor-nav-menu sm-vertical\"> <li class=\"menu-item menu-item-type-post_type menu-item-object-page menu-item-12036\"> <a href=\"https:\/\/bouda.webfusion.dev\/en\/rental-summer\/mountain-bike\/\" class=\"elementor-item\" tabindex=\"-1\">Mountain bike<\/a> <\/li>\n<li class=\"menu-item menu-item-type-post_type menu-item-object-page menu-item-12037\"> <a href=\"https:\/\/bouda.webfusion.dev\/en\/rental-summer\/scooter\/\" class=\"elementor-item\" tabindex=\"-1\">Scooter<\/a> <\/li>\n<li class=\"menu-item menu-item-type-post_type menu-item-object-page menu-item-12038\"> <a href=\"https:\/\/bouda.webfusion.dev\/en\/rental-summer\/multifunctional-playground\/\" class=\"elementor-item\" tabindex=\"-1\">Multifunctional playground<\/a> <\/li>\n<li class=\"menu-item menu-item-type-post_type menu-item-object-page menu-item-12039\"> <a href=\"https:\/\/bouda.webfusion.dev\/en\/rental-summer\/ball\/\" class=\"elementor-item\" tabindex=\"-1\">Ball<\/a> <\/li>\n<li class=\"menu-item menu-item-type-post_type menu-item-object-page menu-item-12040\"> <a href=\"https:\/\/bouda.webfusion.dev\/en\/rental-summer\/tennis\/\" class=\"elementor-item\" tabindex=\"-1\">Tennis<\/a> <\/li>\n<li class=\"menu-item menu-item-type-post_type menu-item-object-page menu-item-12041\"> <a href=\"https:\/\/bouda.webfusion.dev\/en\/rental-summer\/minigolf\/\" class=\"elementor-item\" tabindex=\"-1\">Minigolf<\/a> <\/li>\n<li class=\"menu-item menu-item-type-post_type menu-item-object-page menu-item-12042\"> <a href=\"https:\/\/bouda.webfusion.dev\/en\/rental-summer\/price-list\/\" class=\"elementor-item\" tabindex=\"-1\">Price list<\/a> <\/li>\n<\/ul>\t\t\t<\/nav>\n\t\t\t\t\t\t<\/div>\n\t\t\t\t<\/div>\n\t\t\t\t<section class=\"elementor-section elementor-inner-section elementor-element elementor-element-29e8cc71 cspt-col-stretched-none cspt-bg-color-over-image elementor-section-boxed elementor-section-height-default elementor-section-height-default elementor-invisible\" data-id=\"29e8cc71\" data-element_type=\"section\" data-e-type=\"section\" data-settings=\"{&quot;sticky&quot;:&quot;top&quot;,&quot;sticky_offset&quot;:125,&quot;sticky_parent&quot;:&quot;yes&quot;,&quot;animation&quot;:&quot;fadeIn&quot;,&quot;sticky_on&quot;:[&quot;desktop&quot;,&quot;tablet&quot;,&quot;mobile&quot;],&quot;sticky_effects_offset&quot;:0,&quot;sticky_anchor_link_offset&quot;:0}\">\n\t\t\t\t\t\t<div class=\"elementor-container elementor-column-gap-default\">\n\t\t\t\t\t<div class=\"elementor-column elementor-col-100 elementor-inner-column elementor-element elementor-element-4c1e32dd cspt-bg-color-over-image\" data-id=\"4c1e32dd\" data-element_type=\"column\" data-e-type=\"column\">\n\t\t\t<div class=\"elementor-widget-wrap\">\n\t\t\t\t\t\t\t<\/div>\n\t\t<\/div>\n\t\t\t\t\t<\/div>\n\t\t<\/section>\n\t\t\t\t\t<\/div>\n\t\t<\/div>\n\t\t\t\t<div class=\"elementor-column elementor-col-50 elementor-top-column elementor-element elementor-element-2cdca698 cspt-bg-color-over-image\" data-id=\"2cdca698\" data-element_type=\"column\" data-e-type=\"column\">\n\t\t\t<div class=\"elementor-widget-wrap elementor-element-populated\">\n\t\t\t\t\t\t<section class=\"elementor-section elementor-inner-section elementor-element elementor-element-68d8249 cspt-col-stretched-none cspt-bg-color-over-image elementor-section-boxed elementor-section-height-default elementor-section-height-default\" data-id=\"68d8249\" data-element_type=\"section\" data-e-type=\"section\">\n\t\t\t\t\t\t<div class=\"elementor-container elementor-column-gap-default\">\n\t\t\t\t\t<div class=\"elementor-column elementor-col-50 elementor-inner-column elementor-element elementor-element-45c8f3da cspt-bg-color-over-image\" data-id=\"45c8f3da\" data-element_type=\"column\" data-e-type=\"column\">\n\t\t\t<div class=\"elementor-widget-wrap elementor-element-populated\">\n\t\t\t\t\t\t<div class=\"elementor-element elementor-element-74fcc936 cspt-align-left elementor-widget elementor-widget-cspt_heading\" data-id=\"74fcc936\" data-element_type=\"widget\" data-e-type=\"widget\" data-widget_type=\"cspt_heading.default\">\n\t\t\t\t<div class=\"elementor-widget-container\">\n\t\t\t\t\t\t<div class=\"cspt-heading-subheading left-align cspt-reverse-heading-yes\"><h4 class=\"cspt-element-subtitle\">\r\n\t\t\t\r\n\t\t\t\tRental\r\n\t\t\t\r\n\t\t\t<\/h4>\r\n\t\t<h2 class=\"cspt-element-title\">\r\n\t\t\t\r\n\t\t\t\tBall\r\n\t\t\t\r\n\t\t\t<\/h2>\r\n\t\t<\/div>\t\t\t\t<\/div>\n\t\t\t\t<\/div>\n\t\t\t\t<div class=\"elementor-element elementor-element-333671e0 elementor-widget elementor-widget-text-editor\" data-id=\"333671e0\" data-element_type=\"widget\" data-e-type=\"widget\" data-widget_type=\"text-editor.default\">\n\t\t\t\t<div class=\"elementor-widget-container\">\n\t\t\t\t\t\t\t\t\t<p>Ball games equipment can be rented at the reception in the main building of the Wellness Resort Bouda Mal\u00e1 \u00dapa.<\/p>\n<p>We offer balls for soccer, volleyball, football, tennis&#8230;<\/p>\n\t\t\t\t\t\t\t\t<\/div>\n\t\t\t\t<\/div>\n\t\t\t\t<div class=\"elementor-element elementor-element-2e3fa90c elementor-align-left cspt-btn-color-globalcolor cspt-btn-style-flat cspt-btn-shape-square elementor-widget elementor-widget-button\" data-id=\"2e3fa90c\" data-element_type=\"widget\" data-e-type=\"widget\" data-widget_type=\"button.default\">\n\t\t\t\t<div class=\"elementor-widget-container\">\n\t\t\t\t\t\t\t\t\t<div class=\"elementor-button-wrapper\">\n\t\t\t\t\t<a class=\"elementor-button elementor-button-link elementor-size-sm\" href=\"https:\/\/bouda.webfusion.dev\/pujcovna-leto\/cenik#mic\">\n\t\t\t\t\t\t<span class=\"elementor-button-content-wrapper\">\n\t\t\t\t\t\t<span class=\"elementor-button-icon\">\n\t\t\t\t<i aria-hidden=\"true\" class=\"sgicon sgicon-Arrow\"><\/i>\t\t\t<\/span>\n\t\t\t\t\t\t\t\t\t<span class=\"elementor-button-text\">Price list<\/span>\n\t\t\t\t\t<\/span>\n\t\t\t\t\t<\/a>\n\t\t\t\t<\/div>\n\t\t\t\t\t\t\t\t<\/div>\n\t\t\t\t<\/div>\n\t\t\t\t\t<\/div>\n\t\t<\/div>\n\t\t\t\t<div class=\"elementor-column elementor-col-50 elementor-inner-column elementor-element elementor-element-690033d3 sidebar-apartman cspt-bg-color-over-image\" data-id=\"690033d3\" data-element_type=\"column\" data-e-type=\"column\">\n\t\t\t<div class=\"elementor-widget-wrap elementor-element-populated\">\n\t\t\t\t\t\t<div class=\"elementor-element elementor-element-ed42b4c elementor-align-justify cspt-btn-color-globalcolor cspt-btn-style-flat cspt-btn-shape-square elementor-widget elementor-widget-button\" data-id=\"ed42b4c\" data-element_type=\"widget\" data-e-type=\"widget\" data-widget_type=\"button.default\">\n\t\t\t\t<div class=\"elementor-widget-container\">\n\t\t\t\t\t\t\t\t\t<div class=\"elementor-button-wrapper\">\n\t\t\t\t\t<a class=\"elementor-button elementor-button-link elementor-size-sm\" href=\"https:\/\/bouda.webfusion.dev\/en\/?page_id=8496\">\n\t\t\t\t\t\t<span class=\"elementor-button-content-wrapper\">\n\t\t\t\t\t\t<span class=\"elementor-button-icon\">\n\t\t\t\t<i aria-hidden=\"true\" class=\"sgicon sgicon-Arrow\"><\/i>\t\t\t<\/span>\n\t\t\t\t\t\t\t\t\t<span class=\"elementor-button-text\">BOOKING<\/span>\n\t\t\t\t\t<\/span>\n\t\t\t\t\t<\/a>\n\t\t\t\t<\/div>\n\t\t\t\t\t\t\t\t<\/div>\n\t\t\t\t<\/div>\n\t\t\t\t<div class=\"elementor-element elementor-element-595772d8 kontakty cspt-align-left elementor-widget elementor-widget-cspt_multiple_icon_heading\" data-id=\"595772d8\" data-element_type=\"widget\" data-e-type=\"widget\" data-widget_type=\"cspt_multiple_icon_heading.default\">\n\t\t\t\t<div class=\"elementor-widget-container\">\n\t\t\t\t\t<div class=\"creativesplanet-element creativesplanet-element-miconheading cspt-element-miconheading-style-11 creativesplanet-element-viewtype-row-column cspt-infinite-scroll-no cspt-infinite-scroll-button-no\" data-cpt=\"miconheading\" data-totalpagination=\"1\" data-style=\"11\" data-show=\"3\" data-columns=\"3\" data-loop=\"false\" data-autoplay=\"false\" data-center=\"false\" data-nav=\"false\" data-dots=\"false\" data-autoplayspeed=\"1000\" data-margin=\"\"><div class=\"creativesplanet-element-inner\">\r\n\t\t<div class=\"cspt-ele-header-area\">\r\n\t\t\t\t<div class=\"cspt-heading-subheading left-align \"><\/div>\t\t<\/div>\r\n\r\n\t\t<div class=\"cspt-element-posts-wrapper row multi-columns-row\">\r\n\r\n\t\t<article class=\"cspt-ele cspt-ele-miconheading cspt-miconheading-style-11 col-md-4   \"><div class=\"cspt-ihbox cspt-ihbox-style-11\"><div class=\"cspt-ihbox-icon\"><div class=\"cspt-ihbox-icon-wrapper\"><i class=\"cspt-leblix-icon cspt-leblix-icon-location\"><\/i><\/div><\/div><div class=\"cspt-ihbox-contents\">\t\r\n\t\t<h2 class=\"cspt-element-title\">\r\n\t\t\t\t\r\n\t\t\t\t\tAddress\r\n\t\t\t\t\r\n\t\t\t\t<\/h2>\r\n\t\t\t\t\r\n\t\t\t\t<div class=\"cspt-heading-desc\">Horn\u00ed Mal\u00e1 \u00dapa 136,<br> \n542 27 Mal\u00e1 \u00dapa <\/div>\t\t<\/div><!-- .cspt-ihbox-contents -->\r\n<\/div><\/article><article class=\"cspt-ele cspt-ele-miconheading cspt-miconheading-style-11 col-md-4   \"><div class=\"cspt-ihbox cspt-ihbox-style-11\"><div class=\"cspt-ihbox-icon\"><div class=\"cspt-ihbox-icon-wrapper\"><i class=\"cspt-leblix-icon cspt-leblix-icon-mail\"><\/i><\/div><\/div><div class=\"cspt-ihbox-contents\">\t\r\n\t\t<h2 class=\"cspt-element-title\">\r\n\t\t\t\t\r\n\t\t\t\t\tE-mail\r\n\t\t\t\t\r\n\t\t\t\t<\/h2>\r\n\t\t\t\t\r\n\t\t\t\t<div class=\"cspt-heading-desc\">info@boudamalaupa.cz<\/div>\t\t<div class=\"cspt-ihbox-btn\"><a href=\"mailto:info@boudamalaupa.cz\"><span>Send e-mail<\/span><\/a><\/div><\/div><!-- .cspt-ihbox-contents -->\r\n<\/div><\/article><article class=\"cspt-ele cspt-ele-miconheading cspt-miconheading-style-11 col-md-4   \"><div class=\"cspt-ihbox cspt-ihbox-style-11\"><div class=\"cspt-ihbox-icon\"><div class=\"cspt-ihbox-icon-wrapper\"><i class=\"cspt-leblix-icon cspt-leblix-icon-telephone\"><\/i><\/div><\/div><div class=\"cspt-ihbox-contents\">\t\r\n\t\t<h2 class=\"cspt-element-title\">\r\n\t\t\t\t\r\n\t\t\t\t\tContact\r\n\t\t\t\t\r\n\t\t\t\t<\/h2>\r\n\t\t\t\t\r\n\t\t\t\t<div class=\"cspt-heading-desc\">+420 739 673 383 <\/div>\t\t<div class=\"cspt-ihbox-btn\"><a href=\"tel:739673383\"><span>Call<\/span><\/a><\/div><\/div><!-- .cspt-ihbox-contents -->\r\n<\/div><\/article>\r\n\t\t<\/div>\r\n\r\n\t\t<\/div><!-- .creativesplanet-element-inner -->   <\/div><!-- .creativesplanet-element -->  \t\t\t\t<\/div>\n\t\t\t\t<\/div>\n\t\t\t\t<div class=\"elementor-element elementor-element-39129e96 elementor-widget elementor-widget-html\" data-id=\"39129e96\" data-element_type=\"widget\" data-e-type=\"widget\" data-widget_type=\"html.default\">\n\t\t\t\t<div class=\"elementor-widget-container\">\n\t\t\t\t\t<iframe style=\"border:none\" src=\"https:\/\/frame.mapy.cz\/s\/depeheboja\" width=\"500\" height=\"500\" frameborder=\"0\"><\/iframe>\t\t\t\t<\/div>\n\t\t\t\t<\/div>\n\t\t\t\t\t<\/div>\n\t\t<\/div>\n\t\t\t\t\t<\/div>\n\t\t<\/section>\n\t\t\t\t\t<\/div>\n\t\t<\/div>\n\t\t\t\t\t<\/div>\n\t\t<\/section>\n\t\t\t\t<div class=\"elementor-section elementor-top-section elementor-element elementor-element-392f51bc elementor-section-stretched elementor-hidden-mobile cspt-col-stretched-none cspt-bg-color-over-image elementor-section-boxed elementor-section-height-default elementor-section-height-default\" data-id=\"392f51bc\" data-element_type=\"section\" data-e-type=\"section\" data-settings=\"{&quot;stretch_section&quot;:&quot;section-stretched&quot;}\">\n\t\t\t\t\t\t\t<div class=\"elementor-background-overlay\"><\/div>\n\t\t\t\t\t\t\t<div class=\"elementor-container elementor-column-gap-no\">\n\t\t\t\t\t<div class=\"elementor-column elementor-col-100 elementor-top-column elementor-element elementor-element-9e647e cspt-bg-color-over-image\" data-id=\"9e647e\" data-element_type=\"column\" data-e-type=\"column\">\n\t\t\t<div class=\"elementor-widget-wrap elementor-element-populated\">\n\t\t\t\t\t\t<div class=\"elementor-element elementor-element-37e94d17 cspt-align-center elementor-widget elementor-widget-cspt_heading\" data-id=\"37e94d17\" data-element_type=\"widget\" data-e-type=\"widget\" data-widget_type=\"cspt_heading.default\">\n\t\t\t\t<div class=\"elementor-widget-container\">\n\t\t\t\t\t\t<div class=\"cspt-heading-subheading center-align cspt-reverse-heading-yes\"><div class=\"cspt-element-title\">\r\n\t\t\t\r\n\t\t\t\tOur partners\r\n\t\t\t\r\n\t\t\t<\/div>\r\n\t\t<\/div>\t\t\t\t<\/div>\n\t\t\t\t<\/div>\n\t\t\t\t<section class=\"elementor-section elementor-inner-section elementor-element elementor-element-715f7054 cspt-col-stretched-none cspt-bg-color-over-image elementor-section-boxed elementor-section-height-default elementor-section-height-default\" data-id=\"715f7054\" data-element_type=\"section\" data-e-type=\"section\">\n\t\t\t\t\t\t<div class=\"elementor-container elementor-column-gap-default\">\n\t\t\t\t\t<div class=\"elementor-column elementor-col-20 elementor-inner-column elementor-element elementor-element-7fe72e1e cspt-bg-color-over-image\" data-id=\"7fe72e1e\" data-element_type=\"column\" data-e-type=\"column\">\n\t\t\t<div class=\"elementor-widget-wrap elementor-element-populated\">\n\t\t\t\t\t\t<div class=\"elementor-element elementor-element-69a9f282 elementor-widget elementor-widget-image\" data-id=\"69a9f282\" data-element_type=\"widget\" data-e-type=\"widget\" data-widget_type=\"image.default\">\n\t\t\t\t<div class=\"elementor-widget-container\">\n\t\t\t\t\t\t\t\t\t\t\t\t\t\t\t<img decoding=\"async\" width=\"300\" height=\"150\" src=\"https:\/\/bouda.webfusion.dev\/wp-content\/uploads\/2022\/06\/bp-logo.png\" class=\"attachment-full size-full wp-image-7630\" alt=\"\">\t\t\t\t\t\t\t\t\t\t\t\t\t\t\t<\/div>\n\t\t\t\t<\/div>\n\t\t\t\t\t<\/div>\n\t\t<\/div>\n\t\t\t\t<div class=\"elementor-column elementor-col-20 elementor-inner-column elementor-element elementor-element-482a257e cspt-bg-color-over-image\" data-id=\"482a257e\" data-element_type=\"column\" data-e-type=\"column\">\n\t\t\t<div class=\"elementor-widget-wrap elementor-element-populated\">\n\t\t\t\t\t\t<div class=\"elementor-element elementor-element-52625477 elementor-widget elementor-widget-image\" data-id=\"52625477\" data-element_type=\"widget\" data-e-type=\"widget\" data-widget_type=\"image.default\">\n\t\t\t\t<div class=\"elementor-widget-container\">\n\t\t\t\t\t\t\t\t\t\t\t\t\t\t\t<img decoding=\"async\" width=\"300\" height=\"150\" src=\"https:\/\/bouda.webfusion.dev\/wp-content\/uploads\/2019\/06\/ski-upa.png\" class=\"attachment-full size-full wp-image-6694\" alt=\"\">\t\t\t\t\t\t\t\t\t\t\t\t\t\t\t<\/div>\n\t\t\t\t<\/div>\n\t\t\t\t\t<\/div>\n\t\t<\/div>\n\t\t\t\t<div class=\"elementor-column elementor-col-20 elementor-inner-column elementor-element elementor-element-1799353f cspt-bg-color-over-image\" data-id=\"1799353f\" data-element_type=\"column\" data-e-type=\"column\">\n\t\t\t<div class=\"elementor-widget-wrap elementor-element-populated\">\n\t\t\t\t\t\t<div class=\"elementor-element elementor-element-687809d0 elementor-widget elementor-widget-image\" data-id=\"687809d0\" data-element_type=\"widget\" data-e-type=\"widget\" data-widget_type=\"image.default\">\n\t\t\t\t<div class=\"elementor-widget-container\">\n\t\t\t\t\t\t\t\t\t\t\t\t\t\t\t<img decoding=\"async\" width=\"300\" height=\"150\" src=\"https:\/\/bouda.webfusion.dev\/wp-content\/uploads\/2019\/06\/upa-ski.png\" class=\"attachment-full size-full wp-image-6697\" alt=\"\">\t\t\t\t\t\t\t\t\t\t\t\t\t\t\t<\/div>\n\t\t\t\t<\/div>\n\t\t\t\t\t<\/div>\n\t\t<\/div>\n\t\t\t\t<div class=\"elementor-column elementor-col-20 elementor-inner-column elementor-element elementor-element-3fc8256d cspt-bg-color-over-image\" data-id=\"3fc8256d\" data-element_type=\"column\" data-e-type=\"column\">\n\t\t\t<div class=\"elementor-widget-wrap elementor-element-populated\">\n\t\t\t\t\t\t<div class=\"elementor-element elementor-element-d91a0b7 elementor-widget elementor-widget-image\" data-id=\"d91a0b7\" data-element_type=\"widget\" data-e-type=\"widget\" data-widget_type=\"image.default\">\n\t\t\t\t<div class=\"elementor-widget-container\">\n\t\t\t\t\t\t\t\t\t\t\t\t\t\t\t<img loading=\"lazy\" decoding=\"async\" width=\"300\" height=\"150\" src=\"https:\/\/bouda.webfusion.dev\/wp-content\/uploads\/2019\/06\/pivovar.png\" class=\"attachment-full size-full wp-image-6691\" alt=\"\">\t\t\t\t\t\t\t\t\t\t\t\t\t\t\t<\/div>\n\t\t\t\t<\/div>\n\t\t\t\t\t<\/div>\n\t\t<\/div>\n\t\t\t\t<div class=\"elementor-column elementor-col-20 elementor-inner-column elementor-element elementor-element-75f78090 cspt-bg-color-over-image\" data-id=\"75f78090\" data-element_type=\"column\" data-e-type=\"column\">\n\t\t\t<div class=\"elementor-widget-wrap elementor-element-populated\">\n\t\t\t\t\t\t<div class=\"elementor-element elementor-element-4dc0a60f elementor-widget elementor-widget-image\" data-id=\"4dc0a60f\" data-element_type=\"widget\" data-e-type=\"widget\" data-widget_type=\"image.default\">\n\t\t\t\t<div class=\"elementor-widget-container\">\n\t\t\t\t\t\t\t\t\t\t\t\t\t\t\t<img loading=\"lazy\" decoding=\"async\" width=\"300\" height=\"150\" src=\"https:\/\/bouda.webfusion.dev\/wp-content\/uploads\/2019\/06\/nevecom.png\" class=\"attachment-full size-full wp-image-6688\" alt=\"\">\t\t\t\t\t\t\t\t\t\t\t\t\t\t\t<\/div>\n\t\t\t\t<\/div>\n\t\t\t\t\t<\/div>\n\t\t<\/div>\n\t\t\t\t\t<\/div>\n\t\t<\/section>\n\t\t\t\t\t<\/div>\n\t\t<\/div>\n\t\t\t\t\t<\/div>\n\t\t<\/div>\n\t\t\t\t<\/div>\n\t\t","protected":false},"excerpt":{"rendered":"<p>Rental Ball Ball games equipment can be rented at the reception in the main building of the Wellness Resort Bouda Mal\u00e1 \u00dapa. We offer balls for soccer, volleyball, football, tennis&#8230; Price list BOOKING Address Horn\u00ed Mal\u00e1 \u00dapa 136, 542 27 Mal\u00e1 \u00dapa E-mail info@boudamalaupa.cz Send e-mail Contact +420 739 673 383 Call Our partners<\/p>\n","protected":false},"author":1,"featured_media":0,"parent":8986,"menu_order":0,"comment_status":"closed","ping_status":"closed","template":"","meta":{"_acf_changed":false,"footnotes":""},"class_list":["post-9053","page","type-page","status-publish","hentry"],"acf":[],"_links":{"self":[{"href":"https:\/\/bouda.webfusion.dev\/en\/wp-json\/wp\/v2\/pages\/9053","targetHints":{"allow":["GET"]}}],"collection":[{"href":"https:\/\/bouda.webfusion.dev\/en\/wp-json\/wp\/v2\/pages"}],"about":[{"href":"https:\/\/bouda.webfusion.dev\/en\/wp-json\/wp\/v2\/types\/page"}],"author":[{"embeddable":true,"href":"https:\/\/bouda.webfusion.dev\/en\/wp-json\/wp\/v2\/users\/1"}],"replies":[{"embeddable":true,"href":"https:\/\/bouda.webfusion.dev\/en\/wp-json\/wp\/v2\/comments?post=9053"}],"version-history":[{"count":0,"href":"https:\/\/bouda.webfusion.dev\/en\/wp-json\/wp\/v2\/pages\/9053\/revisions"}],"up":[{"embeddable":true,"href":"https:\/\/bouda.webfusion.dev\/en\/wp-json\/wp\/v2\/pages\/8986"}],"wp:attachment":[{"href":"https:\/\/bouda.webfusion.dev\/en\/wp-json\/wp\/v2\/media?parent=9053"}],"curies":[{"name":"wp","href":"https:\/\/api.w.org\/{rel}","templated":true}]}}