{"id":9798,"date":"2022-05-08T19:40:07","date_gmt":"2022-05-08T17:40:07","guid":{"rendered":"https:\/\/bouda.webfusion.dev\/rental-winter\/cross-country-skiing\/"},"modified":"2024-10-16T20:48:16","modified_gmt":"2024-10-16T18:48:16","slug":"cross-country-skiing","status":"publish","type":"page","link":"https:\/\/bouda.webfusion.dev\/en\/rental-winter\/cross-country-skiing\/","title":{"rendered":"Cross-country skiing"},"content":{"rendered":"\t\t<div data-elementor-type=\"wp-page\" data-elementor-id=\"9798\" class=\"elementor elementor-9798 elementor-1283\" data-elementor-post-type=\"page\">\n\t\t\t\t\t\t<section class=\"elementor-section elementor-top-section elementor-element elementor-element-6d1f2360 cspt-col-stretched-none cspt-bg-color-over-image elementor-section-boxed elementor-section-height-default elementor-section-height-default\" data-id=\"6d1f2360\" data-element_type=\"section\" data-e-type=\"section\">\n\t\t\t\t\t\t\t<div class=\"elementor-background-overlay\"><\/div>\n\t\t\t\t\t\t\t<div class=\"elementor-container elementor-column-gap-default\">\n\t\t\t\t\t<div class=\"elementor-column elementor-col-50 elementor-top-column elementor-element elementor-element-42e4aee5 cspt-bg-color-over-image\" data-id=\"42e4aee5\" data-element_type=\"column\" data-e-type=\"column\">\n\t\t\t<div class=\"elementor-widget-wrap elementor-element-populated\">\n\t\t\t\t\t\t<div class=\"elementor-element elementor-element-2691a5f5 elementor-nav-menu__align-start elementor-nav-menu--dropdown-none sidebar-menu elementor-widget elementor-widget-nav-menu\" data-id=\"2691a5f5\" data-element_type=\"widget\" data-e-type=\"widget\" data-settings=\"{&quot;layout&quot;:&quot;vertical&quot;,&quot;sticky&quot;:&quot;top&quot;,&quot;sticky_on&quot;:[&quot;desktop&quot;],&quot;sticky_offset&quot;:120,&quot;sticky_parent&quot;:&quot;yes&quot;,&quot;submenu_icon&quot;:{&quot;value&quot;:&quot;&lt;i class=\\&quot;fas fa-caret-down\\&quot; aria-hidden=\\&quot;true\\&quot;&gt;&lt;\\\/i&gt;&quot;,&quot;library&quot;:&quot;fa-solid&quot;},&quot;sticky_effects_offset&quot;:0,&quot;sticky_anchor_link_offset&quot;:0}\" data-widget_type=\"nav-menu.default\">\n\t\t\t\t<div class=\"elementor-widget-container\">\n\t\t\t\t\t\t\t\t<nav aria-label=\"Menu\" class=\"elementor-nav-menu--main elementor-nav-menu__container elementor-nav-menu--layout-vertical e--pointer-underline e--animation-fade\">\n\t\t\t\t<ul id=\"menu-1-2691a5f5\" class=\"elementor-nav-menu sm-vertical\"> <li class=\"menu-item menu-item-type-post_type menu-item-object-page menu-item-11982\"> <a href=\"https:\/\/bouda.webfusion.dev\/en\/rental-winter\/ski\/\" class=\"elementor-item\">Ski<\/a> <\/li>\n<li class=\"menu-item menu-item-type-post_type menu-item-object-page menu-item-11983\"> <a href=\"https:\/\/bouda.webfusion.dev\/en\/rental-winter\/cross-country-skiing\/\" class=\"elementor-item\">Cross-country skiing<\/a> <\/li>\n<li class=\"menu-item menu-item-type-post_type menu-item-object-page menu-item-11984\"> <a href=\"https:\/\/bouda.webfusion.dev\/en\/rental-winter\/snowboard\/\" class=\"elementor-item\">Snowboard<\/a> <\/li>\n<li class=\"menu-item menu-item-type-post_type menu-item-object-page menu-item-11985\"> <a href=\"https:\/\/bouda.webfusion.dev\/en\/rental-winter\/snowblade\/\" class=\"elementor-item\">Snowblade<\/a> <\/li>\n<li class=\"menu-item menu-item-type-post_type menu-item-object-page menu-item-11986\"> <a href=\"https:\/\/bouda.webfusion.dev\/en\/rental-winter\/sled\/\" class=\"elementor-item\">Sled<\/a> <\/li>\n<li class=\"menu-item menu-item-type-post_type menu-item-object-page menu-item-11987\"> <a href=\"https:\/\/bouda.webfusion.dev\/en\/rental-winter\/ski-school\/\" class=\"elementor-item\">Ski school<\/a> <\/li>\n<li class=\"menu-item menu-item-type-post_type menu-item-object-page menu-item-12002\"> <a href=\"https:\/\/bouda.webfusion.dev\/en\/rental-winter\/price-list\/\" class=\"elementor-item\">Price list<\/a> <\/li>\n<\/ul>\t\t\t<\/nav>\n\t\t\t\t\t\t<nav class=\"elementor-nav-menu--dropdown elementor-nav-menu__container\" aria-hidden=\"true\">\n\t\t\t\t<ul id=\"menu-2-2691a5f5\" class=\"elementor-nav-menu sm-vertical\"> <li class=\"menu-item menu-item-type-post_type menu-item-object-page menu-item-11982\"> <a href=\"https:\/\/bouda.webfusion.dev\/en\/rental-winter\/ski\/\" class=\"elementor-item\" tabindex=\"-1\">Ski<\/a> <\/li>\n<li class=\"menu-item menu-item-type-post_type menu-item-object-page menu-item-11983\"> <a href=\"https:\/\/bouda.webfusion.dev\/en\/rental-winter\/cross-country-skiing\/\" class=\"elementor-item\" tabindex=\"-1\">Cross-country skiing<\/a> <\/li>\n<li class=\"menu-item menu-item-type-post_type menu-item-object-page menu-item-11984\"> <a href=\"https:\/\/bouda.webfusion.dev\/en\/rental-winter\/snowboard\/\" class=\"elementor-item\" tabindex=\"-1\">Snowboard<\/a> <\/li>\n<li class=\"menu-item menu-item-type-post_type menu-item-object-page menu-item-11985\"> <a href=\"https:\/\/bouda.webfusion.dev\/en\/rental-winter\/snowblade\/\" class=\"elementor-item\" tabindex=\"-1\">Snowblade<\/a> <\/li>\n<li class=\"menu-item menu-item-type-post_type menu-item-object-page menu-item-11986\"> <a href=\"https:\/\/bouda.webfusion.dev\/en\/rental-winter\/sled\/\" class=\"elementor-item\" tabindex=\"-1\">Sled<\/a> <\/li>\n<li class=\"menu-item menu-item-type-post_type menu-item-object-page menu-item-11987\"> <a href=\"https:\/\/bouda.webfusion.dev\/en\/rental-winter\/ski-school\/\" class=\"elementor-item\" tabindex=\"-1\">Ski school<\/a> <\/li>\n<li class=\"menu-item menu-item-type-post_type menu-item-object-page menu-item-12002\"> <a href=\"https:\/\/bouda.webfusion.dev\/en\/rental-winter\/price-list\/\" class=\"elementor-item\" tabindex=\"-1\">Price list<\/a> <\/li>\n<\/ul>\t\t\t<\/nav>\n\t\t\t\t\t\t<\/div>\n\t\t\t\t<\/div>\n\t\t\t\t<section class=\"elementor-section elementor-inner-section elementor-element elementor-element-5a49a32d cspt-col-stretched-none cspt-bg-color-over-image elementor-section-boxed elementor-section-height-default elementor-section-height-default elementor-invisible\" data-id=\"5a49a32d\" data-element_type=\"section\" data-e-type=\"section\" data-settings=\"{&quot;sticky&quot;:&quot;top&quot;,&quot;sticky_offset&quot;:125,&quot;sticky_parent&quot;:&quot;yes&quot;,&quot;animation&quot;:&quot;fadeIn&quot;,&quot;sticky_on&quot;:[&quot;desktop&quot;,&quot;tablet&quot;,&quot;mobile&quot;],&quot;sticky_effects_offset&quot;:0,&quot;sticky_anchor_link_offset&quot;:0}\">\n\t\t\t\t\t\t<div class=\"elementor-container elementor-column-gap-default\">\n\t\t\t\t\t<div class=\"elementor-column elementor-col-100 elementor-inner-column elementor-element elementor-element-125799b9 cspt-bg-color-over-image\" data-id=\"125799b9\" data-element_type=\"column\" data-e-type=\"column\">\n\t\t\t<div class=\"elementor-widget-wrap\">\n\t\t\t\t\t\t\t<\/div>\n\t\t<\/div>\n\t\t\t\t\t<\/div>\n\t\t<\/section>\n\t\t\t\t\t<\/div>\n\t\t<\/div>\n\t\t\t\t<div class=\"elementor-column elementor-col-50 elementor-top-column elementor-element elementor-element-5b13e1f6 cspt-bg-color-over-image\" data-id=\"5b13e1f6\" data-element_type=\"column\" data-e-type=\"column\">\n\t\t\t<div class=\"elementor-widget-wrap elementor-element-populated\">\n\t\t\t\t\t\t<section class=\"elementor-section elementor-inner-section elementor-element elementor-element-3239e286 cspt-col-stretched-none cspt-bg-color-over-image elementor-section-boxed elementor-section-height-default elementor-section-height-default\" data-id=\"3239e286\" data-element_type=\"section\" data-e-type=\"section\">\n\t\t\t\t\t\t<div class=\"elementor-container elementor-column-gap-default\">\n\t\t\t\t\t<div class=\"elementor-column elementor-col-50 elementor-inner-column elementor-element elementor-element-815cf3d cspt-bg-color-over-image\" data-id=\"815cf3d\" data-element_type=\"column\" data-e-type=\"column\">\n\t\t\t<div class=\"elementor-widget-wrap elementor-element-populated\">\n\t\t\t\t\t\t<div class=\"elementor-element elementor-element-90cd246 elementor-alert-danger elementor-widget elementor-widget-alert\" data-id=\"90cd246\" data-element_type=\"widget\" data-e-type=\"widget\" data-widget_type=\"alert.default\">\n\t\t\t\t<div class=\"elementor-widget-container\">\n\t\t\t\t\t\t\t<div class=\"elementor-alert\" role=\"alert\">\n\n\t\t\t\t\t\t<span class=\"elementor-alert-title\">Winter rental for staying guests only. Thank you for your understanding.<\/span>\n\t\t\t\n\t\t\t\n\t\t\t\t\t\t<button type=\"button\" class=\"elementor-alert-dismiss\" aria-label=\"Dismiss this alert.\">\n\t\t\t\t\t\t\t\t\t<span aria-hidden=\"true\">&times;<\/span>\n\t\t\t\t\t\t\t<\/button>\n\t\t\t\n\t\t<\/div>\n\t\t\t\t\t\t<\/div>\n\t\t\t\t<\/div>\n\t\t\t\t<div class=\"elementor-element elementor-element-4013f3e7 cspt-align-left elementor-widget elementor-widget-cspt_heading\" data-id=\"4013f3e7\" data-element_type=\"widget\" data-e-type=\"widget\" data-widget_type=\"cspt_heading.default\">\n\t\t\t\t<div class=\"elementor-widget-container\">\n\t\t\t\t\t\t<div class=\"cspt-heading-subheading left-align cspt-reverse-heading-yes\"><h4 class=\"cspt-element-subtitle\">\r\n\t\t\t\r\n\t\t\t\tRental\n\r\n\t\t\t\r\n\t\t\t<\/h4>\r\n\t\t<h2 class=\"cspt-element-title\">\r\n\t\t\t\r\n\t\t\t\tCross-country skis\n\r\n\t\t\t\r\n\t\t\t<\/h2>\r\n\t\t<\/div>\t\t\t\t<\/div>\n\t\t\t\t<\/div>\n\t\t\t\t<div class=\"elementor-element elementor-element-1e9a5050 elementor-widget elementor-widget-text-editor\" data-id=\"1e9a5050\" data-element_type=\"widget\" data-e-type=\"widget\" data-widget_type=\"text-editor.default\">\n\t\t\t\t<div class=\"elementor-widget-container\">\n\t\t\t\t\t\t\t\t\t<p>The surroundings of the Wellness Resort Bouda Mal\u00e1 \u00dapa offer ideal cross-country skiing locations. The routes are not difficult and are <strong>suitable for children<\/strong>, older sports enthusiasts or beginners.<\/p><p><img decoding=\"async\" class=\"alignleft size-full wp-image-1290\" src=\"https:\/\/bouda.webfusion.dev\/wp-content\/uploads\/2022\/05\/km.jpg\" alt=\"\" width=\"87\" height=\"116\"><\/p><p>Thanks to its location on the ridge of the Giant Mountains, Mal\u00e1 \u00dapa is a popular destination for cross-country skiers who find beautiful terrains in the surroundings. <strong>Mal\u00e1 \u00dapa is located on the Giant Mountains Highway<\/strong> connecting the western and eastern Giant Mountains. The trails are adjusted twice a week according to snow and weather conditions, some of the cross-country trails are even adjusted daily. In our rental shop in the <strong>Wellness Resort Bouda Mal\u00e1 \u00dapa<\/strong>, there is something for everyone. Small or large. Beginner or experienced matador. The whole family and the racers.<\/p>\t\t\t\t\t\t\t\t<\/div>\n\t\t\t\t<\/div>\n\t\t\t\t<div class=\"elementor-element elementor-element-df1c9a8 elementor-align-left cspt-btn-color-globalcolor cspt-btn-style-flat cspt-btn-shape-square elementor-widget elementor-widget-button\" data-id=\"df1c9a8\" data-element_type=\"widget\" data-e-type=\"widget\" data-widget_type=\"button.default\">\n\t\t\t\t<div class=\"elementor-widget-container\">\n\t\t\t\t\t\t\t\t\t<div class=\"elementor-button-wrapper\">\n\t\t\t\t\t<a class=\"elementor-button elementor-button-link elementor-size-sm\" href=\"#\">\n\t\t\t\t\t\t<span class=\"elementor-button-content-wrapper\">\n\t\t\t\t\t\t<span class=\"elementor-button-icon\">\n\t\t\t\t<i aria-hidden=\"true\" class=\"sgicon sgicon-Arrow\"><\/i>\t\t\t<\/span>\n\t\t\t\t\t\t\t\t\t<span class=\"elementor-button-text\">More info  <\/span>\n\t\t\t\t\t<\/span>\n\t\t\t\t\t<\/a>\n\t\t\t\t<\/div>\n\t\t\t\t\t\t\t\t<\/div>\n\t\t\t\t<\/div>\n\t\t\t\t<div class=\"elementor-element elementor-element-73858b1c cspt-align-left elementor-widget elementor-widget-cspt_heading\" data-id=\"73858b1c\" data-element_type=\"widget\" data-e-type=\"widget\" data-widget_type=\"cspt_heading.default\">\n\t\t\t\t<div class=\"elementor-widget-container\">\n\t\t\t\t\t\t<div class=\"cspt-heading-subheading left-align cspt-reverse-heading-yes\"><div class=\"cspt-element-title\">\r\n\t\t\t\r\n\t\t\t\tRental opening hours\r\n\t\t\t\r\n\t\t\t<\/div>\r\n\t\t<\/div>\t\t\t\t<\/div>\n\t\t\t\t<\/div>\n\t\t\t\t<div class=\"elementor-element elementor-element-6a2ee1ca seznam-apartmany elementor-icon-list--layout-traditional elementor-list-item-link-full_width elementor-widget elementor-widget-icon-list\" data-id=\"6a2ee1ca\" data-element_type=\"widget\" data-e-type=\"widget\" data-widget_type=\"icon-list.default\">\n\t\t\t\t<div class=\"elementor-widget-container\">\n\t\t\t\t\t\t\t<ul class=\"elementor-icon-list-items\">\n\t\t\t\t\t\t\t<li class=\"elementor-icon-list-item\">\n\t\t\t\t\t\t\t\t\t\t\t<a href=\"#\">\n\n\t\t\t\t\t\t\t\t\t\t\t\t<span class=\"elementor-icon-list-icon\">\n\t\t\t\t\t\t\t<i aria-hidden=\"true\" class=\"far fa-clock\"><\/i>\t\t\t\t\t\t<\/span>\n\t\t\t\t\t\t\t\t\t\t<span class=\"elementor-icon-list-text\">Monday - Sunday: 9am-3pm<\/span>\n\t\t\t\t\t\t\t\t\t\t\t<\/a>\n\t\t\t\t\t\t\t\t\t<\/li>\n\t\t\t\t\t\t\t\t<li class=\"elementor-icon-list-item\">\n\t\t\t\t\t\t\t\t\t\t\t<a href=\"tel:+420732802812\">\n\n\t\t\t\t\t\t\t\t\t\t\t\t<span class=\"elementor-icon-list-icon\">\n\t\t\t\t\t\t\t<i aria-hidden=\"true\" class=\"mdi mdi-call\"><\/i>\t\t\t\t\t\t<\/span>\n\t\t\t\t\t\t\t\t\t\t<span class=\"elementor-icon-list-text\">+420 732 802 812<\/span>\n\t\t\t\t\t\t\t\t\t\t\t<\/a>\n\t\t\t\t\t\t\t\t\t<\/li>\n\t\t\t\t\t\t<\/ul>\n\t\t\t\t\t\t<\/div>\n\t\t\t\t<\/div>\n\t\t\t\t<div class=\"elementor-element elementor-element-1e229200 elementor-align-left cspt-btn-color-globalcolor cspt-btn-style-flat cspt-btn-shape-square elementor-widget elementor-widget-button\" data-id=\"1e229200\" data-element_type=\"widget\" data-e-type=\"widget\" data-widget_type=\"button.default\">\n\t\t\t\t<div class=\"elementor-widget-container\">\n\t\t\t\t\t\t\t\t\t<div class=\"elementor-button-wrapper\">\n\t\t\t\t\t<a class=\"elementor-button elementor-button-link elementor-size-sm\" href=\"https:\/\/bouda.webfusion.dev\/zima\/cenik\/#bezky\">\n\t\t\t\t\t\t<span class=\"elementor-button-content-wrapper\">\n\t\t\t\t\t\t<span class=\"elementor-button-icon\">\n\t\t\t\t<i aria-hidden=\"true\" class=\"sgicon sgicon-Arrow\"><\/i>\t\t\t<\/span>\n\t\t\t\t\t\t\t\t\t<span class=\"elementor-button-text\">Price list<\/span>\n\t\t\t\t\t<\/span>\n\t\t\t\t\t<\/a>\n\t\t\t\t<\/div>\n\t\t\t\t\t\t\t\t<\/div>\n\t\t\t\t<\/div>\n\t\t\t\t\t<\/div>\n\t\t<\/div>\n\t\t\t\t<div class=\"elementor-column elementor-col-50 elementor-inner-column elementor-element elementor-element-211343e3 sidebar-apartman cspt-bg-color-over-image\" data-id=\"211343e3\" data-element_type=\"column\" data-e-type=\"column\">\n\t\t\t<div class=\"elementor-widget-wrap elementor-element-populated\">\n\t\t\t\t\t\t<div class=\"elementor-element elementor-element-4d50fbc1 elementor-align-justify cspt-btn-color-globalcolor cspt-btn-style-flat cspt-btn-shape-square elementor-widget elementor-widget-button\" data-id=\"4d50fbc1\" data-element_type=\"widget\" data-e-type=\"widget\" data-widget_type=\"button.default\">\n\t\t\t\t<div class=\"elementor-widget-container\">\n\t\t\t\t\t\t\t\t\t<div class=\"elementor-button-wrapper\">\n\t\t\t\t\t<a class=\"elementor-button elementor-button-link elementor-size-sm\" href=\"https:\/\/bouda.webfusion.dev\/en\/?page_id=8496\">\n\t\t\t\t\t\t<span class=\"elementor-button-content-wrapper\">\n\t\t\t\t\t\t<span class=\"elementor-button-icon\">\n\t\t\t\t<i aria-hidden=\"true\" class=\"sgicon sgicon-Arrow\"><\/i>\t\t\t<\/span>\n\t\t\t\t\t\t\t\t\t<span class=\"elementor-button-text\">BOOKING<\/span>\n\t\t\t\t\t<\/span>\n\t\t\t\t\t<\/a>\n\t\t\t\t<\/div>\n\t\t\t\t\t\t\t\t<\/div>\n\t\t\t\t<\/div>\n\t\t\t\t<div class=\"elementor-element elementor-element-6e059aa7 kontakty cspt-align-left elementor-widget elementor-widget-cspt_multiple_icon_heading\" data-id=\"6e059aa7\" data-element_type=\"widget\" data-e-type=\"widget\" data-widget_type=\"cspt_multiple_icon_heading.default\">\n\t\t\t\t<div class=\"elementor-widget-container\">\n\t\t\t\t\t<div class=\"creativesplanet-element creativesplanet-element-miconheading cspt-element-miconheading-style-11 creativesplanet-element-viewtype-row-column cspt-infinite-scroll-no cspt-infinite-scroll-button-no\" data-cpt=\"miconheading\" data-totalpagination=\"1\" data-style=\"11\" data-show=\"3\" data-columns=\"3\" data-loop=\"false\" data-autoplay=\"false\" data-center=\"false\" data-nav=\"false\" data-dots=\"false\" data-autoplayspeed=\"1000\" data-margin=\"\"><div class=\"creativesplanet-element-inner\">\r\n\t\t<div class=\"cspt-ele-header-area\">\r\n\t\t\t\t<div class=\"cspt-heading-subheading left-align \"><\/div>\t\t<\/div>\r\n\r\n\t\t<div class=\"cspt-element-posts-wrapper row multi-columns-row\">\r\n\r\n\t\t<article class=\"cspt-ele cspt-ele-miconheading cspt-miconheading-style-11 col-md-4   \"><div class=\"cspt-ihbox cspt-ihbox-style-11\"><div class=\"cspt-ihbox-icon\"><div class=\"cspt-ihbox-icon-wrapper\"><i class=\"cspt-leblix-icon cspt-leblix-icon-location\"><\/i><\/div><\/div><div class=\"cspt-ihbox-contents\">\t\r\n\t\t<h2 class=\"cspt-element-title\">\r\n\t\t\t\t\r\n\t\t\t\t\tAddress\r\n\t\t\t\t\r\n\t\t\t\t<\/h2>\r\n\t\t\t\t\r\n\t\t\t\t<div class=\"cspt-heading-desc\">Horn\u00ed Mal\u00e1 \u00dapa 136,<br> \n542 27 Mal\u00e1 \u00dapa <\/div>\t\t<\/div><!-- .cspt-ihbox-contents -->\r\n<\/div><\/article><article class=\"cspt-ele cspt-ele-miconheading cspt-miconheading-style-11 col-md-4   \"><div class=\"cspt-ihbox cspt-ihbox-style-11\"><div class=\"cspt-ihbox-icon\"><div class=\"cspt-ihbox-icon-wrapper\"><i class=\"cspt-leblix-icon cspt-leblix-icon-mail\"><\/i><\/div><\/div><div class=\"cspt-ihbox-contents\">\t\r\n\t\t<h2 class=\"cspt-element-title\">\r\n\t\t\t\t\r\n\t\t\t\t\tE-mail\r\n\t\t\t\t\r\n\t\t\t\t<\/h2>\r\n\t\t\t\t\r\n\t\t\t\t<div class=\"cspt-heading-desc\">info@boudamalaupa.cz<\/div>\t\t<div class=\"cspt-ihbox-btn\"><a href=\"mailto:info@boudamalaupa.cz\"><span>Send e-mail<\/span><\/a><\/div><\/div><!-- .cspt-ihbox-contents -->\r\n<\/div><\/article><article class=\"cspt-ele cspt-ele-miconheading cspt-miconheading-style-11 col-md-4   \"><div class=\"cspt-ihbox cspt-ihbox-style-11\"><div class=\"cspt-ihbox-icon\"><div class=\"cspt-ihbox-icon-wrapper\"><i class=\"cspt-leblix-icon cspt-leblix-icon-telephone\"><\/i><\/div><\/div><div class=\"cspt-ihbox-contents\">\t\r\n\t\t<h2 class=\"cspt-element-title\">\r\n\t\t\t\t\r\n\t\t\t\t\tContact\r\n\t\t\t\t\r\n\t\t\t\t<\/h2>\r\n\t\t\t\t\r\n\t\t\t\t<div class=\"cspt-heading-desc\">+420 739 673 383 <\/div>\t\t<div class=\"cspt-ihbox-btn\"><a href=\"tel:739673383\"><span>Call<\/span><\/a><\/div><\/div><!-- .cspt-ihbox-contents -->\r\n<\/div><\/article>\r\n\t\t<\/div>\r\n\r\n\t\t<\/div><!-- .creativesplanet-element-inner -->   <\/div><!-- .creativesplanet-element -->  \t\t\t\t<\/div>\n\t\t\t\t<\/div>\n\t\t\t\t<div class=\"elementor-element elementor-element-dc65b7d elementor-widget elementor-widget-html\" data-id=\"dc65b7d\" data-element_type=\"widget\" data-e-type=\"widget\" data-widget_type=\"html.default\">\n\t\t\t\t<div class=\"elementor-widget-container\">\n\t\t\t\t\t<iframe style=\"border:none\" src=\"https:\/\/frame.mapy.cz\/s\/nocahubajo\" width=\"500\" height=\"500\" frameborder=\"0\"><\/iframe>\t\t\t\t<\/div>\n\t\t\t\t<\/div>\n\t\t\t\t\t<\/div>\n\t\t<\/div>\n\t\t\t\t\t<\/div>\n\t\t<\/section>\n\t\t\t\t\t<\/div>\n\t\t<\/div>\n\t\t\t\t\t<\/div>\n\t\t<\/section>\n\t\t\t\t<div class=\"elementor-section elementor-top-section elementor-element elementor-element-7fd4ec70 elementor-section-stretched elementor-hidden-mobile cspt-col-stretched-none cspt-bg-color-over-image elementor-section-boxed elementor-section-height-default elementor-section-height-default\" data-id=\"7fd4ec70\" data-element_type=\"section\" data-e-type=\"section\" data-settings=\"{&quot;stretch_section&quot;:&quot;section-stretched&quot;}\">\n\t\t\t\t\t\t\t<div class=\"elementor-background-overlay\"><\/div>\n\t\t\t\t\t\t\t<div class=\"elementor-container elementor-column-gap-no\">\n\t\t\t\t\t<div class=\"elementor-column elementor-col-100 elementor-top-column elementor-element elementor-element-5035a10c cspt-bg-color-over-image\" data-id=\"5035a10c\" data-element_type=\"column\" data-e-type=\"column\">\n\t\t\t<div class=\"elementor-widget-wrap elementor-element-populated\">\n\t\t\t\t\t\t<div class=\"elementor-element elementor-element-69c20e1e cspt-align-center elementor-widget elementor-widget-cspt_heading\" data-id=\"69c20e1e\" data-element_type=\"widget\" data-e-type=\"widget\" data-widget_type=\"cspt_heading.default\">\n\t\t\t\t<div class=\"elementor-widget-container\">\n\t\t\t\t\t\t<div class=\"cspt-heading-subheading center-align cspt-reverse-heading-yes\"><div class=\"cspt-element-title\">\r\n\t\t\t\r\n\t\t\t\tOur partners\r\n\t\t\t\r\n\t\t\t<\/div>\r\n\t\t<\/div>\t\t\t\t<\/div>\n\t\t\t\t<\/div>\n\t\t\t\t<section class=\"elementor-section elementor-inner-section elementor-element elementor-element-12b48ff1 cspt-col-stretched-none cspt-bg-color-over-image elementor-section-boxed elementor-section-height-default elementor-section-height-default\" data-id=\"12b48ff1\" data-element_type=\"section\" data-e-type=\"section\">\n\t\t\t\t\t\t<div class=\"elementor-container elementor-column-gap-default\">\n\t\t\t\t\t<div class=\"elementor-column elementor-col-20 elementor-inner-column elementor-element elementor-element-601a0a92 cspt-bg-color-over-image\" data-id=\"601a0a92\" data-element_type=\"column\" data-e-type=\"column\">\n\t\t\t<div class=\"elementor-widget-wrap elementor-element-populated\">\n\t\t\t\t\t\t<div class=\"elementor-element elementor-element-5411d52f elementor-widget elementor-widget-image\" data-id=\"5411d52f\" data-element_type=\"widget\" data-e-type=\"widget\" data-widget_type=\"image.default\">\n\t\t\t\t<div class=\"elementor-widget-container\">\n\t\t\t\t\t\t\t\t\t\t\t\t\t\t\t<img decoding=\"async\" width=\"300\" height=\"150\" src=\"https:\/\/bouda.webfusion.dev\/wp-content\/uploads\/2022\/06\/bp-logo.png\" class=\"attachment-full size-full wp-image-7630\" alt=\"\">\t\t\t\t\t\t\t\t\t\t\t\t\t\t\t<\/div>\n\t\t\t\t<\/div>\n\t\t\t\t\t<\/div>\n\t\t<\/div>\n\t\t\t\t<div class=\"elementor-column elementor-col-20 elementor-inner-column elementor-element elementor-element-472ffac4 cspt-bg-color-over-image\" data-id=\"472ffac4\" data-element_type=\"column\" data-e-type=\"column\">\n\t\t\t<div class=\"elementor-widget-wrap elementor-element-populated\">\n\t\t\t\t\t\t<div class=\"elementor-element elementor-element-632d164e elementor-widget elementor-widget-image\" data-id=\"632d164e\" data-element_type=\"widget\" data-e-type=\"widget\" data-widget_type=\"image.default\">\n\t\t\t\t<div class=\"elementor-widget-container\">\n\t\t\t\t\t\t\t\t\t\t\t\t\t\t\t<img decoding=\"async\" width=\"300\" height=\"150\" src=\"https:\/\/bouda.webfusion.dev\/wp-content\/uploads\/2019\/06\/ski-upa.png\" class=\"attachment-full size-full wp-image-6694\" alt=\"\">\t\t\t\t\t\t\t\t\t\t\t\t\t\t\t<\/div>\n\t\t\t\t<\/div>\n\t\t\t\t\t<\/div>\n\t\t<\/div>\n\t\t\t\t<div class=\"elementor-column elementor-col-20 elementor-inner-column elementor-element elementor-element-12bed5ff cspt-bg-color-over-image\" data-id=\"12bed5ff\" data-element_type=\"column\" data-e-type=\"column\">\n\t\t\t<div class=\"elementor-widget-wrap elementor-element-populated\">\n\t\t\t\t\t\t<div class=\"elementor-element elementor-element-65589fd4 elementor-widget elementor-widget-image\" data-id=\"65589fd4\" data-element_type=\"widget\" data-e-type=\"widget\" data-widget_type=\"image.default\">\n\t\t\t\t<div class=\"elementor-widget-container\">\n\t\t\t\t\t\t\t\t\t\t\t\t\t\t\t<img loading=\"lazy\" decoding=\"async\" width=\"300\" height=\"150\" src=\"https:\/\/bouda.webfusion.dev\/wp-content\/uploads\/2019\/06\/upa-ski.png\" class=\"attachment-full size-full wp-image-6697\" alt=\"\">\t\t\t\t\t\t\t\t\t\t\t\t\t\t\t<\/div>\n\t\t\t\t<\/div>\n\t\t\t\t\t<\/div>\n\t\t<\/div>\n\t\t\t\t<div class=\"elementor-column elementor-col-20 elementor-inner-column elementor-element elementor-element-4f541cc cspt-bg-color-over-image\" data-id=\"4f541cc\" data-element_type=\"column\" data-e-type=\"column\">\n\t\t\t<div class=\"elementor-widget-wrap elementor-element-populated\">\n\t\t\t\t\t\t<div class=\"elementor-element elementor-element-104928a1 elementor-widget elementor-widget-image\" data-id=\"104928a1\" data-element_type=\"widget\" data-e-type=\"widget\" data-widget_type=\"image.default\">\n\t\t\t\t<div class=\"elementor-widget-container\">\n\t\t\t\t\t\t\t\t\t\t\t\t\t\t\t<img loading=\"lazy\" decoding=\"async\" width=\"300\" height=\"150\" src=\"https:\/\/bouda.webfusion.dev\/wp-content\/uploads\/2019\/06\/pivovar.png\" class=\"attachment-full size-full wp-image-6691\" alt=\"\">\t\t\t\t\t\t\t\t\t\t\t\t\t\t\t<\/div>\n\t\t\t\t<\/div>\n\t\t\t\t\t<\/div>\n\t\t<\/div>\n\t\t\t\t<div class=\"elementor-column elementor-col-20 elementor-inner-column elementor-element elementor-element-9e0f0ba cspt-bg-color-over-image\" data-id=\"9e0f0ba\" data-element_type=\"column\" data-e-type=\"column\">\n\t\t\t<div class=\"elementor-widget-wrap elementor-element-populated\">\n\t\t\t\t\t\t<div class=\"elementor-element elementor-element-313b09bb elementor-widget elementor-widget-image\" data-id=\"313b09bb\" data-element_type=\"widget\" data-e-type=\"widget\" data-widget_type=\"image.default\">\n\t\t\t\t<div class=\"elementor-widget-container\">\n\t\t\t\t\t\t\t\t\t\t\t\t\t\t\t<img loading=\"lazy\" decoding=\"async\" width=\"300\" height=\"150\" src=\"https:\/\/bouda.webfusion.dev\/wp-content\/uploads\/2019\/06\/nevecom.png\" class=\"attachment-full size-full wp-image-6688\" alt=\"\">\t\t\t\t\t\t\t\t\t\t\t\t\t\t\t<\/div>\n\t\t\t\t<\/div>\n\t\t\t\t\t<\/div>\n\t\t<\/div>\n\t\t\t\t\t<\/div>\n\t\t<\/section>\n\t\t\t\t\t<\/div>\n\t\t<\/div>\n\t\t\t\t\t<\/div>\n\t\t<\/div>\n\t\t\t\t<\/div>\n\t\t","protected":false},"excerpt":{"rendered":"<p>Winter rental for staying guests only. Thank you for your understanding. &times; Dismiss this alert. Rental Cross-country skis The surroundings of the Wellness Resort Bouda Mal\u00e1 \u00dapa offer ideal cross-country skiing locations. The routes are not difficult and are suitable for children, older sports enthusiasts or beginners. Thanks to its location on the ridge of the Giant Mountains, Mal\u00e1 \u00dapa is a popular destination for cross-country skiers who find beautiful[&hellip;]<\/p>\n","protected":false},"author":1,"featured_media":0,"parent":8544,"menu_order":0,"comment_status":"closed","ping_status":"closed","template":"","meta":{"_acf_changed":false,"footnotes":""},"class_list":["post-9798","page","type-page","status-publish","hentry"],"acf":[],"_links":{"self":[{"href":"https:\/\/bouda.webfusion.dev\/en\/wp-json\/wp\/v2\/pages\/9798","targetHints":{"allow":["GET"]}}],"collection":[{"href":"https:\/\/bouda.webfusion.dev\/en\/wp-json\/wp\/v2\/pages"}],"about":[{"href":"https:\/\/bouda.webfusion.dev\/en\/wp-json\/wp\/v2\/types\/page"}],"author":[{"embeddable":true,"href":"https:\/\/bouda.webfusion.dev\/en\/wp-json\/wp\/v2\/users\/1"}],"replies":[{"embeddable":true,"href":"https:\/\/bouda.webfusion.dev\/en\/wp-json\/wp\/v2\/comments?post=9798"}],"version-history":[{"count":0,"href":"https:\/\/bouda.webfusion.dev\/en\/wp-json\/wp\/v2\/pages\/9798\/revisions"}],"up":[{"embeddable":true,"href":"https:\/\/bouda.webfusion.dev\/en\/wp-json\/wp\/v2\/pages\/8544"}],"wp:attachment":[{"href":"https:\/\/bouda.webfusion.dev\/en\/wp-json\/wp\/v2\/media?parent=9798"}],"curies":[{"name":"wp","href":"https:\/\/api.w.org\/{rel}","templated":true}]}}