{"id":8762,"date":"2022-05-09T19:16:10","date_gmt":"2022-05-09T17:16:10","guid":{"rendered":"https:\/\/bouda.webfusion.dev\/osrodek-i-okolice\/zimowa-zabawa\/"},"modified":"2023-10-05T09:42:04","modified_gmt":"2023-10-05T07:42:04","slug":"zimowa-zabawa","status":"publish","type":"page","link":"https:\/\/bouda.webfusion.dev\/pl\/osrodek-i-okolice\/zimowa-zabawa\/","title":{"rendered":"Zimowa zabawa"},"content":{"rendered":"\t\t<div data-elementor-type=\"wp-page\" data-elementor-id=\"8762\" class=\"elementor elementor-8762 elementor-1436\" data-elementor-post-type=\"page\">\n\t\t\t\t\t\t<section class=\"elementor-section elementor-top-section elementor-element elementor-element-35741110 boxiky cspt-col-stretched-none cspt-bg-color-over-image elementor-section-boxed elementor-section-height-default elementor-section-height-default\" data-id=\"35741110\" data-element_type=\"section\" data-e-type=\"section\">\n\t\t\t\t\t\t\t<div class=\"elementor-background-overlay\"><\/div>\n\t\t\t\t\t\t\t<div class=\"elementor-container elementor-column-gap-wide\">\n\t\t\t\t\t<div class=\"elementor-column elementor-col-50 elementor-top-column elementor-element elementor-element-59a4d97 cspt-bg-color-over-image\" data-id=\"59a4d97\" data-element_type=\"column\" data-e-type=\"column\">\n\t\t\t<div class=\"elementor-widget-wrap elementor-element-populated\">\n\t\t\t\t\t\t<div class=\"elementor-element elementor-element-224061b0 elementor-position-top elementor-widget elementor-widget-image-box\" data-id=\"224061b0\" data-element_type=\"widget\" data-e-type=\"widget\" data-widget_type=\"image-box.default\">\n\t\t\t\t<div class=\"elementor-widget-container\">\n\t\t\t\t\t<div class=\"elementor-image-box-wrapper\"><figure class=\"elementor-image-box-img\"><a href=\"https:\/\/bouda.webfusion.dev\/resort-okoli\/zimni-radovanky\/lyze-snowboard\/\" tabindex=\"-1\"><img fetchpriority=\"high\" decoding=\"async\" width=\"1280\" height=\"853\" src=\"https:\/\/bouda.webfusion.dev\/wp-content\/uploads\/2022\/05\/snowboard.jpg\" class=\"attachment-full size-full wp-image-1209\" alt=\"\" srcset=\"https:\/\/bouda.webfusion.dev\/wp-content\/uploads\/2022\/05\/snowboard.jpg 1280w, https:\/\/bouda.webfusion.dev\/wp-content\/uploads\/2022\/05\/snowboard-300x200.jpg 300w, https:\/\/bouda.webfusion.dev\/wp-content\/uploads\/2022\/05\/snowboard-1024x682.jpg 1024w, https:\/\/bouda.webfusion.dev\/wp-content\/uploads\/2022\/05\/snowboard-768x512.jpg 768w, https:\/\/bouda.webfusion.dev\/wp-content\/uploads\/2022\/05\/snowboard-770x513.jpg 770w\" sizes=\"(max-width: 1280px) 100vw, 1280px\" \/><\/a><\/figure><div class=\"elementor-image-box-content\"><h3 class=\"elementor-image-box-title\"><a href=\"https:\/\/bouda.webfusion.dev\/resort-okoli\/zimni-radovanky\/lyze-snowboard\/\">Narty &amp; snowboard<\/a><\/h3><p class=\"elementor-image-box-description\">Mal\u00e1 \u00dapa to tradycyjna miejscowo\u015b\u0107 w Karkonoszach, po\u0142o\u017cona na wysoko\u015bci 1000 metr\u00f3w nad poziomem morza. 8 kilometr\u00f3w od centrum Malej \u00dapy le\u017cy najwy\u017csza czeska g\u00f3ra \u015anie\u017cka 1602 m n.p.m..<\/p><\/div><\/div>\t\t\t\t<\/div>\n\t\t\t\t<\/div>\n\t\t\t\t\t<\/div>\n\t\t<\/div>\n\t\t\t\t<div class=\"elementor-column elementor-col-50 elementor-top-column elementor-element elementor-element-33d2861 cspt-bg-color-over-image\" data-id=\"33d2861\" data-element_type=\"column\" data-e-type=\"column\">\n\t\t\t<div class=\"elementor-widget-wrap elementor-element-populated\">\n\t\t\t\t\t\t<div class=\"elementor-element elementor-element-b7c8179 elementor-position-top elementor-widget elementor-widget-image-box\" data-id=\"b7c8179\" data-element_type=\"widget\" data-e-type=\"widget\" data-widget_type=\"image-box.default\">\n\t\t\t\t<div class=\"elementor-widget-container\">\n\t\t\t\t\t<div class=\"elementor-image-box-wrapper\"><figure class=\"elementor-image-box-img\"><a href=\"https:\/\/bouda.webfusion.dev\/resort-okoli\/zimni-radovanky\/bezky\/\" tabindex=\"-1\"><img decoding=\"async\" width=\"1280\" height=\"853\" src=\"https:\/\/bouda.webfusion.dev\/wp-content\/uploads\/2022\/05\/bezky.jpg\" class=\"attachment-full size-full wp-image-1210\" alt=\"\" srcset=\"https:\/\/bouda.webfusion.dev\/wp-content\/uploads\/2022\/05\/bezky.jpg 1280w, https:\/\/bouda.webfusion.dev\/wp-content\/uploads\/2022\/05\/bezky-300x200.jpg 300w, https:\/\/bouda.webfusion.dev\/wp-content\/uploads\/2022\/05\/bezky-1024x682.jpg 1024w, https:\/\/bouda.webfusion.dev\/wp-content\/uploads\/2022\/05\/bezky-768x512.jpg 768w, https:\/\/bouda.webfusion.dev\/wp-content\/uploads\/2022\/05\/bezky-770x513.jpg 770w\" sizes=\"(max-width: 1280px) 100vw, 1280px\" \/><\/a><\/figure><div class=\"elementor-image-box-content\"><h3 class=\"elementor-image-box-title\"><a href=\"https:\/\/bouda.webfusion.dev\/resort-okoli\/zimni-radovanky\/bezky\/\">Narciarstwo biegowe<\/a><\/h3><p class=\"elementor-image-box-description\">Okolice Wellness Resort Bouda Mal\u00e1 \u00dapa oferuj\u0105 idealne miejsca do uprawiania narciarstwa biegowego. Trasy nie s\u0105 trudne i s\u0105 odpowiednie dla dzieci, starszych entuzjast\u00f3w sportu lub pocz\u0105tkuj\u0105cych.<\/p><\/div><\/div>\t\t\t\t<\/div>\n\t\t\t\t<\/div>\n\t\t\t\t\t<\/div>\n\t\t<\/div>\n\t\t\t\t\t<\/div>\n\t\t<\/section>\n\t\t\t\t<section class=\"elementor-section elementor-top-section elementor-element elementor-element-bd5a37e boxiky cspt-col-stretched-none cspt-bg-color-over-image elementor-section-boxed elementor-section-height-default elementor-section-height-default\" data-id=\"bd5a37e\" data-element_type=\"section\" data-e-type=\"section\">\n\t\t\t\t\t\t\t<div class=\"elementor-background-overlay\"><\/div>\n\t\t\t\t\t\t\t<div class=\"elementor-container elementor-column-gap-wide\">\n\t\t\t\t\t<div class=\"elementor-column elementor-col-50 elementor-top-column elementor-element elementor-element-fa22411 cspt-bg-color-over-image\" data-id=\"fa22411\" data-element_type=\"column\" data-e-type=\"column\">\n\t\t\t<div class=\"elementor-widget-wrap elementor-element-populated\">\n\t\t\t\t\t\t<div class=\"elementor-element elementor-element-74c2a34 elementor-position-top elementor-widget elementor-widget-image-box\" data-id=\"74c2a34\" data-element_type=\"widget\" data-e-type=\"widget\" data-widget_type=\"image-box.default\">\n\t\t\t\t<div class=\"elementor-widget-container\">\n\t\t\t\t\t<div class=\"elementor-image-box-wrapper\"><figure class=\"elementor-image-box-img\"><a href=\"https:\/\/bouda.webfusion.dev\/resort-okoli\/zimni-radovanky\/sanky\/\" tabindex=\"-1\"><img decoding=\"async\" width=\"768\" height=\"512\" src=\"https:\/\/bouda.webfusion.dev\/wp-content\/uploads\/2022\/06\/sankovani-bouda.jpg\" class=\"attachment-full size-full wp-image-2786\" alt=\"\" srcset=\"https:\/\/bouda.webfusion.dev\/wp-content\/uploads\/2022\/06\/sankovani-bouda.jpg 768w, https:\/\/bouda.webfusion.dev\/wp-content\/uploads\/2022\/06\/sankovani-bouda-300x200.jpg 300w\" sizes=\"(max-width: 768px) 100vw, 768px\" \/><\/a><\/figure><div class=\"elementor-image-box-content\"><h3 class=\"elementor-image-box-title\"><a href=\"https:\/\/bouda.webfusion.dev\/resort-okoli\/zimni-radovanky\/sanky\/\">Sanki<\/a><\/h3><p class=\"elementor-image-box-description\">Sanie nale\u017c\u0105 do Malej \u00dapy od niepami\u0119tnych czas\u00f3w. Kiedy\u015b nazywano je \u201erogaczki\u201d i pomaga\u0142y wi\u0105za\u0107 siano i drewno. P\u00f3\u017aniej by\u0142y u\u017cywane przez bogatych turyst\u00f3w.<\/p><\/div><\/div>\t\t\t\t<\/div>\n\t\t\t\t<\/div>\n\t\t\t\t\t<\/div>\n\t\t<\/div>\n\t\t\t\t<div class=\"elementor-column elementor-col-50 elementor-top-column elementor-element elementor-element-06cdc70 cspt-bg-color-over-image\" data-id=\"06cdc70\" data-element_type=\"column\" data-e-type=\"column\">\n\t\t\t<div class=\"elementor-widget-wrap elementor-element-populated\">\n\t\t\t\t\t\t<div class=\"elementor-element elementor-element-f34039e elementor-position-top elementor-widget elementor-widget-image-box\" data-id=\"f34039e\" data-element_type=\"widget\" data-e-type=\"widget\" data-widget_type=\"image-box.default\">\n\t\t\t\t<div class=\"elementor-widget-container\">\n\t\t\t\t\t<div class=\"elementor-image-box-wrapper\"><figure class=\"elementor-image-box-img\"><a href=\"https:\/\/bouda.webfusion.dev\/resort-okoli\/zimni-radovanky\/vystup-na-snezku\/\" tabindex=\"-1\"><img loading=\"lazy\" decoding=\"async\" width=\"1024\" height=\"681\" src=\"https:\/\/bouda.webfusion.dev\/wp-content\/uploads\/2022\/05\/Wellness-Bouda-Horni-Mala-Upa-zima-Jaro-a-leto-1024x681-1.jpg\" class=\"attachment-full size-full wp-image-1104\" alt=\"\" srcset=\"https:\/\/bouda.webfusion.dev\/wp-content\/uploads\/2022\/05\/Wellness-Bouda-Horni-Mala-Upa-zima-Jaro-a-leto-1024x681-1.jpg 1024w, https:\/\/bouda.webfusion.dev\/wp-content\/uploads\/2022\/05\/Wellness-Bouda-Horni-Mala-Upa-zima-Jaro-a-leto-1024x681-1-300x200.jpg 300w, https:\/\/bouda.webfusion.dev\/wp-content\/uploads\/2022\/05\/Wellness-Bouda-Horni-Mala-Upa-zima-Jaro-a-leto-1024x681-1-768x511.jpg 768w, https:\/\/bouda.webfusion.dev\/wp-content\/uploads\/2022\/05\/Wellness-Bouda-Horni-Mala-Upa-zima-Jaro-a-leto-1024x681-1-770x512.jpg 770w\" sizes=\"(max-width: 1024px) 100vw, 1024px\" \/><\/a><\/figure><div class=\"elementor-image-box-content\"><h3 class=\"elementor-image-box-title\"><a href=\"https:\/\/bouda.webfusion.dev\/resort-okoli\/zimni-radovanky\/vystup-na-snezku\/\">Wej\u015bcie na \u015anie\u017ck\u0119<\/a><\/h3><p class=\"elementor-image-box-description\">Najprostsza droga na \u015anie\u017ck\u0119 prowadzi bezpo\u015brednio z Wellness Resort Bouda Mal\u00e1 \u00dapa. Trasa ma d\u0142ugo\u015b\u0107 6,7 km, ale przewy\u017cszenie wynosi tylko 611 m n.p.m..<\/p><\/div><\/div>\t\t\t\t<\/div>\n\t\t\t\t<\/div>\n\t\t\t\t\t<\/div>\n\t\t<\/div>\n\t\t\t\t\t<\/div>\n\t\t<\/section>\n\t\t\t\t<section class=\"elementor-section elementor-top-section elementor-element elementor-element-0bb67e5 boxiky cspt-col-stretched-none cspt-bg-color-over-image elementor-section-boxed elementor-section-height-default elementor-section-height-default\" data-id=\"0bb67e5\" data-element_type=\"section\" data-e-type=\"section\">\n\t\t\t\t\t\t\t<div class=\"elementor-background-overlay\"><\/div>\n\t\t\t\t\t\t\t<div class=\"elementor-container elementor-column-gap-wide\">\n\t\t\t\t\t<div class=\"elementor-column elementor-col-50 elementor-top-column elementor-element elementor-element-1e4740f cspt-bg-color-over-image\" data-id=\"1e4740f\" data-element_type=\"column\" data-e-type=\"column\">\n\t\t\t<div class=\"elementor-widget-wrap elementor-element-populated\">\n\t\t\t\t\t\t<div class=\"elementor-element elementor-element-2a74c91 elementor-position-top elementor-widget elementor-widget-image-box\" data-id=\"2a74c91\" data-element_type=\"widget\" data-e-type=\"widget\" data-widget_type=\"image-box.default\">\n\t\t\t\t<div class=\"elementor-widget-container\">\n\t\t\t\t\t<div class=\"elementor-image-box-wrapper\"><figure class=\"elementor-image-box-img\"><a href=\"https:\/\/bouda.webfusion.dev\/pl\/?page_id=9227\" tabindex=\"-1\"><img loading=\"lazy\" decoding=\"async\" width=\"1326\" height=\"722\" src=\"https:\/\/bouda.webfusion.dev\/wp-content\/uploads\/2023\/02\/Snimek-obrazovky-2023-02-20-v-16.40.46.png\" class=\"attachment-full size-full wp-image-5558\" alt=\"\" srcset=\"https:\/\/bouda.webfusion.dev\/wp-content\/uploads\/2023\/02\/Snimek-obrazovky-2023-02-20-v-16.40.46.png 1326w, https:\/\/bouda.webfusion.dev\/wp-content\/uploads\/2023\/02\/Snimek-obrazovky-2023-02-20-v-16.40.46-300x163.png 300w, https:\/\/bouda.webfusion.dev\/wp-content\/uploads\/2023\/02\/Snimek-obrazovky-2023-02-20-v-16.40.46-1024x558.png 1024w, https:\/\/bouda.webfusion.dev\/wp-content\/uploads\/2023\/02\/Snimek-obrazovky-2023-02-20-v-16.40.46-768x418.png 768w, https:\/\/bouda.webfusion.dev\/wp-content\/uploads\/2023\/02\/Snimek-obrazovky-2023-02-20-v-16.40.46-770x419.png 770w\" sizes=\"(max-width: 1326px) 100vw, 1326px\" \/><\/a><\/figure><div class=\"elementor-image-box-content\"><h3 class=\"elementor-image-box-title\"><a href=\"https:\/\/bouda.webfusion.dev\/pl\/?page_id=9227\">Wskaz\u00f3wki na aktywno\u015bci zimowe<\/a><\/h3><p class=\"elementor-image-box-description\">Na zewn\u0105trz jest mn\u00f3stwo \u015bniegu, ale jazda na nartach nie jest jedyn\u0105 rzecz\u0105, kt\u00f3r\u0105 mo\u017cna robi\u0107 w g\u00f3rach zim\u0105. Co zrobi\u0107, je\u015bli nie masz dzi\u015b ochoty na jazd\u0119 na nartach?<\/p><\/div><\/div>\t\t\t\t<\/div>\n\t\t\t\t<\/div>\n\t\t\t\t\t<\/div>\n\t\t<\/div>\n\t\t\t\t<div class=\"elementor-column elementor-col-50 elementor-top-column elementor-element elementor-element-4742afa cspt-bg-color-over-image\" data-id=\"4742afa\" data-element_type=\"column\" data-e-type=\"column\">\n\t\t\t<div class=\"elementor-widget-wrap\">\n\t\t\t\t\t\t\t<\/div>\n\t\t<\/div>\n\t\t\t\t\t<\/div>\n\t\t<\/section>\n\t\t\t\t<div class=\"elementor-section elementor-top-section elementor-element elementor-element-1cf22f77 elementor-section-stretched elementor-hidden-mobile cspt-col-stretched-none cspt-bg-color-over-image elementor-section-boxed elementor-section-height-default elementor-section-height-default\" data-id=\"1cf22f77\" data-element_type=\"section\" data-e-type=\"section\" data-settings=\"{&quot;stretch_section&quot;:&quot;section-stretched&quot;}\">\n\t\t\t\t\t\t\t<div class=\"elementor-background-overlay\"><\/div>\n\t\t\t\t\t\t\t<div class=\"elementor-container elementor-column-gap-no\">\n\t\t\t\t\t<div class=\"elementor-column elementor-col-100 elementor-top-column elementor-element elementor-element-62fced39 cspt-bg-color-over-image\" data-id=\"62fced39\" data-element_type=\"column\" data-e-type=\"column\">\n\t\t\t<div class=\"elementor-widget-wrap elementor-element-populated\">\n\t\t\t\t\t\t<div class=\"elementor-element elementor-element-7fa8bdd3 cspt-align-center elementor-widget elementor-widget-cspt_heading\" data-id=\"7fa8bdd3\" data-element_type=\"widget\" data-e-type=\"widget\" data-widget_type=\"cspt_heading.default\">\n\t\t\t\t<div class=\"elementor-widget-container\">\n\t\t\t\t\t\t<div class=\"cspt-heading-subheading center-align cspt-reverse-heading-yes\"><div class=\"cspt-element-title\">\r\n\t\t\t\r\n\t\t\t\tNasi partnerzy\r\n\t\t\t\r\n\t\t\t<\/div>\r\n\t\t<\/div>\t\t\t\t<\/div>\n\t\t\t\t<\/div>\n\t\t\t\t<section class=\"elementor-section elementor-inner-section elementor-element elementor-element-1256a433 cspt-col-stretched-none cspt-bg-color-over-image elementor-section-boxed elementor-section-height-default elementor-section-height-default\" data-id=\"1256a433\" data-element_type=\"section\" data-e-type=\"section\">\n\t\t\t\t\t\t<div class=\"elementor-container elementor-column-gap-default\">\n\t\t\t\t\t<div class=\"elementor-column elementor-col-20 elementor-inner-column elementor-element elementor-element-3b1906c cspt-bg-color-over-image\" data-id=\"3b1906c\" data-element_type=\"column\" data-e-type=\"column\">\n\t\t\t<div class=\"elementor-widget-wrap elementor-element-populated\">\n\t\t\t\t\t\t<div class=\"elementor-element elementor-element-4dd7bcb6 elementor-widget elementor-widget-image\" data-id=\"4dd7bcb6\" data-element_type=\"widget\" data-e-type=\"widget\" data-widget_type=\"image.default\">\n\t\t\t\t<div class=\"elementor-widget-container\">\n\t\t\t\t\t\t\t\t\t\t\t\t\t\t\t<img loading=\"lazy\" decoding=\"async\" width=\"300\" height=\"150\" src=\"https:\/\/bouda.webfusion.dev\/wp-content\/uploads\/2022\/06\/bp-logo.png\" class=\"attachment-full size-full wp-image-7632\" alt=\"\">\t\t\t\t\t\t\t\t\t\t\t\t\t\t\t<\/div>\n\t\t\t\t<\/div>\n\t\t\t\t\t<\/div>\n\t\t<\/div>\n\t\t\t\t<div class=\"elementor-column elementor-col-20 elementor-inner-column elementor-element elementor-element-72a8c517 cspt-bg-color-over-image\" data-id=\"72a8c517\" data-element_type=\"column\" data-e-type=\"column\">\n\t\t\t<div class=\"elementor-widget-wrap elementor-element-populated\">\n\t\t\t\t\t\t<div class=\"elementor-element elementor-element-7ef80a02 elementor-widget elementor-widget-image\" data-id=\"7ef80a02\" data-element_type=\"widget\" data-e-type=\"widget\" data-widget_type=\"image.default\">\n\t\t\t\t<div class=\"elementor-widget-container\">\n\t\t\t\t\t\t\t\t\t\t\t\t\t\t\t<img loading=\"lazy\" decoding=\"async\" width=\"300\" height=\"150\" src=\"https:\/\/bouda.webfusion.dev\/wp-content\/uploads\/2019\/06\/ski-upa.png\" class=\"attachment-full size-full wp-image-6696\" alt=\"\">\t\t\t\t\t\t\t\t\t\t\t\t\t\t\t<\/div>\n\t\t\t\t<\/div>\n\t\t\t\t\t<\/div>\n\t\t<\/div>\n\t\t\t\t<div class=\"elementor-column elementor-col-20 elementor-inner-column elementor-element elementor-element-74ec411 cspt-bg-color-over-image\" data-id=\"74ec411\" data-element_type=\"column\" data-e-type=\"column\">\n\t\t\t<div class=\"elementor-widget-wrap elementor-element-populated\">\n\t\t\t\t\t\t<div class=\"elementor-element elementor-element-779aaee elementor-widget elementor-widget-image\" data-id=\"779aaee\" data-element_type=\"widget\" data-e-type=\"widget\" data-widget_type=\"image.default\">\n\t\t\t\t<div class=\"elementor-widget-container\">\n\t\t\t\t\t\t\t\t\t\t\t\t\t\t\t<img loading=\"lazy\" decoding=\"async\" width=\"300\" height=\"150\" src=\"https:\/\/bouda.webfusion.dev\/wp-content\/uploads\/2019\/06\/upa-ski.png\" class=\"attachment-full size-full wp-image-6699\" alt=\"\">\t\t\t\t\t\t\t\t\t\t\t\t\t\t\t<\/div>\n\t\t\t\t<\/div>\n\t\t\t\t\t<\/div>\n\t\t<\/div>\n\t\t\t\t<div class=\"elementor-column elementor-col-20 elementor-inner-column elementor-element elementor-element-61aeef98 cspt-bg-color-over-image\" data-id=\"61aeef98\" data-element_type=\"column\" data-e-type=\"column\">\n\t\t\t<div class=\"elementor-widget-wrap elementor-element-populated\">\n\t\t\t\t\t\t<div class=\"elementor-element elementor-element-25176c20 elementor-widget elementor-widget-image\" data-id=\"25176c20\" data-element_type=\"widget\" data-e-type=\"widget\" data-widget_type=\"image.default\">\n\t\t\t\t<div class=\"elementor-widget-container\">\n\t\t\t\t\t\t\t\t\t\t\t\t\t\t\t<img loading=\"lazy\" decoding=\"async\" width=\"300\" height=\"150\" src=\"https:\/\/bouda.webfusion.dev\/wp-content\/uploads\/2019\/06\/pivovar.png\" class=\"attachment-full size-full wp-image-6693\" alt=\"\">\t\t\t\t\t\t\t\t\t\t\t\t\t\t\t<\/div>\n\t\t\t\t<\/div>\n\t\t\t\t\t<\/div>\n\t\t<\/div>\n\t\t\t\t<div class=\"elementor-column elementor-col-20 elementor-inner-column elementor-element elementor-element-456c1cff cspt-bg-color-over-image\" data-id=\"456c1cff\" data-element_type=\"column\" data-e-type=\"column\">\n\t\t\t<div class=\"elementor-widget-wrap elementor-element-populated\">\n\t\t\t\t\t\t<div class=\"elementor-element elementor-element-6dcd5ffa elementor-widget elementor-widget-image\" data-id=\"6dcd5ffa\" data-element_type=\"widget\" data-e-type=\"widget\" data-widget_type=\"image.default\">\n\t\t\t\t<div class=\"elementor-widget-container\">\n\t\t\t\t\t\t\t\t\t\t\t\t\t\t\t<img loading=\"lazy\" decoding=\"async\" width=\"300\" height=\"150\" src=\"https:\/\/bouda.webfusion.dev\/wp-content\/uploads\/2019\/06\/nevecom.png\" class=\"attachment-full size-full wp-image-6690\" alt=\"\">\t\t\t\t\t\t\t\t\t\t\t\t\t\t\t<\/div>\n\t\t\t\t<\/div>\n\t\t\t\t\t<\/div>\n\t\t<\/div>\n\t\t\t\t\t<\/div>\n\t\t<\/section>\n\t\t\t\t\t<\/div>\n\t\t<\/div>\n\t\t\t\t\t<\/div>\n\t\t<\/div>\n\t\t\t\t<\/div>\n\t\t","protected":false},"excerpt":{"rendered":"<p>Narty &#038; snowboard Mal\u00e1 \u00dapa to tradycyjna miejscowo\u015b\u0107 w Karkonoszach, po\u0142o\u017cona na wysoko\u015bci 1000 metr\u00f3w nad poziomem morza. 8 kilometr\u00f3w od centrum Malej \u00dapy le\u017cy najwy\u017csza czeska g\u00f3ra \u015anie\u017cka 1602 m n.p.m.. Narciarstwo biegowe Okolice Wellness Resort Bouda Mal\u00e1 \u00dapa oferuj\u0105 idealne miejsca do uprawiania narciarstwa biegowego. Trasy nie s\u0105 trudne i s\u0105 odpowiednie dla dzieci, starszych entuzjast\u00f3w sportu lub pocz\u0105tkuj\u0105cych. Sanki Sanie nale\u017c\u0105 do Malej \u00dapy od niepami\u0119tnych czas\u00f3w.[&hellip;]<\/p>\n","protected":false},"author":1,"featured_media":0,"parent":8684,"menu_order":0,"comment_status":"closed","ping_status":"closed","template":"","meta":{"_acf_changed":false,"footnotes":""},"class_list":["post-8762","page","type-page","status-publish","hentry"],"acf":[],"_links":{"self":[{"href":"https:\/\/bouda.webfusion.dev\/pl\/wp-json\/wp\/v2\/pages\/8762","targetHints":{"allow":["GET"]}}],"collection":[{"href":"https:\/\/bouda.webfusion.dev\/pl\/wp-json\/wp\/v2\/pages"}],"about":[{"href":"https:\/\/bouda.webfusion.dev\/pl\/wp-json\/wp\/v2\/types\/page"}],"author":[{"embeddable":true,"href":"https:\/\/bouda.webfusion.dev\/pl\/wp-json\/wp\/v2\/users\/1"}],"replies":[{"embeddable":true,"href":"https:\/\/bouda.webfusion.dev\/pl\/wp-json\/wp\/v2\/comments?post=8762"}],"version-history":[{"count":0,"href":"https:\/\/bouda.webfusion.dev\/pl\/wp-json\/wp\/v2\/pages\/8762\/revisions"}],"up":[{"embeddable":true,"href":"https:\/\/bouda.webfusion.dev\/pl\/wp-json\/wp\/v2\/pages\/8684"}],"wp:attachment":[{"href":"https:\/\/bouda.webfusion.dev\/pl\/wp-json\/wp\/v2\/media?parent=8762"}],"curies":[{"name":"wp","href":"https:\/\/api.w.org\/{rel}","templated":true}]}}