{"id":8840,"date":"2022-05-09T20:17:53","date_gmt":"2022-05-09T18:17:53","guid":{"rendered":"https:\/\/bouda.webfusion.dev\/osrodek-i-okolice\/turystyka-letnia\/"},"modified":"2023-10-02T17:00:31","modified_gmt":"2023-10-02T15:00:31","slug":"turystyka-letnia","status":"publish","type":"page","link":"https:\/\/bouda.webfusion.dev\/pl\/osrodek-i-okolice\/turystyka-letnia\/","title":{"rendered":"Turystyka letnia"},"content":{"rendered":"\t\t<div data-elementor-type=\"wp-page\" data-elementor-id=\"8840\" class=\"elementor elementor-8840 elementor-1497\" data-elementor-post-type=\"page\">\n\t\t\t\t\t\t<section class=\"elementor-section elementor-top-section elementor-element elementor-element-23ebb2af boxiky cspt-col-stretched-none cspt-bg-color-over-image elementor-section-boxed elementor-section-height-default elementor-section-height-default\" data-id=\"23ebb2af\" data-element_type=\"section\" data-e-type=\"section\">\n\t\t\t\t\t\t\t<div class=\"elementor-background-overlay\"><\/div>\n\t\t\t\t\t\t\t<div class=\"elementor-container elementor-column-gap-wide\">\n\t\t\t\t\t<div class=\"elementor-column elementor-col-33 elementor-top-column elementor-element elementor-element-106faa57 cspt-bg-color-over-image\" data-id=\"106faa57\" data-element_type=\"column\" data-e-type=\"column\">\n\t\t\t<div class=\"elementor-widget-wrap elementor-element-populated\">\n\t\t\t\t\t\t<div class=\"elementor-element elementor-element-4144e476 elementor-position-top elementor-widget elementor-widget-image-box\" data-id=\"4144e476\" data-element_type=\"widget\" data-e-type=\"widget\" data-widget_type=\"image-box.default\">\n\t\t\t\t<div class=\"elementor-widget-container\">\n\t\t\t\t\t<div class=\"elementor-image-box-wrapper\"><figure class=\"elementor-image-box-img\"><a href=\"https:\/\/bouda.webfusion.dev\/resort-okoli\/letni-turistika\/tipy-na-vylety-s-detmi\/\" tabindex=\"-1\"><img fetchpriority=\"high\" decoding=\"async\" width=\"1280\" height=\"853\" src=\"https:\/\/bouda.webfusion.dev\/wp-content\/uploads\/2022\/05\/tipy.jpg\" class=\"attachment-full size-full wp-image-1989\" alt=\"\" srcset=\"https:\/\/bouda.webfusion.dev\/wp-content\/uploads\/2022\/05\/tipy.jpg 1280w, https:\/\/bouda.webfusion.dev\/wp-content\/uploads\/2022\/05\/tipy-300x200.jpg 300w, https:\/\/bouda.webfusion.dev\/wp-content\/uploads\/2022\/05\/tipy-1024x682.jpg 1024w, https:\/\/bouda.webfusion.dev\/wp-content\/uploads\/2022\/05\/tipy-768x512.jpg 768w, https:\/\/bouda.webfusion.dev\/wp-content\/uploads\/2022\/05\/tipy-770x513.jpg 770w\" sizes=\"(max-width: 1280px) 100vw, 1280px\" \/><\/a><\/figure><div class=\"elementor-image-box-content\"><h3 class=\"elementor-image-box-title\"><a href=\"https:\/\/bouda.webfusion.dev\/resort-okoli\/letni-turistika\/tipy-na-vylety-s-detmi\/\">Wskaz\u00f3wki na wycieczki <br> z dzie\u0107mi<\/a><\/h3><p class=\"elementor-image-box-description\">Bajkowe Karkonosze - gra w piecz\u0105tki, bajkowy szlak, Mal\u00e1 \u00dapa, Pecka kraina zabaw, Pec pod \u015anie\u017ck\u0105, Velk\u00e1 \u00dapa i wi\u0119cej.<\/p><\/div><\/div>\t\t\t\t<\/div>\n\t\t\t\t<\/div>\n\t\t\t\t\t<\/div>\n\t\t<\/div>\n\t\t\t\t<div class=\"elementor-column elementor-col-33 elementor-top-column elementor-element elementor-element-83cbbab cspt-bg-color-over-image\" data-id=\"83cbbab\" data-element_type=\"column\" data-e-type=\"column\">\n\t\t\t<div class=\"elementor-widget-wrap elementor-element-populated\">\n\t\t\t\t\t\t<div class=\"elementor-element elementor-element-2e4ef6c elementor-position-top elementor-widget elementor-widget-image-box\" data-id=\"2e4ef6c\" data-element_type=\"widget\" data-e-type=\"widget\" data-widget_type=\"image-box.default\">\n\t\t\t\t<div class=\"elementor-widget-container\">\n\t\t\t\t\t<div class=\"elementor-image-box-wrapper\"><figure class=\"elementor-image-box-img\"><a href=\"https:\/\/bouda.webfusion.dev\/resort-okoli\/letni-turistika\/na-kole\/\" tabindex=\"-1\"><img decoding=\"async\" width=\"1280\" height=\"853\" src=\"https:\/\/bouda.webfusion.dev\/wp-content\/uploads\/2022\/05\/na-kole.jpg\" class=\"attachment-full size-full wp-image-1990\" alt=\"\" srcset=\"https:\/\/bouda.webfusion.dev\/wp-content\/uploads\/2022\/05\/na-kole.jpg 1280w, https:\/\/bouda.webfusion.dev\/wp-content\/uploads\/2022\/05\/na-kole-300x200.jpg 300w, https:\/\/bouda.webfusion.dev\/wp-content\/uploads\/2022\/05\/na-kole-1024x682.jpg 1024w, https:\/\/bouda.webfusion.dev\/wp-content\/uploads\/2022\/05\/na-kole-768x512.jpg 768w, https:\/\/bouda.webfusion.dev\/wp-content\/uploads\/2022\/05\/na-kole-770x513.jpg 770w\" sizes=\"(max-width: 1280px) 100vw, 1280px\" \/><\/a><\/figure><div class=\"elementor-image-box-content\"><h3 class=\"elementor-image-box-title\"><a href=\"https:\/\/bouda.webfusion.dev\/resort-okoli\/letni-turistika\/na-kole\/\">Na rowerze<\/a><\/h3><p class=\"elementor-image-box-description\">Rowerzy\u015bci s\u0105 mile widziani w Karkonoszach. Dowodem na to s\u0105 setki kilometr\u00f3w \u015bcie\u017cek rowerowych biegn\u0105cych przez park narodowy i jego podn\u00f3\u017ca. <\/p><\/div><\/div>\t\t\t\t<\/div>\n\t\t\t\t<\/div>\n\t\t\t\t\t<\/div>\n\t\t<\/div>\n\t\t\t\t<div class=\"elementor-column elementor-col-33 elementor-top-column elementor-element elementor-element-3bcf285 cspt-bg-color-over-image\" data-id=\"3bcf285\" data-element_type=\"column\" data-e-type=\"column\">\n\t\t\t<div class=\"elementor-widget-wrap elementor-element-populated\">\n\t\t\t\t\t\t<div class=\"elementor-element elementor-element-74ee8f0 elementor-position-top elementor-widget elementor-widget-image-box\" data-id=\"74ee8f0\" data-element_type=\"widget\" data-e-type=\"widget\" data-widget_type=\"image-box.default\">\n\t\t\t\t<div class=\"elementor-widget-container\">\n\t\t\t\t\t<div class=\"elementor-image-box-wrapper\"><figure class=\"elementor-image-box-img\"><a href=\"https:\/\/bouda.webfusion.dev\/resort-okoli\/letni-turistika\/krkonosske-tisicovky\/\" tabindex=\"-1\"><img decoding=\"async\" width=\"600\" height=\"400\" src=\"https:\/\/bouda.webfusion.dev\/wp-content\/uploads\/2022\/05\/Snezka-02.jpg\" class=\"attachment-full size-full wp-image-1102\" alt=\"\" srcset=\"https:\/\/bouda.webfusion.dev\/wp-content\/uploads\/2022\/05\/Snezka-02.jpg 600w, https:\/\/bouda.webfusion.dev\/wp-content\/uploads\/2022\/05\/Snezka-02-300x200.jpg 300w\" sizes=\"(max-width: 600px) 100vw, 600px\" \/><\/a><\/figure><div class=\"elementor-image-box-content\"><h3 class=\"elementor-image-box-title\"><a href=\"https:\/\/bouda.webfusion.dev\/resort-okoli\/letni-turistika\/krkonosske-tisicovky\/\">Karkonoskie tysi\u0105ce<\/a><\/h3><p class=\"elementor-image-box-description\">W Ma\u0142ej Upie i jej okolicach znajduje si\u0119 10 szczyt\u00f3w o wysoko\u015bci przekraczaj\u0105cej 1000 m. S\u0105 one oznaczone g\u00f3rnymi s\u0142upkami z urz\u0105dzeniami znakuj\u0105cymi.\n<\/p><\/div><\/div>\t\t\t\t<\/div>\n\t\t\t\t<\/div>\n\t\t\t\t\t<\/div>\n\t\t<\/div>\n\t\t\t\t\t<\/div>\n\t\t<\/section>\n\t\t\t\t<section class=\"elementor-section elementor-top-section elementor-element elementor-element-7d5f7ce1 boxiky cspt-col-stretched-none cspt-bg-color-over-image elementor-section-boxed elementor-section-height-default elementor-section-height-default\" data-id=\"7d5f7ce1\" data-element_type=\"section\" data-e-type=\"section\">\n\t\t\t\t\t\t\t<div class=\"elementor-background-overlay\"><\/div>\n\t\t\t\t\t\t\t<div class=\"elementor-container elementor-column-gap-wide\">\n\t\t\t\t\t<div class=\"elementor-column elementor-col-33 elementor-top-column elementor-element elementor-element-56e47830 cspt-bg-color-over-image\" data-id=\"56e47830\" data-element_type=\"column\" data-e-type=\"column\">\n\t\t\t<div class=\"elementor-widget-wrap elementor-element-populated\">\n\t\t\t\t\t\t<div class=\"elementor-element elementor-element-13e3a6dd elementor-position-top elementor-widget elementor-widget-image-box\" data-id=\"13e3a6dd\" data-element_type=\"widget\" data-e-type=\"widget\" data-widget_type=\"image-box.default\">\n\t\t\t\t<div class=\"elementor-widget-container\">\n\t\t\t\t\t<div class=\"elementor-image-box-wrapper\"><figure class=\"elementor-image-box-img\"><a href=\"https:\/\/bouda.webfusion.dev\/resort-okoli\/letni-turistika\/barokni-kostel-sv-petra-a-pavla\/\" tabindex=\"-1\"><img loading=\"lazy\" decoding=\"async\" width=\"600\" height=\"399\" src=\"https:\/\/bouda.webfusion.dev\/wp-content\/uploads\/2022\/06\/barokni-kostel.jpg\" class=\"attachment-large size-large wp-image-2799\" alt=\"\" srcset=\"https:\/\/bouda.webfusion.dev\/wp-content\/uploads\/2022\/06\/barokni-kostel.jpg 600w, https:\/\/bouda.webfusion.dev\/wp-content\/uploads\/2022\/06\/barokni-kostel-300x200.jpg 300w\" sizes=\"(max-width: 600px) 100vw, 600px\" \/><\/a><\/figure><div class=\"elementor-image-box-content\"><h3 class=\"elementor-image-box-title\"><a href=\"https:\/\/bouda.webfusion.dev\/resort-okoli\/letni-turistika\/barokni-kostel-sv-petra-a-pavla\/\">Barokowy ko\u015bci\u00f3\u0142 \u015bw. Piotra i Paw\u0142a<\/a><\/h3><p class=\"elementor-image-box-description\">Barokowy ko\u015bci\u00f3\u0142 jest sercem i symbolem Malej \u00dapy. Zosta\u0142 zbudowany w latach 1788-1789 i w tym czasie by\u0142 najwy\u017cszym ko\u015bcio\u0142em w Czechach.<\/p><\/div><\/div>\t\t\t\t<\/div>\n\t\t\t\t<\/div>\n\t\t\t\t\t<\/div>\n\t\t<\/div>\n\t\t\t\t<div class=\"elementor-column elementor-col-33 elementor-top-column elementor-element elementor-element-8077e94 cspt-bg-color-over-image\" data-id=\"8077e94\" data-element_type=\"column\" data-e-type=\"column\">\n\t\t\t<div class=\"elementor-widget-wrap elementor-element-populated\">\n\t\t\t\t\t\t<div class=\"elementor-element elementor-element-8e922f3 elementor-position-top elementor-widget elementor-widget-image-box\" data-id=\"8e922f3\" data-element_type=\"widget\" data-e-type=\"widget\" data-widget_type=\"image-box.default\">\n\t\t\t\t<div class=\"elementor-widget-container\">\n\t\t\t\t\t<div class=\"elementor-image-box-wrapper\"><figure class=\"elementor-image-box-img\"><a href=\"https:\/\/bouda.webfusion.dev\/resort-okoli\/letni-turistika\/restaurace-a-hospody\/\" tabindex=\"-1\"><img loading=\"lazy\" decoding=\"async\" width=\"1280\" height=\"854\" src=\"https:\/\/bouda.webfusion.dev\/wp-content\/uploads\/2022\/05\/pivo.jpg\" class=\"attachment-full size-full wp-image-1991\" alt=\"\" srcset=\"https:\/\/bouda.webfusion.dev\/wp-content\/uploads\/2022\/05\/pivo.jpg 1280w, https:\/\/bouda.webfusion.dev\/wp-content\/uploads\/2022\/05\/pivo-300x200.jpg 300w, https:\/\/bouda.webfusion.dev\/wp-content\/uploads\/2022\/05\/pivo-1024x683.jpg 1024w, https:\/\/bouda.webfusion.dev\/wp-content\/uploads\/2022\/05\/pivo-768x512.jpg 768w, https:\/\/bouda.webfusion.dev\/wp-content\/uploads\/2022\/05\/pivo-770x514.jpg 770w\" sizes=\"(max-width: 1280px) 100vw, 1280px\" \/><\/a><\/figure><div class=\"elementor-image-box-content\"><h3 class=\"elementor-image-box-title\"><a href=\"https:\/\/bouda.webfusion.dev\/resort-okoli\/letni-turistika\/restaurace-a-hospody\/\">Restauracje i puby<\/a><\/h3><p class=\"elementor-image-box-description\">W 2015 roku, na wysoko\u015bci 1045 m n.p.m., pi\u0119\u0107 metr\u00f3w pod ziemi\u0105 w 103-letniej piwnicy, zaczynamy warzy\u0107 piwo. To pocz\u0105tek naszej opowie\u015bci o browarze Trautenberk.<\/p><\/div><\/div>\t\t\t\t<\/div>\n\t\t\t\t<\/div>\n\t\t\t\t\t<\/div>\n\t\t<\/div>\n\t\t\t\t<div class=\"elementor-column elementor-col-33 elementor-top-column elementor-element elementor-element-8972268 cspt-bg-color-over-image\" data-id=\"8972268\" data-element_type=\"column\" data-e-type=\"column\">\n\t\t\t<div class=\"elementor-widget-wrap\">\n\t\t\t\t\t\t\t<\/div>\n\t\t<\/div>\n\t\t\t\t\t<\/div>\n\t\t<\/section>\n\t\t\t\t<div class=\"elementor-section elementor-top-section elementor-element elementor-element-1209dd08 elementor-section-stretched elementor-hidden-mobile cspt-col-stretched-none cspt-bg-color-over-image elementor-section-boxed elementor-section-height-default elementor-section-height-default\" data-id=\"1209dd08\" data-element_type=\"section\" data-e-type=\"section\" data-settings=\"{&quot;stretch_section&quot;:&quot;section-stretched&quot;}\">\n\t\t\t\t\t\t\t<div class=\"elementor-background-overlay\"><\/div>\n\t\t\t\t\t\t\t<div class=\"elementor-container elementor-column-gap-no\">\n\t\t\t\t\t<div class=\"elementor-column elementor-col-100 elementor-top-column elementor-element elementor-element-5296c4a5 cspt-bg-color-over-image\" data-id=\"5296c4a5\" data-element_type=\"column\" data-e-type=\"column\">\n\t\t\t<div class=\"elementor-widget-wrap elementor-element-populated\">\n\t\t\t\t\t\t<div class=\"elementor-element elementor-element-14364e4f cspt-align-center elementor-widget elementor-widget-cspt_heading\" data-id=\"14364e4f\" data-element_type=\"widget\" data-e-type=\"widget\" data-widget_type=\"cspt_heading.default\">\n\t\t\t\t<div class=\"elementor-widget-container\">\n\t\t\t\t\t\t<div class=\"cspt-heading-subheading center-align cspt-reverse-heading-yes\"><div class=\"cspt-element-title\">\r\n\t\t\t\r\n\t\t\t\tNasi partnerzy\r\n\t\t\t\r\n\t\t\t<\/div>\r\n\t\t<\/div>\t\t\t\t<\/div>\n\t\t\t\t<\/div>\n\t\t\t\t<section class=\"elementor-section elementor-inner-section elementor-element elementor-element-29a15188 cspt-col-stretched-none cspt-bg-color-over-image elementor-section-boxed elementor-section-height-default elementor-section-height-default\" data-id=\"29a15188\" data-element_type=\"section\" data-e-type=\"section\">\n\t\t\t\t\t\t<div class=\"elementor-container elementor-column-gap-default\">\n\t\t\t\t\t<div class=\"elementor-column elementor-col-20 elementor-inner-column elementor-element elementor-element-2f1b603 cspt-bg-color-over-image\" data-id=\"2f1b603\" data-element_type=\"column\" data-e-type=\"column\">\n\t\t\t<div class=\"elementor-widget-wrap elementor-element-populated\">\n\t\t\t\t\t\t<div class=\"elementor-element elementor-element-7f0e907b elementor-widget elementor-widget-image\" data-id=\"7f0e907b\" data-element_type=\"widget\" data-e-type=\"widget\" data-widget_type=\"image.default\">\n\t\t\t\t<div class=\"elementor-widget-container\">\n\t\t\t\t\t\t\t\t\t\t\t\t\t\t\t<img loading=\"lazy\" decoding=\"async\" width=\"300\" height=\"150\" src=\"https:\/\/bouda.webfusion.dev\/wp-content\/uploads\/2022\/06\/bp-logo.png\" class=\"attachment-full size-full wp-image-7632\" alt=\"\">\t\t\t\t\t\t\t\t\t\t\t\t\t\t\t<\/div>\n\t\t\t\t<\/div>\n\t\t\t\t\t<\/div>\n\t\t<\/div>\n\t\t\t\t<div class=\"elementor-column elementor-col-20 elementor-inner-column elementor-element elementor-element-775d263d cspt-bg-color-over-image\" data-id=\"775d263d\" data-element_type=\"column\" data-e-type=\"column\">\n\t\t\t<div class=\"elementor-widget-wrap elementor-element-populated\">\n\t\t\t\t\t\t<div class=\"elementor-element elementor-element-59cd0766 elementor-widget elementor-widget-image\" data-id=\"59cd0766\" data-element_type=\"widget\" data-e-type=\"widget\" data-widget_type=\"image.default\">\n\t\t\t\t<div class=\"elementor-widget-container\">\n\t\t\t\t\t\t\t\t\t\t\t\t\t\t\t<img loading=\"lazy\" decoding=\"async\" width=\"300\" height=\"150\" src=\"https:\/\/bouda.webfusion.dev\/wp-content\/uploads\/2019\/06\/ski-upa.png\" class=\"attachment-full size-full wp-image-6696\" alt=\"\">\t\t\t\t\t\t\t\t\t\t\t\t\t\t\t<\/div>\n\t\t\t\t<\/div>\n\t\t\t\t\t<\/div>\n\t\t<\/div>\n\t\t\t\t<div class=\"elementor-column elementor-col-20 elementor-inner-column elementor-element elementor-element-3152f551 cspt-bg-color-over-image\" data-id=\"3152f551\" data-element_type=\"column\" data-e-type=\"column\">\n\t\t\t<div class=\"elementor-widget-wrap elementor-element-populated\">\n\t\t\t\t\t\t<div class=\"elementor-element elementor-element-3198ecce elementor-widget elementor-widget-image\" data-id=\"3198ecce\" data-element_type=\"widget\" data-e-type=\"widget\" data-widget_type=\"image.default\">\n\t\t\t\t<div class=\"elementor-widget-container\">\n\t\t\t\t\t\t\t\t\t\t\t\t\t\t\t<img loading=\"lazy\" decoding=\"async\" width=\"300\" height=\"150\" src=\"https:\/\/bouda.webfusion.dev\/wp-content\/uploads\/2019\/06\/upa-ski.png\" class=\"attachment-full size-full wp-image-6699\" alt=\"\">\t\t\t\t\t\t\t\t\t\t\t\t\t\t\t<\/div>\n\t\t\t\t<\/div>\n\t\t\t\t\t<\/div>\n\t\t<\/div>\n\t\t\t\t<div class=\"elementor-column elementor-col-20 elementor-inner-column elementor-element elementor-element-6ff6b4d6 cspt-bg-color-over-image\" data-id=\"6ff6b4d6\" data-element_type=\"column\" data-e-type=\"column\">\n\t\t\t<div class=\"elementor-widget-wrap elementor-element-populated\">\n\t\t\t\t\t\t<div class=\"elementor-element elementor-element-62bd9810 elementor-widget elementor-widget-image\" data-id=\"62bd9810\" data-element_type=\"widget\" data-e-type=\"widget\" data-widget_type=\"image.default\">\n\t\t\t\t<div class=\"elementor-widget-container\">\n\t\t\t\t\t\t\t\t\t\t\t\t\t\t\t<img loading=\"lazy\" decoding=\"async\" width=\"300\" height=\"150\" src=\"https:\/\/bouda.webfusion.dev\/wp-content\/uploads\/2019\/06\/pivovar.png\" class=\"attachment-full size-full wp-image-6693\" alt=\"\">\t\t\t\t\t\t\t\t\t\t\t\t\t\t\t<\/div>\n\t\t\t\t<\/div>\n\t\t\t\t\t<\/div>\n\t\t<\/div>\n\t\t\t\t<div class=\"elementor-column elementor-col-20 elementor-inner-column elementor-element elementor-element-566fac26 cspt-bg-color-over-image\" data-id=\"566fac26\" data-element_type=\"column\" data-e-type=\"column\">\n\t\t\t<div class=\"elementor-widget-wrap elementor-element-populated\">\n\t\t\t\t\t\t<div class=\"elementor-element elementor-element-108169a8 elementor-widget elementor-widget-image\" data-id=\"108169a8\" data-element_type=\"widget\" data-e-type=\"widget\" data-widget_type=\"image.default\">\n\t\t\t\t<div class=\"elementor-widget-container\">\n\t\t\t\t\t\t\t\t\t\t\t\t\t\t\t<img loading=\"lazy\" decoding=\"async\" width=\"300\" height=\"150\" src=\"https:\/\/bouda.webfusion.dev\/wp-content\/uploads\/2019\/06\/nevecom.png\" class=\"attachment-full size-full wp-image-6690\" alt=\"\">\t\t\t\t\t\t\t\t\t\t\t\t\t\t\t<\/div>\n\t\t\t\t<\/div>\n\t\t\t\t\t<\/div>\n\t\t<\/div>\n\t\t\t\t\t<\/div>\n\t\t<\/section>\n\t\t\t\t\t<\/div>\n\t\t<\/div>\n\t\t\t\t\t<\/div>\n\t\t<\/div>\n\t\t\t\t<\/div>\n\t\t","protected":false},"excerpt":{"rendered":"<p>Wskaz\u00f3wki na wycieczki z dzie\u0107mi Bajkowe Karkonosze &#8211; gra w piecz\u0105tki, bajkowy szlak, Mal\u00e1 \u00dapa, Pecka kraina zabaw, Pec pod \u015anie\u017ck\u0105, Velk\u00e1 \u00dapa i wi\u0119cej. Na rowerze Rowerzy\u015bci s\u0105 mile widziani w Karkonoszach. Dowodem na to s\u0105 setki kilometr\u00f3w \u015bcie\u017cek rowerowych biegn\u0105cych przez park narodowy i jego podn\u00f3\u017ca. Karkonoskie tysi\u0105ce W Ma\u0142ej Upie i jej okolicach znajduje si\u0119 10 szczyt\u00f3w o wysoko\u015bci przekraczaj\u0105cej 1000 m. S\u0105 one oznaczone g\u00f3rnymi s\u0142upkami[&hellip;]<\/p>\n","protected":false},"author":1,"featured_media":0,"parent":8684,"menu_order":0,"comment_status":"closed","ping_status":"closed","template":"","meta":{"_acf_changed":false,"footnotes":""},"class_list":["post-8840","page","type-page","status-publish","hentry"],"acf":[],"_links":{"self":[{"href":"https:\/\/bouda.webfusion.dev\/pl\/wp-json\/wp\/v2\/pages\/8840","targetHints":{"allow":["GET"]}}],"collection":[{"href":"https:\/\/bouda.webfusion.dev\/pl\/wp-json\/wp\/v2\/pages"}],"about":[{"href":"https:\/\/bouda.webfusion.dev\/pl\/wp-json\/wp\/v2\/types\/page"}],"author":[{"embeddable":true,"href":"https:\/\/bouda.webfusion.dev\/pl\/wp-json\/wp\/v2\/users\/1"}],"replies":[{"embeddable":true,"href":"https:\/\/bouda.webfusion.dev\/pl\/wp-json\/wp\/v2\/comments?post=8840"}],"version-history":[{"count":0,"href":"https:\/\/bouda.webfusion.dev\/pl\/wp-json\/wp\/v2\/pages\/8840\/revisions"}],"up":[{"embeddable":true,"href":"https:\/\/bouda.webfusion.dev\/pl\/wp-json\/wp\/v2\/pages\/8684"}],"wp:attachment":[{"href":"https:\/\/bouda.webfusion.dev\/pl\/wp-json\/wp\/v2\/media?parent=8840"}],"curies":[{"name":"wp","href":"https:\/\/api.w.org\/{rel}","templated":true}]}}