{"id":8938,"date":"2022-05-16T12:04:26","date_gmt":"2022-05-16T10:04:26","guid":{"rendered":"https:\/\/bouda.webfusion.dev\/cennik\/"},"modified":"2023-10-12T22:35:56","modified_gmt":"2023-10-12T20:35:56","slug":"cennik","status":"publish","type":"page","link":"https:\/\/bouda.webfusion.dev\/pl\/wypozyczalnia-lato\/cennik\/","title":{"rendered":"Cennik"},"content":{"rendered":"\t\t<div data-elementor-type=\"wp-page\" data-elementor-id=\"8938\" class=\"elementor elementor-8938 elementor-2003\" data-elementor-post-type=\"page\">\n\t\t\t\t\t\t<section class=\"elementor-section elementor-top-section elementor-element elementor-element-2984f6b0 cspt-col-stretched-none cspt-bg-color-over-image elementor-section-boxed elementor-section-height-default elementor-section-height-default\" data-id=\"2984f6b0\" data-element_type=\"section\" data-e-type=\"section\">\n\t\t\t\t\t\t\t<div class=\"elementor-background-overlay\"><\/div>\n\t\t\t\t\t\t\t<div class=\"elementor-container elementor-column-gap-default\">\n\t\t\t\t\t<div class=\"elementor-column elementor-col-50 elementor-top-column elementor-element elementor-element-47e21f7a cspt-bg-color-over-image\" data-id=\"47e21f7a\" data-element_type=\"column\" data-e-type=\"column\">\n\t\t\t<div class=\"elementor-widget-wrap elementor-element-populated\">\n\t\t\t\t\t\t<div class=\"elementor-element elementor-element-573b1a4f elementor-nav-menu__align-start elementor-nav-menu--dropdown-none sidebar-menu elementor-widget elementor-widget-nav-menu\" data-id=\"573b1a4f\" data-element_type=\"widget\" data-e-type=\"widget\" data-settings=\"{&quot;layout&quot;:&quot;vertical&quot;,&quot;sticky&quot;:&quot;top&quot;,&quot;sticky_on&quot;:[&quot;desktop&quot;],&quot;sticky_offset&quot;:120,&quot;sticky_parent&quot;:&quot;yes&quot;,&quot;submenu_icon&quot;:{&quot;value&quot;:&quot;&lt;i class=\\&quot;fas fa-caret-down\\&quot; aria-hidden=\\&quot;true\\&quot;&gt;&lt;\\\/i&gt;&quot;,&quot;library&quot;:&quot;fa-solid&quot;},&quot;sticky_effects_offset&quot;:0,&quot;sticky_anchor_link_offset&quot;:0}\" data-widget_type=\"nav-menu.default\">\n\t\t\t\t<div class=\"elementor-widget-container\">\n\t\t\t\t\t\t\t\t<nav aria-label=\"Menu\" class=\"elementor-nav-menu--main elementor-nav-menu__container elementor-nav-menu--layout-vertical e--pointer-underline e--animation-fade\">\n\t\t\t\t<ul id=\"menu-1-573b1a4f\" class=\"elementor-nav-menu sm-vertical\"> <li class=\"menu-item menu-item-type-post_type menu-item-object-page menu-item-12050\"> <a href=\"https:\/\/bouda.webfusion.dev\/pl\/wypozyczalnia-lato\/rower-gorski\/\" class=\"elementor-item\">Rower g\u00f3rski<\/a> <\/li>\n<li class=\"menu-item menu-item-type-post_type menu-item-object-page menu-item-12051\"> <a href=\"https:\/\/bouda.webfusion.dev\/pl\/wypozyczalnia-lato\/hulajnoga\/\" class=\"elementor-item\">Hulajnoga<\/a> <\/li>\n<li class=\"menu-item menu-item-type-post_type menu-item-object-page menu-item-12052\"> <a href=\"https:\/\/bouda.webfusion.dev\/pl\/wypozyczalnia-lato\/wielofunkcyjny-boisko\/\" class=\"elementor-item\">Wielofunkcyjne boisko<\/a> <\/li>\n<li class=\"menu-item menu-item-type-post_type menu-item-object-page menu-item-12053\"> <a href=\"https:\/\/bouda.webfusion.dev\/pl\/wypozyczalnia-lato\/pilka\/\" class=\"elementor-item\">Pi\u0142ka<\/a> <\/li>\n<li class=\"menu-item menu-item-type-post_type menu-item-object-page menu-item-12054\"> <a href=\"https:\/\/bouda.webfusion.dev\/pl\/wypozyczalnia-lato\/tenis\/\" class=\"elementor-item\">Tenis<\/a> <\/li>\n<li class=\"menu-item menu-item-type-post_type menu-item-object-page menu-item-12055\"> <a href=\"https:\/\/bouda.webfusion.dev\/pl\/wypozyczalnia-lato\/minigolf\/\" class=\"elementor-item\">Minigolf<\/a> <\/li>\n<li class=\"menu-item menu-item-type-post_type menu-item-object-page menu-item-12056\"> <a href=\"https:\/\/bouda.webfusion.dev\/pl\/wypozyczalnia-lato\/cennik\/\" class=\"elementor-item\">Cennik<\/a> <\/li>\n<\/ul>\t\t\t<\/nav>\n\t\t\t\t\t\t<nav class=\"elementor-nav-menu--dropdown elementor-nav-menu__container\" aria-hidden=\"true\">\n\t\t\t\t<ul id=\"menu-2-573b1a4f\" class=\"elementor-nav-menu sm-vertical\"> <li class=\"menu-item menu-item-type-post_type menu-item-object-page menu-item-12050\"> <a href=\"https:\/\/bouda.webfusion.dev\/pl\/wypozyczalnia-lato\/rower-gorski\/\" class=\"elementor-item\" tabindex=\"-1\">Rower g\u00f3rski<\/a> <\/li>\n<li class=\"menu-item menu-item-type-post_type menu-item-object-page menu-item-12051\"> <a href=\"https:\/\/bouda.webfusion.dev\/pl\/wypozyczalnia-lato\/hulajnoga\/\" class=\"elementor-item\" tabindex=\"-1\">Hulajnoga<\/a> <\/li>\n<li class=\"menu-item menu-item-type-post_type menu-item-object-page menu-item-12052\"> <a href=\"https:\/\/bouda.webfusion.dev\/pl\/wypozyczalnia-lato\/wielofunkcyjny-boisko\/\" class=\"elementor-item\" tabindex=\"-1\">Wielofunkcyjne boisko<\/a> <\/li>\n<li class=\"menu-item menu-item-type-post_type menu-item-object-page menu-item-12053\"> <a href=\"https:\/\/bouda.webfusion.dev\/pl\/wypozyczalnia-lato\/pilka\/\" class=\"elementor-item\" tabindex=\"-1\">Pi\u0142ka<\/a> <\/li>\n<li class=\"menu-item menu-item-type-post_type menu-item-object-page menu-item-12054\"> <a href=\"https:\/\/bouda.webfusion.dev\/pl\/wypozyczalnia-lato\/tenis\/\" class=\"elementor-item\" tabindex=\"-1\">Tenis<\/a> <\/li>\n<li class=\"menu-item menu-item-type-post_type menu-item-object-page menu-item-12055\"> <a href=\"https:\/\/bouda.webfusion.dev\/pl\/wypozyczalnia-lato\/minigolf\/\" class=\"elementor-item\" tabindex=\"-1\">Minigolf<\/a> <\/li>\n<li class=\"menu-item menu-item-type-post_type menu-item-object-page menu-item-12056\"> <a href=\"https:\/\/bouda.webfusion.dev\/pl\/wypozyczalnia-lato\/cennik\/\" class=\"elementor-item\" tabindex=\"-1\">Cennik<\/a> <\/li>\n<\/ul>\t\t\t<\/nav>\n\t\t\t\t\t\t<\/div>\n\t\t\t\t<\/div>\n\t\t\t\t<section class=\"elementor-section elementor-inner-section elementor-element elementor-element-3606c2b4 cspt-col-stretched-none cspt-bg-color-over-image elementor-section-boxed elementor-section-height-default elementor-section-height-default elementor-invisible\" data-id=\"3606c2b4\" data-element_type=\"section\" data-e-type=\"section\" data-settings=\"{&quot;sticky&quot;:&quot;top&quot;,&quot;sticky_offset&quot;:125,&quot;sticky_parent&quot;:&quot;yes&quot;,&quot;animation&quot;:&quot;fadeIn&quot;,&quot;sticky_on&quot;:[&quot;desktop&quot;,&quot;tablet&quot;,&quot;mobile&quot;],&quot;sticky_effects_offset&quot;:0,&quot;sticky_anchor_link_offset&quot;:0}\">\n\t\t\t\t\t\t<div class=\"elementor-container elementor-column-gap-default\">\n\t\t\t\t\t<div class=\"elementor-column elementor-col-100 elementor-inner-column elementor-element elementor-element-346f78b0 cspt-bg-color-over-image\" data-id=\"346f78b0\" data-element_type=\"column\" data-e-type=\"column\">\n\t\t\t<div class=\"elementor-widget-wrap\">\n\t\t\t\t\t\t\t<\/div>\n\t\t<\/div>\n\t\t\t\t\t<\/div>\n\t\t<\/section>\n\t\t\t\t\t<\/div>\n\t\t<\/div>\n\t\t\t\t<div class=\"elementor-column elementor-col-50 elementor-top-column elementor-element elementor-element-3334856c cspt-bg-color-over-image\" data-id=\"3334856c\" data-element_type=\"column\" data-e-type=\"column\">\n\t\t\t<div class=\"elementor-widget-wrap elementor-element-populated\">\n\t\t\t\t\t\t<section class=\"elementor-section elementor-inner-section elementor-element elementor-element-11ed4314 cspt-col-stretched-none cspt-bg-color-over-image elementor-section-boxed elementor-section-height-default elementor-section-height-default\" data-id=\"11ed4314\" data-element_type=\"section\" data-e-type=\"section\">\n\t\t\t\t\t\t<div class=\"elementor-container elementor-column-gap-default\">\n\t\t\t\t\t<div class=\"elementor-column elementor-col-100 elementor-inner-column elementor-element elementor-element-1cba563e cspt-bg-color-over-image\" data-id=\"1cba563e\" data-element_type=\"column\" data-e-type=\"column\">\n\t\t\t<div class=\"elementor-widget-wrap elementor-element-populated\">\n\t\t\t\t\t\t<div class=\"elementor-element elementor-element-2dcd8767 cspt-align-left elementor-widget elementor-widget-cspt_heading\" data-id=\"2dcd8767\" data-element_type=\"widget\" data-e-type=\"widget\" data-widget_type=\"cspt_heading.default\">\n\t\t\t\t<div class=\"elementor-widget-container\">\n\t\t\t\t\t\t<div class=\"cspt-heading-subheading left-align cspt-reverse-heading-yes\"><h4 class=\"cspt-element-subtitle\">\r\n\t\t\t\r\n\t\t\t\tWypo\u017cyczalnia\r\n\t\t\t\r\n\t\t\t<\/h4>\r\n\t\t<h2 class=\"cspt-element-title\">\r\n\t\t\t\r\n\t\t\t\tCennik naszych us\u0142ug\n\r\n\t\t\t\r\n\t\t\t<\/h2>\r\n\t\t<\/div>\t\t\t\t<\/div>\n\t\t\t\t<\/div>\n\t\t\t\t<div class=\"elementor-element elementor-element-2475c381 cspt-align-left elementor-widget elementor-widget-cspt_heading\" data-id=\"2475c381\" data-element_type=\"widget\" data-e-type=\"widget\" id=\"kolo\" data-widget_type=\"cspt_heading.default\">\n\t\t\t\t<div class=\"elementor-widget-container\">\n\t\t\t\t\t\t<div class=\"cspt-heading-subheading left-align cspt-reverse-heading-yes\"><h4 class=\"cspt-element-title\">\r\n\t\t\t\r\n\t\t\t\tRower g\u00f3rski &amp; kask\r\n\t\t\t\r\n\t\t\t<\/h4>\r\n\t\t<\/div>\t\t\t\t<\/div>\n\t\t\t\t<\/div>\n\t\t\t\t<div class=\"elementor-element elementor-element-7929c6fe elementor-widget elementor-widget-text-editor\" data-id=\"7929c6fe\" data-element_type=\"widget\" data-e-type=\"widget\" data-widget_type=\"text-editor.default\">\n\t\t\t\t<div class=\"elementor-widget-container\">\n\t\t\t\t\t\t\t\t\t<table style=\"width: 100%; height: 78px;\" width=\"100%\">\n<tbody>\n<tr style=\"height: 26px;\">\n<td style=\"height: 26px;\" colspan=\"2\" width=\"400\">Rower g\u00f3rski i kask<\/td>\n<\/tr>\n<tr style=\"height: 26px;\">\n<td style=\"height: 26px;\" width=\"196\">1 dzie\u0144<\/td>\n<td style=\"height: 26px;\" width=\"204\">600 CZK<\/td>\n<\/tr>\n<tr style=\"height: 26px;\">\n<td style=\"height: 26px;\" width=\"196\">2 &#8211; 7 dni<\/td>\n<td style=\"height: 26px;\" width=\"204\">400 CZK<\/td>\n<\/tr>\n<\/tbody>\n<\/table>\n\t\t\t\t\t\t\t\t<\/div>\n\t\t\t\t<\/div>\n\t\t\t\t<div class=\"elementor-element elementor-element-876283e cspt-align-left elementor-widget elementor-widget-cspt_heading\" data-id=\"876283e\" data-element_type=\"widget\" data-e-type=\"widget\" id=\"kolobezka\" data-widget_type=\"cspt_heading.default\">\n\t\t\t\t<div class=\"elementor-widget-container\">\n\t\t\t\t\t\t<div class=\"cspt-heading-subheading left-align cspt-reverse-heading-yes\"><h4 class=\"cspt-element-title\">\r\n\t\t\t\r\n\t\t\t\tHulajnoga &amp; kask\r\n\t\t\t\r\n\t\t\t<\/h4>\r\n\t\t<\/div>\t\t\t\t<\/div>\n\t\t\t\t<\/div>\n\t\t\t\t<div class=\"elementor-element elementor-element-2639fa18 elementor-widget elementor-widget-text-editor\" data-id=\"2639fa18\" data-element_type=\"widget\" data-e-type=\"widget\" data-widget_type=\"text-editor.default\">\n\t\t\t\t<div class=\"elementor-widget-container\">\n\t\t\t\t\t\t\t\t\t<table width=\"100%\">\n<tbody>\n<tr>\n<td width=\"156\"> <\/td>\n<td width=\"159\">Doros\u0142y<\/td>\n<td width=\"285\">Dziecko<\/td>\n<\/tr>\n<tr>\n<td width=\"156\">1 dzie\u0144<\/td>\n<td width=\"159\">350 CZK<\/td>\n<td width=\"285\">250 CZK<\/td>\n<\/tr>\n<tr>\n<td width=\"156\">2- 7 dni<\/td>\n<td width=\"159\">250 CZK<\/td>\n<td width=\"285\">200 CZK<\/td>\n<\/tr>\n<\/tbody>\n<\/table>\n\t\t\t\t\t\t\t\t<\/div>\n\t\t\t\t<\/div>\n\t\t\t\t<div class=\"elementor-element elementor-element-529cdb36 cspt-align-left elementor-widget elementor-widget-cspt_heading\" data-id=\"529cdb36\" data-element_type=\"widget\" data-e-type=\"widget\" id=\"hriste\" data-widget_type=\"cspt_heading.default\">\n\t\t\t\t<div class=\"elementor-widget-container\">\n\t\t\t\t\t\t<div class=\"cspt-heading-subheading left-align cspt-reverse-heading-yes\"><h4 class=\"cspt-element-title\">\r\n\t\t\t\r\n\t\t\t\tWynajem ogrodzonego boiska\r\n\t\t\t\r\n\t\t\t<\/h4>\r\n\t\t<\/div>\t\t\t\t<\/div>\n\t\t\t\t<\/div>\n\t\t\t\t<div class=\"elementor-element elementor-element-d5d5d56 elementor-widget elementor-widget-text-editor\" data-id=\"d5d5d56\" data-element_type=\"widget\" data-e-type=\"widget\" data-widget_type=\"text-editor.default\">\n\t\t\t\t<div class=\"elementor-widget-container\">\n\t\t\t\t\t\t\t\t\t<table width=\"100%\"><tbody><tr><td colspan=\"2\" width=\"400\">WYNAJEM OGRODZONEGO BOISKA<\/td><\/tr><tr><td width=\"196\">1 godz.<\/td><td width=\"204\">350 CZK<\/td><\/tr><tr><td width=\"196\">2 godz.<\/td><td width=\"204\">250 CZK<\/td><\/tr><\/tbody><\/table>\t\t\t\t\t\t\t\t<\/div>\n\t\t\t\t<\/div>\n\t\t\t\t<div class=\"elementor-element elementor-element-46973f05 cspt-align-left elementor-widget elementor-widget-cspt_heading\" data-id=\"46973f05\" data-element_type=\"widget\" data-e-type=\"widget\" id=\"tenis\" data-widget_type=\"cspt_heading.default\">\n\t\t\t\t<div class=\"elementor-widget-container\">\n\t\t\t\t\t\t<div class=\"cspt-heading-subheading left-align cspt-reverse-heading-yes\"><h4 class=\"cspt-element-title\">\r\n\t\t\t\r\n\t\t\t\tZestaw do tenisa\r\n\t\t\t\r\n\t\t\t<\/h4>\r\n\t\t<\/div>\t\t\t\t<\/div>\n\t\t\t\t<\/div>\n\t\t\t\t<div class=\"elementor-element elementor-element-6dd445da elementor-widget elementor-widget-text-editor\" data-id=\"6dd445da\" data-element_type=\"widget\" data-e-type=\"widget\" data-widget_type=\"text-editor.default\">\n\t\t\t\t<div class=\"elementor-widget-container\">\n\t\t\t\t\t\t\t\t\t<table width=\"100%\"><tbody><tr><td colspan=\"2\" width=\"400\">ZESTAW DO TENISA (2x rakieta + pi\u0142ki)<\/td><\/tr><tr><td width=\"196\">1 gra<\/td><td width=\"204\">100 CZK<\/td><\/tr><\/tbody><\/table>\t\t\t\t\t\t\t\t<\/div>\n\t\t\t\t<\/div>\n\t\t\t\t<div class=\"elementor-element elementor-element-177f406f cspt-align-left elementor-widget elementor-widget-cspt_heading\" data-id=\"177f406f\" data-element_type=\"widget\" data-e-type=\"widget\" id=\"mic\" data-widget_type=\"cspt_heading.default\">\n\t\t\t\t<div class=\"elementor-widget-container\">\n\t\t\t\t\t\t<div class=\"cspt-heading-subheading left-align cspt-reverse-heading-yes\"><h4 class=\"cspt-element-title\">\r\n\t\t\t\r\n\t\t\t\tPI\u0141KA (pi\u0142ka no\u017cna, siatk\u00f3wka, ...)\r\n\t\t\t\r\n\t\t\t<\/h4>\r\n\t\t<\/div>\t\t\t\t<\/div>\n\t\t\t\t<\/div>\n\t\t\t\t<div class=\"elementor-element elementor-element-1e2a7518 elementor-widget elementor-widget-text-editor\" data-id=\"1e2a7518\" data-element_type=\"widget\" data-e-type=\"widget\" data-widget_type=\"text-editor.default\">\n\t\t\t\t<div class=\"elementor-widget-container\">\n\t\t\t\t\t\t\t\t\t<table width=\"100%\">\n<tbody>\n<tr>\n<td colspan=\"2\" width=\"400\">PI\u0141KA (pi\u0142ka no\u017cna, siatk\u00f3wka, &#8230;)<\/td>\n<\/tr>\n<tr>\n<td width=\"196\">1 gra<\/td>\n<td width=\"204\">60 CZK<\/td>\n<\/tr>\n<\/tbody>\n<\/table>\t\t\t\t\t\t\t\t<\/div>\n\t\t\t\t<\/div>\n\t\t\t\t<div class=\"elementor-element elementor-element-4de39044 cspt-align-left elementor-widget elementor-widget-cspt_heading\" data-id=\"4de39044\" data-element_type=\"widget\" data-e-type=\"widget\" id=\"minigolf\" data-widget_type=\"cspt_heading.default\">\n\t\t\t\t<div class=\"elementor-widget-container\">\n\t\t\t\t\t\t<div class=\"cspt-heading-subheading left-align cspt-reverse-heading-yes\"><h4 class=\"cspt-element-title\">\r\n\t\t\t\r\n\t\t\t\tMinigolf\r\n\t\t\t\r\n\t\t\t<\/h4>\r\n\t\t<\/div>\t\t\t\t<\/div>\n\t\t\t\t<\/div>\n\t\t\t\t<div class=\"elementor-element elementor-element-6078095d elementor-widget elementor-widget-text-editor\" data-id=\"6078095d\" data-element_type=\"widget\" data-e-type=\"widget\" data-widget_type=\"text-editor.default\">\n\t\t\t\t<div class=\"elementor-widget-container\">\n\t\t\t\t\t\t\t\t\t<table width=\"100%\">\n<tbody>\n<tr>\n<td colspan=\"2\" width=\"400\">MINIGOLF<\/td>\n<\/tr>\n<tr>\n<td width=\"196\">1 gra<\/td>\n<td width=\"204\">80 K\u010d<\/td>\n<\/tr>\n<\/tbody>\n<\/table>\n\t\t\t\t\t\t\t\t<\/div>\n\t\t\t\t<\/div>\n\t\t\t\t\t<\/div>\n\t\t<\/div>\n\t\t\t\t\t<\/div>\n\t\t<\/section>\n\t\t\t\t\t<\/div>\n\t\t<\/div>\n\t\t\t\t\t<\/div>\n\t\t<\/section>\n\t\t\t\t<div class=\"elementor-section elementor-top-section elementor-element elementor-element-16cbf5f8 elementor-section-stretched elementor-hidden-mobile cspt-col-stretched-none cspt-bg-color-over-image elementor-section-boxed elementor-section-height-default elementor-section-height-default\" data-id=\"16cbf5f8\" data-element_type=\"section\" data-e-type=\"section\" data-settings=\"{&quot;stretch_section&quot;:&quot;section-stretched&quot;}\">\n\t\t\t\t\t\t\t<div class=\"elementor-background-overlay\"><\/div>\n\t\t\t\t\t\t\t<div class=\"elementor-container elementor-column-gap-no\">\n\t\t\t\t\t<div class=\"elementor-column elementor-col-100 elementor-top-column elementor-element elementor-element-7e02e645 cspt-bg-color-over-image\" data-id=\"7e02e645\" data-element_type=\"column\" data-e-type=\"column\">\n\t\t\t<div class=\"elementor-widget-wrap elementor-element-populated\">\n\t\t\t\t\t\t<div class=\"elementor-element elementor-element-296f7ae9 cspt-align-center elementor-widget elementor-widget-cspt_heading\" data-id=\"296f7ae9\" data-element_type=\"widget\" data-e-type=\"widget\" data-widget_type=\"cspt_heading.default\">\n\t\t\t\t<div class=\"elementor-widget-container\">\n\t\t\t\t\t\t<div class=\"cspt-heading-subheading center-align cspt-reverse-heading-yes\"><div class=\"cspt-element-title\">\r\n\t\t\t\r\n\t\t\t\tNasi partnerzy\r\n\t\t\t\r\n\t\t\t<\/div>\r\n\t\t<\/div>\t\t\t\t<\/div>\n\t\t\t\t<\/div>\n\t\t\t\t<section class=\"elementor-section elementor-inner-section elementor-element elementor-element-5c3e811c cspt-col-stretched-none cspt-bg-color-over-image elementor-section-boxed elementor-section-height-default elementor-section-height-default\" data-id=\"5c3e811c\" data-element_type=\"section\" data-e-type=\"section\">\n\t\t\t\t\t\t<div class=\"elementor-container elementor-column-gap-default\">\n\t\t\t\t\t<div class=\"elementor-column elementor-col-20 elementor-inner-column elementor-element elementor-element-1dc968cb cspt-bg-color-over-image\" data-id=\"1dc968cb\" data-element_type=\"column\" data-e-type=\"column\">\n\t\t\t<div class=\"elementor-widget-wrap elementor-element-populated\">\n\t\t\t\t\t\t<div class=\"elementor-element elementor-element-4ba85bc2 elementor-widget elementor-widget-image\" data-id=\"4ba85bc2\" data-element_type=\"widget\" data-e-type=\"widget\" data-widget_type=\"image.default\">\n\t\t\t\t<div class=\"elementor-widget-container\">\n\t\t\t\t\t\t\t\t\t\t\t\t\t\t\t<img decoding=\"async\" width=\"300\" height=\"150\" src=\"https:\/\/bouda.webfusion.dev\/wp-content\/uploads\/2022\/06\/bp-logo.png\" class=\"attachment-full size-full wp-image-7632\" alt=\"\">\t\t\t\t\t\t\t\t\t\t\t\t\t\t\t<\/div>\n\t\t\t\t<\/div>\n\t\t\t\t\t<\/div>\n\t\t<\/div>\n\t\t\t\t<div class=\"elementor-column elementor-col-20 elementor-inner-column elementor-element elementor-element-50ed9f2b cspt-bg-color-over-image\" data-id=\"50ed9f2b\" data-element_type=\"column\" data-e-type=\"column\">\n\t\t\t<div class=\"elementor-widget-wrap elementor-element-populated\">\n\t\t\t\t\t\t<div class=\"elementor-element elementor-element-36cab3ae elementor-widget elementor-widget-image\" data-id=\"36cab3ae\" data-element_type=\"widget\" data-e-type=\"widget\" data-widget_type=\"image.default\">\n\t\t\t\t<div class=\"elementor-widget-container\">\n\t\t\t\t\t\t\t\t\t\t\t\t\t\t\t<img decoding=\"async\" width=\"300\" height=\"150\" src=\"https:\/\/bouda.webfusion.dev\/wp-content\/uploads\/2019\/06\/ski-upa.png\" class=\"attachment-full size-full wp-image-6696\" alt=\"\">\t\t\t\t\t\t\t\t\t\t\t\t\t\t\t<\/div>\n\t\t\t\t<\/div>\n\t\t\t\t\t<\/div>\n\t\t<\/div>\n\t\t\t\t<div class=\"elementor-column elementor-col-20 elementor-inner-column elementor-element elementor-element-1e973f15 cspt-bg-color-over-image\" data-id=\"1e973f15\" data-element_type=\"column\" data-e-type=\"column\">\n\t\t\t<div class=\"elementor-widget-wrap elementor-element-populated\">\n\t\t\t\t\t\t<div class=\"elementor-element elementor-element-20ed6834 elementor-widget elementor-widget-image\" data-id=\"20ed6834\" data-element_type=\"widget\" data-e-type=\"widget\" data-widget_type=\"image.default\">\n\t\t\t\t<div class=\"elementor-widget-container\">\n\t\t\t\t\t\t\t\t\t\t\t\t\t\t\t<img decoding=\"async\" width=\"300\" height=\"150\" src=\"https:\/\/bouda.webfusion.dev\/wp-content\/uploads\/2019\/06\/upa-ski.png\" class=\"attachment-full size-full wp-image-6699\" alt=\"\">\t\t\t\t\t\t\t\t\t\t\t\t\t\t\t<\/div>\n\t\t\t\t<\/div>\n\t\t\t\t\t<\/div>\n\t\t<\/div>\n\t\t\t\t<div class=\"elementor-column elementor-col-20 elementor-inner-column elementor-element elementor-element-3057297e cspt-bg-color-over-image\" data-id=\"3057297e\" data-element_type=\"column\" data-e-type=\"column\">\n\t\t\t<div class=\"elementor-widget-wrap elementor-element-populated\">\n\t\t\t\t\t\t<div class=\"elementor-element elementor-element-6ef7bf92 elementor-widget elementor-widget-image\" data-id=\"6ef7bf92\" data-element_type=\"widget\" data-e-type=\"widget\" data-widget_type=\"image.default\">\n\t\t\t\t<div class=\"elementor-widget-container\">\n\t\t\t\t\t\t\t\t\t\t\t\t\t\t\t<img loading=\"lazy\" decoding=\"async\" width=\"300\" height=\"150\" src=\"https:\/\/bouda.webfusion.dev\/wp-content\/uploads\/2019\/06\/pivovar.png\" class=\"attachment-full size-full wp-image-6693\" alt=\"\">\t\t\t\t\t\t\t\t\t\t\t\t\t\t\t<\/div>\n\t\t\t\t<\/div>\n\t\t\t\t\t<\/div>\n\t\t<\/div>\n\t\t\t\t<div class=\"elementor-column elementor-col-20 elementor-inner-column elementor-element elementor-element-11d51e86 cspt-bg-color-over-image\" data-id=\"11d51e86\" data-element_type=\"column\" data-e-type=\"column\">\n\t\t\t<div class=\"elementor-widget-wrap elementor-element-populated\">\n\t\t\t\t\t\t<div class=\"elementor-element elementor-element-14ed8ca8 elementor-widget elementor-widget-image\" data-id=\"14ed8ca8\" data-element_type=\"widget\" data-e-type=\"widget\" data-widget_type=\"image.default\">\n\t\t\t\t<div class=\"elementor-widget-container\">\n\t\t\t\t\t\t\t\t\t\t\t\t\t\t\t<img loading=\"lazy\" decoding=\"async\" width=\"300\" height=\"150\" src=\"https:\/\/bouda.webfusion.dev\/wp-content\/uploads\/2019\/06\/nevecom.png\" class=\"attachment-full size-full wp-image-6690\" alt=\"\">\t\t\t\t\t\t\t\t\t\t\t\t\t\t\t<\/div>\n\t\t\t\t<\/div>\n\t\t\t\t\t<\/div>\n\t\t<\/div>\n\t\t\t\t\t<\/div>\n\t\t<\/section>\n\t\t\t\t\t<\/div>\n\t\t<\/div>\n\t\t\t\t\t<\/div>\n\t\t<\/div>\n\t\t\t\t<\/div>\n\t\t","protected":false},"excerpt":{"rendered":"<p>Wypo\u017cyczalnia Cennik naszych us\u0142ug Rower g\u00f3rski &amp; kask Rower g\u00f3rski i kask 1 dzie\u0144 600 CZK 2 &#8211; 7 dni 400 CZK Hulajnoga &amp; kask Doros\u0142y Dziecko 1 dzie\u0144 350 CZK 250 CZK 2- 7 dni 250 CZK 200 CZK Wynajem ogrodzonego boiska WYNAJEM OGRODZONEGO BOISKA 1 godz. 350 CZK 2 godz. 250 CZK Zestaw do tenisa ZESTAW DO TENISA (2x rakieta + pi\u0142ki) 1 gra 100 CZK PI\u0141KA (pi\u0142ka[&hellip;]<\/p>\n","protected":false},"author":1,"featured_media":0,"parent":8997,"menu_order":0,"comment_status":"closed","ping_status":"closed","template":"","meta":{"_acf_changed":false,"footnotes":""},"class_list":["post-8938","page","type-page","status-publish","hentry"],"acf":[],"_links":{"self":[{"href":"https:\/\/bouda.webfusion.dev\/pl\/wp-json\/wp\/v2\/pages\/8938","targetHints":{"allow":["GET"]}}],"collection":[{"href":"https:\/\/bouda.webfusion.dev\/pl\/wp-json\/wp\/v2\/pages"}],"about":[{"href":"https:\/\/bouda.webfusion.dev\/pl\/wp-json\/wp\/v2\/types\/page"}],"author":[{"embeddable":true,"href":"https:\/\/bouda.webfusion.dev\/pl\/wp-json\/wp\/v2\/users\/1"}],"replies":[{"embeddable":true,"href":"https:\/\/bouda.webfusion.dev\/pl\/wp-json\/wp\/v2\/comments?post=8938"}],"version-history":[{"count":0,"href":"https:\/\/bouda.webfusion.dev\/pl\/wp-json\/wp\/v2\/pages\/8938\/revisions"}],"up":[{"embeddable":true,"href":"https:\/\/bouda.webfusion.dev\/pl\/wp-json\/wp\/v2\/pages\/8997"}],"wp:attachment":[{"href":"https:\/\/bouda.webfusion.dev\/pl\/wp-json\/wp\/v2\/media?parent=8938"}],"curies":[{"name":"wp","href":"https:\/\/api.w.org\/{rel}","templated":true}]}}