{"id":8949,"date":"2022-05-16T11:20:16","date_gmt":"2022-05-16T09:20:16","guid":{"rendered":"https:\/\/bouda.webfusion.dev\/osrodek-i-okolice\/turystyka-letnia\/barokowy-kosciol-sw-piotr-i-pawel\/"},"modified":"2023-10-23T16:27:12","modified_gmt":"2023-10-23T14:27:12","slug":"barokowy-kosciol-sw-piotra-i-pawla","status":"publish","type":"page","link":"https:\/\/bouda.webfusion.dev\/pl\/osrodek-i-okolice\/turystyka-letnia\/barokowy-kosciol-sw-piotra-i-pawla\/","title":{"rendered":"Barokowy ko\u015bci\u00f3\u0142 \u015bw. Piotra i Paw\u0142a"},"content":{"rendered":"\t\t<div data-elementor-type=\"wp-page\" data-elementor-id=\"8949\" class=\"elementor elementor-8949 elementor-1971\" data-elementor-post-type=\"page\">\n\t\t\t\t\t\t<section class=\"elementor-section elementor-top-section elementor-element elementor-element-4583d599 cspt-col-stretched-none cspt-bg-color-over-image elementor-section-boxed elementor-section-height-default elementor-section-height-default\" data-id=\"4583d599\" data-element_type=\"section\" data-e-type=\"section\">\n\t\t\t\t\t\t\t<div class=\"elementor-background-overlay\"><\/div>\n\t\t\t\t\t\t\t<div class=\"elementor-container elementor-column-gap-default\">\n\t\t\t\t\t<div class=\"elementor-column elementor-col-50 elementor-top-column elementor-element elementor-element-2fe66cca cspt-bg-color-over-image\" data-id=\"2fe66cca\" data-element_type=\"column\" data-e-type=\"column\">\n\t\t\t<div class=\"elementor-widget-wrap elementor-element-populated\">\n\t\t\t\t\t\t<div class=\"elementor-element elementor-element-6208a174 elementor-nav-menu__align-start elementor-nav-menu--dropdown-none sidebar-menu elementor-widget elementor-widget-nav-menu\" data-id=\"6208a174\" data-element_type=\"widget\" data-e-type=\"widget\" data-settings=\"{&quot;layout&quot;:&quot;vertical&quot;,&quot;sticky&quot;:&quot;top&quot;,&quot;sticky_on&quot;:[&quot;desktop&quot;],&quot;sticky_offset&quot;:120,&quot;sticky_parent&quot;:&quot;yes&quot;,&quot;submenu_icon&quot;:{&quot;value&quot;:&quot;&lt;i class=\\&quot;fas fa-caret-down\\&quot; aria-hidden=\\&quot;true\\&quot;&gt;&lt;\\\/i&gt;&quot;,&quot;library&quot;:&quot;fa-solid&quot;},&quot;sticky_effects_offset&quot;:0,&quot;sticky_anchor_link_offset&quot;:0}\" data-widget_type=\"nav-menu.default\">\n\t\t\t\t<div class=\"elementor-widget-container\">\n\t\t\t\t\t\t\t\t<nav aria-label=\"Menu\" class=\"elementor-nav-menu--main elementor-nav-menu__container elementor-nav-menu--layout-vertical e--pointer-underline e--animation-fade\">\n\t\t\t\t<ul id=\"menu-1-6208a174\" class=\"elementor-nav-menu sm-vertical\"> <li class=\"menu-item menu-item-type-post_type menu-item-object-page menu-item-12025\"> <a href=\"https:\/\/bouda.webfusion.dev\/pl\/osrodek-i-okolice\/wydarzenia-i-aktualnosci\/\" class=\"elementor-item\">Wydarzenia i aktualno\u015bci<\/a> <\/li>\n<li class=\"menu-item menu-item-type-post_type menu-item-object-page menu-item-12026\"> <a href=\"https:\/\/bouda.webfusion.dev\/pl\/osrodek-i-okolice\/rodzinne-wakacje\/\" class=\"elementor-item\">Rodzinne wakacje<\/a> <\/li>\n<li class=\"menu-item menu-item-type-post_type menu-item-object-page menu-item-12027\"> <a href=\"https:\/\/bouda.webfusion.dev\/pl\/osrodek-i-okolice\/wielofunkcyjne-boisko\/\" class=\"elementor-item\">Wielofunkcyjne boisko<\/a> <\/li>\n<li class=\"menu-item menu-item-type-post_type menu-item-object-post menu-item-12028\"> <a href=\"https:\/\/bouda.webfusion.dev\/pl\/montessori-weekend-w-gorach\/\" class=\"elementor-item\">Montessori weekend w g\u00f3rach<\/a> <\/li>\n<li class=\"menu-item menu-item-type-post_type menu-item-object-page menu-item-12029\"> <a href=\"https:\/\/bouda.webfusion.dev\/pl\/osrodek-i-okolice\/minigolf\/\" class=\"elementor-item\">Minigolf<\/a> <\/li>\n<li class=\"menu-item menu-item-type-post_type menu-item-object-page menu-item-12030\"> <a href=\"https:\/\/bouda.webfusion.dev\/pl\/osrodek-i-okolice\/plac-zabaw-dla-dzieci\/\" class=\"elementor-item\">Plac zabaw dla dzieci<\/a> <\/li>\n<li class=\"menu-item menu-item-type-post_type menu-item-object-page menu-item-12031\"> <a href=\"https:\/\/bouda.webfusion.dev\/pl\/osrodek-i-okolice\/zimowa-zabawa\/\" class=\"elementor-item\">Zimowa zabawa<\/a> <\/li>\n<li class=\"menu-item menu-item-type-post_type menu-item-object-page menu-item-12032\"> <a href=\"https:\/\/bouda.webfusion.dev\/pl\/osrodek-i-okolice\/turystyka-letnia\/\" class=\"elementor-item\">Turystyka letnia<\/a> <\/li>\n<li class=\"menu-item menu-item-type-post_type menu-item-object-page menu-item-12033\"> <a href=\"https:\/\/bouda.webfusion.dev\/pl\/osrodek-i-okolice\/uratuj-cietrzewia-odpowiedzialnosc-spoleczna\/\" class=\"elementor-item\">Uratuj cietrzewia (odpowiedzialno\u015b\u0107 spo\u0142eczna)<\/a> <\/li>\n<li class=\"menu-item menu-item-type-post_type menu-item-object-post menu-item-12034\"> <a href=\"https:\/\/bouda.webfusion.dev\/pl\/bezglutenowe-wakacje\/\" class=\"elementor-item\">Bezglutenowe wakacje<\/a> <\/li>\n<li class=\"menu-item menu-item-type-post_type menu-item-object-page menu-item-12035\"> <a href=\"https:\/\/bouda.webfusion.dev\/pl\/osrodek-i-okolice\/wakacje-z-psem\/\" class=\"elementor-item\">Wakacje z psem<\/a> <\/li>\n<\/ul>\t\t\t<\/nav>\n\t\t\t\t\t\t<nav class=\"elementor-nav-menu--dropdown elementor-nav-menu__container\" aria-hidden=\"true\">\n\t\t\t\t<ul id=\"menu-2-6208a174\" class=\"elementor-nav-menu sm-vertical\"> <li class=\"menu-item menu-item-type-post_type menu-item-object-page menu-item-12025\"> <a href=\"https:\/\/bouda.webfusion.dev\/pl\/osrodek-i-okolice\/wydarzenia-i-aktualnosci\/\" class=\"elementor-item\" tabindex=\"-1\">Wydarzenia i aktualno\u015bci<\/a> <\/li>\n<li class=\"menu-item menu-item-type-post_type menu-item-object-page menu-item-12026\"> <a href=\"https:\/\/bouda.webfusion.dev\/pl\/osrodek-i-okolice\/rodzinne-wakacje\/\" class=\"elementor-item\" tabindex=\"-1\">Rodzinne wakacje<\/a> <\/li>\n<li class=\"menu-item menu-item-type-post_type menu-item-object-page menu-item-12027\"> <a href=\"https:\/\/bouda.webfusion.dev\/pl\/osrodek-i-okolice\/wielofunkcyjne-boisko\/\" class=\"elementor-item\" tabindex=\"-1\">Wielofunkcyjne boisko<\/a> <\/li>\n<li class=\"menu-item menu-item-type-post_type menu-item-object-post menu-item-12028\"> <a href=\"https:\/\/bouda.webfusion.dev\/pl\/montessori-weekend-w-gorach\/\" class=\"elementor-item\" tabindex=\"-1\">Montessori weekend w g\u00f3rach<\/a> <\/li>\n<li class=\"menu-item menu-item-type-post_type menu-item-object-page menu-item-12029\"> <a href=\"https:\/\/bouda.webfusion.dev\/pl\/osrodek-i-okolice\/minigolf\/\" class=\"elementor-item\" tabindex=\"-1\">Minigolf<\/a> <\/li>\n<li class=\"menu-item menu-item-type-post_type menu-item-object-page menu-item-12030\"> <a href=\"https:\/\/bouda.webfusion.dev\/pl\/osrodek-i-okolice\/plac-zabaw-dla-dzieci\/\" class=\"elementor-item\" tabindex=\"-1\">Plac zabaw dla dzieci<\/a> <\/li>\n<li class=\"menu-item menu-item-type-post_type menu-item-object-page menu-item-12031\"> <a href=\"https:\/\/bouda.webfusion.dev\/pl\/osrodek-i-okolice\/zimowa-zabawa\/\" class=\"elementor-item\" tabindex=\"-1\">Zimowa zabawa<\/a> <\/li>\n<li class=\"menu-item menu-item-type-post_type menu-item-object-page menu-item-12032\"> <a href=\"https:\/\/bouda.webfusion.dev\/pl\/osrodek-i-okolice\/turystyka-letnia\/\" class=\"elementor-item\" tabindex=\"-1\">Turystyka letnia<\/a> <\/li>\n<li class=\"menu-item menu-item-type-post_type menu-item-object-page menu-item-12033\"> <a href=\"https:\/\/bouda.webfusion.dev\/pl\/osrodek-i-okolice\/uratuj-cietrzewia-odpowiedzialnosc-spoleczna\/\" class=\"elementor-item\" tabindex=\"-1\">Uratuj cietrzewia (odpowiedzialno\u015b\u0107 spo\u0142eczna)<\/a> <\/li>\n<li class=\"menu-item menu-item-type-post_type menu-item-object-post menu-item-12034\"> <a href=\"https:\/\/bouda.webfusion.dev\/pl\/bezglutenowe-wakacje\/\" class=\"elementor-item\" tabindex=\"-1\">Bezglutenowe wakacje<\/a> <\/li>\n<li class=\"menu-item menu-item-type-post_type menu-item-object-page menu-item-12035\"> <a href=\"https:\/\/bouda.webfusion.dev\/pl\/osrodek-i-okolice\/wakacje-z-psem\/\" class=\"elementor-item\" tabindex=\"-1\">Wakacje z psem<\/a> <\/li>\n<\/ul>\t\t\t<\/nav>\n\t\t\t\t\t\t<\/div>\n\t\t\t\t<\/div>\n\t\t\t\t<section class=\"elementor-section elementor-inner-section elementor-element elementor-element-40450482 cspt-col-stretched-none cspt-bg-color-over-image elementor-section-boxed elementor-section-height-default elementor-section-height-default elementor-invisible\" data-id=\"40450482\" data-element_type=\"section\" data-e-type=\"section\" data-settings=\"{&quot;sticky&quot;:&quot;top&quot;,&quot;sticky_offset&quot;:125,&quot;sticky_parent&quot;:&quot;yes&quot;,&quot;animation&quot;:&quot;fadeIn&quot;,&quot;sticky_on&quot;:[&quot;desktop&quot;,&quot;tablet&quot;,&quot;mobile&quot;],&quot;sticky_effects_offset&quot;:0,&quot;sticky_anchor_link_offset&quot;:0}\">\n\t\t\t\t\t\t<div class=\"elementor-container elementor-column-gap-default\">\n\t\t\t\t\t<div class=\"elementor-column elementor-col-100 elementor-inner-column elementor-element elementor-element-4d4bac15 cspt-bg-color-over-image\" data-id=\"4d4bac15\" data-element_type=\"column\" data-e-type=\"column\">\n\t\t\t<div class=\"elementor-widget-wrap\">\n\t\t\t\t\t\t\t<\/div>\n\t\t<\/div>\n\t\t\t\t\t<\/div>\n\t\t<\/section>\n\t\t\t\t\t<\/div>\n\t\t<\/div>\n\t\t\t\t<div class=\"elementor-column elementor-col-50 elementor-top-column elementor-element elementor-element-29379e68 cspt-bg-color-over-image\" data-id=\"29379e68\" data-element_type=\"column\" data-e-type=\"column\">\n\t\t\t<div class=\"elementor-widget-wrap elementor-element-populated\">\n\t\t\t\t\t\t<section class=\"elementor-section elementor-inner-section elementor-element elementor-element-1364a377 cspt-col-stretched-none cspt-bg-color-over-image elementor-section-boxed elementor-section-height-default elementor-section-height-default\" data-id=\"1364a377\" data-element_type=\"section\" data-e-type=\"section\">\n\t\t\t\t\t\t<div class=\"elementor-container elementor-column-gap-default\">\n\t\t\t\t\t<div class=\"elementor-column elementor-col-50 elementor-inner-column elementor-element elementor-element-6d9fde6b cspt-bg-color-over-image\" data-id=\"6d9fde6b\" data-element_type=\"column\" data-e-type=\"column\">\n\t\t\t<div class=\"elementor-widget-wrap elementor-element-populated\">\n\t\t\t\t\t\t<div class=\"elementor-element elementor-element-5090bf68 cspt-align-left elementor-widget elementor-widget-cspt_heading\" data-id=\"5090bf68\" data-element_type=\"widget\" data-e-type=\"widget\" data-widget_type=\"cspt_heading.default\">\n\t\t\t\t<div class=\"elementor-widget-container\">\n\t\t\t\t\t\t<div class=\"cspt-heading-subheading left-align cspt-reverse-heading-yes\"><h4 class=\"cspt-element-subtitle\">\r\n\t\t\t\r\n\t\t\t\tHOTEL BOUDA MAL\u00c1 \u00daPA\n\r\n\t\t\t\r\n\t\t\t<\/h4>\r\n\t\t<h2 class=\"cspt-element-title\">\r\n\t\t\t\r\n\t\t\t\tBarokowy ko\u015bci\u00f3\u0142 <br> \u015bw. Piotra i Paw\u0142a\r\n\t\t\t\r\n\t\t\t<\/h2>\r\n\t\t<\/div>\t\t\t\t<\/div>\n\t\t\t\t<\/div>\n\t\t\t\t<div class=\"elementor-element elementor-element-c7cb758 elementor-widget elementor-widget-text-editor\" data-id=\"c7cb758\" data-element_type=\"widget\" data-e-type=\"widget\" data-widget_type=\"text-editor.default\">\n\t\t\t\t<div class=\"elementor-widget-container\">\n\t\t\t\t\t\t\t\t\t<p>Barokowy ko\u015bci\u00f3\u0142 \u015bw. Piotra i Paw\u0142a jest sercem i symbolem Malej \u00dapy. Zosta\u0142 zbudowany w latach 1788-1789 i w tym czasie by\u0142 najwy\u017cej po\u0142o\u017conym ko\u015bcio\u0142em w Czechach (obecnie znajduje si\u0119 na 4. miejscu, po ko\u015bciele w Kvildzie, Bo\u017e\u00edm Darze i \u015bw. Tomaszu ko\u0142o Lipna), po\u0142o\u017conym na wysoko\u015bci 975 m n.p.m..<\/p><p>Relaksuj\u0105cy spacer Dolin\u0105 Eli\u0161ki, \u017c\u00f3\u0142tym lub czerwonym szlakiem z centrum Pomezn\u00ed Budy (najlepiej skr\u0119ci\u0107 w lewo za Bowlingiem na tras\u0119 narciarstwa biegowego). \u015acie\u017cka jest pe\u0142na widok\u00f3w na \u015anie\u017ck\u0119 i dolin\u0119. Ko\u015bci\u00f3\u0142 i jego okolice s\u0105 popularnym celem wielu pielgrzym\u00f3w.<\/p><p>Ko\u015bci\u00f3\u0142 znajduje si\u0119 w odleg\u0142o\u015bci zaledwie 3 km. \u015acie\u017ck\u0105 mog\u0105 porusza\u0107 si\u0119 ma\u0142e dzieci, w\u00f3zki sportowe i rowery.<\/p><p>W 1779 roku przysz\u0142y cesarz J\u00f3zef II, w towarzystwie s\u0142ynnego genera\u0142a Laudona, odwiedzi\u0142 Mal\u0105 \u00dap\u0119. W ramach swojej polityki religijnej w 1791 r. wybudowa\u0142 ko\u015bci\u00f3\u0142 dla miejscowych g\u00f3rali. W 1806 r. drewniany ko\u015bci\u00f3\u0142 sp\u0142on\u0105\u0142 po uderzeniu pioruna.<\/p><p>Natychmiast rozpocz\u0119to budow\u0119 nowego ko\u015bcio\u0142a, a rok p\u00f3\u017aniej, w 1807 roku, odprawiono w nim Msz\u0119 \u015awi\u0119t\u0105. W setn\u0105 rocznic\u0119 na sklepieniu mi\u0119dzy prezbiterium a naw\u0105 umieszczono pami\u0105tkowy napis z rokiem 1791 i austriackim or\u0142em. Wkr\u00f3tce potem, w 1889 roku, ko\u015bci\u00f3\u0142 zosta\u0142 odnowiony na wi\u0119ksz\u0105 skal\u0119. Ostatnia naprawa zosta\u0142a przeprowadzona w trudnych warunkach w 1986 roku.<\/p><p>Ko\u015bci\u00f3\u0142 posiada dzia\u0142aj\u0105cy nowy zegar, na kt\u00f3rego renowacj\u0119 zebrano pieni\u0105dze w publicznej zbi\u00f3rce w\u015br\u00f3d lokalnych mieszka\u0144c\u00f3w. Oryginalny zegar zosta\u0142 przeniesiony do Centrum Informacyjnego.<\/p><p>W sezonie letnim w ko\u015bciele odprawiane s\u0105 msze \u015bwi\u0119te, najwa\u017cniejsze z okazji uroczysto\u015bci \u015bw. Piotra i Paw\u0142a.<\/p><p>Ko\u015bci\u00f3\u0142 jest miejscem o wspania\u0142ej atmosferze, spotyka si\u0119 tu wiele szlak\u00f3w turystycznych, a je\u015bli nie wiesz, gdzie si\u0119 dzi\u015b uda\u0107, je\u015bli p\u00f3jdziesz &#8222;do ko\u015bcio\u0142a&#8221;, na pewno nie pope\u0142nisz b\u0142\u0119du.<\/p>\t\t\t\t\t\t\t\t<\/div>\n\t\t\t\t<\/div>\n\t\t\t\t\t<\/div>\n\t\t<\/div>\n\t\t\t\t<div class=\"elementor-column elementor-col-50 elementor-inner-column elementor-element elementor-element-4ee939f7 sidebar-apartman cspt-bg-color-over-image\" data-id=\"4ee939f7\" data-element_type=\"column\" data-e-type=\"column\">\n\t\t\t<div class=\"elementor-widget-wrap elementor-element-populated\">\n\t\t\t\t\t\t<div class=\"elementor-element elementor-element-26076467 elementor-align-justify cspt-btn-color-globalcolor cspt-btn-style-flat cspt-btn-shape-square elementor-widget elementor-widget-button\" data-id=\"26076467\" data-element_type=\"widget\" data-e-type=\"widget\" data-widget_type=\"button.default\">\n\t\t\t\t<div class=\"elementor-widget-container\">\n\t\t\t\t\t\t\t\t\t<div class=\"elementor-button-wrapper\">\n\t\t\t\t\t<a class=\"elementor-button elementor-button-link elementor-size-sm\" href=\"https:\/\/bouda.webfusion.dev\/pl\/?page_id=8501\">\n\t\t\t\t\t\t<span class=\"elementor-button-content-wrapper\">\n\t\t\t\t\t\t<span class=\"elementor-button-icon\">\n\t\t\t\t<i aria-hidden=\"true\" class=\"sgicon sgicon-Arrow\"><\/i>\t\t\t<\/span>\n\t\t\t\t\t\t\t\t\t<span class=\"elementor-button-text\">REZERWACJA<\/span>\n\t\t\t\t\t<\/span>\n\t\t\t\t\t<\/a>\n\t\t\t\t<\/div>\n\t\t\t\t\t\t\t\t<\/div>\n\t\t\t\t<\/div>\n\t\t\t\t<div class=\"elementor-element elementor-element-472e4108 kontakty cspt-align-left elementor-widget elementor-widget-cspt_multiple_icon_heading\" data-id=\"472e4108\" data-element_type=\"widget\" data-e-type=\"widget\" data-widget_type=\"cspt_multiple_icon_heading.default\">\n\t\t\t\t<div class=\"elementor-widget-container\">\n\t\t\t\t\t<div class=\"creativesplanet-element creativesplanet-element-miconheading cspt-element-miconheading-style-11 creativesplanet-element-viewtype-row-column cspt-infinite-scroll-no cspt-infinite-scroll-button-no\" data-cpt=\"miconheading\" data-totalpagination=\"1\" data-style=\"11\" data-show=\"3\" data-columns=\"3\" data-loop=\"false\" data-autoplay=\"false\" data-center=\"false\" data-nav=\"false\" data-dots=\"false\" data-autoplayspeed=\"1000\" data-margin=\"\"><div class=\"creativesplanet-element-inner\">\r\n\t\t<div class=\"cspt-ele-header-area\">\r\n\t\t\t\t<div class=\"cspt-heading-subheading left-align \"><\/div>\t\t<\/div>\r\n\r\n\t\t<div class=\"cspt-element-posts-wrapper row multi-columns-row\">\r\n\r\n\t\t<article class=\"cspt-ele cspt-ele-miconheading cspt-miconheading-style-11 col-md-4   \"><div class=\"cspt-ihbox cspt-ihbox-style-11\"><div class=\"cspt-ihbox-icon\"><div class=\"cspt-ihbox-icon-wrapper\"><i class=\"cspt-leblix-icon cspt-leblix-icon-location\"><\/i><\/div><\/div><div class=\"cspt-ihbox-contents\">\t\r\n\t\t<h2 class=\"cspt-element-title\">\r\n\t\t\t\t\r\n\t\t\t\t\tBouda Mal\u00e1 \u00dapa\r\n\t\t\t\t\r\n\t\t\t\t<\/h2>\r\n\t\t\t\t\r\n\t\t\t\t<div class=\"cspt-heading-desc\">Horn\u00ed Mal\u00e1 \u00dapa 136,<br> \n542 27 Mal\u00e1 \u00dapa <\/div>\t\t<\/div><!-- .cspt-ihbox-contents -->\r\n<\/div><\/article><article class=\"cspt-ele cspt-ele-miconheading cspt-miconheading-style-11 col-md-4   \"><div class=\"cspt-ihbox cspt-ihbox-style-11\"><div class=\"cspt-ihbox-icon\"><div class=\"cspt-ihbox-icon-wrapper\"><i class=\"cspt-leblix-icon cspt-leblix-icon-mail\"><\/i><\/div><\/div><div class=\"cspt-ihbox-contents\">\t\r\n\t\t<h2 class=\"cspt-element-title\">\r\n\t\t\t\t\r\n\t\t\t\t\tAdres e-mail\r\n\t\t\t\t\r\n\t\t\t\t<\/h2>\r\n\t\t\t\t\r\n\t\t\t\t<div class=\"cspt-heading-desc\">info@boudamalaupa.cz<\/div>\t\t<div class=\"cspt-ihbox-btn\"><a href=\"mailto:info@boudamalaupa.cz\"><span>Wy\u015blij e-mail<\/span><\/a><\/div><\/div><!-- .cspt-ihbox-contents -->\r\n<\/div><\/article><article class=\"cspt-ele cspt-ele-miconheading cspt-miconheading-style-11 col-md-4   \"><div class=\"cspt-ihbox cspt-ihbox-style-11\"><div class=\"cspt-ihbox-icon\"><div class=\"cspt-ihbox-icon-wrapper\"><i class=\"cspt-leblix-icon cspt-leblix-icon-telephone\"><\/i><\/div><\/div><div class=\"cspt-ihbox-contents\">\t\r\n\t\t<h2 class=\"cspt-element-title\">\r\n\t\t\t\t\r\n\t\t\t\t\tZadzwo\u0144 do nas\r\n\t\t\t\t\r\n\t\t\t\t<\/h2>\r\n\t\t\t\t\r\n\t\t\t\t<div class=\"cspt-heading-desc\">+420 739 673 383 <\/div>\t\t<div class=\"cspt-ihbox-btn\"><a href=\"tel:739673383\"><span>Zadzwo\u0144<\/span><\/a><\/div><\/div><!-- .cspt-ihbox-contents -->\r\n<\/div><\/article>\r\n\t\t<\/div>\r\n\r\n\t\t<\/div><!-- .creativesplanet-element-inner -->   <\/div><!-- .creativesplanet-element -->  \t\t\t\t<\/div>\n\t\t\t\t<\/div>\n\t\t\t\t<div class=\"elementor-element elementor-element-63d8be48 elementor-widget elementor-widget-html\" data-id=\"63d8be48\" data-element_type=\"widget\" data-e-type=\"widget\" data-widget_type=\"html.default\">\n\t\t\t\t<div class=\"elementor-widget-container\">\n\t\t\t\t\t<iframe style=\"border:none\" src=\"https:\/\/frame.mapy.cz\/s\/depeheboja\" width=\"500\" height=\"500\" frameborder=\"0\"><\/iframe>\t\t\t\t<\/div>\n\t\t\t\t<\/div>\n\t\t\t\t\t<\/div>\n\t\t<\/div>\n\t\t\t\t\t<\/div>\n\t\t<\/section>\n\t\t\t\t\t<\/div>\n\t\t<\/div>\n\t\t\t\t\t<\/div>\n\t\t<\/section>\n\t\t\t\t<div class=\"elementor-section elementor-top-section elementor-element elementor-element-42549b09 elementor-section-stretched cspt-col-stretched-none cspt-bg-color-over-image elementor-section-boxed elementor-section-height-default elementor-section-height-default\" data-id=\"42549b09\" data-element_type=\"section\" data-e-type=\"section\" data-settings=\"{&quot;stretch_section&quot;:&quot;section-stretched&quot;}\">\n\t\t\t\t\t\t\t<div class=\"elementor-background-overlay\"><\/div>\n\t\t\t\t\t\t\t<div class=\"elementor-container elementor-column-gap-no\">\n\t\t\t\t\t<div class=\"elementor-column elementor-col-100 elementor-top-column elementor-element elementor-element-736b1e9b cspt-bg-color-over-image\" data-id=\"736b1e9b\" data-element_type=\"column\" data-e-type=\"column\">\n\t\t\t<div class=\"elementor-widget-wrap elementor-element-populated\">\n\t\t\t\t\t\t<div class=\"elementor-element elementor-element-122e5299 cspt-align-center elementor-widget elementor-widget-cspt_heading\" data-id=\"122e5299\" data-element_type=\"widget\" data-e-type=\"widget\" data-widget_type=\"cspt_heading.default\">\n\t\t\t\t<div class=\"elementor-widget-container\">\n\t\t\t\t\t\t<div class=\"cspt-heading-subheading center-align cspt-reverse-heading-yes\"><div class=\"cspt-element-title\">\r\n\t\t\t\r\n\t\t\t\tNasi partnerzy\r\n\t\t\t\r\n\t\t\t<\/div>\r\n\t\t<\/div>\t\t\t\t<\/div>\n\t\t\t\t<\/div>\n\t\t\t\t<section class=\"elementor-section elementor-inner-section elementor-element elementor-element-128b6b65 cspt-col-stretched-none cspt-bg-color-over-image elementor-section-boxed elementor-section-height-default elementor-section-height-default\" data-id=\"128b6b65\" data-element_type=\"section\" data-e-type=\"section\">\n\t\t\t\t\t\t<div class=\"elementor-container elementor-column-gap-default\">\n\t\t\t\t\t<div class=\"elementor-column elementor-col-20 elementor-inner-column elementor-element elementor-element-3a5bf895 cspt-bg-color-over-image\" data-id=\"3a5bf895\" data-element_type=\"column\" data-e-type=\"column\">\n\t\t\t<div class=\"elementor-widget-wrap elementor-element-populated\">\n\t\t\t\t\t\t<div class=\"elementor-element elementor-element-359c91dc elementor-widget elementor-widget-image\" data-id=\"359c91dc\" data-element_type=\"widget\" data-e-type=\"widget\" data-widget_type=\"image.default\">\n\t\t\t\t<div class=\"elementor-widget-container\">\n\t\t\t\t\t\t\t\t\t\t\t\t\t\t\t<img decoding=\"async\" src=\"https:\/\/bouda.webfusion.dev\/wp-content\/uploads\/2019\/06\/vchd.png\" title=\"\" alt=\"\" loading=\"lazy\">\t\t\t\t\t\t\t\t\t\t\t\t\t\t\t<\/div>\n\t\t\t\t<\/div>\n\t\t\t\t\t<\/div>\n\t\t<\/div>\n\t\t\t\t<div class=\"elementor-column elementor-col-20 elementor-inner-column elementor-element elementor-element-6b7a0a9e cspt-bg-color-over-image\" data-id=\"6b7a0a9e\" data-element_type=\"column\" data-e-type=\"column\">\n\t\t\t<div class=\"elementor-widget-wrap elementor-element-populated\">\n\t\t\t\t\t\t<div class=\"elementor-element elementor-element-59d4a411 elementor-widget elementor-widget-image\" data-id=\"59d4a411\" data-element_type=\"widget\" data-e-type=\"widget\" data-widget_type=\"image.default\">\n\t\t\t\t<div class=\"elementor-widget-container\">\n\t\t\t\t\t\t\t\t\t\t\t\t\t\t\t<img decoding=\"async\" width=\"300\" height=\"150\" src=\"https:\/\/bouda.webfusion.dev\/wp-content\/uploads\/2019\/06\/ski-upa.png\" class=\"attachment-full size-full wp-image-6696\" alt=\"\">\t\t\t\t\t\t\t\t\t\t\t\t\t\t\t<\/div>\n\t\t\t\t<\/div>\n\t\t\t\t\t<\/div>\n\t\t<\/div>\n\t\t\t\t<div class=\"elementor-column elementor-col-20 elementor-inner-column elementor-element elementor-element-4099e2a7 cspt-bg-color-over-image\" data-id=\"4099e2a7\" data-element_type=\"column\" data-e-type=\"column\">\n\t\t\t<div class=\"elementor-widget-wrap elementor-element-populated\">\n\t\t\t\t\t\t<div class=\"elementor-element elementor-element-7e7ab9f7 elementor-widget elementor-widget-image\" data-id=\"7e7ab9f7\" data-element_type=\"widget\" data-e-type=\"widget\" data-widget_type=\"image.default\">\n\t\t\t\t<div class=\"elementor-widget-container\">\n\t\t\t\t\t\t\t\t\t\t\t\t\t\t\t<img decoding=\"async\" width=\"300\" height=\"150\" src=\"https:\/\/bouda.webfusion.dev\/wp-content\/uploads\/2019\/06\/upa-ski.png\" class=\"attachment-full size-full wp-image-6699\" alt=\"\">\t\t\t\t\t\t\t\t\t\t\t\t\t\t\t<\/div>\n\t\t\t\t<\/div>\n\t\t\t\t\t<\/div>\n\t\t<\/div>\n\t\t\t\t<div class=\"elementor-column elementor-col-20 elementor-inner-column elementor-element elementor-element-1f7d39bd cspt-bg-color-over-image\" data-id=\"1f7d39bd\" data-element_type=\"column\" data-e-type=\"column\">\n\t\t\t<div class=\"elementor-widget-wrap elementor-element-populated\">\n\t\t\t\t\t\t<div class=\"elementor-element elementor-element-3bc4517f elementor-widget elementor-widget-image\" data-id=\"3bc4517f\" data-element_type=\"widget\" data-e-type=\"widget\" data-widget_type=\"image.default\">\n\t\t\t\t<div class=\"elementor-widget-container\">\n\t\t\t\t\t\t\t\t\t\t\t\t\t\t\t<img decoding=\"async\" width=\"300\" height=\"150\" src=\"https:\/\/bouda.webfusion.dev\/wp-content\/uploads\/2019\/06\/pivovar.png\" class=\"attachment-full size-full wp-image-6693\" alt=\"\">\t\t\t\t\t\t\t\t\t\t\t\t\t\t\t<\/div>\n\t\t\t\t<\/div>\n\t\t\t\t\t<\/div>\n\t\t<\/div>\n\t\t\t\t<div class=\"elementor-column elementor-col-20 elementor-inner-column elementor-element elementor-element-2f7c6b01 cspt-bg-color-over-image\" data-id=\"2f7c6b01\" data-element_type=\"column\" data-e-type=\"column\">\n\t\t\t<div class=\"elementor-widget-wrap elementor-element-populated\">\n\t\t\t\t\t\t<div class=\"elementor-element elementor-element-3ed6669e elementor-widget elementor-widget-image\" data-id=\"3ed6669e\" data-element_type=\"widget\" data-e-type=\"widget\" data-widget_type=\"image.default\">\n\t\t\t\t<div class=\"elementor-widget-container\">\n\t\t\t\t\t\t\t\t\t\t\t\t\t\t\t<img loading=\"lazy\" decoding=\"async\" width=\"300\" height=\"150\" src=\"https:\/\/bouda.webfusion.dev\/wp-content\/uploads\/2019\/06\/nevecom.png\" class=\"attachment-full size-full wp-image-6690\" alt=\"\">\t\t\t\t\t\t\t\t\t\t\t\t\t\t\t<\/div>\n\t\t\t\t<\/div>\n\t\t\t\t\t<\/div>\n\t\t<\/div>\n\t\t\t\t\t<\/div>\n\t\t<\/section>\n\t\t\t\t\t<\/div>\n\t\t<\/div>\n\t\t\t\t\t<\/div>\n\t\t<\/div>\n\t\t\t\t<\/div>\n\t\t","protected":false},"excerpt":{"rendered":"<p>HOTEL BOUDA MAL\u00c1 \u00daPA Barokowy ko\u015bci\u00f3\u0142 \u015bw. Piotra i Paw\u0142a Barokowy ko\u015bci\u00f3\u0142 \u015bw. Piotra i Paw\u0142a jest sercem i symbolem Malej \u00dapy. Zosta\u0142 zbudowany w latach 1788-1789 i w tym czasie by\u0142 najwy\u017cej po\u0142o\u017conym ko\u015bcio\u0142em w Czechach (obecnie znajduje si\u0119 na 4. miejscu, po ko\u015bciele w Kvildzie, Bo\u017e\u00edm Darze i \u015bw. Tomaszu ko\u0142o Lipna), po\u0142o\u017conym na wysoko\u015bci 975 m n.p.m.. Relaksuj\u0105cy spacer Dolin\u0105 Eli\u0161ki, \u017c\u00f3\u0142tym lub czerwonym szlakiem z centrum[&hellip;]<\/p>\n","protected":false},"author":1,"featured_media":0,"parent":8840,"menu_order":0,"comment_status":"closed","ping_status":"closed","template":"","meta":{"_acf_changed":false,"footnotes":""},"class_list":["post-8949","page","type-page","status-publish","hentry"],"acf":[],"_links":{"self":[{"href":"https:\/\/bouda.webfusion.dev\/pl\/wp-json\/wp\/v2\/pages\/8949","targetHints":{"allow":["GET"]}}],"collection":[{"href":"https:\/\/bouda.webfusion.dev\/pl\/wp-json\/wp\/v2\/pages"}],"about":[{"href":"https:\/\/bouda.webfusion.dev\/pl\/wp-json\/wp\/v2\/types\/page"}],"author":[{"embeddable":true,"href":"https:\/\/bouda.webfusion.dev\/pl\/wp-json\/wp\/v2\/users\/1"}],"replies":[{"embeddable":true,"href":"https:\/\/bouda.webfusion.dev\/pl\/wp-json\/wp\/v2\/comments?post=8949"}],"version-history":[{"count":0,"href":"https:\/\/bouda.webfusion.dev\/pl\/wp-json\/wp\/v2\/pages\/8949\/revisions"}],"up":[{"embeddable":true,"href":"https:\/\/bouda.webfusion.dev\/pl\/wp-json\/wp\/v2\/pages\/8840"}],"wp:attachment":[{"href":"https:\/\/bouda.webfusion.dev\/pl\/wp-json\/wp\/v2\/media?parent=8949"}],"curies":[{"name":"wp","href":"https:\/\/api.w.org\/{rel}","templated":true}]}}