{"id":9110,"date":"2022-06-21T17:07:17","date_gmt":"2022-06-21T15:07:17","guid":{"rendered":"https:\/\/bouda.webfusion.dev\/rodo\/"},"modified":"2023-10-11T23:37:31","modified_gmt":"2023-10-11T21:37:31","slug":"rodo","status":"publish","type":"page","link":"https:\/\/bouda.webfusion.dev\/pl\/rodo\/","title":{"rendered":"RODO"},"content":{"rendered":"\t\t<div data-elementor-type=\"wp-page\" data-elementor-id=\"9110\" class=\"elementor elementor-9110 elementor-3934\" data-elementor-post-type=\"page\">\n\t\t\t\t\t\t<section class=\"elementor-section elementor-top-section elementor-element elementor-element-36edf5d9 cspt-col-stretched-none cspt-bg-color-over-image elementor-section-boxed elementor-section-height-default elementor-section-height-default\" data-id=\"36edf5d9\" data-element_type=\"section\" data-e-type=\"section\">\n\t\t\t\t\t\t\t<div class=\"elementor-background-overlay\"><\/div>\n\t\t\t\t\t\t\t<div class=\"elementor-container elementor-column-gap-default\">\n\t\t\t\t\t<div class=\"elementor-column elementor-col-100 elementor-top-column elementor-element elementor-element-22c64b9e cspt-bg-color-over-image\" data-id=\"22c64b9e\" data-element_type=\"column\" data-e-type=\"column\">\n\t\t\t<div class=\"elementor-widget-wrap elementor-element-populated\">\n\t\t\t\t\t\t<section class=\"elementor-section elementor-inner-section elementor-element elementor-element-5883125a cspt-col-stretched-none cspt-bg-color-over-image elementor-section-boxed elementor-section-height-default elementor-section-height-default\" data-id=\"5883125a\" data-element_type=\"section\" data-e-type=\"section\">\n\t\t\t\t\t\t<div class=\"elementor-container elementor-column-gap-default\">\n\t\t\t\t\t<div class=\"elementor-column elementor-col-100 elementor-inner-column elementor-element elementor-element-62605967 cspt-bg-color-over-image\" data-id=\"62605967\" data-element_type=\"column\" data-e-type=\"column\">\n\t\t\t<div class=\"elementor-widget-wrap elementor-element-populated\">\n\t\t\t\t\t\t<div class=\"elementor-element elementor-element-626ea1a0 cspt-align-left elementor-widget elementor-widget-cspt_heading\" data-id=\"626ea1a0\" data-element_type=\"widget\" data-e-type=\"widget\" data-widget_type=\"cspt_heading.default\">\n\t\t\t\t<div class=\"elementor-widget-container\">\n\t\t\t\t\t\t<div class=\"cspt-heading-subheading left-align cspt-reverse-heading-yes\"><h4 class=\"cspt-element-subtitle\">\r\n\t\t\t\r\n\t\t\t\tHOTEL BOUDA MAL\u00c1 \u00daPA\n\r\n\t\t\t\r\n\t\t\t<\/h4>\r\n\t\t<h2 class=\"cspt-element-title\">\r\n\t\t\t\r\n\t\t\t\tRODO\n\r\n\t\t\t\r\n\t\t\t<\/h2>\r\n\t\t<\/div>\t\t\t\t<\/div>\n\t\t\t\t<\/div>\n\t\t\t\t<div class=\"elementor-element elementor-element-6fdd7e06 elementor-widget elementor-widget-text-editor\" data-id=\"6fdd7e06\" data-element_type=\"widget\" data-e-type=\"widget\" data-widget_type=\"text-editor.default\">\n\t\t\t\t<div class=\"elementor-widget-container\">\n\t\t\t\t\t\t\t\t\t<p>Sp\u00f3\u0142ka <strong>Bouda Mal\u00e1 \u00dapa s.r.o., nr identyfikacyjny: 01835076<\/strong>, z siedzib\u0105 pod adresem <strong>Americk\u00e1 2736, Kro\u010dehlavy, 272 01 Kladno<\/strong>, jako administrator danych osobowych, informuje u\u017cytkownik\u00f3w naszej strony internetowej o gromadzeniu danych osobowych i polityce prywatno\u015bci opisanej poni\u017cej.<\/p>\n<h5>Zakres przetwarzania danych osobowych<\/h5>\n<p>Gdy u\u017cytkownik kontaktuje si\u0119 z nami za po\u015brednictwem strony internetowej, mo\u017ce zosta\u0107 poproszony o podanie pewnych informacji o sobie lub swojej firmie. Dane te mog\u0105 by\u0107 w szczeg\u00f3lno\u015bci:<\/p>\n<ol>\n<li>imi\u0119 i nazwisko,<br>b. firma biznesowa,<br>c. adres lub siedziba sp\u00f3\u0142ki,<br>d. numer identyfikacyjny i numer identyfikacji podatkowej,<br>e. numer telefonu lub<br>f. adres e-mail.<\/li>\n<\/ol>\n<h5>Pliki cookie i zasady korzystania z przegl\u0105darki<\/h5>\n<p>Zgodnie z prawem, niniejsza witryna internetowa umieszcza na urz\u0105dzeniu u\u017cytkownika pliki, powszechnie znane jako pliki cookie.<\/p>\n<p><strong>Pliki cookie<\/strong> to ma\u0142e pliki danych sk\u0142adaj\u0105ce si\u0119 z liter i cyfr, kt\u00f3re pomagaj\u0105 odwiedzanej witrynie zapami\u0119ta\u0107 dzia\u0142ania i ustawienia dokonane w witrynie, dzi\u0119ki czemu nie trzeba wielokrotnie wprowadza\u0107 tych informacji.<\/p>\n<p>Pliki cookie nie stanowi\u0105 zagro\u017cenia, ale s\u0105 wa\u017cne dla ochrony prywatno\u015bci. Pliki cookie nie mog\u0105 by\u0107 wykorzystywane do identyfikacji odwiedzaj\u0105cych witryn\u0119 ani do nadu\u017cywania danych logowania. U\u017cywamy plik\u00f3w cookie na przyk\u0142ad w celu utrzymania prze\u0142\u0105czania widok\u00f3w z urz\u0105dze\u0144 mobilnych na wersj\u0119 witryny na komputery PC, gdzie bardziej szczeg\u00f3\u0142owe informacje mo\u017cna uzyska\u0107, kontaktuj\u0105c si\u0119 z administratorem witryny poni\u017cej. Wi\u0119kszo\u015b\u0107 przegl\u0105darek automatycznie akceptuje pliki cookie, chyba \u017ce przegl\u0105darka jest ustawiona inaczej. Korzystaj\u0105c z tej witryny, u\u017cytkownik wyra\u017ca zgod\u0119 na przechowywanie plik\u00f3w cookie. U\u017cytkownik mo\u017ce ograniczy\u0107 lub ca\u0142kowicie zablokowa\u0107 korzystanie z plik\u00f3w cookie w ustawieniach przegl\u0105darki internetowej.<\/p>\n<h5>Rodzaje u\u017cywanych plik\u00f3w cookie:<\/h5>\n<ol>\n<li>Niezb\u0119dne pliki cookie &#8211; pliki cookie niezb\u0119dne do dzia\u0142ania strony internetowej i us\u0142ug internetowych. Do korzystania z tych plik\u00f3w cookie nie jest wymagana zgoda.<\/li>\n<li>Analityczne i marketingowe pliki cookie &#8211; pliki cookie nale\u017c\u0105ce do tej kategorii s\u0105 wykorzystywane g\u0142\u00f3wnie do anonimowego \u015bledzenia ruchu i aktywno\u015bci u\u017cytkownik\u00f3w na naszej stronie internetowej. Do korzystania z tego rodzaju plik\u00f3w cookie wymagana jest zgoda.<\/li>\n<\/ol>\n<p>Nie \u015bledzimy u\u017cytkownika na naszej stronie internetowej, wi\u0119c tylko dane osobowe, kt\u00f3re u\u017cytkownik wyra\u017anie nam przeka\u017ce, zostan\u0105 nam udost\u0119pnione.<\/p>\n<h5>Cel przetwarzania danych<\/h5>\n<p>Przekazane nam przez u\u017cytkownika dane wykorzystujemy w celu skontaktowania si\u0119 z u\u017cytkownikiem i dostarczenia mu \u017c\u0105danych informacji. Wszystkie dane osobowe s\u0105 przetwarzane w spos\u00f3b zgodny z prawem i przejrzysty, przy czym wymagane s\u0105 wy\u0142\u0105cznie adekwatne, stosowne i niezb\u0119dne dane w odniesieniu do celu przetwarzania.<\/p>\n<p>Ponadto <strong>mo\u017cemy wykorzystywa\u0107 imi\u0119, nazwisko i adres e-mail u\u017cytkownika w celu przesy\u0142ania mu informacji handlowych<\/strong>, tj. informowanie u\u017cytkownika o wydarzeniach, publikacjach lub \u015bwiadczonych przez nas us\u0142ugach, kt\u00f3re naszym zdaniem mog\u0105 by\u0107 dla niego interesuj\u0105ce. Podanie danych osobowych w celu wykonania umowy oraz podanie danych osobowych w celu udzielenia odpowiedzi na zapytania u\u017cytkownika lub \u017c\u0105dane przez niego informacje jest naszym wymogiem umownym, a niepodanie takich danych mo\u017ce skutkowa\u0107 brakiem mo\u017cliwo\u015bci zawarcia umowy lub udzielenia odpowiedzi na zapytania u\u017cytkownika.<\/p>\n<p><strong>U\u017cytkownik mo\u017ce w dowolnym momencie odm\u00f3wi\u0107 zgody na przetwarzanie jego danych osobowych w celu przesy\u0142ania informacji handlowych<\/strong><b>, co nie b\u0119dzie mia\u0142o wp\u0142ywu na inne nasze relacje z u\u017cytkownikiem.<\/b><strong>&nbsp;Wystarczy wys\u0142a\u0107 do nas wiadomo\u015b\u0107 e-mail z odpowiednim \u017c\u0105daniem na adres e-mail podany w kontaktach na stronie internetowej lub na adres<\/strong><b>, z kt\u00f3rego u\u017cytkownik otrzyma\u0142 od nas komunikacj\u0119 handlow\u0105.<\/b><\/p>\n<h5>Kto ma dost\u0119p do danych osobowych u\u017cytkownika<\/h5>\n<p>Jako administrator b\u0119dziemy przetwarza\u0107 dane osobowe u\u017cytkownika. W powy\u017cszych celach mo\u017cemy przekazywa\u0107 dane osobowe u\u017cytkownika naszym podwykonawcom w celu ich przetwarzania na nasze zlecenie.<\/p>\n<h5>Dane osobowe mog\u0105 by\u0107 przekazywane wy\u0142\u0105cznie na podstawie zapytania u\u017cytkownika:<\/h5>\n<ol>\n<li>partnerom biznesowym w sektorze us\u0142ug finansowych<\/li>\n<li>partnerom biznesowym w dziedzinie us\u0142ug ubezpieczeniowych<\/li>\n<li>organom publicznym w przypadku wniosku o pomoc w post\u0119powaniu prawnym lub s\u0105dowym.<\/li>\n<\/ol>\n<h5>Okres przetwarzania danych osobowych<\/h5>\n<p>B\u0119dziemy przetwarza\u0107 Twoje dane osobowe tak d\u0142ugo, jak d\u0142ugo b\u0119dziemy \u015bwiadczy\u0107 Ci nasze us\u0142ugi lub realizowa\u0107 wzajemn\u0105 umow\u0119 lub przez czas niezb\u0119dny do wype\u0142nienia obowi\u0105zk\u00f3w archiwizacyjnych wynikaj\u0105cych z obowi\u0105zuj\u0105cych przepis\u00f3w, takich jak ustawa o rachunkowo\u015bci, ustawa o archiwach i ewidencji lub ustawa o podatku od towar\u00f3w i us\u0142ug.<\/p>\n<h5>Ochrona powierzonych danych  <\/h5>\n<ul>\n<li>transmisja danych pomi\u0119dzy stron\u0105 internetow\u0105 a u\u017cytkownikiem odbywa si\u0119 wy\u0142\u0105cznie za po\u015brednictwem szyfrowanego po\u0142\u0105czenia zabezpieczonego protoko\u0142em HTTPS (certyfikat SSL), w kt\u00f3rym dane wychodz\u0105ce s\u0105 przesy\u0142ane w postaci zaszyfrowanej, a tym samym chronione przed pods\u0142uchem przez osoby trzecie<\/li>\n<li>kody \u017ar\u00f3d\u0142owe strony internetowej s\u0105 umieszczane w bezpiecznych repozytoriach serwer\u00f3w wykorzystuj\u0105cych nowoczesne zabezpieczenia<\/li>\n<li>wszystkie przechowywane i przetwarzane dane s\u0105 chronione nowoczesnymi technologiami, kt\u00f3re odpowiadaj\u0105 poziomowi rozwoju technicznego<\/li>\n<\/ul>\n<h5>Prawa u\u017cytkownika wynikaj\u0105ce z przetwarzania danych osobowych<\/h5>\n<p>U\u017cytkownikowi przys\u0142uguj\u0105 nast\u0119puj\u0105ce prawa w zwi\u0105zku z przetwarzaniem przez nas jego danych osobowych:<br>(a) prawo dost\u0119pu do danych osobowych<br>(b) prawo do sprostowania danych<br>(c) prawo do usuni\u0119cia danych (&#8222;prawo do zostania zapomnianym&#8221;)<br>(d) prawo do ograniczenia przetwarzania danych<br>(e) prawo do wniesienia sprzeciwu wobec przetwarzania<br>(f) prawo do wniesienia skargi dotycz\u0105cej przetwarzania danych osobowych<\/p>\n<p>Prawa u\u017cytkownika zosta\u0142y wyja\u015bnione poni\u017cej, aby lepiej zrozumie\u0107 ich tre\u015b\u0107.<\/p>\n<p><strong>U\u017cytkownik mo\u017ce skorzysta\u0107 ze wszystkich swoich praw, kontaktuj\u0105c si\u0119 z nami pod adresem e-mail podanym na stronie <a href=\"mailto:Petr.Kozel@vchd.cz\">Petr.Kozel@vchd.cz<\/a>.<\/strong><\/p>\n<p><strong>U\u017cytkownik mo\u017ce z\u0142o\u017cy\u0107 skarg\u0119 do organu nadzorczego, kt\u00f3rym jest Urz\u0105d Ochrony Danych Osobowych<a href=\"http:\/\/www.uoou.cz\/\" target=\"_blank\" rel=\"noopener\">(www.uoou.cz)<\/a>.<\/strong><\/p>\n<p><strong>Prawo dost\u0119pu oznacza,&nbsp;<\/strong>\u017ce u\u017cytkownik mo\u017ce w dowolnym momencie za\u017c\u0105da\u0107 od nas potwierdzenia, czy dotycz\u0105ce go dane osobowe s\u0105 przetwarzane, a je\u015bli tak, to w jakim celu, w jakim zakresie, komu s\u0105 ujawniane, jak d\u0142ugo b\u0119dziemy je przetwarza\u0107, \u017ce u\u017cytkownik ma prawo do sprostowania, usuni\u0119cia, ograniczenia przetwarzania lub wniesienia sprzeciwu, sk\u0105d uzyskali\u015bmy dane osobowe oraz czy na podstawie przetwarzania jego danych osobowych dochodzi do zautomatyzowanego podejmowania decyzji lub profilowania. U\u017cytkownik ma r\u00f3wnie\u017c prawo do uzyskania kopii swoich danych osobowych, kt\u00f3rych pierwsze udost\u0119pnienie jest bezp\u0142atne, a za dalsze udost\u0119pnienie Po\u015brednik mo\u017ce za\u017c\u0105da\u0107 uzasadnionej op\u0142aty z tytu\u0142u koszt\u00f3w administracyjnych.<\/p>\n<p><strong>Prawo do usuni\u0119cia<\/strong> danych oznacza, \u017ce musimy usun\u0105\u0107 dane osobowe u\u017cytkownika, je\u015bli<\/p>\n<ul>\n<li>nie s\u0105 ju\u017c niezb\u0119dne do cel\u00f3w, dla kt\u00f3rych zosta\u0142y zebrane lub w inny spos\u00f3b przetwarzane,<\/li>\n<li>przetwarzanie jest niezgodne z prawem,<\/li>\n<li>u\u017cytkownik wnosi sprzeciw wobec przetwarzania i nie wyst\u0119puj\u0105 nadrz\u0119dne prawnie uzasadnione podstawy przetwarzania, jeste\u015bmy do tego prawnie zobowi\u0105zani.<\/li>\n<\/ul>\n<p><strong>Prawo do ograniczenia przetwarzania oznacza<\/strong>, \u017ce do czasu rozwi\u0105zania wszelkich spornych kwestii dotycz\u0105cych przetwarzania danych osobowych u\u017cytkownika, musimy ograniczy\u0107 przetwarzanie jego danych osobowych, tak aby\u015bmy mogli je jedynie przechowywa\u0107 i, w stosownych przypadkach, wykorzystywa\u0107 wy\u0142\u0105cznie w celu ustalenia, dochodzenia lub obrony roszcze\u0144 prawnych.<\/p>\n<p><strong>Prawo do sprzeciwu oznacza<\/strong>, \u017ce u\u017cytkownik mo\u017ce sprzeciwi\u0107 si\u0119 przetwarzaniu przez nas jego danych osobowych, kt\u00f3re przetwarzamy do cel\u00f3w marketingu bezpo\u015bredniego lub na podstawie uzasadnionego interesu. Je\u015bli u\u017cytkownik sprzeciwi si\u0119 przetwarzaniu danych do cel\u00f3w marketingu bezpo\u015bredniego, jego dane osobowe nie b\u0119d\u0105 ju\u017c przetwarzane do tych cel\u00f3w.<\/p>\n<h5>Inne ustalenia<\/h5>\n<ul>\n<li>Przetwarzamy dane osobowe wy\u0142\u0105cznie w Republice Czeskiej lub w pa\u0144stwach cz\u0142onkowskich UE. Nie przekazujemy danych osobowych do kraj\u00f3w trzecich poza UE.<\/li>\n<li>Strona internetowa naszej firmy mo\u017ce zawiera\u0107 linki do innych stron internetowych, kt\u00f3re nie s\u0105 ju\u017c obj\u0119te niniejszym o\u015bwiadczeniem o ochronie danych<\/li>\n<li>Sp\u00f3\u0142ka o\u015bwiadcza, \u017ce nie przetwarza wra\u017cliwych danych osobowych (tj. danych osobowych ujawniaj\u0105cych pochodzenie narodowe, rasowe lub etniczne, pogl\u0105dy polityczne, przynale\u017cno\u015b\u0107 do zwi\u0105zk\u00f3w zawodowych, przekonania religijne i \u015bwiatopogl\u0105dowe, wyroki skazuj\u0105ce, dane dotycz\u0105ce zdrowia i \u017cycia seksualnego osoby, kt\u00f3rej dane dotycz\u0105, dane biometryczne i genetyczne).<\/li>\n<\/ul>\n<p>W przypadku potrzeby wyja\u015bnienia jakiejkolwiek cz\u0119\u015bci tekstu, udzielenia porady lub dalszego om\u00f3wienia przetwarzania danych osobowych, mo\u017cna skontaktowa\u0107 si\u0119 z nami w dowolnym momencie pod adresem e-mail podanym w danych kontaktowych <strong><a href=\"mailto:Petr.Kozel@vchd.cz\">Petr.Kozel@vchd.cz<\/a><\/strong>.<\/p>\n<p>Niniejsza Polityka prywatno\u015bci obowi\u0105zuje od 1.6.2022 r.<\/p>\t\t\t\t\t\t\t\t<\/div>\n\t\t\t\t<\/div>\n\t\t\t\t\t<\/div>\n\t\t<\/div>\n\t\t\t\t\t<\/div>\n\t\t<\/section>\n\t\t\t\t\t<\/div>\n\t\t<\/div>\n\t\t\t\t\t<\/div>\n\t\t<\/section>\n\t\t\t\t<div class=\"elementor-section elementor-top-section elementor-element elementor-element-4f97f4df elementor-section-stretched elementor-hidden-mobile cspt-col-stretched-none cspt-bg-color-over-image elementor-section-boxed elementor-section-height-default elementor-section-height-default\" data-id=\"4f97f4df\" data-element_type=\"section\" data-e-type=\"section\" data-settings=\"{&quot;stretch_section&quot;:&quot;section-stretched&quot;}\">\n\t\t\t\t\t\t\t<div class=\"elementor-background-overlay\"><\/div>\n\t\t\t\t\t\t\t<div class=\"elementor-container elementor-column-gap-no\">\n\t\t\t\t\t<div class=\"elementor-column elementor-col-100 elementor-top-column elementor-element elementor-element-21c2a4c4 cspt-bg-color-over-image\" data-id=\"21c2a4c4\" data-element_type=\"column\" data-e-type=\"column\">\n\t\t\t<div class=\"elementor-widget-wrap elementor-element-populated\">\n\t\t\t\t\t\t<div class=\"elementor-element elementor-element-599292d0 cspt-align-center elementor-widget elementor-widget-cspt_heading\" data-id=\"599292d0\" data-element_type=\"widget\" data-e-type=\"widget\" data-widget_type=\"cspt_heading.default\">\n\t\t\t\t<div class=\"elementor-widget-container\">\n\t\t\t\t\t\t<div class=\"cspt-heading-subheading center-align cspt-reverse-heading-yes\"><div class=\"cspt-element-title\">\r\n\t\t\t\r\n\t\t\t\tNasi partnerzy\r\n\t\t\t\r\n\t\t\t<\/div>\r\n\t\t<\/div>\t\t\t\t<\/div>\n\t\t\t\t<\/div>\n\t\t\t\t<section class=\"elementor-section elementor-inner-section elementor-element elementor-element-72e49319 cspt-col-stretched-none cspt-bg-color-over-image elementor-section-boxed elementor-section-height-default elementor-section-height-default\" data-id=\"72e49319\" data-element_type=\"section\" data-e-type=\"section\">\n\t\t\t\t\t\t<div class=\"elementor-container elementor-column-gap-default\">\n\t\t\t\t\t<div class=\"elementor-column elementor-col-20 elementor-inner-column elementor-element elementor-element-67409c6a cspt-bg-color-over-image\" data-id=\"67409c6a\" data-element_type=\"column\" data-e-type=\"column\">\n\t\t\t<div class=\"elementor-widget-wrap elementor-element-populated\">\n\t\t\t\t\t\t<div class=\"elementor-element elementor-element-2fde1438 elementor-widget elementor-widget-image\" data-id=\"2fde1438\" data-element_type=\"widget\" data-e-type=\"widget\" data-widget_type=\"image.default\">\n\t\t\t\t<div class=\"elementor-widget-container\">\n\t\t\t\t\t\t\t\t\t\t\t\t\t\t\t<img decoding=\"async\" width=\"300\" height=\"150\" src=\"https:\/\/bouda.webfusion.dev\/wp-content\/uploads\/2022\/06\/bp-logo.png\" class=\"attachment-full size-full wp-image-7632\" alt=\"\">\t\t\t\t\t\t\t\t\t\t\t\t\t\t\t<\/div>\n\t\t\t\t<\/div>\n\t\t\t\t\t<\/div>\n\t\t<\/div>\n\t\t\t\t<div class=\"elementor-column elementor-col-20 elementor-inner-column elementor-element elementor-element-4c11c745 cspt-bg-color-over-image\" data-id=\"4c11c745\" data-element_type=\"column\" data-e-type=\"column\">\n\t\t\t<div class=\"elementor-widget-wrap elementor-element-populated\">\n\t\t\t\t\t\t<div class=\"elementor-element elementor-element-239bb5b4 elementor-widget elementor-widget-image\" data-id=\"239bb5b4\" data-element_type=\"widget\" data-e-type=\"widget\" data-widget_type=\"image.default\">\n\t\t\t\t<div class=\"elementor-widget-container\">\n\t\t\t\t\t\t\t\t\t\t\t\t\t\t\t<img decoding=\"async\" width=\"300\" height=\"150\" src=\"https:\/\/bouda.webfusion.dev\/wp-content\/uploads\/2019\/06\/ski-upa.png\" class=\"attachment-full size-full wp-image-6696\" alt=\"\">\t\t\t\t\t\t\t\t\t\t\t\t\t\t\t<\/div>\n\t\t\t\t<\/div>\n\t\t\t\t\t<\/div>\n\t\t<\/div>\n\t\t\t\t<div class=\"elementor-column elementor-col-20 elementor-inner-column elementor-element elementor-element-35c956c7 cspt-bg-color-over-image\" data-id=\"35c956c7\" data-element_type=\"column\" data-e-type=\"column\">\n\t\t\t<div class=\"elementor-widget-wrap elementor-element-populated\">\n\t\t\t\t\t\t<div class=\"elementor-element elementor-element-7b317bc6 elementor-widget elementor-widget-image\" data-id=\"7b317bc6\" data-element_type=\"widget\" data-e-type=\"widget\" data-widget_type=\"image.default\">\n\t\t\t\t<div class=\"elementor-widget-container\">\n\t\t\t\t\t\t\t\t\t\t\t\t\t\t\t<img decoding=\"async\" width=\"300\" height=\"150\" src=\"https:\/\/bouda.webfusion.dev\/wp-content\/uploads\/2019\/06\/upa-ski.png\" class=\"attachment-full size-full wp-image-6699\" alt=\"\">\t\t\t\t\t\t\t\t\t\t\t\t\t\t\t<\/div>\n\t\t\t\t<\/div>\n\t\t\t\t\t<\/div>\n\t\t<\/div>\n\t\t\t\t<div class=\"elementor-column elementor-col-20 elementor-inner-column elementor-element elementor-element-20e06140 cspt-bg-color-over-image\" data-id=\"20e06140\" data-element_type=\"column\" data-e-type=\"column\">\n\t\t\t<div class=\"elementor-widget-wrap elementor-element-populated\">\n\t\t\t\t\t\t<div class=\"elementor-element elementor-element-2cf02dda elementor-widget elementor-widget-image\" data-id=\"2cf02dda\" data-element_type=\"widget\" data-e-type=\"widget\" data-widget_type=\"image.default\">\n\t\t\t\t<div class=\"elementor-widget-container\">\n\t\t\t\t\t\t\t\t\t\t\t\t\t\t\t<img loading=\"lazy\" decoding=\"async\" width=\"300\" height=\"150\" src=\"https:\/\/bouda.webfusion.dev\/wp-content\/uploads\/2019\/06\/pivovar.png\" class=\"attachment-full size-full wp-image-6693\" alt=\"\">\t\t\t\t\t\t\t\t\t\t\t\t\t\t\t<\/div>\n\t\t\t\t<\/div>\n\t\t\t\t\t<\/div>\n\t\t<\/div>\n\t\t\t\t<div class=\"elementor-column elementor-col-20 elementor-inner-column elementor-element elementor-element-75944c47 cspt-bg-color-over-image\" data-id=\"75944c47\" data-element_type=\"column\" data-e-type=\"column\">\n\t\t\t<div class=\"elementor-widget-wrap elementor-element-populated\">\n\t\t\t\t\t\t<div class=\"elementor-element elementor-element-14b1d130 elementor-widget elementor-widget-image\" data-id=\"14b1d130\" data-element_type=\"widget\" data-e-type=\"widget\" data-widget_type=\"image.default\">\n\t\t\t\t<div class=\"elementor-widget-container\">\n\t\t\t\t\t\t\t\t\t\t\t\t\t\t\t<img loading=\"lazy\" decoding=\"async\" width=\"300\" height=\"150\" src=\"https:\/\/bouda.webfusion.dev\/wp-content\/uploads\/2019\/06\/nevecom.png\" class=\"attachment-full size-full wp-image-6690\" alt=\"\">\t\t\t\t\t\t\t\t\t\t\t\t\t\t\t<\/div>\n\t\t\t\t<\/div>\n\t\t\t\t\t<\/div>\n\t\t<\/div>\n\t\t\t\t\t<\/div>\n\t\t<\/section>\n\t\t\t\t\t<\/div>\n\t\t<\/div>\n\t\t\t\t\t<\/div>\n\t\t<\/div>\n\t\t\t\t<\/div>\n\t\t","protected":false},"excerpt":{"rendered":"<p>HOTEL BOUDA MAL\u00c1 \u00daPA RODO Sp\u00f3\u0142ka Bouda Mal\u00e1 \u00dapa s.r.o., nr identyfikacyjny: 01835076, z siedzib\u0105 pod adresem Americk\u00e1 2736, Kro\u010dehlavy, 272 01 Kladno, jako administrator danych osobowych, informuje u\u017cytkownik\u00f3w naszej strony internetowej o gromadzeniu danych osobowych i polityce prywatno\u015bci opisanej poni\u017cej. Zakres przetwarzania danych osobowych Gdy u\u017cytkownik kontaktuje si\u0119 z nami za po\u015brednictwem strony internetowej, mo\u017ce zosta\u0107 poproszony o podanie pewnych informacji o sobie lub swojej firmie. Dane te mog\u0105[&hellip;]<\/p>\n","protected":false},"author":1,"featured_media":0,"parent":0,"menu_order":0,"comment_status":"closed","ping_status":"closed","template":"","meta":{"_acf_changed":false,"footnotes":""},"class_list":["post-9110","page","type-page","status-publish","hentry"],"acf":[],"_links":{"self":[{"href":"https:\/\/bouda.webfusion.dev\/pl\/wp-json\/wp\/v2\/pages\/9110","targetHints":{"allow":["GET"]}}],"collection":[{"href":"https:\/\/bouda.webfusion.dev\/pl\/wp-json\/wp\/v2\/pages"}],"about":[{"href":"https:\/\/bouda.webfusion.dev\/pl\/wp-json\/wp\/v2\/types\/page"}],"author":[{"embeddable":true,"href":"https:\/\/bouda.webfusion.dev\/pl\/wp-json\/wp\/v2\/users\/1"}],"replies":[{"embeddable":true,"href":"https:\/\/bouda.webfusion.dev\/pl\/wp-json\/wp\/v2\/comments?post=9110"}],"version-history":[{"count":0,"href":"https:\/\/bouda.webfusion.dev\/pl\/wp-json\/wp\/v2\/pages\/9110\/revisions"}],"wp:attachment":[{"href":"https:\/\/bouda.webfusion.dev\/pl\/wp-json\/wp\/v2\/media?parent=9110"}],"curies":[{"name":"wp","href":"https:\/\/api.w.org\/{rel}","templated":true}]}}